{"id":21962,"date":"2025-09-10T02:30:49","date_gmt":"2025-09-10T09:30:49","guid":{"rendered":"https:\/\/covers4car.com\/?post_type=product&#038;p=21962"},"modified":"2025-12-19T12:12:37","modified_gmt":"2025-12-19T20:12:37","slug":"custom-fit-toyota-rav4-leather-seat-cover-all-inclusive-seat-cover-02","status":"publish","type":"product","link":"https:\/\/covers4car.com\/fr\/produit\/custom-fit-toyota-rav4-leather-seat-cover-all-inclusive-seat-cover-02\/","title":{"rendered":"Housse de si\u00e8ge en cuir sur mesure pour Toyota Rav4, housse de si\u00e8ge tout compris 02"},"content":{"rendered":"<div class=\"video-responsive\"><iframe title=\"Lecteur vid\u00e9o YouTube\" src=\"https:\/\/www.youtube.com\/embed\/94xIfvEPD1M\" frameborder=\"0\" allowfullscreen=\"allowfullscreen\"><br \/>\n<\/iframe><\/div>\n<p>Transformez votre exp\u00e9rience de conduite avec Covers4car. <strong data-start=\"299\" data-end=\"339\">Housses de si\u00e8ge tout compris -<\/strong>con\u00e7u exclusivement pour le <strong data-start=\"369\" data-end=\"403\">Toyota Rav4 (2013-2025+)<\/strong>. Ces <strong data-start=\"411\" data-end=\"451\">housses de si\u00e8ge sur mesure pour Toyota Rav4 <\/strong>Offrez une protection compl\u00e8te, un confort durable et un look d&#039;usine sans couture, gardant votre int\u00e9rieur propre et \u00e9l\u00e9gant \u00e0 chaque voyage.<\/p>\n<p><strong>Montage :<\/strong><br \/>\n2013-2018 LE (pas pour les v\u00e9hicules \u00e9lectriques ou hybrides)<br \/>\n2013-2018 Limited\/XLE\/SE\/Platinum\/Adventure<br \/>\nHybride 2015-2018<br \/>\nHybride 2019-2025+<br \/>\nHybride XSE 2019-2025+<br \/>\n2019-2025+ (Aventure et TRD Off-Road)<br \/>\n2019-2025+ (PAS pour Adventure et TRD Off-Road)<\/p>\n<div>\n<div data-zone-id=\"0\" data-line-index=\"0\" data-line=\"true\">\n<div data-zone-id=\"0\" data-line-index=\"0\" data-line=\"true\">\n<div data-zone-id=\"0\" data-line-index=\"0\" data-line=\"true\">\n<div data-zone-id=\"0\" data-line-index=\"0\" data-line=\"true\">\n<div data-zone-id=\"0\" data-line-index=\"0\" data-line=\"true\">\n<ul>\n<li><strong>R\u00e9novation int\u00e9rieure compl\u00e8te :<\/strong>Sublimez l&#039;int\u00e9rieur de votre Toyota Rav4 gr\u00e2ce \u00e0 ces housses de si\u00e8ge \u00e9l\u00e9gantes et int\u00e9grales, pour un style haut de gamme. Transformez instantan\u00e9ment votre habitacle en un espace styl\u00e9 et confortable.<\/li>\n<\/ul>\n<p><a href=\"https:\/\/covers4car.com\/wp-content\/uploads\/2025\/09\/A-8.webp\"><img fetchpriority=\"high\" decoding=\"async\" class=\"wd-lazy-fade alignnone size-full wp-image-30327\" src=\"https:\/\/covers4car.com\/wp-content\/themes\/woodmart\/images\/lazy.svg\" data-src=\"https:\/\/covers4car.com\/wp-content\/uploads\/2025\/09\/A-8.webp\" alt=\"\" width=\"1000\" height=\"1000\" srcset=\"\" data-srcset=\"https:\/\/covers4car.com\/wp-content\/uploads\/2025\/09\/A-8.webp 1000w, https:\/\/covers4car.com\/wp-content\/uploads\/2025\/09\/A-8-300x300.webp 300w, https:\/\/covers4car.com\/wp-content\/uploads\/2025\/09\/A-8-150x150.webp 150w, https:\/\/covers4car.com\/wp-content\/uploads\/2025\/09\/A-8-768x768.webp 768w, https:\/\/covers4car.com\/wp-content\/uploads\/2025\/09\/A-8-12x12.webp 12w, https:\/\/covers4car.com\/wp-content\/uploads\/2025\/09\/A-8-600x600.webp 600w, https:\/\/covers4car.com\/wp-content\/uploads\/2025\/09\/A-8-148x148.webp 148w, https:\/\/covers4car.com\/wp-content\/uploads\/2025\/09\/A-8-50x50.webp 50w, https:\/\/covers4car.com\/wp-content\/uploads\/2025\/09\/A-8-100x100.webp 100w\" sizes=\"(max-width: 1000px) 100vw, 1000px\" \/><\/a><\/p>\n<ul>\n<li><strong>Personnalisation pour Toyota Rav4 (2013-2025+) :<\/strong>Con\u00e7u sur mesure pour diff\u00e9rents mod\u00e8les de Toyota RAV4 (2013-2025+), ce produit s&#039;adapte parfaitement. Sa fabrication soign\u00e9e garantit une int\u00e9gration parfaite aux contours de votre v\u00e9hicule. Un design alliant esth\u00e9tique et durabilit\u00e9.<\/li>\n<\/ul>\n<p><a href=\"https:\/\/covers4car.com\/wp-content\/uploads\/2025\/09\/E-4.webp\"><img decoding=\"async\" class=\"wd-lazy-fade alignnone size-full wp-image-30336\" src=\"https:\/\/covers4car.com\/wp-content\/themes\/woodmart\/images\/lazy.svg\" data-src=\"https:\/\/covers4car.com\/wp-content\/uploads\/2025\/09\/E-4.webp\" alt=\"\" width=\"1000\" height=\"1000\" srcset=\"\" data-srcset=\"https:\/\/covers4car.com\/wp-content\/uploads\/2025\/09\/E-4.webp 1000w, https:\/\/covers4car.com\/wp-content\/uploads\/2025\/09\/E-4-300x300.webp 300w, https:\/\/covers4car.com\/wp-content\/uploads\/2025\/09\/E-4-150x150.webp 150w, https:\/\/covers4car.com\/wp-content\/uploads\/2025\/09\/E-4-768x768.webp 768w, https:\/\/covers4car.com\/wp-content\/uploads\/2025\/09\/E-4-12x12.webp 12w, https:\/\/covers4car.com\/wp-content\/uploads\/2025\/09\/E-4-600x600.webp 600w, https:\/\/covers4car.com\/wp-content\/uploads\/2025\/09\/E-4-148x148.webp 148w, https:\/\/covers4car.com\/wp-content\/uploads\/2025\/09\/E-4-50x50.webp 50w, https:\/\/covers4car.com\/wp-content\/uploads\/2025\/09\/E-4-100x100.webp 100w\" sizes=\"(max-width: 1000px) 100vw, 1000px\" \/><\/a><\/p>\n<p><a href=\"https:\/\/covers4car.com\/wp-content\/uploads\/2025\/09\/G-1.webp\"><img decoding=\"async\" class=\"wd-lazy-fade alignnone size-full wp-image-30338\" src=\"https:\/\/covers4car.com\/wp-content\/themes\/woodmart\/images\/lazy.svg\" data-src=\"https:\/\/covers4car.com\/wp-content\/uploads\/2025\/09\/G-1.webp\" alt=\"\" width=\"1000\" height=\"1000\" srcset=\"\" data-srcset=\"https:\/\/covers4car.com\/wp-content\/uploads\/2025\/09\/G-1.webp 1000w, https:\/\/covers4car.com\/wp-content\/uploads\/2025\/09\/G-1-300x300.webp 300w, https:\/\/covers4car.com\/wp-content\/uploads\/2025\/09\/G-1-150x150.webp 150w, https:\/\/covers4car.com\/wp-content\/uploads\/2025\/09\/G-1-768x768.webp 768w, https:\/\/covers4car.com\/wp-content\/uploads\/2025\/09\/G-1-12x12.webp 12w, https:\/\/covers4car.com\/wp-content\/uploads\/2025\/09\/G-1-600x600.webp 600w, https:\/\/covers4car.com\/wp-content\/uploads\/2025\/09\/G-1-148x148.webp 148w, https:\/\/covers4car.com\/wp-content\/uploads\/2025\/09\/G-1-50x50.webp 50w, https:\/\/covers4car.com\/wp-content\/uploads\/2025\/09\/G-1-100x100.webp 100w\" sizes=\"(max-width: 1000px) 100vw, 1000px\" \/><\/a><a href=\"https:\/\/covers4car.com\/wp-content\/uploads\/2025\/09\/H.webp\"><img loading=\"lazy\" decoding=\"async\" class=\"wd-lazy-fade alignnone size-full wp-image-30339\" src=\"https:\/\/covers4car.com\/wp-content\/themes\/woodmart\/images\/lazy.svg\" data-src=\"https:\/\/covers4car.com\/wp-content\/uploads\/2025\/09\/H.webp\" alt=\"\" width=\"1000\" height=\"1000\" srcset=\"\" data-srcset=\"https:\/\/covers4car.com\/wp-content\/uploads\/2025\/09\/H.webp 1000w, https:\/\/covers4car.com\/wp-content\/uploads\/2025\/09\/H-300x300.webp 300w, https:\/\/covers4car.com\/wp-content\/uploads\/2025\/09\/H-150x150.webp 150w, https:\/\/covers4car.com\/wp-content\/uploads\/2025\/09\/H-768x768.webp 768w, https:\/\/covers4car.com\/wp-content\/uploads\/2025\/09\/H-12x12.webp 12w, https:\/\/covers4car.com\/wp-content\/uploads\/2025\/09\/H-600x600.webp 600w, https:\/\/covers4car.com\/wp-content\/uploads\/2025\/09\/H-148x148.webp 148w, https:\/\/covers4car.com\/wp-content\/uploads\/2025\/09\/H-50x50.webp 50w, https:\/\/covers4car.com\/wp-content\/uploads\/2025\/09\/H-100x100.webp 100w\" sizes=\"(max-width: 1000px) 100vw, 1000px\" \/><\/a><\/p>\n<ul>\n<li><strong>Transformation avant et apr\u00e8s : <\/strong>Redonnez instantan\u00e9ment un aspect neuf \u00e0 vos vieux si\u00e8ges us\u00e9s. D\u00e9couvrez une diff\u00e9rence spectaculaire en termes de confort et d&#039;esth\u00e9tique.<\/li>\n<\/ul>\n<p><a href=\"https:\/\/covers4car.com\/wp-content\/uploads\/2025\/09\/J.webp\"><img loading=\"lazy\" decoding=\"async\" class=\"wd-lazy-fade alignnone size-full wp-image-30341\" src=\"https:\/\/covers4car.com\/wp-content\/themes\/woodmart\/images\/lazy.svg\" data-src=\"https:\/\/covers4car.com\/wp-content\/uploads\/2025\/09\/J.webp\" alt=\"\" width=\"1000\" height=\"1000\" srcset=\"\" data-srcset=\"https:\/\/covers4car.com\/wp-content\/uploads\/2025\/09\/J.webp 1000w, https:\/\/covers4car.com\/wp-content\/uploads\/2025\/09\/J-300x300.webp 300w, https:\/\/covers4car.com\/wp-content\/uploads\/2025\/09\/J-150x150.webp 150w, https:\/\/covers4car.com\/wp-content\/uploads\/2025\/09\/J-768x768.webp 768w, https:\/\/covers4car.com\/wp-content\/uploads\/2025\/09\/J-12x12.webp 12w, https:\/\/covers4car.com\/wp-content\/uploads\/2025\/09\/J-600x600.webp 600w, https:\/\/covers4car.com\/wp-content\/uploads\/2025\/09\/J-148x148.webp 148w, https:\/\/covers4car.com\/wp-content\/uploads\/2025\/09\/J-50x50.webp 50w, https:\/\/covers4car.com\/wp-content\/uploads\/2025\/09\/J-100x100.webp 100w\" sizes=\"(max-width: 1000px) 100vw, 1000px\" \/><\/a><\/p>\n<ul>\n<li style=\"text-align: left;\"><strong>Imperm\u00e9able et r\u00e9sistant aux rayures : <\/strong>R\u00e9siste aux \u00e9claboussures, aux rayures et est ignifuge pour un entretien facile. Prot\u00e8ge vos si\u00e8ges dans toutes les conditions de conduite quotidiennes.<\/li>\n<\/ul>\n<p><strong><a href=\"https:\/\/covers4car.com\/wp-content\/uploads\/2025\/09\/7-16.webp\"><img loading=\"lazy\" decoding=\"async\" class=\"wd-lazy-fade alignnone size-full wp-image-30275\" src=\"https:\/\/covers4car.com\/wp-content\/themes\/woodmart\/images\/lazy.svg\" data-src=\"https:\/\/covers4car.com\/wp-content\/uploads\/2025\/09\/7-16.webp\" alt=\"\" width=\"1000\" height=\"1000\" srcset=\"\" data-srcset=\"https:\/\/covers4car.com\/wp-content\/uploads\/2025\/09\/7-16.webp 1000w, https:\/\/covers4car.com\/wp-content\/uploads\/2025\/09\/7-16-300x300.webp 300w, https:\/\/covers4car.com\/wp-content\/uploads\/2025\/09\/7-16-150x150.webp 150w, https:\/\/covers4car.com\/wp-content\/uploads\/2025\/09\/7-16-768x768.webp 768w, https:\/\/covers4car.com\/wp-content\/uploads\/2025\/09\/7-16-12x12.webp 12w, https:\/\/covers4car.com\/wp-content\/uploads\/2025\/09\/7-16-600x600.webp 600w, https:\/\/covers4car.com\/wp-content\/uploads\/2025\/09\/7-16-148x148.webp 148w, https:\/\/covers4car.com\/wp-content\/uploads\/2025\/09\/7-16-50x50.webp 50w, https:\/\/covers4car.com\/wp-content\/uploads\/2025\/09\/7-16-100x100.webp 100w\" sizes=\"(max-width: 1000px) 100vw, 1000px\" \/><\/a><\/strong><\/p>\n<ul>\n<li><strong>S\u00e9curit\u00e9 compatible avec les airbags\u00a0: <\/strong>Des coutures sp\u00e9ciales permettent aux airbags de se d\u00e9ployer librement et sans obstruction. Conduisez en toute confiance, sachant que votre s\u00e9curit\u00e9 est assur\u00e9e.<\/li>\n<\/ul>\n<p><a href=\"https:\/\/covers4car.com\/wp-content\/uploads\/2025\/09\/I.webp\"><img loading=\"lazy\" decoding=\"async\" class=\"wd-lazy-fade alignnone size-full wp-image-30340\" src=\"https:\/\/covers4car.com\/wp-content\/themes\/woodmart\/images\/lazy.svg\" data-src=\"https:\/\/covers4car.com\/wp-content\/uploads\/2025\/09\/I.webp\" alt=\"\" width=\"1000\" height=\"1000\" srcset=\"\" data-srcset=\"https:\/\/covers4car.com\/wp-content\/uploads\/2025\/09\/I.webp 1000w, https:\/\/covers4car.com\/wp-content\/uploads\/2025\/09\/I-300x300.webp 300w, https:\/\/covers4car.com\/wp-content\/uploads\/2025\/09\/I-150x150.webp 150w, https:\/\/covers4car.com\/wp-content\/uploads\/2025\/09\/I-768x768.webp 768w, https:\/\/covers4car.com\/wp-content\/uploads\/2025\/09\/I-12x12.webp 12w, https:\/\/covers4car.com\/wp-content\/uploads\/2025\/09\/I-600x600.webp 600w, https:\/\/covers4car.com\/wp-content\/uploads\/2025\/09\/I-148x148.webp 148w, https:\/\/covers4car.com\/wp-content\/uploads\/2025\/09\/I-50x50.webp 50w, https:\/\/covers4car.com\/wp-content\/uploads\/2025\/09\/I-100x100.webp 100w\" sizes=\"(max-width: 1000px) 100vw, 1000px\" \/><\/a><\/p>\n<ul>\n<li><strong>Installation rapide et facile\u00a0: <\/strong>S&#039;installe en quelques minutes sans outils gr\u00e2ce \u00e0 un syst\u00e8me simple de sangle et de boucle. Profitez d&#039;un ajustement parfait et sans plis \u00e0 chaque fois.<strong><br \/>\n<\/strong><\/li>\n<li><strong>Fabriqu\u00e9 en cuir de premi\u00e8re qualit\u00e9 : <\/strong>Confectionn\u00e9 en cuir haut de gamme, r\u00e9sistant \u00e0 l&#039;usure, imperm\u00e9able et infroissable, ce couvre-si\u00e8ge perfor\u00e9 recouvre int\u00e9gralement vos si\u00e8ges d&#039;origine. Doux, durable et \u00e9l\u00e9gant, il am\u00e9liore instantan\u00e9ment le confort de votre habitacle.<\/li>\n<\/ul>\n<p><a href=\"https:\/\/covers4car.com\/wp-content\/uploads\/2025\/09\/F-3.webp\"><img loading=\"lazy\" decoding=\"async\" class=\"wd-lazy-fade alignnone size-full wp-image-30337\" src=\"https:\/\/covers4car.com\/wp-content\/themes\/woodmart\/images\/lazy.svg\" data-src=\"https:\/\/covers4car.com\/wp-content\/uploads\/2025\/09\/F-3.webp\" alt=\"\" width=\"1000\" height=\"1000\" srcset=\"\" data-srcset=\"https:\/\/covers4car.com\/wp-content\/uploads\/2025\/09\/F-3.webp 1000w, https:\/\/covers4car.com\/wp-content\/uploads\/2025\/09\/F-3-300x300.webp 300w, https:\/\/covers4car.com\/wp-content\/uploads\/2025\/09\/F-3-150x150.webp 150w, https:\/\/covers4car.com\/wp-content\/uploads\/2025\/09\/F-3-768x768.webp 768w, https:\/\/covers4car.com\/wp-content\/uploads\/2025\/09\/F-3-12x12.webp 12w, https:\/\/covers4car.com\/wp-content\/uploads\/2025\/09\/F-3-600x600.webp 600w, https:\/\/covers4car.com\/wp-content\/uploads\/2025\/09\/F-3-148x148.webp 148w, https:\/\/covers4car.com\/wp-content\/uploads\/2025\/09\/F-3-50x50.webp 50w, https:\/\/covers4car.com\/wp-content\/uploads\/2025\/09\/F-3-100x100.webp 100w\" sizes=\"(max-width: 1000px) 100vw, 1000px\" \/><\/a><\/p>\n<ul>\n<li><strong>Couleurs et styles vari\u00e9s : <\/strong>Une vari\u00e9t\u00e9 de couleurs est disponible pour rehausser la beaut\u00e9 de l&#039;int\u00e9rieur de votre voiture et mettre en valeur la mode et la personnalit\u00e9.<\/li>\n<\/ul>\n<\/div>\n<\/div>\n<\/div>\n<\/div>\n<\/div>\n<\/div>\n<p><strong>Ensemble complet :<\/strong><\/p>\n<ul>\n<li>2x housses de si\u00e8ge avant<\/li>\n<li>1x housse de si\u00e8ge arri\u00e8re compl\u00e8te<\/li>\n<\/ul>\n<p><strong>Si\u00e8ges avant uniquement<\/strong><\/p>\n<ul>\n<li>1x housses de si\u00e8ge avant compl\u00e8tes<\/li>\n<\/ul>\n<p><strong>Si\u00e8ges arri\u00e8re uniquement<\/strong><\/p>\n<ul>\n<li>1x housse de si\u00e8ge arri\u00e8re compl\u00e8te<\/li>\n<\/ul>\n<p><strong>Guide d&#039;installation :<br \/>\n<\/strong><\/p>\n<div class=\"video-responsive\"><iframe title=\"Lecteur vid\u00e9o YouTube\" src=\"https:\/\/www.youtube.com\/embed\/XyWGEmrdpvg?si=kLoKUgUQATQi4Nbv\" frameborder=\"0\" allowfullscreen=\"allowfullscreen\"><br \/>\n<\/iframe><\/div>","protected":false},"excerpt":{"rendered":"<p>Transform your driving experience with Covers4car&#8217;s All-Inclusive Seat Covers-designed exclusively for the 2013-2025+ Toyota Rav4. These custom-fit Toyota Rav4 seat<\/p>","protected":false},"featured_media":31306,"comment_status":"open","ping_status":"closed","template":"","meta":{"_acf_changed":false,"_monsterinsights_skip_tracking":false,"_monsterinsights_sitenote_active":false,"_monsterinsights_sitenote_note":"","_monsterinsights_sitenote_category":0},"product_brand":[],"product_cat":[124,11560,11561],"product_tag":[54968],"jet_color":[],"jet_material":[],"jet_coverage":[],"class_list":{"0":"post-21962","1":"product","2":"type-product","3":"status-publish","4":"has-post-thumbnail","6":"product_cat-seat-cover","7":"product_cat-seat-cover-for-toyota","8":"product_cat-seat-cover-for-toyota-rav4","9":"product_tag-fit-rav4","11":"first","12":"instock","13":"shipping-taxable","14":"purchasable","15":"product-type-variable","16":"has-default-attributes","17":"wvs-archive-product-wrapper"},"acf":[],"yoast_head":"<!-- This site is optimized with the Yoast SEO Premium plugin v26.4 (Yoast SEO v26.4) - https:\/\/yoast.com\/wordpress\/plugins\/seo\/ -->\n<title>Custom Fit Toyota RAV4 Seat Covers \u2013 Leather 2013-2025+<\/title>\n<meta name=\"description\" content=\"Discover custom fit Toyota RAV4 leather seat covers for 2013\u20132025+. Full coverage, durable, stylish, and designed for lasting comfort.\" \/>\n<meta name=\"robots\" content=\"index, follow, max-snippet:-1, max-image-preview:large, max-video-preview:-1\" \/>\n<link rel=\"canonical\" href=\"https:\/\/covers4car.com\/fr\/produit\/custom-fit-toyota-rav4-leather-seat-cover-all-inclusive-seat-cover-02\/\" \/>\n<meta property=\"og:locale\" content=\"fr_FR\" \/>\n<meta property=\"og:type\" content=\"article\" \/>\n<meta property=\"og:title\" content=\"Custom Fit Toyota Rav4 Leather Seat Cover All Inclusive Seat Cover 02\" \/>\n<meta property=\"og:description\" content=\"Discover custom fit Toyota RAV4 leather seat covers for 2013\u20132025+. Full coverage, durable, stylish, and designed for lasting comfort.\" \/>\n<meta property=\"og:url\" content=\"https:\/\/covers4car.com\/fr\/produit\/custom-fit-toyota-rav4-leather-seat-cover-all-inclusive-seat-cover-02\/\" \/>\n<meta property=\"og:site_name\" content=\"Covers4Car\" \/>\n<meta property=\"article:publisher\" content=\"https:\/\/www.facebook.com\/profile.php?id=61564533557142\" \/>\n<meta property=\"article:modified_time\" content=\"2025-12-19T20:12:37+00:00\" \/>\n<meta property=\"og:image\" content=\"https:\/\/covers4car.com\/wp-content\/uploads\/2025\/09\/new_A-4.webp\" \/>\n\t<meta property=\"og:image:width\" content=\"1000\" \/>\n\t<meta property=\"og:image:height\" content=\"1000\" \/>\n\t<meta property=\"og:image:type\" content=\"image\/webp\" \/>\n<meta name=\"twitter:card\" content=\"summary_large_image\" \/>\n<meta name=\"twitter:site\" content=\"@covers4carstore\" \/>\n<meta name=\"twitter:label1\" content=\"Dur\u00e9e de lecture estim\u00e9e\" \/>\n\t<meta name=\"twitter:data1\" content=\"4 minutes\" \/>\n<script type=\"application\/ld+json\" class=\"yoast-schema-graph\">{\"@context\":\"https:\/\/schema.org\",\"@graph\":[{\"@type\":\"WebPage\",\"@id\":\"https:\/\/covers4car.com\/product\/custom-fit-toyota-rav4-leather-seat-cover-all-inclusive-seat-cover-02\/\",\"url\":\"https:\/\/covers4car.com\/product\/custom-fit-toyota-rav4-leather-seat-cover-all-inclusive-seat-cover-02\/\",\"name\":\"Custom Fit Toyota RAV4 Seat Covers \u2013 Leather 2013-2025+\",\"isPartOf\":{\"@id\":\"https:\/\/covers4car.com\/#website\"},\"primaryImageOfPage\":{\"@id\":\"https:\/\/covers4car.com\/product\/custom-fit-toyota-rav4-leather-seat-cover-all-inclusive-seat-cover-02\/#primaryimage\"},\"image\":{\"@id\":\"https:\/\/covers4car.com\/product\/custom-fit-toyota-rav4-leather-seat-cover-all-inclusive-seat-cover-02\/#primaryimage\"},\"thumbnailUrl\":\"https:\/\/covers4car.com\/wp-content\/uploads\/2025\/09\/new_A-4.webp\",\"datePublished\":\"2025-09-10T09:30:49+00:00\",\"dateModified\":\"2025-12-19T20:12:37+00:00\",\"description\":\"Discover custom fit Toyota RAV4 leather seat covers for 2013\u20132025+. Full coverage, durable, stylish, and designed for lasting comfort.\",\"breadcrumb\":{\"@id\":\"https:\/\/covers4car.com\/product\/custom-fit-toyota-rav4-leather-seat-cover-all-inclusive-seat-cover-02\/#breadcrumb\"},\"inLanguage\":\"fr-FR\",\"potentialAction\":[{\"@type\":\"ReadAction\",\"target\":[\"https:\/\/covers4car.com\/product\/custom-fit-toyota-rav4-leather-seat-cover-all-inclusive-seat-cover-02\/\"]}]},{\"@type\":\"ImageObject\",\"inLanguage\":\"fr-FR\",\"@id\":\"https:\/\/covers4car.com\/product\/custom-fit-toyota-rav4-leather-seat-cover-all-inclusive-seat-cover-02\/#primaryimage\",\"url\":\"https:\/\/covers4car.com\/wp-content\/uploads\/2025\/09\/new_A-4.webp\",\"contentUrl\":\"https:\/\/covers4car.com\/wp-content\/uploads\/2025\/09\/new_A-4.webp\",\"width\":1000,\"height\":1000},{\"@type\":\"BreadcrumbList\",\"@id\":\"https:\/\/covers4car.com\/product\/custom-fit-toyota-rav4-leather-seat-cover-all-inclusive-seat-cover-02\/#breadcrumb\",\"itemListElement\":[{\"@type\":\"ListItem\",\"position\":1,\"name\":\"Home\",\"item\":\"https:\/\/covers4car.com\/\"},{\"@type\":\"ListItem\",\"position\":2,\"name\":\"Shop\",\"item\":\"https:\/\/covers4car.com\/shop\/\"},{\"@type\":\"ListItem\",\"position\":3,\"name\":\"Custom Fit Toyota Rav4 Leather Seat Cover All Inclusive Seat Cover 02\"}]},{\"@type\":\"WebSite\",\"@id\":\"https:\/\/covers4car.com\/#website\",\"url\":\"https:\/\/covers4car.com\/\",\"name\":\"Covers4Car\",\"description\":\"Professional Seat Covers Tailored for Your Vehicle\",\"publisher\":{\"@id\":\"https:\/\/covers4car.com\/#organization\"},\"potentialAction\":[{\"@type\":\"SearchAction\",\"target\":{\"@type\":\"EntryPoint\",\"urlTemplate\":\"https:\/\/covers4car.com\/?s={search_term_string}\"},\"query-input\":{\"@type\":\"PropertyValueSpecification\",\"valueRequired\":true,\"valueName\":\"search_term_string\"}}],\"inLanguage\":\"fr-FR\"},{\"@type\":\"Organization\",\"@id\":\"https:\/\/covers4car.com\/#organization\",\"name\":\"Covers4Car\",\"url\":\"https:\/\/covers4car.com\/\",\"logo\":{\"@type\":\"ImageObject\",\"inLanguage\":\"fr-FR\",\"@id\":\"https:\/\/covers4car.com\/#\/schema\/logo\/image\/\",\"url\":\"https:\/\/covers4car.com\/wp-content\/uploads\/2024\/11\/Asset-2@5x-copy.jpg\",\"contentUrl\":\"https:\/\/covers4car.com\/wp-content\/uploads\/2024\/11\/Asset-2@5x-copy.jpg\",\"width\":877,\"height\":877,\"caption\":\"Covers4Car\"},\"image\":{\"@id\":\"https:\/\/covers4car.com\/#\/schema\/logo\/image\/\"},\"sameAs\":[\"https:\/\/www.facebook.com\/profile.php?id=61564533557142\",\"https:\/\/x.com\/covers4carstore\"]}]}<\/script>\n<!-- \/ Yoast SEO Premium plugin. -->","yoast_head_json":{"title":"Custom Fit Toyota RAV4 Seat Covers \u2013 Leather 2013-2025+","description":"Discover custom fit Toyota RAV4 leather seat covers for 2013\u20132025+. Full coverage, durable, stylish, and designed for lasting comfort.","robots":{"index":"index","follow":"follow","max-snippet":"max-snippet:-1","max-image-preview":"max-image-preview:large","max-video-preview":"max-video-preview:-1"},"canonical":"https:\/\/covers4car.com\/fr\/produit\/custom-fit-toyota-rav4-leather-seat-cover-all-inclusive-seat-cover-02\/","og_locale":"fr_FR","og_type":"article","og_title":"Custom Fit Toyota Rav4 Leather Seat Cover All Inclusive Seat Cover 02","og_description":"Discover custom fit Toyota RAV4 leather seat covers for 2013\u20132025+. Full coverage, durable, stylish, and designed for lasting comfort.","og_url":"https:\/\/covers4car.com\/fr\/produit\/custom-fit-toyota-rav4-leather-seat-cover-all-inclusive-seat-cover-02\/","og_site_name":"Covers4Car","article_publisher":"https:\/\/www.facebook.com\/profile.php?id=61564533557142","article_modified_time":"2025-12-19T20:12:37+00:00","og_image":[{"width":1000,"height":1000,"url":"https:\/\/covers4car.com\/wp-content\/uploads\/2025\/09\/new_A-4.webp","type":"image\/webp"}],"twitter_card":"summary_large_image","twitter_site":"@covers4carstore","twitter_misc":{"Dur\u00e9e de lecture estim\u00e9e":"4 minutes"},"schema":{"@context":"https:\/\/schema.org","@graph":[{"@type":"WebPage","@id":"https:\/\/covers4car.com\/product\/custom-fit-toyota-rav4-leather-seat-cover-all-inclusive-seat-cover-02\/","url":"https:\/\/covers4car.com\/product\/custom-fit-toyota-rav4-leather-seat-cover-all-inclusive-seat-cover-02\/","name":"Custom Fit Toyota RAV4 Seat Covers \u2013 Leather 2013-2025+","isPartOf":{"@id":"https:\/\/covers4car.com\/#website"},"primaryImageOfPage":{"@id":"https:\/\/covers4car.com\/product\/custom-fit-toyota-rav4-leather-seat-cover-all-inclusive-seat-cover-02\/#primaryimage"},"image":{"@id":"https:\/\/covers4car.com\/product\/custom-fit-toyota-rav4-leather-seat-cover-all-inclusive-seat-cover-02\/#primaryimage"},"thumbnailUrl":"https:\/\/covers4car.com\/wp-content\/uploads\/2025\/09\/new_A-4.webp","datePublished":"2025-09-10T09:30:49+00:00","dateModified":"2025-12-19T20:12:37+00:00","description":"Discover custom fit Toyota RAV4 leather seat covers for 2013\u20132025+. Full coverage, durable, stylish, and designed for lasting comfort.","breadcrumb":{"@id":"https:\/\/covers4car.com\/product\/custom-fit-toyota-rav4-leather-seat-cover-all-inclusive-seat-cover-02\/#breadcrumb"},"inLanguage":"fr-FR","potentialAction":[{"@type":"ReadAction","target":["https:\/\/covers4car.com\/product\/custom-fit-toyota-rav4-leather-seat-cover-all-inclusive-seat-cover-02\/"]}]},{"@type":"ImageObject","inLanguage":"fr-FR","@id":"https:\/\/covers4car.com\/product\/custom-fit-toyota-rav4-leather-seat-cover-all-inclusive-seat-cover-02\/#primaryimage","url":"https:\/\/covers4car.com\/wp-content\/uploads\/2025\/09\/new_A-4.webp","contentUrl":"https:\/\/covers4car.com\/wp-content\/uploads\/2025\/09\/new_A-4.webp","width":1000,"height":1000},{"@type":"BreadcrumbList","@id":"https:\/\/covers4car.com\/product\/custom-fit-toyota-rav4-leather-seat-cover-all-inclusive-seat-cover-02\/#breadcrumb","itemListElement":[{"@type":"ListItem","position":1,"name":"Home","item":"https:\/\/covers4car.com\/"},{"@type":"ListItem","position":2,"name":"Shop","item":"https:\/\/covers4car.com\/shop\/"},{"@type":"ListItem","position":3,"name":"Custom Fit Toyota Rav4 Leather Seat Cover All Inclusive Seat Cover 02"}]},{"@type":"WebSite","@id":"https:\/\/covers4car.com\/#website","url":"https:\/\/covers4car.com\/","name":"Covers4Car","description":"Housses de si\u00e8ge professionnelles adapt\u00e9es \u00e0 votre v\u00e9hicule","publisher":{"@id":"https:\/\/covers4car.com\/#organization"},"potentialAction":[{"@type":"SearchAction","target":{"@type":"EntryPoint","urlTemplate":"https:\/\/covers4car.com\/?s={search_term_string}"},"query-input":{"@type":"PropertyValueSpecification","valueRequired":true,"valueName":"search_term_string"}}],"inLanguage":"fr-FR"},{"@type":"Organization","@id":"https:\/\/covers4car.com\/#organization","name":"Covers4Car","url":"https:\/\/covers4car.com\/","logo":{"@type":"ImageObject","inLanguage":"fr-FR","@id":"https:\/\/covers4car.com\/#\/schema\/logo\/image\/","url":"https:\/\/covers4car.com\/wp-content\/uploads\/2024\/11\/Asset-2@5x-copy.jpg","contentUrl":"https:\/\/covers4car.com\/wp-content\/uploads\/2024\/11\/Asset-2@5x-copy.jpg","width":877,"height":877,"caption":"Covers4Car"},"image":{"@id":"https:\/\/covers4car.com\/#\/schema\/logo\/image\/"},"sameAs":["https:\/\/www.facebook.com\/profile.php?id=61564533557142","https:\/\/x.com\/covers4carstore"]}]}},"_links":{"self":[{"href":"https:\/\/covers4car.com\/fr\/wp-json\/wp\/v2\/product\/21962","targetHints":{"allow":["GET"]}}],"collection":[{"href":"https:\/\/covers4car.com\/fr\/wp-json\/wp\/v2\/product"}],"about":[{"href":"https:\/\/covers4car.com\/fr\/wp-json\/wp\/v2\/types\/product"}],"replies":[{"embeddable":true,"href":"https:\/\/covers4car.com\/fr\/wp-json\/wp\/v2\/comments?post=21962"}],"version-history":[{"count":0,"href":"https:\/\/covers4car.com\/fr\/wp-json\/wp\/v2\/product\/21962\/revisions"}],"wp:featuredmedia":[{"embeddable":true,"href":"https:\/\/covers4car.com\/fr\/wp-json\/wp\/v2\/media\/31306"}],"wp:attachment":[{"href":"https:\/\/covers4car.com\/fr\/wp-json\/wp\/v2\/media?parent=21962"}],"wp:term":[{"taxonomy":"product_brand","embeddable":true,"href":"https:\/\/covers4car.com\/fr\/wp-json\/wp\/v2\/product_brand?post=21962"},{"taxonomy":"product_cat","embeddable":true,"href":"https:\/\/covers4car.com\/fr\/wp-json\/wp\/v2\/product_cat?post=21962"},{"taxonomy":"product_tag","embeddable":true,"href":"https:\/\/covers4car.com\/fr\/wp-json\/wp\/v2\/product_tag?post=21962"},{"taxonomy":"jet_color","embeddable":true,"href":"https:\/\/covers4car.com\/fr\/wp-json\/wp\/v2\/jet_color?post=21962"},{"taxonomy":"jet_material","embeddable":true,"href":"https:\/\/covers4car.com\/fr\/wp-json\/wp\/v2\/jet_material?post=21962"},{"taxonomy":"jet_coverage","embeddable":true,"href":"https:\/\/covers4car.com\/fr\/wp-json\/wp\/v2\/jet_coverage?post=21962"}],"curies":[{"name":"wp","href":"https:\/\/api.w.org\/{rel}","templated":true}]}}