{"id":22858,"date":"2025-09-12T21:31:32","date_gmt":"2025-09-13T04:31:32","guid":{"rendered":"https:\/\/covers4car.com\/?post_type=product&#038;p=22858"},"modified":"2026-01-14T12:21:37","modified_gmt":"2026-01-14T20:21:37","slug":"all-inclusive-custom-fit-leather-seat-cover-09-for-ford-f-150-f-250-f-350-f-450","status":"publish","type":"product","link":"https:\/\/covers4car.com\/fr\/produit\/all-inclusive-custom-fit-leather-seat-cover-09-for-ford-f-150-f-250-f-350-f-450\/","title":{"rendered":"Housse de si\u00e8ge en cuir sur mesure tout compris 09 pour Ford F-150 F-250 F-350 F-450"},"content":{"rendered":"<p>Transformez votre exp\u00e9rience de conduite avec la housse de si\u00e8ge en cuir sur mesure tout compris Covers4Car pour Ford F-150 F-250 F-350 F-450, m\u00e9ticuleusement con\u00e7ue pour offrir une \u00e9l\u00e9gance de style usine, une durabilit\u00e9 sup\u00e9rieure, une protection compl\u00e8te et un confort personnalisable, garantissant que votre Ford F-150 reste \u00e9l\u00e9gant et confortable pour les ann\u00e9es \u00e0 venir tout en am\u00e9liorant sa valeur de revente.<\/p>\n<ul>\n<li>Compatibilit\u00e9 : Ford F150 Carhartt 2009-2025 et F250 F350 F450 2017-2025<\/li>\n<li>Ajustement parfait de style usine : con\u00e7u pour correspondre \u00e0 l&#039;aspect et \u00e0 la sensation luxueux des si\u00e8ges d&#039;usine du Ford F-150, garantissant un ajustement parfait et un attrait esth\u00e9tique.<\/li>\n<li>Durabilit\u00e9 am\u00e9lior\u00e9e : Fabriqu\u00e9 \u00e0 partir de mat\u00e9riaux durables avec une surface lisse et respirante, facile \u00e0 nettoyer et qui maintient le confort en toutes saisons.<\/li>\n<li>S\u00e9curit\u00e9 de conduite : Comprend des ouvertures d&#039;airbag r\u00e9serv\u00e9es pour une s\u00e9curit\u00e9 et une tranquillit\u00e9 d&#039;esprit accrues.<\/li>\n<li>Protection compl\u00e8te\u00a0: Offre une protection \u00e0 360\u00b0 pour prot\u00e9ger les si\u00e8ges de votre Ford F-150 de la salet\u00e9, des taches, de l&#039;abrasion et de l&#039;usure caus\u00e9e par les animaux ou les enfants, les gardant impeccables. Les traces de pattes boueuses et les \u00e9claboussures de boisson des enfants s&#039;effacent rapidement avec une serviette, redonnant \u00e0 vos si\u00e8ges un aspect neuf.<\/li>\n<li>Long\u00e9vit\u00e9 et valeur de revente : Prolonge la dur\u00e9e de vie de votre Ford F-150 de 5 \u00e0 6 ans, le prot\u00e9geant des dommages et pr\u00e9servant le potentiel de revente du v\u00e9hicule.<\/li>\n<li>Confortable sur les longs trajets : B\u00e9n\u00e9ficiez d&#039;un confort in\u00e9gal\u00e9 sur les longs trajets avec nos housses de si\u00e8ge personnalis\u00e9es et tout compris, con\u00e7ues pour offrir un amorti et un soutien sup\u00e9rieurs, vous assurant de rester d\u00e9tendu et confortable, quelle que soit la distance que vous parcourez.<\/li>\n<\/ul>\n<p><strong>Ensemble complet (si\u00e8ges avant et arri\u00e8re) :<\/strong><\/p>\n<ul>\n<li>2x housses de si\u00e8ge avant<\/li>\n<li>1x housse de si\u00e8ge arri\u00e8re compl\u00e8te<\/li>\n<\/ul>\n<p><strong>Si\u00e8ges avant uniquement<\/strong><\/p>\n<ul>\n<li>1x housses de si\u00e8ge avant compl\u00e8tes<\/li>\n<\/ul>\n<p><strong>Si\u00e8ges arri\u00e8re uniquement<\/strong><\/p>\n<ul>\n<li>1x housse de si\u00e8ge arri\u00e8re compl\u00e8te<\/li>\n<\/ul>","protected":false},"excerpt":{"rendered":"<p>Transformez votre exp\u00e9rience de conduite avec la housse de si\u00e8ge en cuir sur mesure Covers4Car All-Inclusive pour Ford F-150 F-250 F-350 F-450, confectionn\u00e9e avec soin.<\/p>","protected":false},"featured_media":22867,"comment_status":"open","ping_status":"closed","template":"","meta":{"_acf_changed":false,"_monsterinsights_skip_tracking":false,"_monsterinsights_sitenote_active":false,"_monsterinsights_sitenote_note":"","_monsterinsights_sitenote_category":0},"product_brand":[],"product_cat":[124,113],"product_tag":[55020],"jet_color":[],"jet_material":[],"jet_coverage":[],"class_list":{"0":"post-22858","1":"product","2":"type-product","3":"status-publish","4":"has-post-thumbnail","6":"product_cat-seat-cover","7":"product_cat-seat-cover-for-f-series","8":"product_tag-fit-f-series","10":"first","11":"instock","12":"shipping-taxable","13":"purchasable","14":"product-type-variable","15":"has-default-attributes","16":"wvs-archive-product-wrapper"},"acf":[],"yoast_head":"<!-- This site is optimized with the Yoast SEO Premium plugin v26.4 (Yoast SEO v26.4) - https:\/\/yoast.com\/wordpress\/plugins\/seo\/ -->\n<title>Ford F150 Seat Covers | Custom Fit Leather for F250-F450<\/title>\n<meta name=\"description\" content=\"Premium Ford F150, F250, F350, F450 seat covers. Custom fit leather design offers durability, comfort, and complete seat protection.\" \/>\n<meta name=\"robots\" content=\"index, follow, max-snippet:-1, max-image-preview:large, max-video-preview:-1\" \/>\n<link rel=\"canonical\" href=\"https:\/\/covers4car.com\/fr\/produit\/all-inclusive-custom-fit-leather-seat-cover-09-for-ford-f-150-f-250-f-350-f-450\/\" \/>\n<meta property=\"og:locale\" content=\"fr_FR\" \/>\n<meta property=\"og:type\" content=\"article\" \/>\n<meta property=\"og:title\" content=\"All Inclusive Custom Fit Leather Seat Cover 09 for Ford F-150 F-250 F-350 F-450\" \/>\n<meta property=\"og:description\" content=\"Premium Ford F150, F250, F350, F450 seat covers. Custom fit leather design offers durability, comfort, and complete seat protection.\" \/>\n<meta property=\"og:url\" content=\"https:\/\/covers4car.com\/fr\/produit\/all-inclusive-custom-fit-leather-seat-cover-09-for-ford-f-150-f-250-f-350-f-450\/\" \/>\n<meta property=\"og:site_name\" content=\"Covers4Car\" \/>\n<meta property=\"article:publisher\" content=\"https:\/\/www.facebook.com\/profile.php?id=61564533557142\" \/>\n<meta property=\"article:modified_time\" content=\"2026-01-14T20:21:37+00:00\" \/>\n<meta property=\"og:image\" content=\"https:\/\/covers4car.com\/wp-content\/uploads\/2025\/09\/1-18.webp\" \/>\n\t<meta property=\"og:image:width\" content=\"1000\" \/>\n\t<meta property=\"og:image:height\" content=\"1000\" \/>\n\t<meta property=\"og:image:type\" content=\"image\/webp\" \/>\n<meta name=\"twitter:card\" content=\"summary_large_image\" \/>\n<meta name=\"twitter:site\" content=\"@covers4carstore\" \/>\n<meta name=\"twitter:label1\" content=\"Dur\u00e9e de lecture estim\u00e9e\" \/>\n\t<meta name=\"twitter:data1\" content=\"2 minutes\" \/>\n<script type=\"application\/ld+json\" class=\"yoast-schema-graph\">{\"@context\":\"https:\/\/schema.org\",\"@graph\":[{\"@type\":\"WebPage\",\"@id\":\"https:\/\/covers4car.com\/product\/all-inclusive-custom-fit-leather-seat-cover-09-for-ford-f-150-f-250-f-350-f-450\/\",\"url\":\"https:\/\/covers4car.com\/product\/all-inclusive-custom-fit-leather-seat-cover-09-for-ford-f-150-f-250-f-350-f-450\/\",\"name\":\"Ford F150 Seat Covers | Custom Fit Leather for F250-F450\",\"isPartOf\":{\"@id\":\"https:\/\/covers4car.com\/#website\"},\"primaryImageOfPage\":{\"@id\":\"https:\/\/covers4car.com\/product\/all-inclusive-custom-fit-leather-seat-cover-09-for-ford-f-150-f-250-f-350-f-450\/#primaryimage\"},\"image\":{\"@id\":\"https:\/\/covers4car.com\/product\/all-inclusive-custom-fit-leather-seat-cover-09-for-ford-f-150-f-250-f-350-f-450\/#primaryimage\"},\"thumbnailUrl\":\"https:\/\/covers4car.com\/wp-content\/uploads\/2025\/09\/1-18.webp\",\"datePublished\":\"2025-09-13T04:31:32+00:00\",\"dateModified\":\"2026-01-14T20:21:37+00:00\",\"description\":\"Premium Ford F150, F250, F350, F450 seat covers. Custom fit leather design offers durability, comfort, and complete seat protection.\",\"breadcrumb\":{\"@id\":\"https:\/\/covers4car.com\/product\/all-inclusive-custom-fit-leather-seat-cover-09-for-ford-f-150-f-250-f-350-f-450\/#breadcrumb\"},\"inLanguage\":\"fr-FR\",\"potentialAction\":[{\"@type\":\"ReadAction\",\"target\":[\"https:\/\/covers4car.com\/product\/all-inclusive-custom-fit-leather-seat-cover-09-for-ford-f-150-f-250-f-350-f-450\/\"]}]},{\"@type\":\"ImageObject\",\"inLanguage\":\"fr-FR\",\"@id\":\"https:\/\/covers4car.com\/product\/all-inclusive-custom-fit-leather-seat-cover-09-for-ford-f-150-f-250-f-350-f-450\/#primaryimage\",\"url\":\"https:\/\/covers4car.com\/wp-content\/uploads\/2025\/09\/1-18.webp\",\"contentUrl\":\"https:\/\/covers4car.com\/wp-content\/uploads\/2025\/09\/1-18.webp\",\"width\":1000,\"height\":1000},{\"@type\":\"BreadcrumbList\",\"@id\":\"https:\/\/covers4car.com\/product\/all-inclusive-custom-fit-leather-seat-cover-09-for-ford-f-150-f-250-f-350-f-450\/#breadcrumb\",\"itemListElement\":[{\"@type\":\"ListItem\",\"position\":1,\"name\":\"Home\",\"item\":\"https:\/\/covers4car.com\/\"},{\"@type\":\"ListItem\",\"position\":2,\"name\":\"Shop\",\"item\":\"https:\/\/covers4car.com\/shop\/\"},{\"@type\":\"ListItem\",\"position\":3,\"name\":\"All Inclusive Custom Fit Leather Seat Cover 09 for Ford F-150 F-250 F-350 F-450\"}]},{\"@type\":\"WebSite\",\"@id\":\"https:\/\/covers4car.com\/#website\",\"url\":\"https:\/\/covers4car.com\/\",\"name\":\"Covers4Car\",\"description\":\"Professional Seat Covers Tailored for Your Vehicle\",\"publisher\":{\"@id\":\"https:\/\/covers4car.com\/#organization\"},\"potentialAction\":[{\"@type\":\"SearchAction\",\"target\":{\"@type\":\"EntryPoint\",\"urlTemplate\":\"https:\/\/covers4car.com\/?s={search_term_string}\"},\"query-input\":{\"@type\":\"PropertyValueSpecification\",\"valueRequired\":true,\"valueName\":\"search_term_string\"}}],\"inLanguage\":\"fr-FR\"},{\"@type\":\"Organization\",\"@id\":\"https:\/\/covers4car.com\/#organization\",\"name\":\"Covers4Car\",\"url\":\"https:\/\/covers4car.com\/\",\"logo\":{\"@type\":\"ImageObject\",\"inLanguage\":\"fr-FR\",\"@id\":\"https:\/\/covers4car.com\/#\/schema\/logo\/image\/\",\"url\":\"https:\/\/covers4car.com\/wp-content\/uploads\/2024\/11\/Asset-2@5x-copy.jpg\",\"contentUrl\":\"https:\/\/covers4car.com\/wp-content\/uploads\/2024\/11\/Asset-2@5x-copy.jpg\",\"width\":877,\"height\":877,\"caption\":\"Covers4Car\"},\"image\":{\"@id\":\"https:\/\/covers4car.com\/#\/schema\/logo\/image\/\"},\"sameAs\":[\"https:\/\/www.facebook.com\/profile.php?id=61564533557142\",\"https:\/\/x.com\/covers4carstore\"]}]}<\/script>\n<!-- \/ Yoast SEO Premium plugin. -->","yoast_head_json":{"title":"Housses de si\u00e8ge Ford F150 | Cuir sur mesure pour F250-F450","description":"Housses de si\u00e8ge haut de gamme pour Ford F150, F250, F350 et F450. Leur conception en cuir sur mesure offre durabilit\u00e9, confort et protection compl\u00e8te des si\u00e8ges.","robots":{"index":"index","follow":"follow","max-snippet":"max-snippet:-1","max-image-preview":"max-image-preview:large","max-video-preview":"max-video-preview:-1"},"canonical":"https:\/\/covers4car.com\/fr\/produit\/all-inclusive-custom-fit-leather-seat-cover-09-for-ford-f-150-f-250-f-350-f-450\/","og_locale":"fr_FR","og_type":"article","og_title":"All Inclusive Custom Fit Leather Seat Cover 09 for Ford F-150 F-250 F-350 F-450","og_description":"Premium Ford F150, F250, F350, F450 seat covers. Custom fit leather design offers durability, comfort, and complete seat protection.","og_url":"https:\/\/covers4car.com\/fr\/produit\/all-inclusive-custom-fit-leather-seat-cover-09-for-ford-f-150-f-250-f-350-f-450\/","og_site_name":"Covers4Car","article_publisher":"https:\/\/www.facebook.com\/profile.php?id=61564533557142","article_modified_time":"2026-01-14T20:21:37+00:00","og_image":[{"width":1000,"height":1000,"url":"https:\/\/covers4car.com\/wp-content\/uploads\/2025\/09\/1-18.webp","type":"image\/webp"}],"twitter_card":"summary_large_image","twitter_site":"@covers4carstore","twitter_misc":{"Dur\u00e9e de lecture estim\u00e9e":"2 minutes"},"schema":{"@context":"https:\/\/schema.org","@graph":[{"@type":"WebPage","@id":"https:\/\/covers4car.com\/product\/all-inclusive-custom-fit-leather-seat-cover-09-for-ford-f-150-f-250-f-350-f-450\/","url":"https:\/\/covers4car.com\/product\/all-inclusive-custom-fit-leather-seat-cover-09-for-ford-f-150-f-250-f-350-f-450\/","name":"Housses de si\u00e8ge Ford F150 | Cuir sur mesure pour F250-F450","isPartOf":{"@id":"https:\/\/covers4car.com\/#website"},"primaryImageOfPage":{"@id":"https:\/\/covers4car.com\/product\/all-inclusive-custom-fit-leather-seat-cover-09-for-ford-f-150-f-250-f-350-f-450\/#primaryimage"},"image":{"@id":"https:\/\/covers4car.com\/product\/all-inclusive-custom-fit-leather-seat-cover-09-for-ford-f-150-f-250-f-350-f-450\/#primaryimage"},"thumbnailUrl":"https:\/\/covers4car.com\/wp-content\/uploads\/2025\/09\/1-18.webp","datePublished":"2025-09-13T04:31:32+00:00","dateModified":"2026-01-14T20:21:37+00:00","description":"Housses de si\u00e8ge haut de gamme pour Ford F150, F250, F350 et F450. Leur conception en cuir sur mesure offre durabilit\u00e9, confort et protection compl\u00e8te des si\u00e8ges.","breadcrumb":{"@id":"https:\/\/covers4car.com\/product\/all-inclusive-custom-fit-leather-seat-cover-09-for-ford-f-150-f-250-f-350-f-450\/#breadcrumb"},"inLanguage":"fr-FR","potentialAction":[{"@type":"ReadAction","target":["https:\/\/covers4car.com\/product\/all-inclusive-custom-fit-leather-seat-cover-09-for-ford-f-150-f-250-f-350-f-450\/"]}]},{"@type":"ImageObject","inLanguage":"fr-FR","@id":"https:\/\/covers4car.com\/product\/all-inclusive-custom-fit-leather-seat-cover-09-for-ford-f-150-f-250-f-350-f-450\/#primaryimage","url":"https:\/\/covers4car.com\/wp-content\/uploads\/2025\/09\/1-18.webp","contentUrl":"https:\/\/covers4car.com\/wp-content\/uploads\/2025\/09\/1-18.webp","width":1000,"height":1000},{"@type":"BreadcrumbList","@id":"https:\/\/covers4car.com\/product\/all-inclusive-custom-fit-leather-seat-cover-09-for-ford-f-150-f-250-f-350-f-450\/#breadcrumb","itemListElement":[{"@type":"ListItem","position":1,"name":"Home","item":"https:\/\/covers4car.com\/"},{"@type":"ListItem","position":2,"name":"Shop","item":"https:\/\/covers4car.com\/shop\/"},{"@type":"ListItem","position":3,"name":"All Inclusive Custom Fit Leather Seat Cover 09 for Ford F-150 F-250 F-350 F-450"}]},{"@type":"WebSite","@id":"https:\/\/covers4car.com\/#website","url":"https:\/\/covers4car.com\/","name":"Covers4Car","description":"Housses de si\u00e8ge professionnelles adapt\u00e9es \u00e0 votre v\u00e9hicule","publisher":{"@id":"https:\/\/covers4car.com\/#organization"},"potentialAction":[{"@type":"SearchAction","target":{"@type":"EntryPoint","urlTemplate":"https:\/\/covers4car.com\/?s={search_term_string}"},"query-input":{"@type":"PropertyValueSpecification","valueRequired":true,"valueName":"search_term_string"}}],"inLanguage":"fr-FR"},{"@type":"Organization","@id":"https:\/\/covers4car.com\/#organization","name":"Covers4Car","url":"https:\/\/covers4car.com\/","logo":{"@type":"ImageObject","inLanguage":"fr-FR","@id":"https:\/\/covers4car.com\/#\/schema\/logo\/image\/","url":"https:\/\/covers4car.com\/wp-content\/uploads\/2024\/11\/Asset-2@5x-copy.jpg","contentUrl":"https:\/\/covers4car.com\/wp-content\/uploads\/2024\/11\/Asset-2@5x-copy.jpg","width":877,"height":877,"caption":"Covers4Car"},"image":{"@id":"https:\/\/covers4car.com\/#\/schema\/logo\/image\/"},"sameAs":["https:\/\/www.facebook.com\/profile.php?id=61564533557142","https:\/\/x.com\/covers4carstore"]}]}},"_links":{"self":[{"href":"https:\/\/covers4car.com\/fr\/wp-json\/wp\/v2\/product\/22858","targetHints":{"allow":["GET"]}}],"collection":[{"href":"https:\/\/covers4car.com\/fr\/wp-json\/wp\/v2\/product"}],"about":[{"href":"https:\/\/covers4car.com\/fr\/wp-json\/wp\/v2\/types\/product"}],"replies":[{"embeddable":true,"href":"https:\/\/covers4car.com\/fr\/wp-json\/wp\/v2\/comments?post=22858"}],"version-history":[{"count":0,"href":"https:\/\/covers4car.com\/fr\/wp-json\/wp\/v2\/product\/22858\/revisions"}],"wp:featuredmedia":[{"embeddable":true,"href":"https:\/\/covers4car.com\/fr\/wp-json\/wp\/v2\/media\/22867"}],"wp:attachment":[{"href":"https:\/\/covers4car.com\/fr\/wp-json\/wp\/v2\/media?parent=22858"}],"wp:term":[{"taxonomy":"product_brand","embeddable":true,"href":"https:\/\/covers4car.com\/fr\/wp-json\/wp\/v2\/product_brand?post=22858"},{"taxonomy":"product_cat","embeddable":true,"href":"https:\/\/covers4car.com\/fr\/wp-json\/wp\/v2\/product_cat?post=22858"},{"taxonomy":"product_tag","embeddable":true,"href":"https:\/\/covers4car.com\/fr\/wp-json\/wp\/v2\/product_tag?post=22858"},{"taxonomy":"jet_color","embeddable":true,"href":"https:\/\/covers4car.com\/fr\/wp-json\/wp\/v2\/jet_color?post=22858"},{"taxonomy":"jet_material","embeddable":true,"href":"https:\/\/covers4car.com\/fr\/wp-json\/wp\/v2\/jet_material?post=22858"},{"taxonomy":"jet_coverage","embeddable":true,"href":"https:\/\/covers4car.com\/fr\/wp-json\/wp\/v2\/jet_coverage?post=22858"}],"curies":[{"name":"wp","href":"https:\/\/api.w.org\/{rel}","templated":true}]}}