{"id":29301,"date":"2025-11-18T22:52:44","date_gmt":"2025-11-19T06:52:44","guid":{"rendered":"https:\/\/covers4car.com\/?post_type=product&#038;p=29301"},"modified":"2026-04-10T23:30:49","modified_gmt":"2026-04-11T06:30:49","slug":"custom-fit-premium-leather-car-seat-covers-for-ford-f-150-raptor-pick-up-truck-front-rear-seat-protector-01","status":"publish","type":"product","link":"https:\/\/covers4car.com\/fr\/produit\/custom-fit-premium-leather-car-seat-covers-for-ford-f-150-raptor-pick-up-truck-front-rear-seat-protector-01\/","title":{"rendered":"Housses de si\u00e8ge auto en cuir haut de gamme sur mesure pour Ford F-150 Raptor Pick-up Truck - Protection des si\u00e8ges avant et arri\u00e8re 01"},"content":{"rendered":"<p>Am\u00e9liorez l&#039;habitacle de votre Ford F-150 Raptor avec les housses de si\u00e8ge Covers4Car, con\u00e7ues sur mesure pour les pick-ups Ford F-150 Raptor de 2017 \u00e0 2025. Ces housses en cuir haut de gamme sont pens\u00e9es pour les conducteurs exigeants qui recherchent un style d&#039;origine, une durabilit\u00e9 exceptionnelle et une protection compl\u00e8te des si\u00e8ges avant et arri\u00e8re. Elles prot\u00e8gent votre int\u00e9rieur de la salet\u00e9, des taches et des rayures, tout en vous offrant un confort optimal lors de chaque trajet. Gr\u00e2ce \u00e0 leurs ouvertures compatibles avec les airbags, leurs surfaces faciles \u00e0 nettoyer et leur fabrication soign\u00e9e, elles garantissent \u00e0 votre Ford F-150 Raptor style, confort et protection pour de nombreuses ann\u00e9es.<\/p>\n<ul>\n<li><strong>Compatibilit\u00e9\u00a0: Ford F-150 Raptor (2017-2025)<\/strong><\/li>\n<li>Ajustement parfait de style usine\u00a0: Con\u00e7us pour correspondre \u00e0 l\u2019aspect et au toucher luxueux des si\u00e8ges d\u2019origine du Ford F-150 Raptor, assurant un ajustement parfait et un attrait esth\u00e9tique.<\/li>\n<li>Durabilit\u00e9 am\u00e9lior\u00e9e : Fabriqu\u00e9 \u00e0 partir de mat\u00e9riaux durables avec une surface lisse et respirante, facile \u00e0 nettoyer et qui maintient le confort en toutes saisons.<\/li>\n<li>S\u00e9curit\u00e9 de conduite : Comprend des ouvertures d&#039;airbag r\u00e9serv\u00e9es pour une s\u00e9curit\u00e9 et une tranquillit\u00e9 d&#039;esprit accrues.<\/li>\n<li>Protection int\u00e9grale\u00a0: Offre une protection \u00e0 360\u00b0 pour pr\u00e9server l\u2019aspect impeccable des si\u00e8ges de votre Ford F-150 Raptor contre la salet\u00e9, les taches, les \u00e9raflures et l\u2019usure caus\u00e9e par les animaux domestiques ou les enfants. Les traces de pattes boueuses de vos animaux et les boissons renvers\u00e9es par les enfants s\u2019enl\u00e8vent facilement d\u2019un simple coup de serviette, redonnant \u00e0 vos si\u00e8ges leur aspect neuf.<\/li>\n<li>Long\u00e9vit\u00e9 et valeur de revente\u00a0: Prolonge la dur\u00e9e de vie de votre Ford F-150 Raptor de 5 \u00e0 6\u00a0ans, la prot\u00e9geant des dommages et pr\u00e9servant son potentiel de revente.<\/li>\n<li>Confortable sur les longs trajets : B\u00e9n\u00e9ficiez d&#039;un confort in\u00e9gal\u00e9 sur les longs trajets avec nos housses de si\u00e8ge personnalis\u00e9es et tout compris, con\u00e7ues pour offrir un amorti et un soutien sup\u00e9rieurs, vous assurant de rester d\u00e9tendu et confortable, quelle que soit la distance que vous parcourez.<\/li>\n<\/ul>\n<p><strong>Ensemble complet :<\/strong><\/p>\n<ul>\n<li>2x housses de si\u00e8ge avant<\/li>\n<li>1x housses de si\u00e8ge arri\u00e8re compl\u00e8tes<\/li>\n<\/ul>\n<p><strong>Si\u00e8ges avant uniquement<\/strong><\/p>\n<ul>\n<li>1x housses de si\u00e8ge avant compl\u00e8tes<\/li>\n<\/ul>","protected":false},"excerpt":{"rendered":"<p>Upgrade your Ford F-150 Raptor with Covers4Car Ford F-150 Raptor seat covers, custom fit for 2017\u20132025 pick-up trucks. These premium<\/p>","protected":false},"featured_media":29352,"comment_status":"open","ping_status":"closed","template":"","meta":{"_acf_changed":false,"_monsterinsights_skip_tracking":false,"_monsterinsights_sitenote_active":false,"_monsterinsights_sitenote_note":"","_monsterinsights_sitenote_category":0},"product_brand":[],"product_cat":[77696,124,118],"product_tag":[77678],"jet_color":[],"jet_material":[],"jet_coverage":[],"class_list":{"0":"post-29301","1":"product","2":"type-product","3":"status-publish","4":"has-post-thumbnail","6":"product_cat-seat-cover-for-f-150-raptor","7":"product_cat-seat-cover","8":"product_cat-seat-cover-for-ford","9":"product_tag-fit-f-150-raptor","11":"first","12":"instock","13":"shipping-taxable","14":"purchasable","15":"product-type-variable","16":"has-default-attributes","17":"wvs-archive-product-wrapper"},"acf":[],"yoast_head":"<!-- This site is optimized with the Yoast SEO Premium plugin v26.4 (Yoast SEO v26.4) - https:\/\/yoast.com\/wordpress\/plugins\/seo\/ -->\n<title>Ford F-150 Raptor Seat Covers 2017\u20132025 Premium<\/title>\n<meta name=\"description\" content=\"Ford F-150 Raptor seat covers custom fit for 2017\u20132025 trucks with premium leather, airbag-safe design and full front &amp; rear protection.\" \/>\n<meta name=\"robots\" content=\"index, follow, max-snippet:-1, max-image-preview:large, max-video-preview:-1\" \/>\n<link rel=\"canonical\" href=\"https:\/\/covers4car.com\/fr\/produit\/custom-fit-premium-leather-car-seat-covers-for-ford-f-150-raptor-pick-up-truck-front-rear-seat-protector-01\/\" \/>\n<meta property=\"og:locale\" content=\"fr_FR\" \/>\n<meta property=\"og:type\" content=\"article\" \/>\n<meta property=\"og:title\" content=\"Custom Fit Premium Leather Car Seat Covers for Ford F-150 Raptor Pick-up Truck-Front &amp; Rear Seat Protector 01\" \/>\n<meta property=\"og:description\" content=\"Ford F-150 Raptor seat covers custom fit for 2017\u20132025 trucks with premium leather, airbag-safe design and full front &amp; rear protection.\" \/>\n<meta property=\"og:url\" content=\"https:\/\/covers4car.com\/fr\/produit\/custom-fit-premium-leather-car-seat-covers-for-ford-f-150-raptor-pick-up-truck-front-rear-seat-protector-01\/\" \/>\n<meta property=\"og:site_name\" content=\"Covers4Car\" \/>\n<meta property=\"article:publisher\" content=\"https:\/\/www.facebook.com\/profile.php?id=61564533557142\" \/>\n<meta property=\"article:modified_time\" content=\"2026-04-11T06:30:49+00:00\" \/>\n<meta property=\"og:image\" content=\"https:\/\/covers4car.com\/wp-content\/uploads\/2025\/11\/new_01-19.webp\" \/>\n\t<meta property=\"og:image:width\" content=\"1000\" \/>\n\t<meta property=\"og:image:height\" content=\"1000\" \/>\n\t<meta property=\"og:image:type\" content=\"image\/webp\" \/>\n<meta name=\"twitter:card\" content=\"summary_large_image\" \/>\n<meta name=\"twitter:site\" content=\"@covers4carstore\" \/>\n<meta name=\"twitter:label1\" content=\"Dur\u00e9e de lecture estim\u00e9e\" \/>\n\t<meta name=\"twitter:data1\" content=\"2 minutes\" \/>\n<script type=\"application\/ld+json\" class=\"yoast-schema-graph\">{\"@context\":\"https:\/\/schema.org\",\"@graph\":[{\"@type\":\"WebPage\",\"@id\":\"https:\/\/covers4car.com\/product\/custom-fit-premium-leather-car-seat-covers-for-ford-f-150-raptor-pick-up-truck-front-rear-seat-protector-01\/\",\"url\":\"https:\/\/covers4car.com\/product\/custom-fit-premium-leather-car-seat-covers-for-ford-f-150-raptor-pick-up-truck-front-rear-seat-protector-01\/\",\"name\":\"Ford F-150 Raptor Seat Covers 2017\u20132025 Premium\",\"isPartOf\":{\"@id\":\"https:\/\/covers4car.com\/#website\"},\"primaryImageOfPage\":{\"@id\":\"https:\/\/covers4car.com\/product\/custom-fit-premium-leather-car-seat-covers-for-ford-f-150-raptor-pick-up-truck-front-rear-seat-protector-01\/#primaryimage\"},\"image\":{\"@id\":\"https:\/\/covers4car.com\/product\/custom-fit-premium-leather-car-seat-covers-for-ford-f-150-raptor-pick-up-truck-front-rear-seat-protector-01\/#primaryimage\"},\"thumbnailUrl\":\"https:\/\/covers4car.com\/wp-content\/uploads\/2025\/11\/new_01-19.webp\",\"datePublished\":\"2025-11-19T06:52:44+00:00\",\"dateModified\":\"2026-04-11T06:30:49+00:00\",\"description\":\"Ford F-150 Raptor seat covers custom fit for 2017\u20132025 trucks with premium leather, airbag-safe design and full front & rear protection.\",\"breadcrumb\":{\"@id\":\"https:\/\/covers4car.com\/product\/custom-fit-premium-leather-car-seat-covers-for-ford-f-150-raptor-pick-up-truck-front-rear-seat-protector-01\/#breadcrumb\"},\"inLanguage\":\"fr-FR\",\"potentialAction\":[{\"@type\":\"ReadAction\",\"target\":[\"https:\/\/covers4car.com\/product\/custom-fit-premium-leather-car-seat-covers-for-ford-f-150-raptor-pick-up-truck-front-rear-seat-protector-01\/\"]}]},{\"@type\":\"ImageObject\",\"inLanguage\":\"fr-FR\",\"@id\":\"https:\/\/covers4car.com\/product\/custom-fit-premium-leather-car-seat-covers-for-ford-f-150-raptor-pick-up-truck-front-rear-seat-protector-01\/#primaryimage\",\"url\":\"https:\/\/covers4car.com\/wp-content\/uploads\/2025\/11\/new_01-19.webp\",\"contentUrl\":\"https:\/\/covers4car.com\/wp-content\/uploads\/2025\/11\/new_01-19.webp\",\"width\":1000,\"height\":1000},{\"@type\":\"BreadcrumbList\",\"@id\":\"https:\/\/covers4car.com\/product\/custom-fit-premium-leather-car-seat-covers-for-ford-f-150-raptor-pick-up-truck-front-rear-seat-protector-01\/#breadcrumb\",\"itemListElement\":[{\"@type\":\"ListItem\",\"position\":1,\"name\":\"Home\",\"item\":\"https:\/\/covers4car.com\/\"},{\"@type\":\"ListItem\",\"position\":2,\"name\":\"Shop\",\"item\":\"https:\/\/covers4car.com\/shop\/\"},{\"@type\":\"ListItem\",\"position\":3,\"name\":\"Custom Fit Premium Leather Car Seat Covers for Ford F-150 Raptor Pick-up Truck-Front &#038; Rear Seat Protector 01\"}]},{\"@type\":\"WebSite\",\"@id\":\"https:\/\/covers4car.com\/#website\",\"url\":\"https:\/\/covers4car.com\/\",\"name\":\"Covers4Car\",\"description\":\"Professional Seat Covers Tailored for Your Vehicle\",\"publisher\":{\"@id\":\"https:\/\/covers4car.com\/#organization\"},\"potentialAction\":[{\"@type\":\"SearchAction\",\"target\":{\"@type\":\"EntryPoint\",\"urlTemplate\":\"https:\/\/covers4car.com\/?s={search_term_string}\"},\"query-input\":{\"@type\":\"PropertyValueSpecification\",\"valueRequired\":true,\"valueName\":\"search_term_string\"}}],\"inLanguage\":\"fr-FR\"},{\"@type\":\"Organization\",\"@id\":\"https:\/\/covers4car.com\/#organization\",\"name\":\"Covers4Car\",\"url\":\"https:\/\/covers4car.com\/\",\"logo\":{\"@type\":\"ImageObject\",\"inLanguage\":\"fr-FR\",\"@id\":\"https:\/\/covers4car.com\/#\/schema\/logo\/image\/\",\"url\":\"https:\/\/covers4car.com\/wp-content\/uploads\/2024\/11\/Asset-2@5x-copy.jpg\",\"contentUrl\":\"https:\/\/covers4car.com\/wp-content\/uploads\/2024\/11\/Asset-2@5x-copy.jpg\",\"width\":877,\"height\":877,\"caption\":\"Covers4Car\"},\"image\":{\"@id\":\"https:\/\/covers4car.com\/#\/schema\/logo\/image\/\"},\"sameAs\":[\"https:\/\/www.facebook.com\/profile.php?id=61564533557142\",\"https:\/\/x.com\/covers4carstore\"]}]}<\/script>\n<!-- \/ Yoast SEO Premium plugin. -->","yoast_head_json":{"title":"Ford F-150 Raptor Seat Covers 2017\u20132025 Premium","description":"Ford F-150 Raptor seat covers custom fit for 2017\u20132025 trucks with premium leather, airbag-safe design and full front & rear protection.","robots":{"index":"index","follow":"follow","max-snippet":"max-snippet:-1","max-image-preview":"max-image-preview:large","max-video-preview":"max-video-preview:-1"},"canonical":"https:\/\/covers4car.com\/fr\/produit\/custom-fit-premium-leather-car-seat-covers-for-ford-f-150-raptor-pick-up-truck-front-rear-seat-protector-01\/","og_locale":"fr_FR","og_type":"article","og_title":"Custom Fit Premium Leather Car Seat Covers for Ford F-150 Raptor Pick-up Truck-Front & Rear Seat Protector 01","og_description":"Ford F-150 Raptor seat covers custom fit for 2017\u20132025 trucks with premium leather, airbag-safe design and full front & rear protection.","og_url":"https:\/\/covers4car.com\/fr\/produit\/custom-fit-premium-leather-car-seat-covers-for-ford-f-150-raptor-pick-up-truck-front-rear-seat-protector-01\/","og_site_name":"Covers4Car","article_publisher":"https:\/\/www.facebook.com\/profile.php?id=61564533557142","article_modified_time":"2026-04-11T06:30:49+00:00","og_image":[{"width":1000,"height":1000,"url":"https:\/\/covers4car.com\/wp-content\/uploads\/2025\/11\/new_01-19.webp","type":"image\/webp"}],"twitter_card":"summary_large_image","twitter_site":"@covers4carstore","twitter_misc":{"Dur\u00e9e de lecture estim\u00e9e":"2 minutes"},"schema":{"@context":"https:\/\/schema.org","@graph":[{"@type":"WebPage","@id":"https:\/\/covers4car.com\/product\/custom-fit-premium-leather-car-seat-covers-for-ford-f-150-raptor-pick-up-truck-front-rear-seat-protector-01\/","url":"https:\/\/covers4car.com\/product\/custom-fit-premium-leather-car-seat-covers-for-ford-f-150-raptor-pick-up-truck-front-rear-seat-protector-01\/","name":"Ford F-150 Raptor Seat Covers 2017\u20132025 Premium","isPartOf":{"@id":"https:\/\/covers4car.com\/#website"},"primaryImageOfPage":{"@id":"https:\/\/covers4car.com\/product\/custom-fit-premium-leather-car-seat-covers-for-ford-f-150-raptor-pick-up-truck-front-rear-seat-protector-01\/#primaryimage"},"image":{"@id":"https:\/\/covers4car.com\/product\/custom-fit-premium-leather-car-seat-covers-for-ford-f-150-raptor-pick-up-truck-front-rear-seat-protector-01\/#primaryimage"},"thumbnailUrl":"https:\/\/covers4car.com\/wp-content\/uploads\/2025\/11\/new_01-19.webp","datePublished":"2025-11-19T06:52:44+00:00","dateModified":"2026-04-11T06:30:49+00:00","description":"Ford F-150 Raptor seat covers custom fit for 2017\u20132025 trucks with premium leather, airbag-safe design and full front & rear protection.","breadcrumb":{"@id":"https:\/\/covers4car.com\/product\/custom-fit-premium-leather-car-seat-covers-for-ford-f-150-raptor-pick-up-truck-front-rear-seat-protector-01\/#breadcrumb"},"inLanguage":"fr-FR","potentialAction":[{"@type":"ReadAction","target":["https:\/\/covers4car.com\/product\/custom-fit-premium-leather-car-seat-covers-for-ford-f-150-raptor-pick-up-truck-front-rear-seat-protector-01\/"]}]},{"@type":"ImageObject","inLanguage":"fr-FR","@id":"https:\/\/covers4car.com\/product\/custom-fit-premium-leather-car-seat-covers-for-ford-f-150-raptor-pick-up-truck-front-rear-seat-protector-01\/#primaryimage","url":"https:\/\/covers4car.com\/wp-content\/uploads\/2025\/11\/new_01-19.webp","contentUrl":"https:\/\/covers4car.com\/wp-content\/uploads\/2025\/11\/new_01-19.webp","width":1000,"height":1000},{"@type":"BreadcrumbList","@id":"https:\/\/covers4car.com\/product\/custom-fit-premium-leather-car-seat-covers-for-ford-f-150-raptor-pick-up-truck-front-rear-seat-protector-01\/#breadcrumb","itemListElement":[{"@type":"ListItem","position":1,"name":"Home","item":"https:\/\/covers4car.com\/"},{"@type":"ListItem","position":2,"name":"Shop","item":"https:\/\/covers4car.com\/shop\/"},{"@type":"ListItem","position":3,"name":"Custom Fit Premium Leather Car Seat Covers for Ford F-150 Raptor Pick-up Truck-Front &#038; Rear Seat Protector 01"}]},{"@type":"WebSite","@id":"https:\/\/covers4car.com\/#website","url":"https:\/\/covers4car.com\/","name":"Covers4Car","description":"Housses de si\u00e8ge professionnelles adapt\u00e9es \u00e0 votre v\u00e9hicule","publisher":{"@id":"https:\/\/covers4car.com\/#organization"},"potentialAction":[{"@type":"SearchAction","target":{"@type":"EntryPoint","urlTemplate":"https:\/\/covers4car.com\/?s={search_term_string}"},"query-input":{"@type":"PropertyValueSpecification","valueRequired":true,"valueName":"search_term_string"}}],"inLanguage":"fr-FR"},{"@type":"Organization","@id":"https:\/\/covers4car.com\/#organization","name":"Covers4Car","url":"https:\/\/covers4car.com\/","logo":{"@type":"ImageObject","inLanguage":"fr-FR","@id":"https:\/\/covers4car.com\/#\/schema\/logo\/image\/","url":"https:\/\/covers4car.com\/wp-content\/uploads\/2024\/11\/Asset-2@5x-copy.jpg","contentUrl":"https:\/\/covers4car.com\/wp-content\/uploads\/2024\/11\/Asset-2@5x-copy.jpg","width":877,"height":877,"caption":"Covers4Car"},"image":{"@id":"https:\/\/covers4car.com\/#\/schema\/logo\/image\/"},"sameAs":["https:\/\/www.facebook.com\/profile.php?id=61564533557142","https:\/\/x.com\/covers4carstore"]}]}},"_links":{"self":[{"href":"https:\/\/covers4car.com\/fr\/wp-json\/wp\/v2\/product\/29301","targetHints":{"allow":["GET"]}}],"collection":[{"href":"https:\/\/covers4car.com\/fr\/wp-json\/wp\/v2\/product"}],"about":[{"href":"https:\/\/covers4car.com\/fr\/wp-json\/wp\/v2\/types\/product"}],"replies":[{"embeddable":true,"href":"https:\/\/covers4car.com\/fr\/wp-json\/wp\/v2\/comments?post=29301"}],"version-history":[{"count":0,"href":"https:\/\/covers4car.com\/fr\/wp-json\/wp\/v2\/product\/29301\/revisions"}],"wp:featuredmedia":[{"embeddable":true,"href":"https:\/\/covers4car.com\/fr\/wp-json\/wp\/v2\/media\/29352"}],"wp:attachment":[{"href":"https:\/\/covers4car.com\/fr\/wp-json\/wp\/v2\/media?parent=29301"}],"wp:term":[{"taxonomy":"product_brand","embeddable":true,"href":"https:\/\/covers4car.com\/fr\/wp-json\/wp\/v2\/product_brand?post=29301"},{"taxonomy":"product_cat","embeddable":true,"href":"https:\/\/covers4car.com\/fr\/wp-json\/wp\/v2\/product_cat?post=29301"},{"taxonomy":"product_tag","embeddable":true,"href":"https:\/\/covers4car.com\/fr\/wp-json\/wp\/v2\/product_tag?post=29301"},{"taxonomy":"jet_color","embeddable":true,"href":"https:\/\/covers4car.com\/fr\/wp-json\/wp\/v2\/jet_color?post=29301"},{"taxonomy":"jet_material","embeddable":true,"href":"https:\/\/covers4car.com\/fr\/wp-json\/wp\/v2\/jet_material?post=29301"},{"taxonomy":"jet_coverage","embeddable":true,"href":"https:\/\/covers4car.com\/fr\/wp-json\/wp\/v2\/jet_coverage?post=29301"}],"curies":[{"name":"wp","href":"https:\/\/api.w.org\/{rel}","templated":true}]}}