{"id":29797,"date":"2025-11-19T05:58:09","date_gmt":"2025-11-19T13:58:09","guid":{"rendered":"https:\/\/covers4car.com\/?post_type=product&#038;p=29797"},"modified":"2025-12-17T21:26:55","modified_gmt":"2025-12-18T05:26:55","slug":"custom-fit-premium-leather-car-seat-covers-for-subaru-forester-front-rear-seat-protector-02","status":"publish","type":"product","link":"https:\/\/covers4car.com\/fr\/produit\/custom-fit-premium-leather-car-seat-covers-for-subaru-forester-front-rear-seat-protector-02\/","title":{"rendered":"Housses de si\u00e8ge auto en cuir haut de gamme sur mesure pour Subaru Forester - Protection des si\u00e8ges avant et arri\u00e8re 02"},"content":{"rendered":"<p>Am\u00e9liorez l&#039;habitacle de votre Subaru Forester avec les housses de si\u00e8ge en cuir sur mesure Covers4Car, con\u00e7ues pour les conducteurs exigeants qui recherchent un ajustement parfait, une durabilit\u00e9 exceptionnelle et une protection int\u00e9grale des si\u00e8ges. Ces housses prot\u00e8gent l&#039;int\u00e9rieur de votre voiture contre la salet\u00e9, les taches et les rayures, tout en optimisant votre confort lors de chaque trajet. Compatibles avec les airbags, faciles \u00e0 nettoyer et d&#039;une qualit\u00e9 de fabrication irr\u00e9prochable, elles garantissent \u00e0 votre Subaru Forester style, confort et valeur pour de nombreuses ann\u00e9es.<\/p>\n<ul>\n<li><strong>Compatibilit\u00e9\u00a0: Subaru Forester 2009-2025<br \/>\n<\/strong><\/li>\n<li>Ajustement parfait de style usine\u00a0: Con\u00e7us pour correspondre \u00e0 l\u2019aspect et au toucher luxueux des si\u00e8ges d\u2019origine du Subaru Forester, ils assurent un ajustement parfait et un attrait esth\u00e9tique.<\/li>\n<li>Durabilit\u00e9 am\u00e9lior\u00e9e : Fabriqu\u00e9 \u00e0 partir de mat\u00e9riaux durables avec une surface lisse et respirante, facile \u00e0 nettoyer et qui maintient le confort en toutes saisons.<\/li>\n<li>S\u00e9curit\u00e9 de conduite : Comprend des ouvertures d&#039;airbag r\u00e9serv\u00e9es pour une s\u00e9curit\u00e9 et une tranquillit\u00e9 d&#039;esprit accrues.<\/li>\n<li>Protection int\u00e9grale\u00a0: Offre une protection \u00e0 360\u00b0 pour pr\u00e9server l\u2019aspect impeccable des si\u00e8ges de votre Subaru Forester contre la salet\u00e9, les taches, les \u00e9raflures et l\u2019usure caus\u00e9e par les animaux domestiques ou les enfants. Les traces de pattes boueuses de vos animaux et les boissons renvers\u00e9es par les enfants s\u2019enl\u00e8vent facilement d\u2019un simple coup de chiffon, redonnant \u00e0 vos si\u00e8ges leur aspect neuf.<\/li>\n<li>Long\u00e9vit\u00e9 et valeur de revente\u00a0: Prolonge la dur\u00e9e de vie de votre Subaru Forester de 5 \u00e0 6\u00a0ans, la prot\u00e9geant des dommages et pr\u00e9servant son potentiel de revente.<\/li>\n<li>Confortable sur les longs trajets : B\u00e9n\u00e9ficiez d&#039;un confort in\u00e9gal\u00e9 sur les longs trajets avec nos housses de si\u00e8ge personnalis\u00e9es et tout compris, con\u00e7ues pour offrir un amorti et un soutien sup\u00e9rieurs, vous assurant de rester d\u00e9tendu et confortable, quelle que soit la distance que vous parcourez.<\/li>\n<\/ul>\n<p><strong>Ensemble complet :<\/strong><\/p>\n<ul>\n<li>2x housses de si\u00e8ge avant<\/li>\n<li>1x housses de si\u00e8ge arri\u00e8re compl\u00e8tes<\/li>\n<\/ul>\n<p><strong>Si\u00e8ges avant uniquement<\/strong><\/p>\n<ul>\n<li>1x housses de si\u00e8ge avant compl\u00e8tes<\/li>\n<\/ul>","protected":false},"excerpt":{"rendered":"<p>Am\u00e9liorez votre Subaru Forester avec les housses de si\u00e8ge en cuir sur mesure Covers4Car, con\u00e7ues pour les conducteurs qui souhaitent un ajustement de type usine et une durabilit\u00e9 \u00e0 long terme.,<\/p>","protected":false},"featured_media":29816,"comment_status":"open","ping_status":"closed","template":"","meta":{"_acf_changed":false,"_monsterinsights_skip_tracking":false,"_monsterinsights_sitenote_active":false,"_monsterinsights_sitenote_note":"","_monsterinsights_sitenote_category":0},"product_brand":[],"product_cat":[77712,77715,124],"product_tag":[77683],"jet_color":[],"jet_material":[],"jet_coverage":[],"class_list":{"0":"post-29797","1":"product","2":"type-product","3":"status-publish","4":"has-post-thumbnail","6":"product_cat-seat-cover-for-subaru","7":"product_cat-seat-cover-for-subaru-forester","8":"product_cat-seat-cover","9":"product_tag-fit-forester","11":"first","12":"instock","13":"shipping-taxable","14":"purchasable","15":"product-type-variable","16":"has-default-attributes","17":"wvs-archive-product-wrapper"},"acf":[],"yoast_head":"<!-- This site is optimized with the Yoast SEO Premium plugin v26.4 (Yoast SEO v26.4) - https:\/\/yoast.com\/wordpress\/plugins\/seo\/ -->\n<title>Subaru Forester Seat Covers 2009\u20132025 Premium Fit<\/title>\n<meta name=\"description\" content=\"Subaru Forester seat covers custom fit for 2009\u20132025 models, premium leather design, airbag-safe panels, and total seat protection.\" \/>\n<meta name=\"robots\" content=\"index, follow, max-snippet:-1, max-image-preview:large, max-video-preview:-1\" \/>\n<link rel=\"canonical\" href=\"https:\/\/covers4car.com\/fr\/produit\/custom-fit-premium-leather-car-seat-covers-for-subaru-forester-front-rear-seat-protector-02\/\" \/>\n<meta property=\"og:locale\" content=\"fr_FR\" \/>\n<meta property=\"og:type\" content=\"article\" \/>\n<meta property=\"og:title\" content=\"Custom Fit Premium Leather Car Seat Covers for Subaru Forester-Front &amp; Rear Seat Protector 02\" \/>\n<meta property=\"og:description\" content=\"Subaru Forester seat covers custom fit for 2009\u20132025 models, premium leather design, airbag-safe panels, and total seat protection.\" \/>\n<meta property=\"og:url\" content=\"https:\/\/covers4car.com\/fr\/produit\/custom-fit-premium-leather-car-seat-covers-for-subaru-forester-front-rear-seat-protector-02\/\" \/>\n<meta property=\"og:site_name\" content=\"Covers4Car\" \/>\n<meta property=\"article:publisher\" content=\"https:\/\/www.facebook.com\/profile.php?id=61564533557142\" \/>\n<meta property=\"article:modified_time\" content=\"2025-12-18T05:26:55+00:00\" \/>\n<meta property=\"og:image\" content=\"https:\/\/covers4car.com\/wp-content\/uploads\/2025\/11\/new_01-26.webp\" \/>\n\t<meta property=\"og:image:width\" content=\"1000\" \/>\n\t<meta property=\"og:image:height\" content=\"1000\" \/>\n\t<meta property=\"og:image:type\" content=\"image\/webp\" \/>\n<meta name=\"twitter:card\" content=\"summary_large_image\" \/>\n<meta name=\"twitter:site\" content=\"@covers4carstore\" \/>\n<meta name=\"twitter:label1\" content=\"Dur\u00e9e de lecture estim\u00e9e\" \/>\n\t<meta name=\"twitter:data1\" content=\"2 minutes\" \/>\n<script type=\"application\/ld+json\" class=\"yoast-schema-graph\">{\"@context\":\"https:\/\/schema.org\",\"@graph\":[{\"@type\":\"WebPage\",\"@id\":\"https:\/\/covers4car.com\/product\/custom-fit-premium-leather-car-seat-covers-for-subaru-forester-front-rear-seat-protector-02\/\",\"url\":\"https:\/\/covers4car.com\/product\/custom-fit-premium-leather-car-seat-covers-for-subaru-forester-front-rear-seat-protector-02\/\",\"name\":\"Subaru Forester Seat Covers 2009\u20132025 Premium Fit\",\"isPartOf\":{\"@id\":\"https:\/\/covers4car.com\/#website\"},\"primaryImageOfPage\":{\"@id\":\"https:\/\/covers4car.com\/product\/custom-fit-premium-leather-car-seat-covers-for-subaru-forester-front-rear-seat-protector-02\/#primaryimage\"},\"image\":{\"@id\":\"https:\/\/covers4car.com\/product\/custom-fit-premium-leather-car-seat-covers-for-subaru-forester-front-rear-seat-protector-02\/#primaryimage\"},\"thumbnailUrl\":\"https:\/\/covers4car.com\/wp-content\/uploads\/2025\/11\/new_01-26.webp\",\"datePublished\":\"2025-11-19T13:58:09+00:00\",\"dateModified\":\"2025-12-18T05:26:55+00:00\",\"description\":\"Subaru Forester seat covers custom fit for 2009\u20132025 models, premium leather design, airbag-safe panels, and total seat protection.\",\"breadcrumb\":{\"@id\":\"https:\/\/covers4car.com\/product\/custom-fit-premium-leather-car-seat-covers-for-subaru-forester-front-rear-seat-protector-02\/#breadcrumb\"},\"inLanguage\":\"fr-FR\",\"potentialAction\":[{\"@type\":\"ReadAction\",\"target\":[\"https:\/\/covers4car.com\/product\/custom-fit-premium-leather-car-seat-covers-for-subaru-forester-front-rear-seat-protector-02\/\"]}]},{\"@type\":\"ImageObject\",\"inLanguage\":\"fr-FR\",\"@id\":\"https:\/\/covers4car.com\/product\/custom-fit-premium-leather-car-seat-covers-for-subaru-forester-front-rear-seat-protector-02\/#primaryimage\",\"url\":\"https:\/\/covers4car.com\/wp-content\/uploads\/2025\/11\/new_01-26.webp\",\"contentUrl\":\"https:\/\/covers4car.com\/wp-content\/uploads\/2025\/11\/new_01-26.webp\",\"width\":1000,\"height\":1000},{\"@type\":\"BreadcrumbList\",\"@id\":\"https:\/\/covers4car.com\/product\/custom-fit-premium-leather-car-seat-covers-for-subaru-forester-front-rear-seat-protector-02\/#breadcrumb\",\"itemListElement\":[{\"@type\":\"ListItem\",\"position\":1,\"name\":\"Home\",\"item\":\"https:\/\/covers4car.com\/\"},{\"@type\":\"ListItem\",\"position\":2,\"name\":\"Shop\",\"item\":\"https:\/\/covers4car.com\/shop\/\"},{\"@type\":\"ListItem\",\"position\":3,\"name\":\"Custom Fit Premium Leather Car Seat Covers for Subaru Forester-Front &#038; Rear Seat Protector 02\"}]},{\"@type\":\"WebSite\",\"@id\":\"https:\/\/covers4car.com\/#website\",\"url\":\"https:\/\/covers4car.com\/\",\"name\":\"Covers4Car\",\"description\":\"Professional Seat Covers Tailored for Your Vehicle\",\"publisher\":{\"@id\":\"https:\/\/covers4car.com\/#organization\"},\"potentialAction\":[{\"@type\":\"SearchAction\",\"target\":{\"@type\":\"EntryPoint\",\"urlTemplate\":\"https:\/\/covers4car.com\/?s={search_term_string}\"},\"query-input\":{\"@type\":\"PropertyValueSpecification\",\"valueRequired\":true,\"valueName\":\"search_term_string\"}}],\"inLanguage\":\"fr-FR\"},{\"@type\":\"Organization\",\"@id\":\"https:\/\/covers4car.com\/#organization\",\"name\":\"Covers4Car\",\"url\":\"https:\/\/covers4car.com\/\",\"logo\":{\"@type\":\"ImageObject\",\"inLanguage\":\"fr-FR\",\"@id\":\"https:\/\/covers4car.com\/#\/schema\/logo\/image\/\",\"url\":\"https:\/\/covers4car.com\/wp-content\/uploads\/2024\/11\/Asset-2@5x-copy.jpg\",\"contentUrl\":\"https:\/\/covers4car.com\/wp-content\/uploads\/2024\/11\/Asset-2@5x-copy.jpg\",\"width\":877,\"height\":877,\"caption\":\"Covers4Car\"},\"image\":{\"@id\":\"https:\/\/covers4car.com\/#\/schema\/logo\/image\/\"},\"sameAs\":[\"https:\/\/www.facebook.com\/profile.php?id=61564533557142\",\"https:\/\/x.com\/covers4carstore\"]}]}<\/script>\n<!-- \/ Yoast SEO Premium plugin. -->","yoast_head_json":{"title":"Housses de si\u00e8ge haut de gamme pour Subaru Forester 2009-2025","description":"Housses de si\u00e8ge Subaru Forester sur mesure pour les mod\u00e8les 2009-2025, design en cuir haut de gamme, panneaux compatibles avec les airbags et protection totale des si\u00e8ges.","robots":{"index":"index","follow":"follow","max-snippet":"max-snippet:-1","max-image-preview":"max-image-preview:large","max-video-preview":"max-video-preview:-1"},"canonical":"https:\/\/covers4car.com\/fr\/produit\/custom-fit-premium-leather-car-seat-covers-for-subaru-forester-front-rear-seat-protector-02\/","og_locale":"fr_FR","og_type":"article","og_title":"Custom Fit Premium Leather Car Seat Covers for Subaru Forester-Front & Rear Seat Protector 02","og_description":"Subaru Forester seat covers custom fit for 2009\u20132025 models, premium leather design, airbag-safe panels, and total seat protection.","og_url":"https:\/\/covers4car.com\/fr\/produit\/custom-fit-premium-leather-car-seat-covers-for-subaru-forester-front-rear-seat-protector-02\/","og_site_name":"Covers4Car","article_publisher":"https:\/\/www.facebook.com\/profile.php?id=61564533557142","article_modified_time":"2025-12-18T05:26:55+00:00","og_image":[{"width":1000,"height":1000,"url":"https:\/\/covers4car.com\/wp-content\/uploads\/2025\/11\/new_01-26.webp","type":"image\/webp"}],"twitter_card":"summary_large_image","twitter_site":"@covers4carstore","twitter_misc":{"Dur\u00e9e de lecture estim\u00e9e":"2 minutes"},"schema":{"@context":"https:\/\/schema.org","@graph":[{"@type":"WebPage","@id":"https:\/\/covers4car.com\/product\/custom-fit-premium-leather-car-seat-covers-for-subaru-forester-front-rear-seat-protector-02\/","url":"https:\/\/covers4car.com\/product\/custom-fit-premium-leather-car-seat-covers-for-subaru-forester-front-rear-seat-protector-02\/","name":"Housses de si\u00e8ge haut de gamme pour Subaru Forester 2009-2025","isPartOf":{"@id":"https:\/\/covers4car.com\/#website"},"primaryImageOfPage":{"@id":"https:\/\/covers4car.com\/product\/custom-fit-premium-leather-car-seat-covers-for-subaru-forester-front-rear-seat-protector-02\/#primaryimage"},"image":{"@id":"https:\/\/covers4car.com\/product\/custom-fit-premium-leather-car-seat-covers-for-subaru-forester-front-rear-seat-protector-02\/#primaryimage"},"thumbnailUrl":"https:\/\/covers4car.com\/wp-content\/uploads\/2025\/11\/new_01-26.webp","datePublished":"2025-11-19T13:58:09+00:00","dateModified":"2025-12-18T05:26:55+00:00","description":"Housses de si\u00e8ge Subaru Forester sur mesure pour les mod\u00e8les 2009-2025, design en cuir haut de gamme, panneaux compatibles avec les airbags et protection totale des si\u00e8ges.","breadcrumb":{"@id":"https:\/\/covers4car.com\/product\/custom-fit-premium-leather-car-seat-covers-for-subaru-forester-front-rear-seat-protector-02\/#breadcrumb"},"inLanguage":"fr-FR","potentialAction":[{"@type":"ReadAction","target":["https:\/\/covers4car.com\/product\/custom-fit-premium-leather-car-seat-covers-for-subaru-forester-front-rear-seat-protector-02\/"]}]},{"@type":"ImageObject","inLanguage":"fr-FR","@id":"https:\/\/covers4car.com\/product\/custom-fit-premium-leather-car-seat-covers-for-subaru-forester-front-rear-seat-protector-02\/#primaryimage","url":"https:\/\/covers4car.com\/wp-content\/uploads\/2025\/11\/new_01-26.webp","contentUrl":"https:\/\/covers4car.com\/wp-content\/uploads\/2025\/11\/new_01-26.webp","width":1000,"height":1000},{"@type":"BreadcrumbList","@id":"https:\/\/covers4car.com\/product\/custom-fit-premium-leather-car-seat-covers-for-subaru-forester-front-rear-seat-protector-02\/#breadcrumb","itemListElement":[{"@type":"ListItem","position":1,"name":"Home","item":"https:\/\/covers4car.com\/"},{"@type":"ListItem","position":2,"name":"Shop","item":"https:\/\/covers4car.com\/shop\/"},{"@type":"ListItem","position":3,"name":"Custom Fit Premium Leather Car Seat Covers for Subaru Forester-Front &#038; Rear Seat Protector 02"}]},{"@type":"WebSite","@id":"https:\/\/covers4car.com\/#website","url":"https:\/\/covers4car.com\/","name":"Covers4Car","description":"Housses de si\u00e8ge professionnelles adapt\u00e9es \u00e0 votre v\u00e9hicule","publisher":{"@id":"https:\/\/covers4car.com\/#organization"},"potentialAction":[{"@type":"SearchAction","target":{"@type":"EntryPoint","urlTemplate":"https:\/\/covers4car.com\/?s={search_term_string}"},"query-input":{"@type":"PropertyValueSpecification","valueRequired":true,"valueName":"search_term_string"}}],"inLanguage":"fr-FR"},{"@type":"Organization","@id":"https:\/\/covers4car.com\/#organization","name":"Covers4Car","url":"https:\/\/covers4car.com\/","logo":{"@type":"ImageObject","inLanguage":"fr-FR","@id":"https:\/\/covers4car.com\/#\/schema\/logo\/image\/","url":"https:\/\/covers4car.com\/wp-content\/uploads\/2024\/11\/Asset-2@5x-copy.jpg","contentUrl":"https:\/\/covers4car.com\/wp-content\/uploads\/2024\/11\/Asset-2@5x-copy.jpg","width":877,"height":877,"caption":"Covers4Car"},"image":{"@id":"https:\/\/covers4car.com\/#\/schema\/logo\/image\/"},"sameAs":["https:\/\/www.facebook.com\/profile.php?id=61564533557142","https:\/\/x.com\/covers4carstore"]}]}},"_links":{"self":[{"href":"https:\/\/covers4car.com\/fr\/wp-json\/wp\/v2\/product\/29797","targetHints":{"allow":["GET"]}}],"collection":[{"href":"https:\/\/covers4car.com\/fr\/wp-json\/wp\/v2\/product"}],"about":[{"href":"https:\/\/covers4car.com\/fr\/wp-json\/wp\/v2\/types\/product"}],"replies":[{"embeddable":true,"href":"https:\/\/covers4car.com\/fr\/wp-json\/wp\/v2\/comments?post=29797"}],"version-history":[{"count":0,"href":"https:\/\/covers4car.com\/fr\/wp-json\/wp\/v2\/product\/29797\/revisions"}],"wp:featuredmedia":[{"embeddable":true,"href":"https:\/\/covers4car.com\/fr\/wp-json\/wp\/v2\/media\/29816"}],"wp:attachment":[{"href":"https:\/\/covers4car.com\/fr\/wp-json\/wp\/v2\/media?parent=29797"}],"wp:term":[{"taxonomy":"product_brand","embeddable":true,"href":"https:\/\/covers4car.com\/fr\/wp-json\/wp\/v2\/product_brand?post=29797"},{"taxonomy":"product_cat","embeddable":true,"href":"https:\/\/covers4car.com\/fr\/wp-json\/wp\/v2\/product_cat?post=29797"},{"taxonomy":"product_tag","embeddable":true,"href":"https:\/\/covers4car.com\/fr\/wp-json\/wp\/v2\/product_tag?post=29797"},{"taxonomy":"jet_color","embeddable":true,"href":"https:\/\/covers4car.com\/fr\/wp-json\/wp\/v2\/jet_color?post=29797"},{"taxonomy":"jet_material","embeddable":true,"href":"https:\/\/covers4car.com\/fr\/wp-json\/wp\/v2\/jet_material?post=29797"},{"taxonomy":"jet_coverage","embeddable":true,"href":"https:\/\/covers4car.com\/fr\/wp-json\/wp\/v2\/jet_coverage?post=29797"}],"curies":[{"name":"wp","href":"https:\/\/api.w.org\/{rel}","templated":true}]}}