{"id":19897,"date":"2025-07-24T08:44:14","date_gmt":"2025-07-24T15:44:14","guid":{"rendered":"https:\/\/covers4car.com\/?page_id=19897"},"modified":"2025-07-24T11:01:38","modified_gmt":"2025-07-24T18:01:38","slug":"legal-information","status":"publish","type":"page","link":"https:\/\/covers4car.com\/it\/legal-information\/","title":{"rendered":"Informazioni legali"},"content":{"rendered":"<h2 class=\"wp-block-heading\" id=\"h-\"><\/h2>\n\n\n\n<p>Questa sezione fornisce informazioni legali e di contatto essenziali per <strong>Covers4Car<\/strong>.<\/p>\n\n\n\n<p><strong>Nome dell&#039;azienda:<\/strong> Gotouchup Inc. <\/p>\n\n\n\n<p><strong>Nome commerciale:<\/strong> Covers4Car <\/p>\n\n\n\n<p><strong>Numero di societ\u00e0 (EIN):<\/strong> 38-4326041 <\/p>\n\n\n\n<p><strong>Indirizzo:<\/strong> 3422 Old Capitol Trl Ste 4001, Wilmington, DE 19808, Stati Uniti <\/p>\n\n\n\n<p><strong>Telefono:<\/strong> <a href=\"tel:+1 (619) 534-4662\">+1 (619) 534-4662 <\/a><\/p>\n\n\n\n<p><strong>E-mail:<\/strong> <a href=\"mailto:support@covers4car.com\">supporto@covers4car.com<\/a><\/p>\n\n\n\n<p><strong>Disclaimer:<\/strong> Le informazioni fornite in questa pagina hanno solo scopo informativo generale e sono soggette a modifiche senza preavviso. Pur impegnandoci a mantenere le informazioni accurate e aggiornate, non rilasciamo alcuna dichiarazione o garanzia di alcun tipo, espressa o implicita, circa la completezza, l&#039;accuratezza, l&#039;affidabilit\u00e0, l&#039;idoneit\u00e0 o la disponibilit\u00e0 del sito web o delle informazioni, dei prodotti, dei servizi o della relativa grafica contenuti nel sito web per qualsiasi scopo. Qualsiasi affidamento su tali informazioni \u00e8 pertanto strettamente a vostro rischio e pericolo.<\/p>\n\n\n\n<p><\/p>","protected":false},"excerpt":{"rendered":"<p>Questa sezione fornisce informazioni legali e di contatto essenziali per Covers4Car. Nome dell&#039;azienda: Gotouchup Inc. Nome commerciale: Covers4Car Numero di registrazione dell&#039;azienda (EIN):<\/p>","protected":false},"author":1509,"featured_media":0,"parent":0,"menu_order":0,"comment_status":"closed","ping_status":"closed","template":"","meta":{"_acf_changed":false,"_monsterinsights_skip_tracking":false,"_monsterinsights_sitenote_active":false,"_monsterinsights_sitenote_note":"","_monsterinsights_sitenote_category":0,"footnotes":""},"class_list":["post-19897","page","type-page","status-publish","hentry"],"acf":[],"yoast_head":"<!-- This site is optimized with the Yoast SEO Premium plugin v26.4 (Yoast SEO v26.4) - https:\/\/yoast.com\/wordpress\/plugins\/seo\/ -->\n<title>Legal Information - Covers4Car<\/title>\n<meta name=\"description\" content=\"Legal Information This section provides essential legal and contact information for Covers4Car. Company Name: Gotouchup Inc. Trade Name: Covers4Car Company Number (EIN):\" \/>\n<meta name=\"robots\" content=\"index, follow, max-snippet:-1, max-image-preview:large, max-video-preview:-1\" \/>\n<link rel=\"canonical\" href=\"https:\/\/covers4car.com\/it\/legal-information\/\" \/>\n<meta property=\"og:locale\" content=\"it_IT\" \/>\n<meta property=\"og:type\" content=\"article\" \/>\n<meta property=\"og:title\" content=\"Legal Information\" \/>\n<meta property=\"og:description\" content=\"Legal Information This section provides essential legal and contact information for Covers4Car. Company Name: Gotouchup Inc. Trade Name: Covers4Car Company Number (EIN):\" \/>\n<meta property=\"og:url\" content=\"https:\/\/covers4car.com\/it\/legal-information\/\" \/>\n<meta property=\"og:site_name\" content=\"Covers4Car\" \/>\n<meta property=\"article:publisher\" content=\"https:\/\/www.facebook.com\/profile.php?id=61564533557142\" \/>\n<meta property=\"article:modified_time\" content=\"2025-07-24T18:01:38+00:00\" \/>\n<meta name=\"twitter:card\" content=\"summary_large_image\" \/>\n<meta name=\"twitter:site\" content=\"@covers4carstore\" \/>\n<meta name=\"twitter:label1\" content=\"Tempo di lettura stimato\" \/>\n\t<meta name=\"twitter:data1\" content=\"1 minuto\" \/>\n<script type=\"application\/ld+json\" class=\"yoast-schema-graph\">{\"@context\":\"https:\/\/schema.org\",\"@graph\":[{\"@type\":\"WebPage\",\"@id\":\"https:\/\/covers4car.com\/legal-information\/\",\"url\":\"https:\/\/covers4car.com\/legal-information\/\",\"name\":\"Legal Information - Covers4Car\",\"isPartOf\":{\"@id\":\"https:\/\/covers4car.com\/#website\"},\"datePublished\":\"2025-07-24T15:44:14+00:00\",\"dateModified\":\"2025-07-24T18:01:38+00:00\",\"description\":\"Legal Information This section provides essential legal and contact information for Covers4Car. Company Name: Gotouchup Inc. Trade Name: Covers4Car Company Number (EIN):\",\"breadcrumb\":{\"@id\":\"https:\/\/covers4car.com\/legal-information\/#breadcrumb\"},\"inLanguage\":\"it-IT\",\"potentialAction\":[{\"@type\":\"ReadAction\",\"target\":[\"https:\/\/covers4car.com\/legal-information\/\"]}]},{\"@type\":\"BreadcrumbList\",\"@id\":\"https:\/\/covers4car.com\/legal-information\/#breadcrumb\",\"itemListElement\":[{\"@type\":\"ListItem\",\"position\":1,\"name\":\"Home\",\"item\":\"https:\/\/covers4car.com\/\"},{\"@type\":\"ListItem\",\"position\":2,\"name\":\"Legal Information\"}]},{\"@type\":\"WebSite\",\"@id\":\"https:\/\/covers4car.com\/#website\",\"url\":\"https:\/\/covers4car.com\/\",\"name\":\"Covers4Car\",\"description\":\"Professional Seat Covers Tailored for Your Vehicle\",\"publisher\":{\"@id\":\"https:\/\/covers4car.com\/#organization\"},\"potentialAction\":[{\"@type\":\"SearchAction\",\"target\":{\"@type\":\"EntryPoint\",\"urlTemplate\":\"https:\/\/covers4car.com\/?s={search_term_string}\"},\"query-input\":{\"@type\":\"PropertyValueSpecification\",\"valueRequired\":true,\"valueName\":\"search_term_string\"}}],\"inLanguage\":\"it-IT\"},{\"@type\":\"Organization\",\"@id\":\"https:\/\/covers4car.com\/#organization\",\"name\":\"Covers4Car\",\"url\":\"https:\/\/covers4car.com\/\",\"logo\":{\"@type\":\"ImageObject\",\"inLanguage\":\"it-IT\",\"@id\":\"https:\/\/covers4car.com\/#\/schema\/logo\/image\/\",\"url\":\"https:\/\/covers4car.com\/wp-content\/uploads\/2024\/11\/Asset-2@5x-copy.jpg\",\"contentUrl\":\"https:\/\/covers4car.com\/wp-content\/uploads\/2024\/11\/Asset-2@5x-copy.jpg\",\"width\":877,\"height\":877,\"caption\":\"Covers4Car\"},\"image\":{\"@id\":\"https:\/\/covers4car.com\/#\/schema\/logo\/image\/\"},\"sameAs\":[\"https:\/\/www.facebook.com\/profile.php?id=61564533557142\",\"https:\/\/x.com\/covers4carstore\"]}]}<\/script>\n<!-- \/ Yoast SEO Premium plugin. -->","yoast_head_json":{"title":"Informazioni legali - Covers4Car","description":"Informazioni legali Questa sezione fornisce informazioni legali e di contatto essenziali per Covers4Car. Nome dell&#039;azienda: Gotouchup Inc. Nome commerciale: Covers4Car Numero di registrazione dell&#039;azienda (EIN):","robots":{"index":"index","follow":"follow","max-snippet":"max-snippet:-1","max-image-preview":"max-image-preview:large","max-video-preview":"max-video-preview:-1"},"canonical":"https:\/\/covers4car.com\/it\/legal-information\/","og_locale":"it_IT","og_type":"article","og_title":"Legal Information","og_description":"Legal Information This section provides essential legal and contact information for Covers4Car. Company Name: Gotouchup Inc. Trade Name: Covers4Car Company Number (EIN):","og_url":"https:\/\/covers4car.com\/it\/legal-information\/","og_site_name":"Covers4Car","article_publisher":"https:\/\/www.facebook.com\/profile.php?id=61564533557142","article_modified_time":"2025-07-24T18:01:38+00:00","twitter_card":"summary_large_image","twitter_site":"@covers4carstore","twitter_misc":{"Tempo di lettura stimato":"1 minuto"},"schema":{"@context":"https:\/\/schema.org","@graph":[{"@type":"WebPage","@id":"https:\/\/covers4car.com\/legal-information\/","url":"https:\/\/covers4car.com\/legal-information\/","name":"Informazioni legali - Covers4Car","isPartOf":{"@id":"https:\/\/covers4car.com\/#website"},"datePublished":"2025-07-24T15:44:14+00:00","dateModified":"2025-07-24T18:01:38+00:00","description":"Informazioni legali Questa sezione fornisce informazioni legali e di contatto essenziali per Covers4Car. Nome dell&#039;azienda: Gotouchup Inc. Nome commerciale: Covers4Car Numero di registrazione dell&#039;azienda (EIN):","breadcrumb":{"@id":"https:\/\/covers4car.com\/legal-information\/#breadcrumb"},"inLanguage":"it-IT","potentialAction":[{"@type":"ReadAction","target":["https:\/\/covers4car.com\/legal-information\/"]}]},{"@type":"BreadcrumbList","@id":"https:\/\/covers4car.com\/legal-information\/#breadcrumb","itemListElement":[{"@type":"ListItem","position":1,"name":"Home","item":"https:\/\/covers4car.com\/"},{"@type":"ListItem","position":2,"name":"Legal Information"}]},{"@type":"WebSite","@id":"https:\/\/covers4car.com\/#website","url":"https:\/\/covers4car.com\/","name":"Covers4Car","description":"Coprisedili professionali su misura per il tuo veicolo","publisher":{"@id":"https:\/\/covers4car.com\/#organization"},"potentialAction":[{"@type":"SearchAction","target":{"@type":"EntryPoint","urlTemplate":"https:\/\/covers4car.com\/?s={search_term_string}"},"query-input":{"@type":"PropertyValueSpecification","valueRequired":true,"valueName":"search_term_string"}}],"inLanguage":"it-IT"},{"@type":"Organization","@id":"https:\/\/covers4car.com\/#organization","name":"Covers4Car","url":"https:\/\/covers4car.com\/","logo":{"@type":"ImageObject","inLanguage":"it-IT","@id":"https:\/\/covers4car.com\/#\/schema\/logo\/image\/","url":"https:\/\/covers4car.com\/wp-content\/uploads\/2024\/11\/Asset-2@5x-copy.jpg","contentUrl":"https:\/\/covers4car.com\/wp-content\/uploads\/2024\/11\/Asset-2@5x-copy.jpg","width":877,"height":877,"caption":"Covers4Car"},"image":{"@id":"https:\/\/covers4car.com\/#\/schema\/logo\/image\/"},"sameAs":["https:\/\/www.facebook.com\/profile.php?id=61564533557142","https:\/\/x.com\/covers4carstore"]}]}},"_links":{"self":[{"href":"https:\/\/covers4car.com\/it\/wp-json\/wp\/v2\/pages\/19897","targetHints":{"allow":["GET"]}}],"collection":[{"href":"https:\/\/covers4car.com\/it\/wp-json\/wp\/v2\/pages"}],"about":[{"href":"https:\/\/covers4car.com\/it\/wp-json\/wp\/v2\/types\/page"}],"author":[{"embeddable":true,"href":"https:\/\/covers4car.com\/it\/wp-json\/wp\/v2\/users\/1509"}],"replies":[{"embeddable":true,"href":"https:\/\/covers4car.com\/it\/wp-json\/wp\/v2\/comments?post=19897"}],"version-history":[{"count":0,"href":"https:\/\/covers4car.com\/it\/wp-json\/wp\/v2\/pages\/19897\/revisions"}],"wp:attachment":[{"href":"https:\/\/covers4car.com\/it\/wp-json\/wp\/v2\/media?parent=19897"}],"curies":[{"name":"parola chiave","href":"https:\/\/api.w.org\/{rel}","templated":true}]}}