{"id":20051,"date":"2025-08-06T10:45:19","date_gmt":"2025-08-06T17:45:19","guid":{"rendered":"https:\/\/covers4car.com\/?page_id=20051"},"modified":"2025-08-06T11:03:45","modified_gmt":"2025-08-06T18:03:45","slug":"payment-policy","status":"publish","type":"page","link":"https:\/\/covers4car.com\/pl\/payment-policy\/","title":{"rendered":"Polityka p\u0142atno\u015bci"},"content":{"rendered":"<p><strong>Covers4Car <\/strong>Witryna posiada certyfikat SSL, kt\u00f3ry jest wy\u015bwietlany w przegl\u0105darce za pomoc\u0105 k\u0142\u00f3dki w nag\u0142\u00f3wku, cz\u0119sto obok adresu URL. Szyfruje on dane, kt\u00f3re nam przekazujesz, takie jak dane dotycz\u0105ce p\u0142atno\u015bci. P\u0142atno\u015bci posiadaj\u0105 certyfikat poziomu 1 zgodno\u015bci z PCI DSS. Standard bezpiecze\u0144stwa danych bran\u017cy kart p\u0142atniczych (PCI DSS) to standard bezpiecze\u0144stwa dla organizacji przetwarzaj\u0105cych dane kart kredytowych i debetowych.<\/p>\n\n\n\n<p><strong>P\u0142atno\u015bci spe\u0142niaj\u0105 wszystkie 6 kategorii standardu PCI:<\/strong><\/p>\n\n\n\n<p>1. Utrzymuj bezpieczn\u0105 sie\u0107<br>2. Chro\u0144 dane posiadacza karty<br>3. Utrzymuj program zarz\u0105dzania podatno\u015bciami<br>4. Wdro\u017cenie silnych \u015brodk\u00f3w kontroli dost\u0119pu<br>5. Regularnie monitoruj i testuj sieci<br>6. Utrzymuj polityk\u0119 bezpiecze\u0144stwa informacji<\/p>\n\n\n\n<p>Na <a href=\"https:\/\/covers4car.com\/pl\/\">https:\/\/covers4car.com\/<\/a> w sklepie akceptujemy wszystkie g\u0142\u00f3wne karty kredytowe\/debetowe oraz p\u0142atno\u015bci dokonywane za po\u015brednictwem kart Visa, MasterCard, American Express, Discover, Dinners Club, JCB, Union Pay i ELO.<\/p>\n\n\n\n<p>Zap\u0142ata musi zosta\u0107 dokonana w ca\u0142o\u015bci przed wysy\u0142k\u0105.<\/p>\n\n\n\n<p><strong>Polityka prywatno\u015bci<\/strong><\/p>\n\n\n\n<p><strong>Covers4Car <\/strong>Nie ujawniamy, kiedy kto\u015b udost\u0119pnia swoje dane osobowe. Nie wynajmujemy, nie sprzedajemy ani nie udost\u0119pniamy Twoich danych osobowych nikomu. Nasza Polityka Prywatno\u015bci szczeg\u00f3\u0142owo opisuje, w jaki spos\u00f3b Twoje dane osobowe s\u0105 gromadzone, a tym samym w jaki spos\u00f3b mog\u0105 by\u0107 wykorzystywane.<\/p>\n\n\n\n<p>Przeczytaj wi\u0119cej o naszym&nbsp;<a href=\"https:\/\/covers4car.com\/pl\/privacy-policy\/\">Polityka prywatno\u015bci<\/a>.<\/p>\n\n\n\n<h3 class=\"wp-block-heading\" id=\"h-contact-us\"><strong>Skontaktuj si\u0119 z nami<\/strong><\/h3>\n\n\n\n<p>Je\u015bli masz dalsze pytania, skontaktuj si\u0119 z naszym dzia\u0142em obs\u0142ugi klienta:<\/p>\n\n\n\n<p>E-mail: <a href=\"mailto:support@covers4car.com\">wsparcie@covers4car.com<\/a><br>Telefon: +1(619)534-4662<\/p>\n\n\n\n<p>Godziny pracy biura: pon.-sob. 10:00-20:00 (PST)<\/p>","protected":false},"excerpt":{"rendered":"<p>Strona Covers4Car posiada certyfikat SSL, kt\u00f3ry jest wy\u015bwietlany w przegl\u0105darce za pomoc\u0105 k\u0142\u00f3dki w nag\u0142\u00f3wku, cz\u0119sto obok<\/p>","protected":false},"author":1583,"featured_media":0,"parent":0,"menu_order":0,"comment_status":"closed","ping_status":"closed","template":"","meta":{"_acf_changed":false,"_monsterinsights_skip_tracking":false,"_monsterinsights_sitenote_active":false,"_monsterinsights_sitenote_note":"","_monsterinsights_sitenote_category":0,"footnotes":""},"class_list":["post-20051","page","type-page","status-publish","hentry"],"acf":[],"yoast_head":"<!-- This site is optimized with the Yoast SEO Premium plugin v26.4 (Yoast SEO v26.4) - https:\/\/yoast.com\/wordpress\/plugins\/seo\/ -->\n<title>Payment Policy - Covers4Car<\/title>\n<meta name=\"description\" content=\"Payment Policy Covers4Car site has an SSL certificate, which is shown on your browser by a padlock in the header, often next to the URL address. This encrypts the data\" \/>\n<meta name=\"robots\" content=\"index, follow, max-snippet:-1, max-image-preview:large, max-video-preview:-1\" \/>\n<link rel=\"canonical\" href=\"https:\/\/covers4car.com\/pl\/payment-policy\/\" \/>\n<meta property=\"og:locale\" content=\"pl_PL\" \/>\n<meta property=\"og:type\" content=\"article\" \/>\n<meta property=\"og:title\" content=\"Payment Policy\" \/>\n<meta property=\"og:description\" content=\"Payment Policy Covers4Car site has an SSL certificate, which is shown on your browser by a padlock in the header, often next to the URL address. This encrypts the data\" \/>\n<meta property=\"og:url\" content=\"https:\/\/covers4car.com\/pl\/payment-policy\/\" \/>\n<meta property=\"og:site_name\" content=\"Covers4Car\" \/>\n<meta property=\"article:publisher\" content=\"https:\/\/www.facebook.com\/profile.php?id=61564533557142\" \/>\n<meta property=\"article:modified_time\" content=\"2025-08-06T18:03:45+00:00\" \/>\n<meta name=\"twitter:card\" content=\"summary_large_image\" \/>\n<meta name=\"twitter:site\" content=\"@covers4carstore\" \/>\n<meta name=\"twitter:label1\" content=\"Szacowany czas czytania\" \/>\n\t<meta name=\"twitter:data1\" content=\"1 minuta\" \/>\n<script type=\"application\/ld+json\" class=\"yoast-schema-graph\">{\"@context\":\"https:\/\/schema.org\",\"@graph\":[{\"@type\":\"WebPage\",\"@id\":\"https:\/\/covers4car.com\/payment-policy\/\",\"url\":\"https:\/\/covers4car.com\/payment-policy\/\",\"name\":\"Payment Policy - Covers4Car\",\"isPartOf\":{\"@id\":\"https:\/\/covers4car.com\/#website\"},\"datePublished\":\"2025-08-06T17:45:19+00:00\",\"dateModified\":\"2025-08-06T18:03:45+00:00\",\"description\":\"Payment Policy Covers4Car site has an SSL certificate, which is shown on your browser by a padlock in the header, often next to the URL address. This encrypts the data\",\"breadcrumb\":{\"@id\":\"https:\/\/covers4car.com\/payment-policy\/#breadcrumb\"},\"inLanguage\":\"pl-PL\",\"potentialAction\":[{\"@type\":\"ReadAction\",\"target\":[\"https:\/\/covers4car.com\/payment-policy\/\"]}]},{\"@type\":\"BreadcrumbList\",\"@id\":\"https:\/\/covers4car.com\/payment-policy\/#breadcrumb\",\"itemListElement\":[{\"@type\":\"ListItem\",\"position\":1,\"name\":\"Home\",\"item\":\"https:\/\/covers4car.com\/\"},{\"@type\":\"ListItem\",\"position\":2,\"name\":\"Payment Policy\"}]},{\"@type\":\"WebSite\",\"@id\":\"https:\/\/covers4car.com\/#website\",\"url\":\"https:\/\/covers4car.com\/\",\"name\":\"Covers4Car\",\"description\":\"Professional Seat Covers Tailored for Your Vehicle\",\"publisher\":{\"@id\":\"https:\/\/covers4car.com\/#organization\"},\"potentialAction\":[{\"@type\":\"SearchAction\",\"target\":{\"@type\":\"EntryPoint\",\"urlTemplate\":\"https:\/\/covers4car.com\/?s={search_term_string}\"},\"query-input\":{\"@type\":\"PropertyValueSpecification\",\"valueRequired\":true,\"valueName\":\"search_term_string\"}}],\"inLanguage\":\"pl-PL\"},{\"@type\":\"Organization\",\"@id\":\"https:\/\/covers4car.com\/#organization\",\"name\":\"Covers4Car\",\"url\":\"https:\/\/covers4car.com\/\",\"logo\":{\"@type\":\"ImageObject\",\"inLanguage\":\"pl-PL\",\"@id\":\"https:\/\/covers4car.com\/#\/schema\/logo\/image\/\",\"url\":\"https:\/\/covers4car.com\/wp-content\/uploads\/2024\/11\/Asset-2@5x-copy.jpg\",\"contentUrl\":\"https:\/\/covers4car.com\/wp-content\/uploads\/2024\/11\/Asset-2@5x-copy.jpg\",\"width\":877,\"height\":877,\"caption\":\"Covers4Car\"},\"image\":{\"@id\":\"https:\/\/covers4car.com\/#\/schema\/logo\/image\/\"},\"sameAs\":[\"https:\/\/www.facebook.com\/profile.php?id=61564533557142\",\"https:\/\/x.com\/covers4carstore\"]}]}<\/script>\n<!-- \/ Yoast SEO Premium plugin. -->","yoast_head_json":{"title":"Polityka p\u0142atno\u015bci - Covers4Car","description":"Polityka p\u0142atno\u015bci. Strona Covers4Car posiada certyfikat SSL, kt\u00f3ry jest wy\u015bwietlany w przegl\u0105darce za pomoc\u0105 k\u0142\u00f3dki w nag\u0142\u00f3wku, cz\u0119sto obok adresu URL. Szyfruje on dane.","robots":{"index":"index","follow":"follow","max-snippet":"max-snippet:-1","max-image-preview":"max-image-preview:large","max-video-preview":"max-video-preview:-1"},"canonical":"https:\/\/covers4car.com\/pl\/payment-policy\/","og_locale":"pl_PL","og_type":"article","og_title":"Payment Policy","og_description":"Payment Policy Covers4Car site has an SSL certificate, which is shown on your browser by a padlock in the header, often next to the URL address. This encrypts the data","og_url":"https:\/\/covers4car.com\/pl\/payment-policy\/","og_site_name":"Covers4Car","article_publisher":"https:\/\/www.facebook.com\/profile.php?id=61564533557142","article_modified_time":"2025-08-06T18:03:45+00:00","twitter_card":"summary_large_image","twitter_site":"@covers4carstore","twitter_misc":{"Szacowany czas czytania":"1 minuta"},"schema":{"@context":"https:\/\/schema.org","@graph":[{"@type":"WebPage","@id":"https:\/\/covers4car.com\/payment-policy\/","url":"https:\/\/covers4car.com\/payment-policy\/","name":"Polityka p\u0142atno\u015bci - Covers4Car","isPartOf":{"@id":"https:\/\/covers4car.com\/#website"},"datePublished":"2025-08-06T17:45:19+00:00","dateModified":"2025-08-06T18:03:45+00:00","description":"Polityka p\u0142atno\u015bci. Strona Covers4Car posiada certyfikat SSL, kt\u00f3ry jest wy\u015bwietlany w przegl\u0105darce za pomoc\u0105 k\u0142\u00f3dki w nag\u0142\u00f3wku, cz\u0119sto obok adresu URL. Szyfruje on dane.","breadcrumb":{"@id":"https:\/\/covers4car.com\/payment-policy\/#breadcrumb"},"inLanguage":"pl-PL","potentialAction":[{"@type":"ReadAction","target":["https:\/\/covers4car.com\/payment-policy\/"]}]},{"@type":"BreadcrumbList","@id":"https:\/\/covers4car.com\/payment-policy\/#breadcrumb","itemListElement":[{"@type":"ListItem","position":1,"name":"Home","item":"https:\/\/covers4car.com\/"},{"@type":"ListItem","position":2,"name":"Payment Policy"}]},{"@type":"WebSite","@id":"https:\/\/covers4car.com\/#website","url":"https:\/\/covers4car.com\/","name":"Covers4Car","description":"Profesjonalne pokrowce na siedzenia dopasowane do Twojego pojazdu","publisher":{"@id":"https:\/\/covers4car.com\/#organization"},"potentialAction":[{"@type":"SearchAction","target":{"@type":"EntryPoint","urlTemplate":"https:\/\/covers4car.com\/?s={search_term_string}"},"query-input":{"@type":"PropertyValueSpecification","valueRequired":true,"valueName":"search_term_string"}}],"inLanguage":"pl-PL"},{"@type":"Organization","@id":"https:\/\/covers4car.com\/#organization","name":"Covers4Car","url":"https:\/\/covers4car.com\/","logo":{"@type":"ImageObject","inLanguage":"pl-PL","@id":"https:\/\/covers4car.com\/#\/schema\/logo\/image\/","url":"https:\/\/covers4car.com\/wp-content\/uploads\/2024\/11\/Asset-2@5x-copy.jpg","contentUrl":"https:\/\/covers4car.com\/wp-content\/uploads\/2024\/11\/Asset-2@5x-copy.jpg","width":877,"height":877,"caption":"Covers4Car"},"image":{"@id":"https:\/\/covers4car.com\/#\/schema\/logo\/image\/"},"sameAs":["https:\/\/www.facebook.com\/profile.php?id=61564533557142","https:\/\/x.com\/covers4carstore"]}]}},"_links":{"self":[{"href":"https:\/\/covers4car.com\/pl\/wp-json\/wp\/v2\/pages\/20051","targetHints":{"allow":["GET"]}}],"collection":[{"href":"https:\/\/covers4car.com\/pl\/wp-json\/wp\/v2\/pages"}],"about":[{"href":"https:\/\/covers4car.com\/pl\/wp-json\/wp\/v2\/types\/page"}],"author":[{"embeddable":true,"href":"https:\/\/covers4car.com\/pl\/wp-json\/wp\/v2\/users\/1583"}],"replies":[{"embeddable":true,"href":"https:\/\/covers4car.com\/pl\/wp-json\/wp\/v2\/comments?post=20051"}],"version-history":[{"count":0,"href":"https:\/\/covers4car.com\/pl\/wp-json\/wp\/v2\/pages\/20051\/revisions"}],"wp:attachment":[{"href":"https:\/\/covers4car.com\/pl\/wp-json\/wp\/v2\/media?parent=20051"}],"curies":[{"name":"wp","href":"https:\/\/api.w.org\/{rel}","templated":true}]}}