{"id":18190,"date":"2025-06-29T23:24:47","date_gmt":"2025-06-30T06:24:47","guid":{"rendered":"https:\/\/covers4car.com\/?post_type=product&#038;p=18190"},"modified":"2026-03-23T14:41:17","modified_gmt":"2026-03-23T21:41:17","slug":"ice-silk-seat-cushion-for-all-cars-breathable-anti-slip-universal-fit-2","status":"publish","type":"product","link":"https:\/\/covers4car.com\/pl\/produkt\/ice-silk-seat-cushion-for-all-cars-breathable-anti-slip-universal-fit-2\/","title":{"rendered":"Poduszka na siedzenie Ice Silk do wszystkich samochod\u00f3w \u2013 oddychaj\u0105ca i antypo\u015blizgowa, uniwersalna"},"content":{"rendered":"<p>Ciesz si\u0119 ch\u0142odnym komfortem i mi\u0119kkim podparciem dzi\u0119ki tej jedwabistej poduszce na fotel samochodowy, wype\u0142nionej wysokiej jako\u015bci bawe\u0142n\u0105 jedwabn\u0105. Oddychaj\u0105ca powierzchnia, mi\u0119kkie wype\u0142nienie i antypo\u015blizgowa konstrukcja sprawiaj\u0105, \u017ce idealnie nadaje si\u0119 na upa\u0142y i d\u0142ugie podr\u00f3\u017ce. Uniwersalnie pasuje do wi\u0119kszo\u015bci pojazd\u00f3w i mo\u017cna j\u0105 zamontowa\u0107 w kilka minut.<\/p>\n<p><a href=\"https:\/\/covers4car.com\/wp-content\/uploads\/2025\/06\/1.gif\"><img fetchpriority=\"high\" decoding=\"async\" class=\"wd-lazy-fade alignnone wp-image-18636 size-full\" src=\"https:\/\/covers4car.com\/wp-content\/themes\/woodmart\/images\/lazy.svg\" data-src=\"https:\/\/covers4car.com\/wp-content\/uploads\/2025\/06\/1.gif\" alt=\"\" width=\"400\" height=\"400\" \/><\/a><\/p>\n<p><strong>Cechy:<\/strong><\/p>\n<ul>\n<li><strong>Wype\u0142nienie jedwabno-bawe\u0142niane:<\/strong> Wysokiej jako\u015bci bawe\u0142na jedwabna zapewnia mi\u0119kko\u015b\u0107, wytrzyma\u0142o\u015b\u0107 i d\u0142ugotrwa\u0142y komfort.<\/li>\n<li><strong>Powierzchnia lodowego jedwabiu:<\/strong> G\u0142adka, oddychaj\u0105ca tkanina zapewnia ch\u0142\u00f3d i zapobiega poceniu si\u0119 w upalne dni.<\/li>\n<li><strong>Sp\u00f3d antypo\u015blizgowy:<\/strong> Teksturowany sp\u00f3d zapobiega przesuwaniu si\u0119 poduszki i utrzymuje j\u0105 stabilnie na miejscu.<\/li>\n<li><strong>Wbudowana kiesze\u0144 do przechowywania:<\/strong> Boczna kiesze\u0144 do przechowywania telefonu, kluczy lub innych drobnych przedmiot\u00f3w.<\/li>\n<li><strong>\u0141atwy w instalacji:<\/strong> Posiada klamry i haczyki umo\u017cliwiaj\u0105ce szybki i bezpieczny monta\u017c na wi\u0119kszo\u015bci foteli samochodowych.<\/li>\n<\/ul>","protected":false},"excerpt":{"rendered":"<p>Ciesz si\u0119 ch\u0142odnym komfortem i mi\u0119kkim podparciem dzi\u0119ki tej poduszce na fotel samochodowy z lodowego jedwabiu, wype\u0142nionej wysokiej jako\u015bci bawe\u0142n\u0105 jedwabn\u0105. Oddychaj\u0105ca.<\/p>","protected":false},"featured_media":18659,"comment_status":"open","ping_status":"closed","template":"","meta":{"_acf_changed":false,"_monsterinsights_skip_tracking":false,"_monsterinsights_sitenote_active":false,"_monsterinsights_sitenote_note":"","_monsterinsights_sitenote_category":0},"product_brand":[],"product_cat":[22976,22978,23254],"product_tag":[23273,54969],"jet_color":[],"jet_material":[],"jet_coverage":[],"class_list":{"0":"post-18190","1":"product","2":"type-product","3":"status-publish","4":"has-post-thumbnail","6":"product_cat-seat-cushion","7":"product_cat-functional-seat-cushion","8":"product_cat-cooling-ventilation-seat-cushion","9":"product_tag-cooling-seat-cushion","10":"product_tag-fit-universal-fit","12":"first","13":"instock","14":"shipping-taxable","15":"purchasable","16":"product-type-variable","17":"has-default-attributes","18":"wvs-archive-product-wrapper"},"acf":[],"yoast_head":"<!-- This site is optimized with the Yoast SEO Premium plugin v26.4 (Yoast SEO v26.4) - https:\/\/yoast.com\/wordpress\/plugins\/seo\/ -->\n<title>Ice Silk Seat Cushion for All Cars-Breathable &amp; Anti-Slip Universal Fit - Covers4Car<\/title>\n<meta name=\"description\" content=\"Ice Silk Seat Cushion for All Cars-Breathable &amp; Anti-Slip Universal Fit Enjoy cool comfort and soft support with this ice silk car seat cushion filled with premium silk cotton. The breathable surface, plush padding, and\" \/>\n<meta name=\"robots\" content=\"index, follow, max-snippet:-1, max-image-preview:large, max-video-preview:-1\" \/>\n<link rel=\"canonical\" href=\"https:\/\/covers4car.com\/pl\/produkt\/ice-silk-seat-cushion-for-all-cars-breathable-anti-slip-universal-fit-2\/\" \/>\n<meta property=\"og:locale\" content=\"pl_PL\" \/>\n<meta property=\"og:type\" content=\"article\" \/>\n<meta property=\"og:title\" content=\"Ice Silk Seat Cushion for All Cars-Breathable &amp; Anti-Slip Universal Fit\" \/>\n<meta property=\"og:description\" content=\"Ice Silk Seat Cushion for All Cars-Breathable &amp; Anti-Slip Universal Fit Enjoy cool comfort and soft support with this ice silk car seat cushion filled with premium silk cotton. The breathable surface, plush padding, and\" \/>\n<meta property=\"og:url\" content=\"https:\/\/covers4car.com\/pl\/produkt\/ice-silk-seat-cushion-for-all-cars-breathable-anti-slip-universal-fit-2\/\" \/>\n<meta property=\"og:site_name\" content=\"Covers4Car\" \/>\n<meta property=\"article:publisher\" content=\"https:\/\/www.facebook.com\/profile.php?id=61564533557142\" \/>\n<meta property=\"article:modified_time\" content=\"2026-03-23T21:41:17+00:00\" \/>\n<meta property=\"og:image\" content=\"https:\/\/covers4car.com\/wp-content\/uploads\/2025\/06\/13-8.webp\" \/>\n\t<meta property=\"og:image:width\" content=\"800\" \/>\n\t<meta property=\"og:image:height\" content=\"800\" \/>\n\t<meta property=\"og:image:type\" content=\"image\/webp\" \/>\n<meta name=\"twitter:card\" content=\"summary_large_image\" \/>\n<meta name=\"twitter:site\" content=\"@covers4carstore\" \/>\n<meta name=\"twitter:label1\" content=\"Szacowany czas czytania\" \/>\n\t<meta name=\"twitter:data1\" content=\"1 minuta\" \/>\n<script type=\"application\/ld+json\" class=\"yoast-schema-graph\">{\"@context\":\"https:\/\/schema.org\",\"@graph\":[{\"@type\":\"WebPage\",\"@id\":\"https:\/\/covers4car.com\/product\/ice-silk-seat-cushion-for-all-cars-breathable-anti-slip-universal-fit-2\/\",\"url\":\"https:\/\/covers4car.com\/product\/ice-silk-seat-cushion-for-all-cars-breathable-anti-slip-universal-fit-2\/\",\"name\":\"Ice Silk Seat Cushion for All Cars-Breathable & Anti-Slip Universal Fit - Covers4Car\",\"isPartOf\":{\"@id\":\"https:\/\/covers4car.com\/#website\"},\"primaryImageOfPage\":{\"@id\":\"https:\/\/covers4car.com\/product\/ice-silk-seat-cushion-for-all-cars-breathable-anti-slip-universal-fit-2\/#primaryimage\"},\"image\":{\"@id\":\"https:\/\/covers4car.com\/product\/ice-silk-seat-cushion-for-all-cars-breathable-anti-slip-universal-fit-2\/#primaryimage\"},\"thumbnailUrl\":\"https:\/\/covers4car.com\/wp-content\/uploads\/2025\/06\/13-8.webp\",\"datePublished\":\"2025-06-30T06:24:47+00:00\",\"dateModified\":\"2026-03-23T21:41:17+00:00\",\"description\":\"Ice Silk Seat Cushion for All Cars-Breathable & Anti-Slip Universal Fit Enjoy cool comfort and soft support with this ice silk car seat cushion filled with premium silk cotton. The breathable surface, plush padding, and\",\"breadcrumb\":{\"@id\":\"https:\/\/covers4car.com\/product\/ice-silk-seat-cushion-for-all-cars-breathable-anti-slip-universal-fit-2\/#breadcrumb\"},\"inLanguage\":\"pl-PL\",\"potentialAction\":[{\"@type\":\"ReadAction\",\"target\":[\"https:\/\/covers4car.com\/product\/ice-silk-seat-cushion-for-all-cars-breathable-anti-slip-universal-fit-2\/\"]}]},{\"@type\":\"ImageObject\",\"inLanguage\":\"pl-PL\",\"@id\":\"https:\/\/covers4car.com\/product\/ice-silk-seat-cushion-for-all-cars-breathable-anti-slip-universal-fit-2\/#primaryimage\",\"url\":\"https:\/\/covers4car.com\/wp-content\/uploads\/2025\/06\/13-8.webp\",\"contentUrl\":\"https:\/\/covers4car.com\/wp-content\/uploads\/2025\/06\/13-8.webp\",\"width\":800,\"height\":800},{\"@type\":\"BreadcrumbList\",\"@id\":\"https:\/\/covers4car.com\/product\/ice-silk-seat-cushion-for-all-cars-breathable-anti-slip-universal-fit-2\/#breadcrumb\",\"itemListElement\":[{\"@type\":\"ListItem\",\"position\":1,\"name\":\"Home\",\"item\":\"https:\/\/covers4car.com\/\"},{\"@type\":\"ListItem\",\"position\":2,\"name\":\"Shop\",\"item\":\"https:\/\/covers4car.com\/shop\/\"},{\"@type\":\"ListItem\",\"position\":3,\"name\":\"Ice Silk Seat Cushion for All Cars-Breathable &#038; Anti-Slip Universal Fit\"}]},{\"@type\":\"WebSite\",\"@id\":\"https:\/\/covers4car.com\/#website\",\"url\":\"https:\/\/covers4car.com\/\",\"name\":\"Covers4Car\",\"description\":\"Professional Seat Covers Tailored for Your Vehicle\",\"publisher\":{\"@id\":\"https:\/\/covers4car.com\/#organization\"},\"potentialAction\":[{\"@type\":\"SearchAction\",\"target\":{\"@type\":\"EntryPoint\",\"urlTemplate\":\"https:\/\/covers4car.com\/?s={search_term_string}\"},\"query-input\":{\"@type\":\"PropertyValueSpecification\",\"valueRequired\":true,\"valueName\":\"search_term_string\"}}],\"inLanguage\":\"pl-PL\"},{\"@type\":\"Organization\",\"@id\":\"https:\/\/covers4car.com\/#organization\",\"name\":\"Covers4Car\",\"url\":\"https:\/\/covers4car.com\/\",\"logo\":{\"@type\":\"ImageObject\",\"inLanguage\":\"pl-PL\",\"@id\":\"https:\/\/covers4car.com\/#\/schema\/logo\/image\/\",\"url\":\"https:\/\/covers4car.com\/wp-content\/uploads\/2024\/11\/Asset-2@5x-copy.jpg\",\"contentUrl\":\"https:\/\/covers4car.com\/wp-content\/uploads\/2024\/11\/Asset-2@5x-copy.jpg\",\"width\":877,\"height\":877,\"caption\":\"Covers4Car\"},\"image\":{\"@id\":\"https:\/\/covers4car.com\/#\/schema\/logo\/image\/\"},\"sameAs\":[\"https:\/\/www.facebook.com\/profile.php?id=61564533557142\",\"https:\/\/x.com\/covers4carstore\"]}]}<\/script>\n<!-- \/ Yoast SEO Premium plugin. -->","yoast_head_json":{"title":"Poduszka na siedzenie z lodowego jedwabiu do wszystkich samochod\u00f3w \u2013 oddychaj\u0105ca i antypo\u015blizgowa, uniwersalna \u2013 Covers4Car","description":"Poduszka na siedzenie z lodowego jedwabiu do wszystkich samochod\u00f3w \u2013 oddychaj\u0105ca i antypo\u015blizgowa, uniwersalna. Ciesz si\u0119 ch\u0142odnym komfortem i mi\u0119kkim podparciem dzi\u0119ki tej poduszce na siedzenie z lodowego jedwabiu, wype\u0142nionej wysokiej jako\u015bci bawe\u0142n\u0105 jedwabn\u0105. Oddychaj\u0105ca powierzchnia, pluszowe wype\u0142nienie i","robots":{"index":"index","follow":"follow","max-snippet":"max-snippet:-1","max-image-preview":"max-image-preview:large","max-video-preview":"max-video-preview:-1"},"canonical":"https:\/\/covers4car.com\/pl\/produkt\/ice-silk-seat-cushion-for-all-cars-breathable-anti-slip-universal-fit-2\/","og_locale":"pl_PL","og_type":"article","og_title":"Ice Silk Seat Cushion for All Cars-Breathable & Anti-Slip Universal Fit","og_description":"Ice Silk Seat Cushion for All Cars-Breathable & Anti-Slip Universal Fit Enjoy cool comfort and soft support with this ice silk car seat cushion filled with premium silk cotton. The breathable surface, plush padding, and","og_url":"https:\/\/covers4car.com\/pl\/produkt\/ice-silk-seat-cushion-for-all-cars-breathable-anti-slip-universal-fit-2\/","og_site_name":"Covers4Car","article_publisher":"https:\/\/www.facebook.com\/profile.php?id=61564533557142","article_modified_time":"2026-03-23T21:41:17+00:00","og_image":[{"width":800,"height":800,"url":"https:\/\/covers4car.com\/wp-content\/uploads\/2025\/06\/13-8.webp","type":"image\/webp"}],"twitter_card":"summary_large_image","twitter_site":"@covers4carstore","twitter_misc":{"Szacowany czas czytania":"1 minuta"},"schema":{"@context":"https:\/\/schema.org","@graph":[{"@type":"WebPage","@id":"https:\/\/covers4car.com\/product\/ice-silk-seat-cushion-for-all-cars-breathable-anti-slip-universal-fit-2\/","url":"https:\/\/covers4car.com\/product\/ice-silk-seat-cushion-for-all-cars-breathable-anti-slip-universal-fit-2\/","name":"Poduszka na siedzenie z lodowego jedwabiu do wszystkich samochod\u00f3w \u2013 oddychaj\u0105ca i antypo\u015blizgowa, uniwersalna \u2013 Covers4Car","isPartOf":{"@id":"https:\/\/covers4car.com\/#website"},"primaryImageOfPage":{"@id":"https:\/\/covers4car.com\/product\/ice-silk-seat-cushion-for-all-cars-breathable-anti-slip-universal-fit-2\/#primaryimage"},"image":{"@id":"https:\/\/covers4car.com\/product\/ice-silk-seat-cushion-for-all-cars-breathable-anti-slip-universal-fit-2\/#primaryimage"},"thumbnailUrl":"https:\/\/covers4car.com\/wp-content\/uploads\/2025\/06\/13-8.webp","datePublished":"2025-06-30T06:24:47+00:00","dateModified":"2026-03-23T21:41:17+00:00","description":"Poduszka na siedzenie z lodowego jedwabiu do wszystkich samochod\u00f3w \u2013 oddychaj\u0105ca i antypo\u015blizgowa, uniwersalna. Ciesz si\u0119 ch\u0142odnym komfortem i mi\u0119kkim podparciem dzi\u0119ki tej poduszce na siedzenie z lodowego jedwabiu, wype\u0142nionej wysokiej jako\u015bci bawe\u0142n\u0105 jedwabn\u0105. Oddychaj\u0105ca powierzchnia, pluszowe wype\u0142nienie i","breadcrumb":{"@id":"https:\/\/covers4car.com\/product\/ice-silk-seat-cushion-for-all-cars-breathable-anti-slip-universal-fit-2\/#breadcrumb"},"inLanguage":"pl-PL","potentialAction":[{"@type":"ReadAction","target":["https:\/\/covers4car.com\/product\/ice-silk-seat-cushion-for-all-cars-breathable-anti-slip-universal-fit-2\/"]}]},{"@type":"ImageObject","inLanguage":"pl-PL","@id":"https:\/\/covers4car.com\/product\/ice-silk-seat-cushion-for-all-cars-breathable-anti-slip-universal-fit-2\/#primaryimage","url":"https:\/\/covers4car.com\/wp-content\/uploads\/2025\/06\/13-8.webp","contentUrl":"https:\/\/covers4car.com\/wp-content\/uploads\/2025\/06\/13-8.webp","width":800,"height":800},{"@type":"BreadcrumbList","@id":"https:\/\/covers4car.com\/product\/ice-silk-seat-cushion-for-all-cars-breathable-anti-slip-universal-fit-2\/#breadcrumb","itemListElement":[{"@type":"ListItem","position":1,"name":"Home","item":"https:\/\/covers4car.com\/"},{"@type":"ListItem","position":2,"name":"Shop","item":"https:\/\/covers4car.com\/shop\/"},{"@type":"ListItem","position":3,"name":"Ice Silk Seat Cushion for All Cars-Breathable &#038; Anti-Slip Universal Fit"}]},{"@type":"WebSite","@id":"https:\/\/covers4car.com\/#website","url":"https:\/\/covers4car.com\/","name":"Covers4Car","description":"Profesjonalne pokrowce na siedzenia dopasowane do Twojego pojazdu","publisher":{"@id":"https:\/\/covers4car.com\/#organization"},"potentialAction":[{"@type":"SearchAction","target":{"@type":"EntryPoint","urlTemplate":"https:\/\/covers4car.com\/?s={search_term_string}"},"query-input":{"@type":"PropertyValueSpecification","valueRequired":true,"valueName":"search_term_string"}}],"inLanguage":"pl-PL"},{"@type":"Organization","@id":"https:\/\/covers4car.com\/#organization","name":"Covers4Car","url":"https:\/\/covers4car.com\/","logo":{"@type":"ImageObject","inLanguage":"pl-PL","@id":"https:\/\/covers4car.com\/#\/schema\/logo\/image\/","url":"https:\/\/covers4car.com\/wp-content\/uploads\/2024\/11\/Asset-2@5x-copy.jpg","contentUrl":"https:\/\/covers4car.com\/wp-content\/uploads\/2024\/11\/Asset-2@5x-copy.jpg","width":877,"height":877,"caption":"Covers4Car"},"image":{"@id":"https:\/\/covers4car.com\/#\/schema\/logo\/image\/"},"sameAs":["https:\/\/www.facebook.com\/profile.php?id=61564533557142","https:\/\/x.com\/covers4carstore"]}]}},"_links":{"self":[{"href":"https:\/\/covers4car.com\/pl\/wp-json\/wp\/v2\/product\/18190","targetHints":{"allow":["GET"]}}],"collection":[{"href":"https:\/\/covers4car.com\/pl\/wp-json\/wp\/v2\/product"}],"about":[{"href":"https:\/\/covers4car.com\/pl\/wp-json\/wp\/v2\/types\/product"}],"replies":[{"embeddable":true,"href":"https:\/\/covers4car.com\/pl\/wp-json\/wp\/v2\/comments?post=18190"}],"version-history":[{"count":0,"href":"https:\/\/covers4car.com\/pl\/wp-json\/wp\/v2\/product\/18190\/revisions"}],"wp:featuredmedia":[{"embeddable":true,"href":"https:\/\/covers4car.com\/pl\/wp-json\/wp\/v2\/media\/18659"}],"wp:attachment":[{"href":"https:\/\/covers4car.com\/pl\/wp-json\/wp\/v2\/media?parent=18190"}],"wp:term":[{"taxonomy":"product_brand","embeddable":true,"href":"https:\/\/covers4car.com\/pl\/wp-json\/wp\/v2\/product_brand?post=18190"},{"taxonomy":"product_cat","embeddable":true,"href":"https:\/\/covers4car.com\/pl\/wp-json\/wp\/v2\/product_cat?post=18190"},{"taxonomy":"product_tag","embeddable":true,"href":"https:\/\/covers4car.com\/pl\/wp-json\/wp\/v2\/product_tag?post=18190"},{"taxonomy":"jet_color","embeddable":true,"href":"https:\/\/covers4car.com\/pl\/wp-json\/wp\/v2\/jet_color?post=18190"},{"taxonomy":"jet_material","embeddable":true,"href":"https:\/\/covers4car.com\/pl\/wp-json\/wp\/v2\/jet_material?post=18190"},{"taxonomy":"jet_coverage","embeddable":true,"href":"https:\/\/covers4car.com\/pl\/wp-json\/wp\/v2\/jet_coverage?post=18190"}],"curies":[{"name":"wp","href":"https:\/\/api.w.org\/{rel}","templated":true}]}}