{"id":20480,"date":"2025-08-21T02:50:53","date_gmt":"2025-08-21T09:50:53","guid":{"rendered":"https:\/\/covers4car.com\/?post_type=product&#038;p=20480"},"modified":"2026-01-13T00:32:36","modified_gmt":"2026-01-13T08:32:36","slug":"custom-fit-all-inclusive-seat-cover-for-tesla-model-s-2021-2024","status":"publish","type":"product","link":"https:\/\/covers4car.com\/pl\/produkt\/custom-fit-all-inclusive-seat-cover-for-tesla-model-s-2021-2024\/","title":{"rendered":"Pokrowiec na siedzenie All-Inclusive do modeli Tesla Model S 2022-2025+"},"content":{"rendered":"<p>Zmie\u0144 swoje wra\u017cenia z jazdy dzi\u0119ki us\u0142udze Covers4car All-Inclusive <strong>2022-2025+<\/strong>Pokrowiec na siedzenie Model S do modelu Tesla zosta\u0142 starannie wykonany, aby zapewni\u0107 elegancj\u0119 na miar\u0119 fabryczn\u0105, doskona\u0142\u0105 trwa\u0142o\u015b\u0107, kompleksow\u0105 ochron\u0119 i regulowany komfort. Dzi\u0119ki temu Tw\u00f3j model Tesla pozostanie stylowy i wygodny przez wiele lat, zwi\u0119kszaj\u0105c jednocze\u015bnie jego warto\u015b\u0107 odsprzeda\u017cy.<\/p>\n<p><strong data-start=\"472\" data-end=\"492\">Gor\u0105co w sprzeda\u017cy! Pokrowce na siedzenia Tesla Model S 2022-2025+ ciesz\u0105 si\u0119 du\u017cym popytem. Zam\u00f3w!<\/strong> Ju\u017c wkr\u00f3tce zdob\u0119dziesz sw\u00f3j egzemplarz, zanim zapasy si\u0119 wyczerpi\u0105.<\/p>\n<p><strong><span style=\"background-color: #e27a7a;\">Notatka:<\/span> Prosz\u0119 wybra\u0107 kolor podczas sk\u0142adania zam\u00f3wienia, a nast\u0119pnie przes\u0142a\u0107 zdj\u0119cie fotelika samochodowego na adres e-mail support@covers4car.com lub zostawi\u0107 notatk\u0119 podczas sk\u0142adania zam\u00f3wienia. Poniewa\u017c ka\u017cdy pokrowiec na siedzenie w tym modelu jest personalizowany, nale\u017cy sprawdzi\u0107 zdj\u0119cia wn\u0119trza fotela, aby\u015bmy mogli pom\u00f3c Ci dopasowa\u0107 pokrowiec do stylu Twojego wn\u0119trza.<\/strong><\/p>\n<p><span style=\"color: #080808;\"><strong>W przypadku produkt\u00f3w na zam\u00f3wienie, po przes\u0142aniu zdj\u0119\u0107 siedze\u0144, produkcja rozpocznie si\u0119 natychmiast. Na tym etapie anulowanie zam\u00f3wienia nie b\u0119dzie ju\u017c mo\u017cliwe. Upewnij si\u0119, \u017ce wszystkie dane s\u0105 poprawne przed z\u0142o\u017ceniem zam\u00f3wienia.<\/strong><\/span><\/p>\n<p><a href=\"https:\/\/covers4car.com\/wp-content\/uploads\/2025\/08\/B-2.webp\"><img fetchpriority=\"high\" decoding=\"async\" class=\"wd-lazy-fade alignnone size-full wp-image-21200\" src=\"https:\/\/covers4car.com\/wp-content\/themes\/woodmart\/images\/lazy.svg\" data-src=\"https:\/\/covers4car.com\/wp-content\/uploads\/2025\/08\/B-2.webp\" alt=\"\" width=\"1000\" height=\"1000\" srcset=\"\" data-srcset=\"https:\/\/covers4car.com\/wp-content\/uploads\/2025\/08\/B-2.webp 1000w, https:\/\/covers4car.com\/wp-content\/uploads\/2025\/08\/B-2-300x300.webp 300w, https:\/\/covers4car.com\/wp-content\/uploads\/2025\/08\/B-2-150x150.webp 150w, https:\/\/covers4car.com\/wp-content\/uploads\/2025\/08\/B-2-768x768.webp 768w, https:\/\/covers4car.com\/wp-content\/uploads\/2025\/08\/B-2-12x12.webp 12w, https:\/\/covers4car.com\/wp-content\/uploads\/2025\/08\/B-2-600x600.webp 600w, https:\/\/covers4car.com\/wp-content\/uploads\/2025\/08\/B-2-148x148.webp 148w, https:\/\/covers4car.com\/wp-content\/uploads\/2025\/08\/B-2-50x50.webp 50w, https:\/\/covers4car.com\/wp-content\/uploads\/2025\/08\/B-2-100x100.webp 100w\" sizes=\"(max-width: 1000px) 100vw, 1000px\" \/><\/a><\/p>\n<ul>\n<li><span style=\"background-color: #d77777;\"><strong>Dopasowanie: 2022-2025+ Model S<\/strong><\/span><\/li>\n<li><span style=\"color: #ff2a00;\"><strong>Uwaga: <span style=\"color: #f42c05;\">ca\u0142y zestaw jest <\/span><\/strong><\/span><span style=\"color: #f42c05;\"><strong>bez pokrowca na pod\u0142okietnik (nie wp\u0142ynie to jednak na og\u00f3lny efekt ani kompatybilno\u015b\u0107).<\/strong><\/span><\/li>\n<li>Idealne dopasowanie w stylu fabrycznym: Zaprojektowane tak, aby pasowa\u0142y do luksusowego wygl\u0105du fabrycznych foteli Tesla, zapewniaj\u0105c idealne dopasowanie i walory estetyczne. <strong>Zdj\u0119cia wn\u0119trza Model S b\u0119d\u0105 wymagane, aby zachowa\u0107 sp\u00f3jno\u015b\u0107 wn\u0119trza Model S<\/strong><\/li>\n<\/ul>\n<p><img decoding=\"async\" class=\"wd-lazy-fade alignnone wp-image-10073\" src=\"https:\/\/covers4car.com\/wp-content\/themes\/woodmart\/images\/lazy.svg\" data-src=\"https:\/\/covers4car.com\/wp-content\/uploads\/2024\/11\/10001-15-1.jpg\" alt=\"\" width=\"750\" height=\"464\" srcset=\"\" data-srcset=\"https:\/\/covers4car.com\/wp-content\/uploads\/2024\/11\/10001-15-1.jpg 970w, https:\/\/covers4car.com\/wp-content\/uploads\/2024\/11\/10001-15-1-148x92.jpg 148w, https:\/\/covers4car.com\/wp-content\/uploads\/2024\/11\/10001-15-1-300x186.jpg 300w, https:\/\/covers4car.com\/wp-content\/uploads\/2024\/11\/10001-15-1-768x475.jpg 768w\" sizes=\"(max-width: 750px) 100vw, 750px\" \/><img decoding=\"async\" class=\"wd-lazy-fade alignnone size-full wp-image-10074\" src=\"https:\/\/covers4car.com\/wp-content\/themes\/woodmart\/images\/lazy.svg\" data-src=\"https:\/\/covers4car.com\/wp-content\/uploads\/2024\/11\/10003-1.jpg\" alt=\"\" width=\"750\" height=\"1002\" srcset=\"\" data-srcset=\"https:\/\/covers4car.com\/wp-content\/uploads\/2024\/11\/10003-1.jpg 750w, https:\/\/covers4car.com\/wp-content\/uploads\/2024\/11\/10003-1-148x198.jpg 148w, https:\/\/covers4car.com\/wp-content\/uploads\/2024\/11\/10003-1-225x300.jpg 225w\" sizes=\"(max-width: 750px) 100vw, 750px\" \/><\/p>\n<ul>\n<li>Wi\u0119ksza trwa\u0142o\u015b\u0107: Wykonane z trwa\u0142ych materia\u0142\u00f3w o g\u0142adkiej, oddychaj\u0105cej powierzchni, kt\u00f3ra jest \u0142atwa do czyszczenia i zapewnia komfort bez wzgl\u0119du na por\u0119 roku.<\/li>\n<\/ul>\n<p><a href=\"https:\/\/covers4car.com\/wp-content\/uploads\/2025\/08\/10002-1.webp\"><img loading=\"lazy\" decoding=\"async\" class=\"wd-lazy-fade alignnone size-full wp-image-22176\" src=\"https:\/\/covers4car.com\/wp-content\/themes\/woodmart\/images\/lazy.svg\" data-src=\"https:\/\/covers4car.com\/wp-content\/uploads\/2025\/08\/10002-1.webp\" alt=\"\" width=\"1000\" height=\"1000\" srcset=\"\" data-srcset=\"https:\/\/covers4car.com\/wp-content\/uploads\/2025\/08\/10002-1.webp 1000w, https:\/\/covers4car.com\/wp-content\/uploads\/2025\/08\/10002-1-300x300.webp 300w, https:\/\/covers4car.com\/wp-content\/uploads\/2025\/08\/10002-1-150x150.webp 150w, https:\/\/covers4car.com\/wp-content\/uploads\/2025\/08\/10002-1-768x768.webp 768w, https:\/\/covers4car.com\/wp-content\/uploads\/2025\/08\/10002-1-12x12.webp 12w, https:\/\/covers4car.com\/wp-content\/uploads\/2025\/08\/10002-1-600x600.webp 600w, https:\/\/covers4car.com\/wp-content\/uploads\/2025\/08\/10002-1-148x148.webp 148w, https:\/\/covers4car.com\/wp-content\/uploads\/2025\/08\/10002-1-50x50.webp 50w, https:\/\/covers4car.com\/wp-content\/uploads\/2025\/08\/10002-1-100x100.webp 100w\" sizes=\"(max-width: 1000px) 100vw, 1000px\" \/><\/a><\/p>\n<ul>\n<li>Bezpiecze\u0144stwo podczas jazdy: Posiada zarezerwowane otwory na poduszki powietrzne, co zapewnia wi\u0119ksze bezpiecze\u0144stwo i spok\u00f3j ducha.<\/li>\n<\/ul>\n<p><a href=\"https:\/\/covers4car.com\/wp-content\/uploads\/2025\/08\/5-9.webp\"><img loading=\"lazy\" decoding=\"async\" class=\"wd-lazy-fade alignnone size-full wp-image-22175\" src=\"https:\/\/covers4car.com\/wp-content\/themes\/woodmart\/images\/lazy.svg\" data-src=\"https:\/\/covers4car.com\/wp-content\/uploads\/2025\/08\/5-9.webp\" alt=\"\" width=\"1000\" height=\"1000\" srcset=\"\" data-srcset=\"https:\/\/covers4car.com\/wp-content\/uploads\/2025\/08\/5-9.webp 1000w, https:\/\/covers4car.com\/wp-content\/uploads\/2025\/08\/5-9-300x300.webp 300w, https:\/\/covers4car.com\/wp-content\/uploads\/2025\/08\/5-9-150x150.webp 150w, https:\/\/covers4car.com\/wp-content\/uploads\/2025\/08\/5-9-768x768.webp 768w, https:\/\/covers4car.com\/wp-content\/uploads\/2025\/08\/5-9-12x12.webp 12w, https:\/\/covers4car.com\/wp-content\/uploads\/2025\/08\/5-9-600x600.webp 600w, https:\/\/covers4car.com\/wp-content\/uploads\/2025\/08\/5-9-148x148.webp 148w, https:\/\/covers4car.com\/wp-content\/uploads\/2025\/08\/5-9-50x50.webp 50w, https:\/\/covers4car.com\/wp-content\/uploads\/2025\/08\/5-9-100x100.webp 100w\" sizes=\"(max-width: 1000px) 100vw, 1000px\" \/><\/a><\/p>\n<ul>\n<li>Kompleksowa ochrona: Zapewnia 360\u00b0 ochron\u0119, aby chroni\u0107 siedzenia Tesla Model S przed brudem, plamami, otarciami i zu\u017cyciem spowodowanym przez zwierz\u0119ta domowe lub dzieci, dzi\u0119ki czemu pozostaj\u0105 nieskazitelne. B\u0142otniste odciski \u0142ap zwierz\u0105t domowych, rozlane napoje dzieci mo\u017cna szybko zetrze\u0107 r\u0119cznikiem, dzi\u0119ki czemu siedzenia wygl\u0105daj\u0105 jak nowe.<\/li>\n<\/ul>\n<p><img loading=\"lazy\" decoding=\"async\" class=\"wd-lazy-fade alignnone size-full wp-image-10048\" src=\"https:\/\/covers4car.com\/wp-content\/themes\/woodmart\/images\/lazy.svg\" data-src=\"https:\/\/covers4car.com\/wp-content\/uploads\/2024\/11\/A4_a7f33a7e-b5d8-4877-b302-171eb64df151.jpg\" alt=\"\" width=\"750\" height=\"463\" srcset=\"\" data-srcset=\"https:\/\/covers4car.com\/wp-content\/uploads\/2024\/11\/A4_a7f33a7e-b5d8-4877-b302-171eb64df151.jpg 750w, https:\/\/covers4car.com\/wp-content\/uploads\/2024\/11\/A4_a7f33a7e-b5d8-4877-b302-171eb64df151-148x91.jpg 148w, https:\/\/covers4car.com\/wp-content\/uploads\/2024\/11\/A4_a7f33a7e-b5d8-4877-b302-171eb64df151-300x185.jpg 300w\" sizes=\"(max-width: 750px) 100vw, 750px\" \/><\/p>\n<ul>\n<li>Trwa\u0142o\u015b\u0107 i warto\u015b\u0107 odsprzeda\u017cy: wyd\u0142u\u017ca \u017cywotno\u015b\u0107 foteli Tesla o 5-6 lat, zabezpieczaj\u0105c je przed uszkodzeniami i zachowuj\u0105c potencja\u0142 odsprzeda\u017cy pojazdu.<br \/>\n<a href=\"https:\/\/covers4car.com\/wp-content\/uploads\/2025\/08\/4-9.webp\"><img loading=\"lazy\" decoding=\"async\" class=\"wd-lazy-fade alignnone size-full wp-image-22174\" src=\"https:\/\/covers4car.com\/wp-content\/themes\/woodmart\/images\/lazy.svg\" data-src=\"https:\/\/covers4car.com\/wp-content\/uploads\/2025\/08\/4-9.webp\" alt=\"\" width=\"1000\" height=\"1000\" srcset=\"\" data-srcset=\"https:\/\/covers4car.com\/wp-content\/uploads\/2025\/08\/4-9.webp 1000w, https:\/\/covers4car.com\/wp-content\/uploads\/2025\/08\/4-9-300x300.webp 300w, https:\/\/covers4car.com\/wp-content\/uploads\/2025\/08\/4-9-150x150.webp 150w, https:\/\/covers4car.com\/wp-content\/uploads\/2025\/08\/4-9-768x768.webp 768w, https:\/\/covers4car.com\/wp-content\/uploads\/2025\/08\/4-9-12x12.webp 12w, https:\/\/covers4car.com\/wp-content\/uploads\/2025\/08\/4-9-600x600.webp 600w, https:\/\/covers4car.com\/wp-content\/uploads\/2025\/08\/4-9-148x148.webp 148w, https:\/\/covers4car.com\/wp-content\/uploads\/2025\/08\/4-9-50x50.webp 50w, https:\/\/covers4car.com\/wp-content\/uploads\/2025\/08\/4-9-100x100.webp 100w\" sizes=\"(max-width: 1000px) 100vw, 1000px\" \/><\/a><\/li>\n<\/ul>\n<p><img loading=\"lazy\" decoding=\"async\" class=\"wd-lazy-fade alignnone size-full wp-image-10050\" src=\"https:\/\/covers4car.com\/wp-content\/themes\/woodmart\/images\/lazy.svg\" data-src=\"https:\/\/covers4car.com\/wp-content\/uploads\/2024\/11\/B6_dd615875-ce16-4f9a-a1c1-f298f3c03383.jpg\" alt=\"\" width=\"750\" height=\"463\" srcset=\"\" data-srcset=\"https:\/\/covers4car.com\/wp-content\/uploads\/2024\/11\/B6_dd615875-ce16-4f9a-a1c1-f298f3c03383.jpg 750w, https:\/\/covers4car.com\/wp-content\/uploads\/2024\/11\/B6_dd615875-ce16-4f9a-a1c1-f298f3c03383-148x91.jpg 148w, https:\/\/covers4car.com\/wp-content\/uploads\/2024\/11\/B6_dd615875-ce16-4f9a-a1c1-f298f3c03383-300x185.jpg 300w\" sizes=\"(max-width: 750px) 100vw, 750px\" \/><\/p>\n<ul>\n<li>R\u00f3\u017cne kolory: Dost\u0119pne w wielu kolorach z mo\u017cliwo\u015bci\u0105 dwutonowych kombinacji kolorystycznych, co pozwala na personalizacj\u0119 wn\u0119trza urz\u0105dzenia Model S.<\/li>\n<\/ul>\n<p><img loading=\"lazy\" decoding=\"async\" class=\"wd-lazy-fade alignnone wp-image-10065\" src=\"https:\/\/covers4car.com\/wp-content\/themes\/woodmart\/images\/lazy.svg\" data-src=\"https:\/\/covers4car.com\/wp-content\/uploads\/2024\/11\/10001-2.jpg\" alt=\"\" width=\"750\" height=\"750\" srcset=\"\" data-srcset=\"https:\/\/covers4car.com\/wp-content\/uploads\/2024\/11\/10001-2.jpg 800w, https:\/\/covers4car.com\/wp-content\/uploads\/2024\/11\/10001-2-600x600.jpg 600w, https:\/\/covers4car.com\/wp-content\/uploads\/2024\/11\/10001-2-148x148.jpg 148w, https:\/\/covers4car.com\/wp-content\/uploads\/2024\/11\/10001-2-300x300.jpg 300w, https:\/\/covers4car.com\/wp-content\/uploads\/2024\/11\/10001-2-150x150.jpg 150w, https:\/\/covers4car.com\/wp-content\/uploads\/2024\/11\/10001-2-768x768.jpg 768w\" sizes=\"(max-width: 750px) 100vw, 750px\" \/><img loading=\"lazy\" decoding=\"async\" class=\"wd-lazy-fade alignnone wp-image-10068\" src=\"https:\/\/covers4car.com\/wp-content\/themes\/woodmart\/images\/lazy.svg\" data-src=\"https:\/\/covers4car.com\/wp-content\/uploads\/2024\/11\/10004.jpg\" alt=\"\" width=\"750\" height=\"750\" srcset=\"\" data-srcset=\"https:\/\/covers4car.com\/wp-content\/uploads\/2024\/11\/10004.jpg 800w, https:\/\/covers4car.com\/wp-content\/uploads\/2024\/11\/10004-600x600.jpg 600w, https:\/\/covers4car.com\/wp-content\/uploads\/2024\/11\/10004-148x148.jpg 148w, https:\/\/covers4car.com\/wp-content\/uploads\/2024\/11\/10004-300x300.jpg 300w, https:\/\/covers4car.com\/wp-content\/uploads\/2024\/11\/10004-150x150.jpg 150w, https:\/\/covers4car.com\/wp-content\/uploads\/2024\/11\/10004-768x768.jpg 768w\" sizes=\"(max-width: 750px) 100vw, 750px\" \/><br \/>\n<iframe title=\"Odtwarzacz wideo YouTube\" src=\"https:\/\/www.youtube.com\/embed\/mHfcbLZHCb4?si=CRy_rU7-WvIRHeDg\" width=\"560\" height=\"315\" frameborder=\"0\" allowfullscreen=\"allowfullscreen\"><\/iframe><\/p>","protected":false},"excerpt":{"rendered":"<p>Zmie\u0144 swoje wra\u017cenia z jazdy dzi\u0119ki pokrowcowi na siedzenia Covers4car All-Inclusive 2022-2025+Model S do modelu Tesla, starannie wykonanemu, aby zapewni\u0107 elegancj\u0119 w stylu fabrycznym, najwy\u017csz\u0105 jako\u015b\u0107<\/p>","protected":false},"featured_media":22232,"comment_status":"open","ping_status":"closed","template":"","meta":{"_acf_changed":false,"_monsterinsights_skip_tracking":false,"_monsterinsights_sitenote_active":false,"_monsterinsights_sitenote_note":"","_monsterinsights_sitenote_category":0},"product_brand":[],"product_cat":[124,87,22973],"product_tag":[55008],"jet_color":[],"jet_material":[],"jet_coverage":[],"class_list":{"0":"post-20480","1":"product","2":"type-product","3":"status-publish","4":"has-post-thumbnail","6":"product_cat-seat-cover","7":"product_cat-seat-cover-for-tesla","8":"product_cat-seat-cover-for-tesla-model-s","9":"product_tag-fit-model-s","11":"first","12":"instock","13":"shipping-taxable","14":"purchasable","15":"product-type-variable","16":"has-default-attributes","17":"wvs-archive-product-wrapper"},"acf":[],"yoast_head":"<!-- This site is optimized with the Yoast SEO Premium plugin v26.4 (Yoast SEO v26.4) - https:\/\/yoast.com\/wordpress\/plugins\/seo\/ -->\n<title>All-Inclusive Seat Cover for Tesla Model S 2021-2024<\/title>\n<meta name=\"description\" content=\"Protect your interior with our durable Tesla Model S Seat Cover 2021-2024. Ensure your Tesla stays stylish and comfortable for years. Check it out!\" \/>\n<meta name=\"robots\" content=\"index, follow, max-snippet:-1, max-image-preview:large, max-video-preview:-1\" \/>\n<link rel=\"canonical\" href=\"https:\/\/covers4car.com\/pl\/produkt\/custom-fit-all-inclusive-seat-cover-for-tesla-model-s-2021-2024\/\" \/>\n<meta property=\"og:locale\" content=\"pl_PL\" \/>\n<meta property=\"og:type\" content=\"article\" \/>\n<meta property=\"og:title\" content=\"All-Inclusive Seat Cover for Tesla Model S 2022-2025+\" \/>\n<meta property=\"og:description\" content=\"Protect your interior with our durable Tesla Model S Seat Cover 2021-2024. Ensure your Tesla stays stylish and comfortable for years. Check it out!\" \/>\n<meta property=\"og:url\" content=\"https:\/\/covers4car.com\/pl\/produkt\/custom-fit-all-inclusive-seat-cover-for-tesla-model-s-2021-2024\/\" \/>\n<meta property=\"og:site_name\" content=\"Covers4Car\" \/>\n<meta property=\"article:publisher\" content=\"https:\/\/www.facebook.com\/profile.php?id=61564533557142\" \/>\n<meta property=\"article:modified_time\" content=\"2026-01-13T08:32:36+00:00\" \/>\n<meta property=\"og:image\" content=\"https:\/\/covers4car.com\/wp-content\/uploads\/2025\/08\/1-1-8.webp\" \/>\n\t<meta property=\"og:image:width\" content=\"1000\" \/>\n\t<meta property=\"og:image:height\" content=\"1000\" \/>\n\t<meta property=\"og:image:type\" content=\"image\/webp\" \/>\n<meta name=\"twitter:card\" content=\"summary_large_image\" \/>\n<meta name=\"twitter:site\" content=\"@covers4carstore\" \/>\n<meta name=\"twitter:label1\" content=\"Szacowany czas czytania\" \/>\n\t<meta name=\"twitter:data1\" content=\"4 minuty\" \/>\n<script type=\"application\/ld+json\" class=\"yoast-schema-graph\">{\"@context\":\"https:\/\/schema.org\",\"@graph\":[{\"@type\":\"WebPage\",\"@id\":\"https:\/\/covers4car.com\/product\/custom-fit-all-inclusive-seat-cover-for-tesla-model-s-2021-2024\/\",\"url\":\"https:\/\/covers4car.com\/product\/custom-fit-all-inclusive-seat-cover-for-tesla-model-s-2021-2024\/\",\"name\":\"All-Inclusive Seat Cover for Tesla Model S 2021-2024\",\"isPartOf\":{\"@id\":\"https:\/\/covers4car.com\/#website\"},\"primaryImageOfPage\":{\"@id\":\"https:\/\/covers4car.com\/product\/custom-fit-all-inclusive-seat-cover-for-tesla-model-s-2021-2024\/#primaryimage\"},\"image\":{\"@id\":\"https:\/\/covers4car.com\/product\/custom-fit-all-inclusive-seat-cover-for-tesla-model-s-2021-2024\/#primaryimage\"},\"thumbnailUrl\":\"https:\/\/covers4car.com\/wp-content\/uploads\/2025\/08\/1-1-8.webp\",\"datePublished\":\"2025-08-21T09:50:53+00:00\",\"dateModified\":\"2026-01-13T08:32:36+00:00\",\"description\":\"Protect your interior with our durable Tesla Model S Seat Cover 2021-2024. Ensure your Tesla stays stylish and comfortable for years. Check it out!\",\"breadcrumb\":{\"@id\":\"https:\/\/covers4car.com\/product\/custom-fit-all-inclusive-seat-cover-for-tesla-model-s-2021-2024\/#breadcrumb\"},\"inLanguage\":\"pl-PL\",\"potentialAction\":[{\"@type\":\"ReadAction\",\"target\":[\"https:\/\/covers4car.com\/product\/custom-fit-all-inclusive-seat-cover-for-tesla-model-s-2021-2024\/\"]}]},{\"@type\":\"ImageObject\",\"inLanguage\":\"pl-PL\",\"@id\":\"https:\/\/covers4car.com\/product\/custom-fit-all-inclusive-seat-cover-for-tesla-model-s-2021-2024\/#primaryimage\",\"url\":\"https:\/\/covers4car.com\/wp-content\/uploads\/2025\/08\/1-1-8.webp\",\"contentUrl\":\"https:\/\/covers4car.com\/wp-content\/uploads\/2025\/08\/1-1-8.webp\",\"width\":1000,\"height\":1000},{\"@type\":\"BreadcrumbList\",\"@id\":\"https:\/\/covers4car.com\/product\/custom-fit-all-inclusive-seat-cover-for-tesla-model-s-2021-2024\/#breadcrumb\",\"itemListElement\":[{\"@type\":\"ListItem\",\"position\":1,\"name\":\"Home\",\"item\":\"https:\/\/covers4car.com\/\"},{\"@type\":\"ListItem\",\"position\":2,\"name\":\"Shop\",\"item\":\"https:\/\/covers4car.com\/shop\/\"},{\"@type\":\"ListItem\",\"position\":3,\"name\":\"All-Inclusive Seat Cover for Tesla Model S 2022-2025+\"}]},{\"@type\":\"WebSite\",\"@id\":\"https:\/\/covers4car.com\/#website\",\"url\":\"https:\/\/covers4car.com\/\",\"name\":\"Covers4Car\",\"description\":\"Professional Seat Covers Tailored for Your Vehicle\",\"publisher\":{\"@id\":\"https:\/\/covers4car.com\/#organization\"},\"potentialAction\":[{\"@type\":\"SearchAction\",\"target\":{\"@type\":\"EntryPoint\",\"urlTemplate\":\"https:\/\/covers4car.com\/?s={search_term_string}\"},\"query-input\":{\"@type\":\"PropertyValueSpecification\",\"valueRequired\":true,\"valueName\":\"search_term_string\"}}],\"inLanguage\":\"pl-PL\"},{\"@type\":\"Organization\",\"@id\":\"https:\/\/covers4car.com\/#organization\",\"name\":\"Covers4Car\",\"url\":\"https:\/\/covers4car.com\/\",\"logo\":{\"@type\":\"ImageObject\",\"inLanguage\":\"pl-PL\",\"@id\":\"https:\/\/covers4car.com\/#\/schema\/logo\/image\/\",\"url\":\"https:\/\/covers4car.com\/wp-content\/uploads\/2024\/11\/Asset-2@5x-copy.jpg\",\"contentUrl\":\"https:\/\/covers4car.com\/wp-content\/uploads\/2024\/11\/Asset-2@5x-copy.jpg\",\"width\":877,\"height\":877,\"caption\":\"Covers4Car\"},\"image\":{\"@id\":\"https:\/\/covers4car.com\/#\/schema\/logo\/image\/\"},\"sameAs\":[\"https:\/\/www.facebook.com\/profile.php?id=61564533557142\",\"https:\/\/x.com\/covers4carstore\"]}]}<\/script>\n<!-- \/ Yoast SEO Premium plugin. -->","yoast_head_json":{"title":"Pokrowiec na siedzenie All-Inclusive do modeli Tesla Model S 2021-2024","description":"Chro\u0144 swoje wn\u0119trze dzi\u0119ki naszemu wytrzyma\u0142emu pokrowcowi na siedzenia Tesla Model S na lata 2021-2024. Zadbaj o to, aby Tw\u00f3j Tesla pozosta\u0142 stylowy i wygodny przez lata. Sprawd\u017a!","robots":{"index":"index","follow":"follow","max-snippet":"max-snippet:-1","max-image-preview":"max-image-preview:large","max-video-preview":"max-video-preview:-1"},"canonical":"https:\/\/covers4car.com\/pl\/produkt\/custom-fit-all-inclusive-seat-cover-for-tesla-model-s-2021-2024\/","og_locale":"pl_PL","og_type":"article","og_title":"All-Inclusive Seat Cover for Tesla Model S 2022-2025+","og_description":"Protect your interior with our durable Tesla Model S Seat Cover 2021-2024. Ensure your Tesla stays stylish and comfortable for years. Check it out!","og_url":"https:\/\/covers4car.com\/pl\/produkt\/custom-fit-all-inclusive-seat-cover-for-tesla-model-s-2021-2024\/","og_site_name":"Covers4Car","article_publisher":"https:\/\/www.facebook.com\/profile.php?id=61564533557142","article_modified_time":"2026-01-13T08:32:36+00:00","og_image":[{"width":1000,"height":1000,"url":"https:\/\/covers4car.com\/wp-content\/uploads\/2025\/08\/1-1-8.webp","type":"image\/webp"}],"twitter_card":"summary_large_image","twitter_site":"@covers4carstore","twitter_misc":{"Szacowany czas czytania":"4 minuty"},"schema":{"@context":"https:\/\/schema.org","@graph":[{"@type":"WebPage","@id":"https:\/\/covers4car.com\/product\/custom-fit-all-inclusive-seat-cover-for-tesla-model-s-2021-2024\/","url":"https:\/\/covers4car.com\/product\/custom-fit-all-inclusive-seat-cover-for-tesla-model-s-2021-2024\/","name":"Pokrowiec na siedzenie All-Inclusive do modeli Tesla Model S 2021-2024","isPartOf":{"@id":"https:\/\/covers4car.com\/#website"},"primaryImageOfPage":{"@id":"https:\/\/covers4car.com\/product\/custom-fit-all-inclusive-seat-cover-for-tesla-model-s-2021-2024\/#primaryimage"},"image":{"@id":"https:\/\/covers4car.com\/product\/custom-fit-all-inclusive-seat-cover-for-tesla-model-s-2021-2024\/#primaryimage"},"thumbnailUrl":"https:\/\/covers4car.com\/wp-content\/uploads\/2025\/08\/1-1-8.webp","datePublished":"2025-08-21T09:50:53+00:00","dateModified":"2026-01-13T08:32:36+00:00","description":"Chro\u0144 swoje wn\u0119trze dzi\u0119ki naszemu wytrzyma\u0142emu pokrowcowi na siedzenia Tesla Model S na lata 2021-2024. Zadbaj o to, aby Tw\u00f3j Tesla pozosta\u0142 stylowy i wygodny przez lata. Sprawd\u017a!","breadcrumb":{"@id":"https:\/\/covers4car.com\/product\/custom-fit-all-inclusive-seat-cover-for-tesla-model-s-2021-2024\/#breadcrumb"},"inLanguage":"pl-PL","potentialAction":[{"@type":"ReadAction","target":["https:\/\/covers4car.com\/product\/custom-fit-all-inclusive-seat-cover-for-tesla-model-s-2021-2024\/"]}]},{"@type":"ImageObject","inLanguage":"pl-PL","@id":"https:\/\/covers4car.com\/product\/custom-fit-all-inclusive-seat-cover-for-tesla-model-s-2021-2024\/#primaryimage","url":"https:\/\/covers4car.com\/wp-content\/uploads\/2025\/08\/1-1-8.webp","contentUrl":"https:\/\/covers4car.com\/wp-content\/uploads\/2025\/08\/1-1-8.webp","width":1000,"height":1000},{"@type":"BreadcrumbList","@id":"https:\/\/covers4car.com\/product\/custom-fit-all-inclusive-seat-cover-for-tesla-model-s-2021-2024\/#breadcrumb","itemListElement":[{"@type":"ListItem","position":1,"name":"Home","item":"https:\/\/covers4car.com\/"},{"@type":"ListItem","position":2,"name":"Shop","item":"https:\/\/covers4car.com\/shop\/"},{"@type":"ListItem","position":3,"name":"All-Inclusive Seat Cover for Tesla Model S 2022-2025+"}]},{"@type":"WebSite","@id":"https:\/\/covers4car.com\/#website","url":"https:\/\/covers4car.com\/","name":"Covers4Car","description":"Profesjonalne pokrowce na siedzenia dopasowane do Twojego pojazdu","publisher":{"@id":"https:\/\/covers4car.com\/#organization"},"potentialAction":[{"@type":"SearchAction","target":{"@type":"EntryPoint","urlTemplate":"https:\/\/covers4car.com\/?s={search_term_string}"},"query-input":{"@type":"PropertyValueSpecification","valueRequired":true,"valueName":"search_term_string"}}],"inLanguage":"pl-PL"},{"@type":"Organization","@id":"https:\/\/covers4car.com\/#organization","name":"Covers4Car","url":"https:\/\/covers4car.com\/","logo":{"@type":"ImageObject","inLanguage":"pl-PL","@id":"https:\/\/covers4car.com\/#\/schema\/logo\/image\/","url":"https:\/\/covers4car.com\/wp-content\/uploads\/2024\/11\/Asset-2@5x-copy.jpg","contentUrl":"https:\/\/covers4car.com\/wp-content\/uploads\/2024\/11\/Asset-2@5x-copy.jpg","width":877,"height":877,"caption":"Covers4Car"},"image":{"@id":"https:\/\/covers4car.com\/#\/schema\/logo\/image\/"},"sameAs":["https:\/\/www.facebook.com\/profile.php?id=61564533557142","https:\/\/x.com\/covers4carstore"]}]}},"_links":{"self":[{"href":"https:\/\/covers4car.com\/pl\/wp-json\/wp\/v2\/product\/20480","targetHints":{"allow":["GET"]}}],"collection":[{"href":"https:\/\/covers4car.com\/pl\/wp-json\/wp\/v2\/product"}],"about":[{"href":"https:\/\/covers4car.com\/pl\/wp-json\/wp\/v2\/types\/product"}],"replies":[{"embeddable":true,"href":"https:\/\/covers4car.com\/pl\/wp-json\/wp\/v2\/comments?post=20480"}],"version-history":[{"count":0,"href":"https:\/\/covers4car.com\/pl\/wp-json\/wp\/v2\/product\/20480\/revisions"}],"wp:featuredmedia":[{"embeddable":true,"href":"https:\/\/covers4car.com\/pl\/wp-json\/wp\/v2\/media\/22232"}],"wp:attachment":[{"href":"https:\/\/covers4car.com\/pl\/wp-json\/wp\/v2\/media?parent=20480"}],"wp:term":[{"taxonomy":"product_brand","embeddable":true,"href":"https:\/\/covers4car.com\/pl\/wp-json\/wp\/v2\/product_brand?post=20480"},{"taxonomy":"product_cat","embeddable":true,"href":"https:\/\/covers4car.com\/pl\/wp-json\/wp\/v2\/product_cat?post=20480"},{"taxonomy":"product_tag","embeddable":true,"href":"https:\/\/covers4car.com\/pl\/wp-json\/wp\/v2\/product_tag?post=20480"},{"taxonomy":"jet_color","embeddable":true,"href":"https:\/\/covers4car.com\/pl\/wp-json\/wp\/v2\/jet_color?post=20480"},{"taxonomy":"jet_material","embeddable":true,"href":"https:\/\/covers4car.com\/pl\/wp-json\/wp\/v2\/jet_material?post=20480"},{"taxonomy":"jet_coverage","embeddable":true,"href":"https:\/\/covers4car.com\/pl\/wp-json\/wp\/v2\/jet_coverage?post=20480"}],"curies":[{"name":"wp","href":"https:\/\/api.w.org\/{rel}","templated":true}]}}