{"id":20719,"date":"2025-08-21T22:10:34","date_gmt":"2025-08-22T05:10:34","guid":{"rendered":"https:\/\/covers4car.com\/?post_type=product&#038;p=20719"},"modified":"2026-05-14T06:25:32","modified_gmt":"2026-05-14T13:25:32","slug":"custom-fit-all-inclusive-seat-cover-for-new-tesla-model-y-juniper-2025","status":"publish","type":"product","link":"https:\/\/covers4car.com\/pl\/produkt\/custom-fit-all-inclusive-seat-cover-for-new-tesla-model-y-juniper-2025\/","title":{"rendered":"Dopasowany, kompleksowy pokrowiec na siedzenie do nowego modelu Tesla Model Y Juniper 2025+"},"content":{"rendered":"<p><iframe title=\"Odtwarzacz wideo YouTube\" src=\"https:\/\/www.youtube.com\/embed\/2zIkTJwJjxE?si=igJaLYkMUs6DF0UJ\" width=\"560\" height=\"315\" frameborder=\"0\" allowfullscreen=\"allowfullscreen\"><\/iframe><br \/>\nUlepsz swojego Tesla dzi\u0119ki dopasowanemu, kompleksowemu pokrowcowi na siedzenia Covers4Car do modeli Model i Juniper 2025+. Zaprojektowany z my\u015bl\u0105 o dopasowaniu do fabrycznego stylu, zapewnia doskona\u0142\u0105 ochron\u0119 i d\u0142ugotrwa\u0142y komfort. Covers4Car dba o to, aby ka\u017cdy pokrowiec wygl\u0105da\u0142 i by\u0142 w dotyku jak oryginalne fotele Tesla, zapewniaj\u0105c stylowe wn\u0119trze i ochron\u0119 podczas codziennego u\u017cytkowania.<\/p>\n<h3><span style=\"background-color: #ff0202; color: #f3f4f5;\"><strong>Ju\u017c dost\u0119pne! <\/strong><\/span><span style=\"background-color: #ff0202; color: #f3f4f5;\"><strong>Ju\u017c dost\u0119pne!<\/strong><\/span><\/h3>\n<ul>\n<li><strong>Dopasowanie: 2025+ Tesla Model Y Juniper (nie pasuje do 7 miejsc Model Y lub 2020-2024 Model Y)<\/strong><\/li>\n<li>Idealne dopasowanie w stylu fabrycznym: Zaprojektowane tak, aby pasowa\u0142y do luksusowego wygl\u0105du fabrycznych foteli Tesla, zapewniaj\u0105c idealne dopasowanie i walory estetyczne.<\/li>\n<\/ul>\n<div><img decoding=\"async\" src=\"https:\/\/cdn.shopify.com\/s\/files\/1\/0645\/2199\/4463\/files\/MY_Juniper_Seat_Cover_10_ae19cff9-09f3-4221-a9ec-9b951d53e8fd.jpg?v=1744165769\" alt=\"\" \/><img decoding=\"async\" src=\"https:\/\/cdn.shopify.com\/s\/files\/1\/0645\/2199\/4463\/files\/MY_Juniper_Seat_Cover_5_249ceda3-4c4c-4de2-9186-99fb6ea40296.jpg?v=1744165785\" alt=\"\" \/><\/div>\n<ul>\n<li>Przedstawiamy now\u0105 Napp\u0119 z logo + 3-liniowym oznaczeniem: udoskonalona wersja, kt\u00f3ra p\u0142ynnie \u0142\u0105czy charakterystyczny styl z naszym logo Launch Series.<\/li>\n<\/ul>\n<p><a href=\"https:\/\/covers4car.com\/wp-content\/uploads\/2025\/08\/1-3-4.webp\"><img fetchpriority=\"high\" decoding=\"async\" class=\"wd-lazy-fade alignnone size-full wp-image-21822\" src=\"https:\/\/covers4car.com\/wp-content\/themes\/woodmart\/images\/lazy.svg\" data-src=\"https:\/\/covers4car.com\/wp-content\/uploads\/2025\/08\/1-3-4.webp\" alt=\"\" width=\"1000\" height=\"1000\" srcset=\"\" data-srcset=\"https:\/\/covers4car.com\/wp-content\/uploads\/2025\/08\/1-3-4.webp 1000w, https:\/\/covers4car.com\/wp-content\/uploads\/2025\/08\/1-3-4-300x300.webp 300w, https:\/\/covers4car.com\/wp-content\/uploads\/2025\/08\/1-3-4-150x150.webp 150w, https:\/\/covers4car.com\/wp-content\/uploads\/2025\/08\/1-3-4-768x768.webp 768w, https:\/\/covers4car.com\/wp-content\/uploads\/2025\/08\/1-3-4-12x12.webp 12w, https:\/\/covers4car.com\/wp-content\/uploads\/2025\/08\/1-3-4-600x600.webp 600w, https:\/\/covers4car.com\/wp-content\/uploads\/2025\/08\/1-3-4-148x148.webp 148w, https:\/\/covers4car.com\/wp-content\/uploads\/2025\/08\/1-3-4-50x50.webp 50w, https:\/\/covers4car.com\/wp-content\/uploads\/2025\/08\/1-3-4-100x100.webp 100w\" sizes=\"(max-width: 1000px) 100vw, 1000px\" \/><\/a><\/p>\n<p>&nbsp;<\/p>\n<ul>\n<li><strong>Nie ma wp\u0142ywu na korzystanie z przycisku bocznego.<\/strong><\/li>\n<\/ul>\n<p><a href=\"https:\/\/covers4car.com\/wp-content\/uploads\/2025\/08\/14-1.webp\"><img decoding=\"async\" class=\"wd-lazy-fade alignnone size-full wp-image-21649\" src=\"https:\/\/covers4car.com\/wp-content\/themes\/woodmart\/images\/lazy.svg\" data-src=\"https:\/\/covers4car.com\/wp-content\/uploads\/2025\/08\/14-1.webp\" alt=\"\" width=\"1000\" height=\"1000\" srcset=\"\" data-srcset=\"https:\/\/covers4car.com\/wp-content\/uploads\/2025\/08\/14-1.webp 1000w, https:\/\/covers4car.com\/wp-content\/uploads\/2025\/08\/14-1-300x300.webp 300w, https:\/\/covers4car.com\/wp-content\/uploads\/2025\/08\/14-1-150x150.webp 150w, https:\/\/covers4car.com\/wp-content\/uploads\/2025\/08\/14-1-768x768.webp 768w, https:\/\/covers4car.com\/wp-content\/uploads\/2025\/08\/14-1-12x12.webp 12w, https:\/\/covers4car.com\/wp-content\/uploads\/2025\/08\/14-1-600x600.webp 600w, https:\/\/covers4car.com\/wp-content\/uploads\/2025\/08\/14-1-148x148.webp 148w, https:\/\/covers4car.com\/wp-content\/uploads\/2025\/08\/14-1-50x50.webp 50w, https:\/\/covers4car.com\/wp-content\/uploads\/2025\/08\/14-1-100x100.webp 100w\" sizes=\"(max-width: 1000px) 100vw, 1000px\" \/><\/a><\/p>\n<ul>\n<li>Wi\u0119ksza trwa\u0142o\u015b\u0107: Wykonane z trwa\u0142ych materia\u0142\u00f3w o g\u0142adkiej, oddychaj\u0105cej powierzchni, kt\u00f3ra jest \u0142atwa do czyszczenia i zapewnia komfort bez wzgl\u0119du na por\u0119 roku.<\/li>\n<\/ul>\n<div>\n<div>\n<div>\n<div><img decoding=\"async\" class=\"wd-lazy-fade alignnone wp-image-10054\" src=\"https:\/\/covers4car.com\/wp-content\/themes\/woodmart\/images\/lazy.svg\" data-src=\"https:\/\/covers4car.com\/wp-content\/uploads\/2024\/11\/7.jpg\" alt=\"\" width=\"750\" height=\"750\" srcset=\"\" data-srcset=\"https:\/\/covers4car.com\/wp-content\/uploads\/2024\/11\/7.jpg 2000w, https:\/\/covers4car.com\/wp-content\/uploads\/2024\/11\/7-600x600.jpg 600w, https:\/\/covers4car.com\/wp-content\/uploads\/2024\/11\/7-148x148.jpg 148w, https:\/\/covers4car.com\/wp-content\/uploads\/2024\/11\/7-1200x1200.jpg 1200w, https:\/\/covers4car.com\/wp-content\/uploads\/2024\/11\/7-300x300.jpg 300w, https:\/\/covers4car.com\/wp-content\/uploads\/2024\/11\/7-1024x1024.jpg 1024w, https:\/\/covers4car.com\/wp-content\/uploads\/2024\/11\/7-150x150.jpg 150w, https:\/\/covers4car.com\/wp-content\/uploads\/2024\/11\/7-768x768.jpg 768w, https:\/\/covers4car.com\/wp-content\/uploads\/2024\/11\/7-1536x1536.jpg 1536w\" sizes=\"(max-width: 750px) 100vw, 750px\" \/><\/div>\n<\/div>\n<\/div>\n<\/div>\n<ul>\n<li>Bezpiecze\u0144stwo podczas jazdy: Posiada zarezerwowane otwory na poduszki powietrzne, co zapewnia wi\u0119ksze bezpiecze\u0144stwo i spok\u00f3j ducha.<\/li>\n<\/ul>\n<div><a href=\"https:\/\/covers4car.com\/wp-content\/uploads\/2025\/08\/10-3.webp\"><img loading=\"lazy\" decoding=\"async\" class=\"wd-lazy-fade alignnone size-full wp-image-21582\" src=\"https:\/\/covers4car.com\/wp-content\/themes\/woodmart\/images\/lazy.svg\" data-src=\"https:\/\/covers4car.com\/wp-content\/uploads\/2025\/08\/10-3.webp\" alt=\"\" width=\"1000\" height=\"1000\" srcset=\"\" data-srcset=\"https:\/\/covers4car.com\/wp-content\/uploads\/2025\/08\/10-3.webp 1000w, https:\/\/covers4car.com\/wp-content\/uploads\/2025\/08\/10-3-300x300.webp 300w, https:\/\/covers4car.com\/wp-content\/uploads\/2025\/08\/10-3-150x150.webp 150w, https:\/\/covers4car.com\/wp-content\/uploads\/2025\/08\/10-3-768x768.webp 768w, https:\/\/covers4car.com\/wp-content\/uploads\/2025\/08\/10-3-12x12.webp 12w, https:\/\/covers4car.com\/wp-content\/uploads\/2025\/08\/10-3-600x600.webp 600w, https:\/\/covers4car.com\/wp-content\/uploads\/2025\/08\/10-3-148x148.webp 148w, https:\/\/covers4car.com\/wp-content\/uploads\/2025\/08\/10-3-50x50.webp 50w, https:\/\/covers4car.com\/wp-content\/uploads\/2025\/08\/10-3-100x100.webp 100w\" sizes=\"(max-width: 1000px) 100vw, 1000px\" \/><\/a><\/div>\n<ul>\n<li>Kompleksowa ochrona: Zapewnia 360\u00b0 ochron\u0119 siedze\u0144 Model Y Juniper przed brudem, plamami, otarciami i zu\u017cyciem spowodowanym przez zwierz\u0119ta domowe lub dzieci, utrzymuj\u0105c je w nienagannym stanie. B\u0142otniste odciski \u0142ap zwierz\u0105t domowych i rozlane napoje dzieci mo\u017cna szybko zetrze\u0107 r\u0119cznikiem, dzi\u0119ki czemu siedzenia b\u0119d\u0105 wygl\u0105da\u0107 jak nowe.<\/li>\n<\/ul>\n<div><img decoding=\"async\" src=\"https:\/\/cdn.shopify.com\/s\/files\/1\/0645\/2199\/4463\/files\/MY_Juniper_Seat_Cover_7_0a148592-3765-42a4-b374-f1285e5354e0.jpg?v=1744165859\" alt=\"\" \/><\/div>\n<ul>\n<li>Trwa\u0142o\u015b\u0107 i warto\u015b\u0107 odsprzeda\u017cy: wyd\u0142u\u017ca \u017cywotno\u015b\u0107 foteli Tesla o 5-6 lat, zabezpieczaj\u0105c je przed uszkodzeniami i zachowuj\u0105c potencja\u0142 odsprzeda\u017cy pojazdu.<\/li>\n<\/ul>\n<div>\n<div>\n<div>\n<div><img loading=\"lazy\" decoding=\"async\" class=\"wd-lazy-fade alignnone size-full wp-image-10050\" src=\"https:\/\/covers4car.com\/wp-content\/themes\/woodmart\/images\/lazy.svg\" data-src=\"https:\/\/covers4car.com\/wp-content\/uploads\/2024\/11\/B6_dd615875-ce16-4f9a-a1c1-f298f3c03383.jpg\" alt=\"\" width=\"750\" height=\"463\" srcset=\"\" data-srcset=\"https:\/\/covers4car.com\/wp-content\/uploads\/2024\/11\/B6_dd615875-ce16-4f9a-a1c1-f298f3c03383.jpg 750w, https:\/\/covers4car.com\/wp-content\/uploads\/2024\/11\/B6_dd615875-ce16-4f9a-a1c1-f298f3c03383-148x91.jpg 148w, https:\/\/covers4car.com\/wp-content\/uploads\/2024\/11\/B6_dd615875-ce16-4f9a-a1c1-f298f3c03383-300x185.jpg 300w\" sizes=\"(max-width: 750px) 100vw, 750px\" \/><img decoding=\"async\" src=\"https:\/\/cdn.shopify.com\/s\/files\/1\/0645\/2199\/4463\/files\/MY_Juniper_Seat_Cover_12_2f7f7961-836f-4138-8ba1-5d22349f64ea.jpg?v=1744165891\" alt=\"\" \/><\/div>\n<\/div>\n<\/div>\n<\/div>\n<ul>\n<li>Konstrukcja Full-Wapped: Konstrukcja ca\u0142kowicie owini\u0119ta, kt\u00f3ra pokrywa ka\u017cdy centymetr nowych siedze\u0144 Juniper Tesla Model Y, nie pozostawiaj\u0105c \u017cadnego niezabezpieczonego rogu, co zapewnia ca\u0142kowit\u0105 ochron\u0119 siedzenia ze wszystkich stron.<\/li>\n<\/ul>\n<p><a href=\"https:\/\/covers4car.com\/wp-content\/uploads\/2025\/08\/4-4.webp\"><img loading=\"lazy\" decoding=\"async\" class=\"wd-lazy-fade alignnone size-full wp-image-21576\" src=\"https:\/\/covers4car.com\/wp-content\/themes\/woodmart\/images\/lazy.svg\" data-src=\"https:\/\/covers4car.com\/wp-content\/uploads\/2025\/08\/4-4.webp\" alt=\"\" width=\"1000\" height=\"1000\" srcset=\"\" data-srcset=\"https:\/\/covers4car.com\/wp-content\/uploads\/2025\/08\/4-4.webp 1000w, https:\/\/covers4car.com\/wp-content\/uploads\/2025\/08\/4-4-300x300.webp 300w, https:\/\/covers4car.com\/wp-content\/uploads\/2025\/08\/4-4-150x150.webp 150w, https:\/\/covers4car.com\/wp-content\/uploads\/2025\/08\/4-4-768x768.webp 768w, https:\/\/covers4car.com\/wp-content\/uploads\/2025\/08\/4-4-12x12.webp 12w, https:\/\/covers4car.com\/wp-content\/uploads\/2025\/08\/4-4-600x600.webp 600w, https:\/\/covers4car.com\/wp-content\/uploads\/2025\/08\/4-4-148x148.webp 148w, https:\/\/covers4car.com\/wp-content\/uploads\/2025\/08\/4-4-50x50.webp 50w, https:\/\/covers4car.com\/wp-content\/uploads\/2025\/08\/4-4-100x100.webp 100w\" sizes=\"(max-width: 1000px) 100vw, 1000px\" \/><\/a><\/p>\n<ul>\n<li>R\u00f3\u017cne kolory: Dost\u0119pne w wielu kolorach z mo\u017cliwo\u015bci\u0105 dwutonowych kombinacji kolor\u00f3w, co pozwala na personalizacj\u0119 wn\u0119trza urz\u0105dzenia Model Y Juniper 2025+.<\/li>\n<\/ul>\n<div>\n<div>\n<div>\n<div><img loading=\"lazy\" decoding=\"async\" class=\"wd-lazy-fade alignnone size-full wp-image-10099\" src=\"https:\/\/covers4car.com\/wp-content\/themes\/woodmart\/images\/lazy.svg\" data-src=\"https:\/\/covers4car.com\/wp-content\/uploads\/2024\/11\/750-888.jpg\" alt=\"\" width=\"750\" height=\"750\" srcset=\"\" data-srcset=\"https:\/\/covers4car.com\/wp-content\/uploads\/2024\/11\/750-888.jpg 750w, https:\/\/covers4car.com\/wp-content\/uploads\/2024\/11\/750-888-600x600.jpg 600w, https:\/\/covers4car.com\/wp-content\/uploads\/2024\/11\/750-888-148x148.jpg 148w, https:\/\/covers4car.com\/wp-content\/uploads\/2024\/11\/750-888-300x300.jpg 300w, https:\/\/covers4car.com\/wp-content\/uploads\/2024\/11\/750-888-150x150.jpg 150w\" sizes=\"(max-width: 750px) 100vw, 750px\" \/><\/div>\n<\/div>\n<\/div>\n<\/div>\n<p><strong>Pe\u0142ny zestaw (siedzenia przednie i tylne):<\/strong><\/p>\n<ul>\n<li>2x pokrowce na przednie siedzenia<\/li>\n<li>1x pokrowiec na pod\u0142okietnik<\/li>\n<li>1x kompletny pokrowiec na tylne siedzenie<\/li>\n<\/ul>\n<p><strong>Tylko przednie siedzenia<\/strong><\/p>\n<ul>\n<li>2x pokrowce na przednie siedzenia<\/li>\n<li>1x pokrowiec na pod\u0142okietnik<\/li>\n<\/ul>\n<p><strong>Tylko tylne siedzenia<\/strong><\/p>\n<ul>\n<li>1x kompletny pokrowiec na tylne siedzenie<\/li>\n<\/ul>\n<p><strong>Instrukcja instalacji:<\/strong><br \/>\n<iframe title=\"Odtwarzacz wideo YouTube\" src=\"https:\/\/www.youtube.com\/embed\/NFjQ6E52cWo?si=iWXG1mTDw6Qig9Uc\" width=\"560\" height=\"315\" frameborder=\"0\" allowfullscreen=\"allowfullscreen\"><\/iframe><\/p>","protected":false},"excerpt":{"rendered":"<p>Ulepsz sw\u00f3j model Tesla dzi\u0119ki dopasowanemu, kompleksowemu pokrowcowi na siedzenia Covers4Car do modeli Model i Juniper 2025+. Zaprojektowany z my\u015bl\u0105 o dopasowaniu do fabrycznego stylu.,<\/p>","protected":false},"featured_media":21557,"comment_status":"open","ping_status":"closed","template":"","meta":{"_acf_changed":false,"_monsterinsights_skip_tracking":false,"_monsterinsights_sitenote_active":false,"_monsterinsights_sitenote_note":"","_monsterinsights_sitenote_category":0},"product_brand":[],"product_cat":[124,87,22972],"product_tag":[55006],"jet_color":[],"jet_material":[],"jet_coverage":[],"class_list":{"0":"post-20719","1":"product","2":"type-product","3":"status-publish","4":"has-post-thumbnail","6":"product_cat-seat-cover","7":"product_cat-seat-cover-for-tesla","8":"product_cat-seat-cover-for-tesla-model-y","9":"product_tag-fit-model-y-juniper","11":"first","12":"instock","13":"shipping-taxable","14":"purchasable","15":"product-type-variable","16":"has-default-attributes","17":"wvs-archive-product-wrapper"},"acf":[],"yoast_head":"<!-- This site is optimized with the Yoast SEO Premium plugin v26.4 (Yoast SEO v26.4) - https:\/\/yoast.com\/wordpress\/plugins\/seo\/ -->\n<title>Custom Fit All-Inclusive Seat Cover for New Tesla Model Y Juniper 2025+<\/title>\n<meta name=\"description\" content=\"Covers4Car Custom Fit All-Inclusive Seat Cover for Tesla Model Y Juniper 2025+. Durable, stylish, and factory-style protection for your Tesla interior.\" \/>\n<meta name=\"robots\" content=\"index, follow, max-snippet:-1, max-image-preview:large, max-video-preview:-1\" \/>\n<link rel=\"canonical\" href=\"https:\/\/covers4car.com\/pl\/produkt\/custom-fit-all-inclusive-seat-cover-for-new-tesla-model-y-juniper-2025\/\" \/>\n<meta property=\"og:locale\" content=\"pl_PL\" \/>\n<meta property=\"og:type\" content=\"article\" \/>\n<meta property=\"og:title\" content=\"Custom Fit All-Inclusive Seat Cover for New Tesla Model Y Juniper 2025+\" \/>\n<meta property=\"og:description\" content=\"Covers4Car Custom Fit All-Inclusive Seat Cover for Tesla Model Y Juniper 2025+. Durable, stylish, and factory-style protection for your Tesla interior.\" \/>\n<meta property=\"og:url\" content=\"https:\/\/covers4car.com\/pl\/produkt\/custom-fit-all-inclusive-seat-cover-for-new-tesla-model-y-juniper-2025\/\" \/>\n<meta property=\"og:site_name\" content=\"Covers4Car\" \/>\n<meta property=\"article:publisher\" content=\"https:\/\/www.facebook.com\/profile.php?id=61564533557142\" \/>\n<meta property=\"article:modified_time\" content=\"2026-05-14T13:25:32+00:00\" \/>\n<meta property=\"og:image\" content=\"https:\/\/covers4car.com\/wp-content\/uploads\/2025\/08\/1-33.webp\" \/>\n\t<meta property=\"og:image:width\" content=\"1000\" \/>\n\t<meta property=\"og:image:height\" content=\"1000\" \/>\n\t<meta property=\"og:image:type\" content=\"image\/webp\" \/>\n<meta name=\"twitter:card\" content=\"summary_large_image\" \/>\n<meta name=\"twitter:site\" content=\"@covers4carstore\" \/>\n<meta name=\"twitter:label1\" content=\"Szacowany czas czytania\" \/>\n\t<meta name=\"twitter:data1\" content=\"4 minuty\" \/>\n<script type=\"application\/ld+json\" class=\"yoast-schema-graph\">{\"@context\":\"https:\/\/schema.org\",\"@graph\":[{\"@type\":\"WebPage\",\"@id\":\"https:\/\/covers4car.com\/product\/custom-fit-all-inclusive-seat-cover-for-new-tesla-model-y-juniper-2025\/\",\"url\":\"https:\/\/covers4car.com\/product\/custom-fit-all-inclusive-seat-cover-for-new-tesla-model-y-juniper-2025\/\",\"name\":\"Custom Fit All-Inclusive Seat Cover for New Tesla Model Y Juniper 2025+\",\"isPartOf\":{\"@id\":\"https:\/\/covers4car.com\/#website\"},\"primaryImageOfPage\":{\"@id\":\"https:\/\/covers4car.com\/product\/custom-fit-all-inclusive-seat-cover-for-new-tesla-model-y-juniper-2025\/#primaryimage\"},\"image\":{\"@id\":\"https:\/\/covers4car.com\/product\/custom-fit-all-inclusive-seat-cover-for-new-tesla-model-y-juniper-2025\/#primaryimage\"},\"thumbnailUrl\":\"https:\/\/covers4car.com\/wp-content\/uploads\/2025\/08\/1-33.webp\",\"datePublished\":\"2025-08-22T05:10:34+00:00\",\"dateModified\":\"2026-05-14T13:25:32+00:00\",\"description\":\"Covers4Car Custom Fit All-Inclusive Seat Cover for Tesla Model Y Juniper 2025+. Durable, stylish, and factory-style protection for your Tesla interior.\",\"breadcrumb\":{\"@id\":\"https:\/\/covers4car.com\/product\/custom-fit-all-inclusive-seat-cover-for-new-tesla-model-y-juniper-2025\/#breadcrumb\"},\"inLanguage\":\"pl-PL\",\"potentialAction\":[{\"@type\":\"ReadAction\",\"target\":[\"https:\/\/covers4car.com\/product\/custom-fit-all-inclusive-seat-cover-for-new-tesla-model-y-juniper-2025\/\"]}]},{\"@type\":\"ImageObject\",\"inLanguage\":\"pl-PL\",\"@id\":\"https:\/\/covers4car.com\/product\/custom-fit-all-inclusive-seat-cover-for-new-tesla-model-y-juniper-2025\/#primaryimage\",\"url\":\"https:\/\/covers4car.com\/wp-content\/uploads\/2025\/08\/1-33.webp\",\"contentUrl\":\"https:\/\/covers4car.com\/wp-content\/uploads\/2025\/08\/1-33.webp\",\"width\":1000,\"height\":1000},{\"@type\":\"BreadcrumbList\",\"@id\":\"https:\/\/covers4car.com\/product\/custom-fit-all-inclusive-seat-cover-for-new-tesla-model-y-juniper-2025\/#breadcrumb\",\"itemListElement\":[{\"@type\":\"ListItem\",\"position\":1,\"name\":\"Home\",\"item\":\"https:\/\/covers4car.com\/\"},{\"@type\":\"ListItem\",\"position\":2,\"name\":\"Shop\",\"item\":\"https:\/\/covers4car.com\/shop\/\"},{\"@type\":\"ListItem\",\"position\":3,\"name\":\"Custom Fit All-Inclusive Seat Cover for New Tesla Model Y Juniper 2025+\"}]},{\"@type\":\"WebSite\",\"@id\":\"https:\/\/covers4car.com\/#website\",\"url\":\"https:\/\/covers4car.com\/\",\"name\":\"Covers4Car\",\"description\":\"Professional Seat Covers Tailored for Your Vehicle\",\"publisher\":{\"@id\":\"https:\/\/covers4car.com\/#organization\"},\"potentialAction\":[{\"@type\":\"SearchAction\",\"target\":{\"@type\":\"EntryPoint\",\"urlTemplate\":\"https:\/\/covers4car.com\/?s={search_term_string}\"},\"query-input\":{\"@type\":\"PropertyValueSpecification\",\"valueRequired\":true,\"valueName\":\"search_term_string\"}}],\"inLanguage\":\"pl-PL\"},{\"@type\":\"Organization\",\"@id\":\"https:\/\/covers4car.com\/#organization\",\"name\":\"Covers4Car\",\"url\":\"https:\/\/covers4car.com\/\",\"logo\":{\"@type\":\"ImageObject\",\"inLanguage\":\"pl-PL\",\"@id\":\"https:\/\/covers4car.com\/#\/schema\/logo\/image\/\",\"url\":\"https:\/\/covers4car.com\/wp-content\/uploads\/2024\/11\/Asset-2@5x-copy.jpg\",\"contentUrl\":\"https:\/\/covers4car.com\/wp-content\/uploads\/2024\/11\/Asset-2@5x-copy.jpg\",\"width\":877,\"height\":877,\"caption\":\"Covers4Car\"},\"image\":{\"@id\":\"https:\/\/covers4car.com\/#\/schema\/logo\/image\/\"},\"sameAs\":[\"https:\/\/www.facebook.com\/profile.php?id=61564533557142\",\"https:\/\/x.com\/covers4carstore\"]}]}<\/script>\n<!-- \/ Yoast SEO Premium plugin. -->","yoast_head_json":{"title":"Dopasowany, kompleksowy pokrowiec na siedzenie do nowego modelu Tesla Model Y Juniper 2025+","description":"Pokrowiec na siedzenia Covers4Car Custom Fit All-Inclusive do modeli Tesla, Model i Juniper 2025+. Trwa\u0142a, stylowa i fabryczna ochrona wn\u0119trza Twojego modelu Tesla.","robots":{"index":"index","follow":"follow","max-snippet":"max-snippet:-1","max-image-preview":"max-image-preview:large","max-video-preview":"max-video-preview:-1"},"canonical":"https:\/\/covers4car.com\/pl\/produkt\/custom-fit-all-inclusive-seat-cover-for-new-tesla-model-y-juniper-2025\/","og_locale":"pl_PL","og_type":"article","og_title":"Custom Fit All-Inclusive Seat Cover for New Tesla Model Y Juniper 2025+","og_description":"Covers4Car Custom Fit All-Inclusive Seat Cover for Tesla Model Y Juniper 2025+. Durable, stylish, and factory-style protection for your Tesla interior.","og_url":"https:\/\/covers4car.com\/pl\/produkt\/custom-fit-all-inclusive-seat-cover-for-new-tesla-model-y-juniper-2025\/","og_site_name":"Covers4Car","article_publisher":"https:\/\/www.facebook.com\/profile.php?id=61564533557142","article_modified_time":"2026-05-14T13:25:32+00:00","og_image":[{"width":1000,"height":1000,"url":"https:\/\/covers4car.com\/wp-content\/uploads\/2025\/08\/1-33.webp","type":"image\/webp"}],"twitter_card":"summary_large_image","twitter_site":"@covers4carstore","twitter_misc":{"Szacowany czas czytania":"4 minuty"},"schema":{"@context":"https:\/\/schema.org","@graph":[{"@type":"WebPage","@id":"https:\/\/covers4car.com\/product\/custom-fit-all-inclusive-seat-cover-for-new-tesla-model-y-juniper-2025\/","url":"https:\/\/covers4car.com\/product\/custom-fit-all-inclusive-seat-cover-for-new-tesla-model-y-juniper-2025\/","name":"Dopasowany, kompleksowy pokrowiec na siedzenie do nowego modelu Tesla Model Y Juniper 2025+","isPartOf":{"@id":"https:\/\/covers4car.com\/#website"},"primaryImageOfPage":{"@id":"https:\/\/covers4car.com\/product\/custom-fit-all-inclusive-seat-cover-for-new-tesla-model-y-juniper-2025\/#primaryimage"},"image":{"@id":"https:\/\/covers4car.com\/product\/custom-fit-all-inclusive-seat-cover-for-new-tesla-model-y-juniper-2025\/#primaryimage"},"thumbnailUrl":"https:\/\/covers4car.com\/wp-content\/uploads\/2025\/08\/1-33.webp","datePublished":"2025-08-22T05:10:34+00:00","dateModified":"2026-05-14T13:25:32+00:00","description":"Pokrowiec na siedzenia Covers4Car Custom Fit All-Inclusive do modeli Tesla, Model i Juniper 2025+. Trwa\u0142a, stylowa i fabryczna ochrona wn\u0119trza Twojego modelu Tesla.","breadcrumb":{"@id":"https:\/\/covers4car.com\/product\/custom-fit-all-inclusive-seat-cover-for-new-tesla-model-y-juniper-2025\/#breadcrumb"},"inLanguage":"pl-PL","potentialAction":[{"@type":"ReadAction","target":["https:\/\/covers4car.com\/product\/custom-fit-all-inclusive-seat-cover-for-new-tesla-model-y-juniper-2025\/"]}]},{"@type":"ImageObject","inLanguage":"pl-PL","@id":"https:\/\/covers4car.com\/product\/custom-fit-all-inclusive-seat-cover-for-new-tesla-model-y-juniper-2025\/#primaryimage","url":"https:\/\/covers4car.com\/wp-content\/uploads\/2025\/08\/1-33.webp","contentUrl":"https:\/\/covers4car.com\/wp-content\/uploads\/2025\/08\/1-33.webp","width":1000,"height":1000},{"@type":"BreadcrumbList","@id":"https:\/\/covers4car.com\/product\/custom-fit-all-inclusive-seat-cover-for-new-tesla-model-y-juniper-2025\/#breadcrumb","itemListElement":[{"@type":"ListItem","position":1,"name":"Home","item":"https:\/\/covers4car.com\/"},{"@type":"ListItem","position":2,"name":"Shop","item":"https:\/\/covers4car.com\/shop\/"},{"@type":"ListItem","position":3,"name":"Custom Fit All-Inclusive Seat Cover for New Tesla Model Y Juniper 2025+"}]},{"@type":"WebSite","@id":"https:\/\/covers4car.com\/#website","url":"https:\/\/covers4car.com\/","name":"Covers4Car","description":"Profesjonalne pokrowce na siedzenia dopasowane do Twojego pojazdu","publisher":{"@id":"https:\/\/covers4car.com\/#organization"},"potentialAction":[{"@type":"SearchAction","target":{"@type":"EntryPoint","urlTemplate":"https:\/\/covers4car.com\/?s={search_term_string}"},"query-input":{"@type":"PropertyValueSpecification","valueRequired":true,"valueName":"search_term_string"}}],"inLanguage":"pl-PL"},{"@type":"Organization","@id":"https:\/\/covers4car.com\/#organization","name":"Covers4Car","url":"https:\/\/covers4car.com\/","logo":{"@type":"ImageObject","inLanguage":"pl-PL","@id":"https:\/\/covers4car.com\/#\/schema\/logo\/image\/","url":"https:\/\/covers4car.com\/wp-content\/uploads\/2024\/11\/Asset-2@5x-copy.jpg","contentUrl":"https:\/\/covers4car.com\/wp-content\/uploads\/2024\/11\/Asset-2@5x-copy.jpg","width":877,"height":877,"caption":"Covers4Car"},"image":{"@id":"https:\/\/covers4car.com\/#\/schema\/logo\/image\/"},"sameAs":["https:\/\/www.facebook.com\/profile.php?id=61564533557142","https:\/\/x.com\/covers4carstore"]}]}},"_links":{"self":[{"href":"https:\/\/covers4car.com\/pl\/wp-json\/wp\/v2\/product\/20719","targetHints":{"allow":["GET"]}}],"collection":[{"href":"https:\/\/covers4car.com\/pl\/wp-json\/wp\/v2\/product"}],"about":[{"href":"https:\/\/covers4car.com\/pl\/wp-json\/wp\/v2\/types\/product"}],"replies":[{"embeddable":true,"href":"https:\/\/covers4car.com\/pl\/wp-json\/wp\/v2\/comments?post=20719"}],"version-history":[{"count":0,"href":"https:\/\/covers4car.com\/pl\/wp-json\/wp\/v2\/product\/20719\/revisions"}],"wp:featuredmedia":[{"embeddable":true,"href":"https:\/\/covers4car.com\/pl\/wp-json\/wp\/v2\/media\/21557"}],"wp:attachment":[{"href":"https:\/\/covers4car.com\/pl\/wp-json\/wp\/v2\/media?parent=20719"}],"wp:term":[{"taxonomy":"product_brand","embeddable":true,"href":"https:\/\/covers4car.com\/pl\/wp-json\/wp\/v2\/product_brand?post=20719"},{"taxonomy":"product_cat","embeddable":true,"href":"https:\/\/covers4car.com\/pl\/wp-json\/wp\/v2\/product_cat?post=20719"},{"taxonomy":"product_tag","embeddable":true,"href":"https:\/\/covers4car.com\/pl\/wp-json\/wp\/v2\/product_tag?post=20719"},{"taxonomy":"jet_color","embeddable":true,"href":"https:\/\/covers4car.com\/pl\/wp-json\/wp\/v2\/jet_color?post=20719"},{"taxonomy":"jet_material","embeddable":true,"href":"https:\/\/covers4car.com\/pl\/wp-json\/wp\/v2\/jet_material?post=20719"},{"taxonomy":"jet_coverage","embeddable":true,"href":"https:\/\/covers4car.com\/pl\/wp-json\/wp\/v2\/jet_coverage?post=20719"}],"curies":[{"name":"wp","href":"https:\/\/api.w.org\/{rel}","templated":true}]}}