{"id":21962,"date":"2025-09-10T02:30:49","date_gmt":"2025-09-10T09:30:49","guid":{"rendered":"https:\/\/covers4car.com\/?post_type=product&#038;p=21962"},"modified":"2025-12-19T12:12:37","modified_gmt":"2025-12-19T20:12:37","slug":"custom-fit-toyota-rav4-leather-seat-cover-all-inclusive-seat-cover-02","status":"publish","type":"product","link":"https:\/\/covers4car.com\/pl\/produkt\/custom-fit-toyota-rav4-leather-seat-cover-all-inclusive-seat-cover-02\/","title":{"rendered":"Pokrowiec na siedzenie Toyota Rav4 ze sk\u00f3ry naturalnej, w pe\u0142ni dopasowany, 02"},"content":{"rendered":"<div class=\"video-responsive\"><iframe title=\"Odtwarzacz wideo YouTube\" src=\"https:\/\/www.youtube.com\/embed\/94xIfvEPD1M\" frameborder=\"0\" allowfullscreen=\"allowfullscreen\"><br \/>\n<\/iframe><\/div>\n<p>Zmie\u0144 swoje wra\u017cenia z jazdy dzi\u0119ki Covers4car <strong data-start=\"299\" data-end=\"339\">Pokrowce na siedzenia All-Inclusive-<\/strong>zaprojektowany wy\u0142\u0105cznie dla <strong data-start=\"369\" data-end=\"403\">Toyota Rav4 2013-2025+<\/strong>. Te <strong data-start=\"411\" data-end=\"451\">pokrowce na siedzenia Toyota Rav4 dopasowane do indywidualnych potrzeb <\/strong>zapewniaj\u0105 pe\u0142n\u0105 ochron\u0119, d\u0142ugotrwa\u0142y komfort i nieskazitelny wygl\u0105d w stylu fabrycznym, dzi\u0119ki czemu Twoje wn\u0119trze pozostanie czyste i stylowe w ka\u017cdej podr\u00f3\u017cy.<\/p>\n<p><strong>Dopasowanie:<\/strong><br \/>\n2013-2018 LE (nie dla pojazd\u00f3w elektrycznych ani hybrydowych)<br \/>\n2013-2018 Limitowana\/XLE\/SE\/Platynowa\/Przygodowa<br \/>\n2015-2018 Hybrydowy<br \/>\n2019-2025+ Hybrydowy<br \/>\n2019-2025+ Hybrydowy XSE<br \/>\n2019-2025+ (Przygoda i TRD Off-Road)<br \/>\n2019-2025+ (NIE dla Adventure i TRD Off-Road)<\/p>\n<div>\n<div data-zone-id=\"0\" data-line-index=\"0\" data-line=\"true\">\n<div data-zone-id=\"0\" data-line-index=\"0\" data-line=\"true\">\n<div data-zone-id=\"0\" data-line-index=\"0\" data-line=\"true\">\n<div data-zone-id=\"0\" data-line-index=\"0\" data-line=\"true\">\n<div data-zone-id=\"0\" data-line-index=\"0\" data-line=\"true\">\n<ul>\n<li><strong>Ca\u0142kowita modernizacja wn\u0119trza:<\/strong>Upi\u0119ksza wn\u0119trze Twojej Toyoty Rav4 dzi\u0119ki eleganckiemu, pe\u0142nemu pokrowcowi na siedzenia, nadaj\u0105c mu ekskluzywny wygl\u0105d. Natychmiast przekszta\u0142ca kabin\u0119 w stylow\u0105 i wygodn\u0105 przestrze\u0144.<\/li>\n<\/ul>\n<p><a href=\"https:\/\/covers4car.com\/wp-content\/uploads\/2025\/09\/A-8.webp\"><img fetchpriority=\"high\" decoding=\"async\" class=\"wd-lazy-fade alignnone size-full wp-image-30327\" src=\"https:\/\/covers4car.com\/wp-content\/themes\/woodmart\/images\/lazy.svg\" data-src=\"https:\/\/covers4car.com\/wp-content\/uploads\/2025\/09\/A-8.webp\" alt=\"\" width=\"1000\" height=\"1000\" srcset=\"\" data-srcset=\"https:\/\/covers4car.com\/wp-content\/uploads\/2025\/09\/A-8.webp 1000w, https:\/\/covers4car.com\/wp-content\/uploads\/2025\/09\/A-8-300x300.webp 300w, https:\/\/covers4car.com\/wp-content\/uploads\/2025\/09\/A-8-150x150.webp 150w, https:\/\/covers4car.com\/wp-content\/uploads\/2025\/09\/A-8-768x768.webp 768w, https:\/\/covers4car.com\/wp-content\/uploads\/2025\/09\/A-8-12x12.webp 12w, https:\/\/covers4car.com\/wp-content\/uploads\/2025\/09\/A-8-600x600.webp 600w, https:\/\/covers4car.com\/wp-content\/uploads\/2025\/09\/A-8-148x148.webp 148w, https:\/\/covers4car.com\/wp-content\/uploads\/2025\/09\/A-8-50x50.webp 50w, https:\/\/covers4car.com\/wp-content\/uploads\/2025\/09\/A-8-100x100.webp 100w\" sizes=\"(max-width: 1000px) 100vw, 1000px\" \/><\/a><\/p>\n<ul>\n<li><strong>Spersonalizowane dla Toyoty Rav4 (2013-2025+):<\/strong>Dopasowane do r\u00f3\u017cnych modeli Toyoty RAV4 (2013-2025+), idealnie dopasowane. Kunszt wykonania gwarantuje idealne dopasowanie ka\u017cdego detalu do sylwetki Twojego samochodu. Zaprojektowane z my\u015bl\u0105 o estetyce i d\u0142ugotrwa\u0142ej trwa\u0142o\u015bci.<\/li>\n<\/ul>\n<p><a href=\"https:\/\/covers4car.com\/wp-content\/uploads\/2025\/09\/E-4.webp\"><img decoding=\"async\" class=\"wd-lazy-fade alignnone size-full wp-image-30336\" src=\"https:\/\/covers4car.com\/wp-content\/themes\/woodmart\/images\/lazy.svg\" data-src=\"https:\/\/covers4car.com\/wp-content\/uploads\/2025\/09\/E-4.webp\" alt=\"\" width=\"1000\" height=\"1000\" srcset=\"\" data-srcset=\"https:\/\/covers4car.com\/wp-content\/uploads\/2025\/09\/E-4.webp 1000w, https:\/\/covers4car.com\/wp-content\/uploads\/2025\/09\/E-4-300x300.webp 300w, https:\/\/covers4car.com\/wp-content\/uploads\/2025\/09\/E-4-150x150.webp 150w, https:\/\/covers4car.com\/wp-content\/uploads\/2025\/09\/E-4-768x768.webp 768w, https:\/\/covers4car.com\/wp-content\/uploads\/2025\/09\/E-4-12x12.webp 12w, https:\/\/covers4car.com\/wp-content\/uploads\/2025\/09\/E-4-600x600.webp 600w, https:\/\/covers4car.com\/wp-content\/uploads\/2025\/09\/E-4-148x148.webp 148w, https:\/\/covers4car.com\/wp-content\/uploads\/2025\/09\/E-4-50x50.webp 50w, https:\/\/covers4car.com\/wp-content\/uploads\/2025\/09\/E-4-100x100.webp 100w\" sizes=\"(max-width: 1000px) 100vw, 1000px\" \/><\/a><\/p>\n<p><a href=\"https:\/\/covers4car.com\/wp-content\/uploads\/2025\/09\/G-1.webp\"><img decoding=\"async\" class=\"wd-lazy-fade alignnone size-full wp-image-30338\" src=\"https:\/\/covers4car.com\/wp-content\/themes\/woodmart\/images\/lazy.svg\" data-src=\"https:\/\/covers4car.com\/wp-content\/uploads\/2025\/09\/G-1.webp\" alt=\"\" width=\"1000\" height=\"1000\" srcset=\"\" data-srcset=\"https:\/\/covers4car.com\/wp-content\/uploads\/2025\/09\/G-1.webp 1000w, https:\/\/covers4car.com\/wp-content\/uploads\/2025\/09\/G-1-300x300.webp 300w, https:\/\/covers4car.com\/wp-content\/uploads\/2025\/09\/G-1-150x150.webp 150w, https:\/\/covers4car.com\/wp-content\/uploads\/2025\/09\/G-1-768x768.webp 768w, https:\/\/covers4car.com\/wp-content\/uploads\/2025\/09\/G-1-12x12.webp 12w, https:\/\/covers4car.com\/wp-content\/uploads\/2025\/09\/G-1-600x600.webp 600w, https:\/\/covers4car.com\/wp-content\/uploads\/2025\/09\/G-1-148x148.webp 148w, https:\/\/covers4car.com\/wp-content\/uploads\/2025\/09\/G-1-50x50.webp 50w, https:\/\/covers4car.com\/wp-content\/uploads\/2025\/09\/G-1-100x100.webp 100w\" sizes=\"(max-width: 1000px) 100vw, 1000px\" \/><\/a><a href=\"https:\/\/covers4car.com\/wp-content\/uploads\/2025\/09\/H.webp\"><img loading=\"lazy\" decoding=\"async\" class=\"wd-lazy-fade alignnone size-full wp-image-30339\" src=\"https:\/\/covers4car.com\/wp-content\/themes\/woodmart\/images\/lazy.svg\" data-src=\"https:\/\/covers4car.com\/wp-content\/uploads\/2025\/09\/H.webp\" alt=\"\" width=\"1000\" height=\"1000\" srcset=\"\" data-srcset=\"https:\/\/covers4car.com\/wp-content\/uploads\/2025\/09\/H.webp 1000w, https:\/\/covers4car.com\/wp-content\/uploads\/2025\/09\/H-300x300.webp 300w, https:\/\/covers4car.com\/wp-content\/uploads\/2025\/09\/H-150x150.webp 150w, https:\/\/covers4car.com\/wp-content\/uploads\/2025\/09\/H-768x768.webp 768w, https:\/\/covers4car.com\/wp-content\/uploads\/2025\/09\/H-12x12.webp 12w, https:\/\/covers4car.com\/wp-content\/uploads\/2025\/09\/H-600x600.webp 600w, https:\/\/covers4car.com\/wp-content\/uploads\/2025\/09\/H-148x148.webp 148w, https:\/\/covers4car.com\/wp-content\/uploads\/2025\/09\/H-50x50.webp 50w, https:\/\/covers4car.com\/wp-content\/uploads\/2025\/09\/H-100x100.webp 100w\" sizes=\"(max-width: 1000px) 100vw, 1000px\" \/><\/a><\/p>\n<ul>\n<li><strong>Przed i po metamorfozie: <\/strong>Przywr\u00f3\u0107 stare, zu\u017cyte siedzenia do stanu jak nowe w mgnieniu oka. Poczuj ogromn\u0105 r\u00f3\u017cnic\u0119 w komforcie i wygl\u0105dzie.<\/li>\n<\/ul>\n<p><a href=\"https:\/\/covers4car.com\/wp-content\/uploads\/2025\/09\/J.webp\"><img loading=\"lazy\" decoding=\"async\" class=\"wd-lazy-fade alignnone size-full wp-image-30341\" src=\"https:\/\/covers4car.com\/wp-content\/themes\/woodmart\/images\/lazy.svg\" data-src=\"https:\/\/covers4car.com\/wp-content\/uploads\/2025\/09\/J.webp\" alt=\"\" width=\"1000\" height=\"1000\" srcset=\"\" data-srcset=\"https:\/\/covers4car.com\/wp-content\/uploads\/2025\/09\/J.webp 1000w, https:\/\/covers4car.com\/wp-content\/uploads\/2025\/09\/J-300x300.webp 300w, https:\/\/covers4car.com\/wp-content\/uploads\/2025\/09\/J-150x150.webp 150w, https:\/\/covers4car.com\/wp-content\/uploads\/2025\/09\/J-768x768.webp 768w, https:\/\/covers4car.com\/wp-content\/uploads\/2025\/09\/J-12x12.webp 12w, https:\/\/covers4car.com\/wp-content\/uploads\/2025\/09\/J-600x600.webp 600w, https:\/\/covers4car.com\/wp-content\/uploads\/2025\/09\/J-148x148.webp 148w, https:\/\/covers4car.com\/wp-content\/uploads\/2025\/09\/J-50x50.webp 50w, https:\/\/covers4car.com\/wp-content\/uploads\/2025\/09\/J-100x100.webp 100w\" sizes=\"(max-width: 1000px) 100vw, 1000px\" \/><\/a><\/p>\n<ul>\n<li style=\"text-align: left;\"><strong>Wodoodporny i odporny na zarysowania: <\/strong>Odporny na rozlanie, zarysowania i ognioodporny, co u\u0142atwia konserwacj\u0119. Chroni siedzenia w ka\u017cdych warunkach codziennej jazdy.<\/li>\n<\/ul>\n<p><strong><a href=\"https:\/\/covers4car.com\/wp-content\/uploads\/2025\/09\/7-16.webp\"><img loading=\"lazy\" decoding=\"async\" class=\"wd-lazy-fade alignnone size-full wp-image-30275\" src=\"https:\/\/covers4car.com\/wp-content\/themes\/woodmart\/images\/lazy.svg\" data-src=\"https:\/\/covers4car.com\/wp-content\/uploads\/2025\/09\/7-16.webp\" alt=\"\" width=\"1000\" height=\"1000\" srcset=\"\" data-srcset=\"https:\/\/covers4car.com\/wp-content\/uploads\/2025\/09\/7-16.webp 1000w, https:\/\/covers4car.com\/wp-content\/uploads\/2025\/09\/7-16-300x300.webp 300w, https:\/\/covers4car.com\/wp-content\/uploads\/2025\/09\/7-16-150x150.webp 150w, https:\/\/covers4car.com\/wp-content\/uploads\/2025\/09\/7-16-768x768.webp 768w, https:\/\/covers4car.com\/wp-content\/uploads\/2025\/09\/7-16-12x12.webp 12w, https:\/\/covers4car.com\/wp-content\/uploads\/2025\/09\/7-16-600x600.webp 600w, https:\/\/covers4car.com\/wp-content\/uploads\/2025\/09\/7-16-148x148.webp 148w, https:\/\/covers4car.com\/wp-content\/uploads\/2025\/09\/7-16-50x50.webp 50w, https:\/\/covers4car.com\/wp-content\/uploads\/2025\/09\/7-16-100x100.webp 100w\" sizes=\"(max-width: 1000px) 100vw, 1000px\" \/><\/a><\/strong><\/p>\n<ul>\n<li><strong>Bezpiecze\u0144stwo zgodne z poduszk\u0105 powietrzn\u0105: <\/strong>Specjalne szwy pozwalaj\u0105 na swobodne otwieranie si\u0119 poduszek powietrznych bez przeszk\u00f3d. Jed\u017a pewnie, wiedz\u0105c, \u017ce bezpiecze\u0144stwo nigdy nie jest zagro\u017cone.<\/li>\n<\/ul>\n<p><a href=\"https:\/\/covers4car.com\/wp-content\/uploads\/2025\/09\/I.webp\"><img loading=\"lazy\" decoding=\"async\" class=\"wd-lazy-fade alignnone size-full wp-image-30340\" src=\"https:\/\/covers4car.com\/wp-content\/themes\/woodmart\/images\/lazy.svg\" data-src=\"https:\/\/covers4car.com\/wp-content\/uploads\/2025\/09\/I.webp\" alt=\"\" width=\"1000\" height=\"1000\" srcset=\"\" data-srcset=\"https:\/\/covers4car.com\/wp-content\/uploads\/2025\/09\/I.webp 1000w, https:\/\/covers4car.com\/wp-content\/uploads\/2025\/09\/I-300x300.webp 300w, https:\/\/covers4car.com\/wp-content\/uploads\/2025\/09\/I-150x150.webp 150w, https:\/\/covers4car.com\/wp-content\/uploads\/2025\/09\/I-768x768.webp 768w, https:\/\/covers4car.com\/wp-content\/uploads\/2025\/09\/I-12x12.webp 12w, https:\/\/covers4car.com\/wp-content\/uploads\/2025\/09\/I-600x600.webp 600w, https:\/\/covers4car.com\/wp-content\/uploads\/2025\/09\/I-148x148.webp 148w, https:\/\/covers4car.com\/wp-content\/uploads\/2025\/09\/I-50x50.webp 50w, https:\/\/covers4car.com\/wp-content\/uploads\/2025\/09\/I-100x100.webp 100w\" sizes=\"(max-width: 1000px) 100vw, 1000px\" \/><\/a><\/p>\n<ul>\n<li><strong>Szybka i \u0142atwa instalacja: <\/strong>Monta\u017c w kilka minut bez u\u017cycia narz\u0119dzi dzi\u0119ki prostemu systemowi pask\u00f3w i klamer. Ciesz si\u0119 zawsze wygodnym, g\u0142adkim dopasowaniem bez zagniece\u0144.<strong><br \/>\n<\/strong><\/li>\n<li><strong>Wykonane z najwy\u017cszej jako\u015bci sk\u00f3ry: <\/strong>Wykonane z wysokiej jako\u015bci, odpornej na zu\u017cycie, wodoodporno\u015b\u0107 i zagniecenia sk\u00f3ry, z perforowan\u0105, ca\u0142kowicie zakrywaj\u0105c\u0105 konstrukcj\u0119, kt\u00f3ra chroni oryginalne siedzenia. Mi\u0119kkie, wytrzyma\u0142e i stylowe \u2013 natychmiast poprawiaj\u0105 komfort w kabinie.<\/li>\n<\/ul>\n<p><a href=\"https:\/\/covers4car.com\/wp-content\/uploads\/2025\/09\/F-3.webp\"><img loading=\"lazy\" decoding=\"async\" class=\"wd-lazy-fade alignnone size-full wp-image-30337\" src=\"https:\/\/covers4car.com\/wp-content\/themes\/woodmart\/images\/lazy.svg\" data-src=\"https:\/\/covers4car.com\/wp-content\/uploads\/2025\/09\/F-3.webp\" alt=\"\" width=\"1000\" height=\"1000\" srcset=\"\" data-srcset=\"https:\/\/covers4car.com\/wp-content\/uploads\/2025\/09\/F-3.webp 1000w, https:\/\/covers4car.com\/wp-content\/uploads\/2025\/09\/F-3-300x300.webp 300w, https:\/\/covers4car.com\/wp-content\/uploads\/2025\/09\/F-3-150x150.webp 150w, https:\/\/covers4car.com\/wp-content\/uploads\/2025\/09\/F-3-768x768.webp 768w, https:\/\/covers4car.com\/wp-content\/uploads\/2025\/09\/F-3-12x12.webp 12w, https:\/\/covers4car.com\/wp-content\/uploads\/2025\/09\/F-3-600x600.webp 600w, https:\/\/covers4car.com\/wp-content\/uploads\/2025\/09\/F-3-148x148.webp 148w, https:\/\/covers4car.com\/wp-content\/uploads\/2025\/09\/F-3-50x50.webp 50w, https:\/\/covers4car.com\/wp-content\/uploads\/2025\/09\/F-3-100x100.webp 100w\" sizes=\"(max-width: 1000px) 100vw, 1000px\" \/><\/a><\/p>\n<ul>\n<li><strong>R\u00f3\u017cne kolory i style: <\/strong>Dost\u0119pna jest szeroka gama kolor\u00f3w, kt\u00f3re podkre\u015bl\u0105 pi\u0119kno wn\u0119trza Twojego samochodu oraz jego styl i osobowo\u015b\u0107.<\/li>\n<\/ul>\n<\/div>\n<\/div>\n<\/div>\n<\/div>\n<\/div>\n<\/div>\n<p><strong>Pe\u0142ny zestaw:<\/strong><\/p>\n<ul>\n<li>2x pokrowce na przednie siedzenia<\/li>\n<li>1x kompletny pokrowiec na tylne siedzenie<\/li>\n<\/ul>\n<p><strong>Tylko przednie siedzenia<\/strong><\/p>\n<ul>\n<li>1x pe\u0142ne pokrowce na przednie siedzenia<\/li>\n<\/ul>\n<p><strong>Tylko tylne siedzenia<\/strong><\/p>\n<ul>\n<li>1x kompletny pokrowiec na tylne siedzenie<\/li>\n<\/ul>\n<p><strong>Instrukcja instalacji:<br \/>\n<\/strong><\/p>\n<div class=\"video-responsive\"><iframe title=\"Odtwarzacz wideo YouTube\" src=\"https:\/\/www.youtube.com\/embed\/XyWGEmrdpvg?si=kLoKUgUQATQi4Nbv\" frameborder=\"0\" allowfullscreen=\"allowfullscreen\"><br \/>\n<\/iframe><\/div>","protected":false},"excerpt":{"rendered":"<p>Odmie\u0144 swoje wra\u017cenia z jazdy dzi\u0119ki kompleksowym pokrowcom na siedzenia Covers4car \u2013 zaprojektowanym specjalnie dla Toyoty Rav4 z lat 2013\u20132025 i nowszych. Te dopasowane pokrowce na siedzenia do Toyoty Rav4<\/p>","protected":false},"featured_media":31306,"comment_status":"open","ping_status":"closed","template":"","meta":{"_acf_changed":false,"_monsterinsights_skip_tracking":false,"_monsterinsights_sitenote_active":false,"_monsterinsights_sitenote_note":"","_monsterinsights_sitenote_category":0},"product_brand":[],"product_cat":[124,11560,11561],"product_tag":[54968],"jet_color":[],"jet_material":[],"jet_coverage":[],"class_list":{"0":"post-21962","1":"product","2":"type-product","3":"status-publish","4":"has-post-thumbnail","6":"product_cat-seat-cover","7":"product_cat-seat-cover-for-toyota","8":"product_cat-seat-cover-for-toyota-rav4","9":"product_tag-fit-rav4","11":"first","12":"instock","13":"shipping-taxable","14":"purchasable","15":"product-type-variable","16":"has-default-attributes","17":"wvs-archive-product-wrapper"},"acf":[],"yoast_head":"<!-- This site is optimized with the Yoast SEO Premium plugin v26.4 (Yoast SEO v26.4) - https:\/\/yoast.com\/wordpress\/plugins\/seo\/ -->\n<title>Custom Fit Toyota RAV4 Seat Covers \u2013 Leather 2013-2025+<\/title>\n<meta name=\"description\" content=\"Discover custom fit Toyota RAV4 leather seat covers for 2013\u20132025+. Full coverage, durable, stylish, and designed for lasting comfort.\" \/>\n<meta name=\"robots\" content=\"index, follow, max-snippet:-1, max-image-preview:large, max-video-preview:-1\" \/>\n<link rel=\"canonical\" href=\"https:\/\/covers4car.com\/pl\/produkt\/custom-fit-toyota-rav4-leather-seat-cover-all-inclusive-seat-cover-02\/\" \/>\n<meta property=\"og:locale\" content=\"pl_PL\" \/>\n<meta property=\"og:type\" content=\"article\" \/>\n<meta property=\"og:title\" content=\"Custom Fit Toyota Rav4 Leather Seat Cover All Inclusive Seat Cover 02\" \/>\n<meta property=\"og:description\" content=\"Discover custom fit Toyota RAV4 leather seat covers for 2013\u20132025+. Full coverage, durable, stylish, and designed for lasting comfort.\" \/>\n<meta property=\"og:url\" content=\"https:\/\/covers4car.com\/pl\/produkt\/custom-fit-toyota-rav4-leather-seat-cover-all-inclusive-seat-cover-02\/\" \/>\n<meta property=\"og:site_name\" content=\"Covers4Car\" \/>\n<meta property=\"article:publisher\" content=\"https:\/\/www.facebook.com\/profile.php?id=61564533557142\" \/>\n<meta property=\"article:modified_time\" content=\"2025-12-19T20:12:37+00:00\" \/>\n<meta property=\"og:image\" content=\"https:\/\/covers4car.com\/wp-content\/uploads\/2025\/09\/new_A-4.webp\" \/>\n\t<meta property=\"og:image:width\" content=\"1000\" \/>\n\t<meta property=\"og:image:height\" content=\"1000\" \/>\n\t<meta property=\"og:image:type\" content=\"image\/webp\" \/>\n<meta name=\"twitter:card\" content=\"summary_large_image\" \/>\n<meta name=\"twitter:site\" content=\"@covers4carstore\" \/>\n<meta name=\"twitter:label1\" content=\"Szacowany czas czytania\" \/>\n\t<meta name=\"twitter:data1\" content=\"4 minuty\" \/>\n<script type=\"application\/ld+json\" class=\"yoast-schema-graph\">{\"@context\":\"https:\/\/schema.org\",\"@graph\":[{\"@type\":\"WebPage\",\"@id\":\"https:\/\/covers4car.com\/product\/custom-fit-toyota-rav4-leather-seat-cover-all-inclusive-seat-cover-02\/\",\"url\":\"https:\/\/covers4car.com\/product\/custom-fit-toyota-rav4-leather-seat-cover-all-inclusive-seat-cover-02\/\",\"name\":\"Custom Fit Toyota RAV4 Seat Covers \u2013 Leather 2013-2025+\",\"isPartOf\":{\"@id\":\"https:\/\/covers4car.com\/#website\"},\"primaryImageOfPage\":{\"@id\":\"https:\/\/covers4car.com\/product\/custom-fit-toyota-rav4-leather-seat-cover-all-inclusive-seat-cover-02\/#primaryimage\"},\"image\":{\"@id\":\"https:\/\/covers4car.com\/product\/custom-fit-toyota-rav4-leather-seat-cover-all-inclusive-seat-cover-02\/#primaryimage\"},\"thumbnailUrl\":\"https:\/\/covers4car.com\/wp-content\/uploads\/2025\/09\/new_A-4.webp\",\"datePublished\":\"2025-09-10T09:30:49+00:00\",\"dateModified\":\"2025-12-19T20:12:37+00:00\",\"description\":\"Discover custom fit Toyota RAV4 leather seat covers for 2013\u20132025+. Full coverage, durable, stylish, and designed for lasting comfort.\",\"breadcrumb\":{\"@id\":\"https:\/\/covers4car.com\/product\/custom-fit-toyota-rav4-leather-seat-cover-all-inclusive-seat-cover-02\/#breadcrumb\"},\"inLanguage\":\"pl-PL\",\"potentialAction\":[{\"@type\":\"ReadAction\",\"target\":[\"https:\/\/covers4car.com\/product\/custom-fit-toyota-rav4-leather-seat-cover-all-inclusive-seat-cover-02\/\"]}]},{\"@type\":\"ImageObject\",\"inLanguage\":\"pl-PL\",\"@id\":\"https:\/\/covers4car.com\/product\/custom-fit-toyota-rav4-leather-seat-cover-all-inclusive-seat-cover-02\/#primaryimage\",\"url\":\"https:\/\/covers4car.com\/wp-content\/uploads\/2025\/09\/new_A-4.webp\",\"contentUrl\":\"https:\/\/covers4car.com\/wp-content\/uploads\/2025\/09\/new_A-4.webp\",\"width\":1000,\"height\":1000},{\"@type\":\"BreadcrumbList\",\"@id\":\"https:\/\/covers4car.com\/product\/custom-fit-toyota-rav4-leather-seat-cover-all-inclusive-seat-cover-02\/#breadcrumb\",\"itemListElement\":[{\"@type\":\"ListItem\",\"position\":1,\"name\":\"Home\",\"item\":\"https:\/\/covers4car.com\/\"},{\"@type\":\"ListItem\",\"position\":2,\"name\":\"Shop\",\"item\":\"https:\/\/covers4car.com\/shop\/\"},{\"@type\":\"ListItem\",\"position\":3,\"name\":\"Custom Fit Toyota Rav4 Leather Seat Cover All Inclusive Seat Cover 02\"}]},{\"@type\":\"WebSite\",\"@id\":\"https:\/\/covers4car.com\/#website\",\"url\":\"https:\/\/covers4car.com\/\",\"name\":\"Covers4Car\",\"description\":\"Professional Seat Covers Tailored for Your Vehicle\",\"publisher\":{\"@id\":\"https:\/\/covers4car.com\/#organization\"},\"potentialAction\":[{\"@type\":\"SearchAction\",\"target\":{\"@type\":\"EntryPoint\",\"urlTemplate\":\"https:\/\/covers4car.com\/?s={search_term_string}\"},\"query-input\":{\"@type\":\"PropertyValueSpecification\",\"valueRequired\":true,\"valueName\":\"search_term_string\"}}],\"inLanguage\":\"pl-PL\"},{\"@type\":\"Organization\",\"@id\":\"https:\/\/covers4car.com\/#organization\",\"name\":\"Covers4Car\",\"url\":\"https:\/\/covers4car.com\/\",\"logo\":{\"@type\":\"ImageObject\",\"inLanguage\":\"pl-PL\",\"@id\":\"https:\/\/covers4car.com\/#\/schema\/logo\/image\/\",\"url\":\"https:\/\/covers4car.com\/wp-content\/uploads\/2024\/11\/Asset-2@5x-copy.jpg\",\"contentUrl\":\"https:\/\/covers4car.com\/wp-content\/uploads\/2024\/11\/Asset-2@5x-copy.jpg\",\"width\":877,\"height\":877,\"caption\":\"Covers4Car\"},\"image\":{\"@id\":\"https:\/\/covers4car.com\/#\/schema\/logo\/image\/\"},\"sameAs\":[\"https:\/\/www.facebook.com\/profile.php?id=61564533557142\",\"https:\/\/x.com\/covers4carstore\"]}]}<\/script>\n<!-- \/ Yoast SEO Premium plugin. -->","yoast_head_json":{"title":"Pokrowce na siedzenia Toyota RAV4 dopasowane do sylwetki \u2013 sk\u00f3rzane, modele 2013\u20132025+","description":"Odkryj dopasowane sk\u00f3rzane pokrowce na siedzenia do Toyoty RAV4 z lat 2013\u20132025 i nowszych. Pe\u0142ne pokrycie, trwa\u0142o\u015b\u0107, styl i d\u0142ugotrwa\u0142y komfort.","robots":{"index":"index","follow":"follow","max-snippet":"max-snippet:-1","max-image-preview":"max-image-preview:large","max-video-preview":"max-video-preview:-1"},"canonical":"https:\/\/covers4car.com\/pl\/produkt\/custom-fit-toyota-rav4-leather-seat-cover-all-inclusive-seat-cover-02\/","og_locale":"pl_PL","og_type":"article","og_title":"Custom Fit Toyota Rav4 Leather Seat Cover All Inclusive Seat Cover 02","og_description":"Discover custom fit Toyota RAV4 leather seat covers for 2013\u20132025+. Full coverage, durable, stylish, and designed for lasting comfort.","og_url":"https:\/\/covers4car.com\/pl\/produkt\/custom-fit-toyota-rav4-leather-seat-cover-all-inclusive-seat-cover-02\/","og_site_name":"Covers4Car","article_publisher":"https:\/\/www.facebook.com\/profile.php?id=61564533557142","article_modified_time":"2025-12-19T20:12:37+00:00","og_image":[{"width":1000,"height":1000,"url":"https:\/\/covers4car.com\/wp-content\/uploads\/2025\/09\/new_A-4.webp","type":"image\/webp"}],"twitter_card":"summary_large_image","twitter_site":"@covers4carstore","twitter_misc":{"Szacowany czas czytania":"4 minuty"},"schema":{"@context":"https:\/\/schema.org","@graph":[{"@type":"WebPage","@id":"https:\/\/covers4car.com\/product\/custom-fit-toyota-rav4-leather-seat-cover-all-inclusive-seat-cover-02\/","url":"https:\/\/covers4car.com\/product\/custom-fit-toyota-rav4-leather-seat-cover-all-inclusive-seat-cover-02\/","name":"Pokrowce na siedzenia Toyota RAV4 dopasowane do sylwetki \u2013 sk\u00f3rzane, modele 2013\u20132025+","isPartOf":{"@id":"https:\/\/covers4car.com\/#website"},"primaryImageOfPage":{"@id":"https:\/\/covers4car.com\/product\/custom-fit-toyota-rav4-leather-seat-cover-all-inclusive-seat-cover-02\/#primaryimage"},"image":{"@id":"https:\/\/covers4car.com\/product\/custom-fit-toyota-rav4-leather-seat-cover-all-inclusive-seat-cover-02\/#primaryimage"},"thumbnailUrl":"https:\/\/covers4car.com\/wp-content\/uploads\/2025\/09\/new_A-4.webp","datePublished":"2025-09-10T09:30:49+00:00","dateModified":"2025-12-19T20:12:37+00:00","description":"Odkryj dopasowane sk\u00f3rzane pokrowce na siedzenia do Toyoty RAV4 z lat 2013\u20132025 i nowszych. Pe\u0142ne pokrycie, trwa\u0142o\u015b\u0107, styl i d\u0142ugotrwa\u0142y komfort.","breadcrumb":{"@id":"https:\/\/covers4car.com\/product\/custom-fit-toyota-rav4-leather-seat-cover-all-inclusive-seat-cover-02\/#breadcrumb"},"inLanguage":"pl-PL","potentialAction":[{"@type":"ReadAction","target":["https:\/\/covers4car.com\/product\/custom-fit-toyota-rav4-leather-seat-cover-all-inclusive-seat-cover-02\/"]}]},{"@type":"ImageObject","inLanguage":"pl-PL","@id":"https:\/\/covers4car.com\/product\/custom-fit-toyota-rav4-leather-seat-cover-all-inclusive-seat-cover-02\/#primaryimage","url":"https:\/\/covers4car.com\/wp-content\/uploads\/2025\/09\/new_A-4.webp","contentUrl":"https:\/\/covers4car.com\/wp-content\/uploads\/2025\/09\/new_A-4.webp","width":1000,"height":1000},{"@type":"BreadcrumbList","@id":"https:\/\/covers4car.com\/product\/custom-fit-toyota-rav4-leather-seat-cover-all-inclusive-seat-cover-02\/#breadcrumb","itemListElement":[{"@type":"ListItem","position":1,"name":"Home","item":"https:\/\/covers4car.com\/"},{"@type":"ListItem","position":2,"name":"Shop","item":"https:\/\/covers4car.com\/shop\/"},{"@type":"ListItem","position":3,"name":"Custom Fit Toyota Rav4 Leather Seat Cover All Inclusive Seat Cover 02"}]},{"@type":"WebSite","@id":"https:\/\/covers4car.com\/#website","url":"https:\/\/covers4car.com\/","name":"Covers4Car","description":"Profesjonalne pokrowce na siedzenia dopasowane do Twojego pojazdu","publisher":{"@id":"https:\/\/covers4car.com\/#organization"},"potentialAction":[{"@type":"SearchAction","target":{"@type":"EntryPoint","urlTemplate":"https:\/\/covers4car.com\/?s={search_term_string}"},"query-input":{"@type":"PropertyValueSpecification","valueRequired":true,"valueName":"search_term_string"}}],"inLanguage":"pl-PL"},{"@type":"Organization","@id":"https:\/\/covers4car.com\/#organization","name":"Covers4Car","url":"https:\/\/covers4car.com\/","logo":{"@type":"ImageObject","inLanguage":"pl-PL","@id":"https:\/\/covers4car.com\/#\/schema\/logo\/image\/","url":"https:\/\/covers4car.com\/wp-content\/uploads\/2024\/11\/Asset-2@5x-copy.jpg","contentUrl":"https:\/\/covers4car.com\/wp-content\/uploads\/2024\/11\/Asset-2@5x-copy.jpg","width":877,"height":877,"caption":"Covers4Car"},"image":{"@id":"https:\/\/covers4car.com\/#\/schema\/logo\/image\/"},"sameAs":["https:\/\/www.facebook.com\/profile.php?id=61564533557142","https:\/\/x.com\/covers4carstore"]}]}},"_links":{"self":[{"href":"https:\/\/covers4car.com\/pl\/wp-json\/wp\/v2\/product\/21962","targetHints":{"allow":["GET"]}}],"collection":[{"href":"https:\/\/covers4car.com\/pl\/wp-json\/wp\/v2\/product"}],"about":[{"href":"https:\/\/covers4car.com\/pl\/wp-json\/wp\/v2\/types\/product"}],"replies":[{"embeddable":true,"href":"https:\/\/covers4car.com\/pl\/wp-json\/wp\/v2\/comments?post=21962"}],"version-history":[{"count":0,"href":"https:\/\/covers4car.com\/pl\/wp-json\/wp\/v2\/product\/21962\/revisions"}],"wp:featuredmedia":[{"embeddable":true,"href":"https:\/\/covers4car.com\/pl\/wp-json\/wp\/v2\/media\/31306"}],"wp:attachment":[{"href":"https:\/\/covers4car.com\/pl\/wp-json\/wp\/v2\/media?parent=21962"}],"wp:term":[{"taxonomy":"product_brand","embeddable":true,"href":"https:\/\/covers4car.com\/pl\/wp-json\/wp\/v2\/product_brand?post=21962"},{"taxonomy":"product_cat","embeddable":true,"href":"https:\/\/covers4car.com\/pl\/wp-json\/wp\/v2\/product_cat?post=21962"},{"taxonomy":"product_tag","embeddable":true,"href":"https:\/\/covers4car.com\/pl\/wp-json\/wp\/v2\/product_tag?post=21962"},{"taxonomy":"jet_color","embeddable":true,"href":"https:\/\/covers4car.com\/pl\/wp-json\/wp\/v2\/jet_color?post=21962"},{"taxonomy":"jet_material","embeddable":true,"href":"https:\/\/covers4car.com\/pl\/wp-json\/wp\/v2\/jet_material?post=21962"},{"taxonomy":"jet_coverage","embeddable":true,"href":"https:\/\/covers4car.com\/pl\/wp-json\/wp\/v2\/jet_coverage?post=21962"}],"curies":[{"name":"wp","href":"https:\/\/api.w.org\/{rel}","templated":true}]}}