{"id":22846,"date":"2025-09-12T21:26:42","date_gmt":"2025-09-13T04:26:42","guid":{"rendered":"https:\/\/covers4car.com\/?post_type=product&#038;p=22846"},"modified":"2025-11-09T20:16:26","modified_gmt":"2025-11-10T04:16:26","slug":"all-inclusive-custom-fit-leather-seat-cover-08-for-ford-f-150-f-250-f-350-f-450","status":"publish","type":"product","link":"https:\/\/covers4car.com\/pl\/produkt\/all-inclusive-custom-fit-leather-seat-cover-08-for-ford-f-150-f-250-f-350-f-450\/","title":{"rendered":"Pokrowiec na siedzenie ze sk\u00f3ry naturalnej, w pe\u0142ni dopasowany, model 08 do Forda F-150 F-250 F-350 F-450"},"content":{"rendered":"<p>Zmie\u0144 swoje wra\u017cenia z jazdy dzi\u0119ki kompleksowemu, dopasowanemu sk\u00f3rzanemu pokrowcowi na siedzenia Covers4Car do samochod\u00f3w Ford F-150, F-250, F-350 i F-450. Starannie wykonany, aby zapewni\u0107 elegancj\u0119 na poziomie fabrycznym, doskona\u0142\u0105 trwa\u0142o\u015b\u0107, kompleksow\u0105 ochron\u0119 i regulowany komfort, dzi\u0119ki czemu Tw\u00f3j Ford F-150 pozostanie stylowy i wygodny przez wiele lat, jednocze\u015bnie zwi\u0119kszaj\u0105c jego warto\u015b\u0107 odsprzeda\u017cy.<\/p>\n<ul>\n<li>Dopasowanie: Ford F150 Carhartt z lat 2009\u20132025 i F250, F350 i F450 z lat 2017\u20132025<\/li>\n<li>Idealne dopasowanie w stylu fabrycznym: zaprojektowane tak, aby pasowa\u0107 do luksusowego wygl\u0105du fabrycznych siedze\u0144 Forda F-150, zapewniaj\u0105c idealne dopasowanie i walory estetyczne.<\/li>\n<li>Wi\u0119ksza trwa\u0142o\u015b\u0107: Wykonane z trwa\u0142ych materia\u0142\u00f3w o g\u0142adkiej, oddychaj\u0105cej powierzchni, kt\u00f3ra jest \u0142atwa do czyszczenia i zapewnia komfort bez wzgl\u0119du na por\u0119 roku.<\/li>\n<li>Bezpiecze\u0144stwo podczas jazdy: Posiada zarezerwowane otwory na poduszki powietrzne, co zapewnia wi\u0119ksze bezpiecze\u0144stwo i spok\u00f3j ducha.<\/li>\n<li>Kompleksowa ochrona: Zapewnia 360\u00b0 ochron\u0119 foteli Forda F-150 przed brudem, plamami, otarciami i zu\u017cyciem spowodowanym przez zwierz\u0119ta domowe lub dzieci, utrzymuj\u0105c je w nienagannym stanie. B\u0142otniste odciski \u0142ap zwierz\u0105t domowych i napoje pozostawione przez dzieci mo\u017cna szybko zetrze\u0107 r\u0119cznikiem, dzi\u0119ki czemu fotele b\u0119d\u0105 wygl\u0105da\u0107 jak nowe.<\/li>\n<li>Trwa\u0142o\u015b\u0107 i warto\u015b\u0107 odsprzeda\u017cy: Przed\u0142u\u017ca \u017cywotno\u015b\u0107 Twojego Forda F-150 o 5-6 lat, zabezpieczaj\u0105c go przed uszkodzeniami i zachowuj\u0105c potencja\u0142 odsprzeda\u017cy pojazdu.<\/li>\n<li>Wygoda podczas d\u0142ugich podr\u00f3\u017cy: Ciesz si\u0119 niezr\u00f3wnanym komfortem podczas d\u0142ugich podr\u00f3\u017cy dzi\u0119ki naszym spersonalizowanym, kompleksowym pokrowcom na siedzenia, zaprojektowanym tak, aby zapewnia\u0107 doskona\u0142\u0105 amortyzacj\u0119 i wsparcie, dzi\u0119ki czemu b\u0119dziesz czu\u0107 si\u0119 zrelaksowany i komfortowo bez wzgl\u0119du na to, jak daleko podr\u00f3\u017cujesz.<\/li>\n<\/ul>\n<p><strong>Pe\u0142ny zestaw (siedzenia przednie i tylne):<\/strong><\/p>\n<ul>\n<li>2x pokrowce na przednie siedzenia<\/li>\n<li>1x kompletny pokrowiec na tylne siedzenie<\/li>\n<\/ul>\n<p><strong>Tylko przednie siedzenia<\/strong><\/p>\n<ul>\n<li>1x pe\u0142ne pokrowce na przednie siedzenia<\/li>\n<\/ul>\n<p><strong>Tylko tylne siedzenia<\/strong><\/p>\n<ul>\n<li>1x kompletny pokrowiec na tylne siedzenie<\/li>\n<\/ul>","protected":false},"excerpt":{"rendered":"<p>Zmie\u0144 swoje wra\u017cenia z jazdy dzi\u0119ki kompleksowym, dopasowanym sk\u00f3rzanym pokrowcom na siedzenia Covers4Car do Forda F-150 F-250 F-350 F-450, starannie wykonanym<\/p>","protected":false},"featured_media":22848,"comment_status":"open","ping_status":"closed","template":"","meta":{"_acf_changed":false,"_monsterinsights_skip_tracking":false,"_monsterinsights_sitenote_active":false,"_monsterinsights_sitenote_note":"","_monsterinsights_sitenote_category":0},"product_brand":[],"product_cat":[118,113],"product_tag":[55020],"jet_color":[],"jet_material":[],"jet_coverage":[],"class_list":{"0":"post-22846","1":"product","2":"type-product","3":"status-publish","4":"has-post-thumbnail","6":"product_cat-seat-cover-for-ford","7":"product_cat-seat-cover-for-f-series","8":"product_tag-fit-f-series","10":"first","11":"instock","12":"shipping-taxable","13":"purchasable","14":"product-type-variable","15":"has-default-attributes","16":"wvs-archive-product-wrapper"},"acf":[],"yoast_head":"<!-- This site is optimized with the Yoast SEO Premium plugin v26.4 (Yoast SEO v26.4) - https:\/\/yoast.com\/wordpress\/plugins\/seo\/ -->\n<title>Ford F150 Seat Covers | Custom Leather for F250-F450<\/title>\n<meta name=\"description\" content=\"Protect Ford F150, F250, F350, F450 seats with custom fit leather covers. Durable design adds comfort, style, and complete protection.\" \/>\n<meta name=\"robots\" content=\"index, follow, max-snippet:-1, max-image-preview:large, max-video-preview:-1\" \/>\n<link rel=\"canonical\" href=\"https:\/\/covers4car.com\/pl\/produkt\/all-inclusive-custom-fit-leather-seat-cover-08-for-ford-f-150-f-250-f-350-f-450\/\" \/>\n<meta property=\"og:locale\" content=\"pl_PL\" \/>\n<meta property=\"og:type\" content=\"article\" \/>\n<meta property=\"og:title\" content=\"All Inclusive Custom Fit Leather Seat Cover 08 for Ford F-150 F-250 F-350 F-450\" \/>\n<meta property=\"og:description\" content=\"Protect Ford F150, F250, F350, F450 seats with custom fit leather covers. Durable design adds comfort, style, and complete protection.\" \/>\n<meta property=\"og:url\" content=\"https:\/\/covers4car.com\/pl\/produkt\/all-inclusive-custom-fit-leather-seat-cover-08-for-ford-f-150-f-250-f-350-f-450\/\" \/>\n<meta property=\"og:site_name\" content=\"Covers4Car\" \/>\n<meta property=\"article:publisher\" content=\"https:\/\/www.facebook.com\/profile.php?id=61564533557142\" \/>\n<meta property=\"article:modified_time\" content=\"2025-11-10T04:16:26+00:00\" \/>\n<meta property=\"og:image\" content=\"https:\/\/covers4car.com\/wp-content\/uploads\/2025\/09\/2-14.webp\" \/>\n\t<meta property=\"og:image:width\" content=\"1000\" \/>\n\t<meta property=\"og:image:height\" content=\"1000\" \/>\n\t<meta property=\"og:image:type\" content=\"image\/webp\" \/>\n<meta name=\"twitter:card\" content=\"summary_large_image\" \/>\n<meta name=\"twitter:site\" content=\"@covers4carstore\" \/>\n<meta name=\"twitter:label1\" content=\"Szacowany czas czytania\" \/>\n\t<meta name=\"twitter:data1\" content=\"2 minuty\" \/>\n<script type=\"application\/ld+json\" class=\"yoast-schema-graph\">{\"@context\":\"https:\/\/schema.org\",\"@graph\":[{\"@type\":\"WebPage\",\"@id\":\"https:\/\/covers4car.com\/product\/all-inclusive-custom-fit-leather-seat-cover-08-for-ford-f-150-f-250-f-350-f-450\/\",\"url\":\"https:\/\/covers4car.com\/product\/all-inclusive-custom-fit-leather-seat-cover-08-for-ford-f-150-f-250-f-350-f-450\/\",\"name\":\"Ford F150 Seat Covers | Custom Leather for F250-F450\",\"isPartOf\":{\"@id\":\"https:\/\/covers4car.com\/#website\"},\"primaryImageOfPage\":{\"@id\":\"https:\/\/covers4car.com\/product\/all-inclusive-custom-fit-leather-seat-cover-08-for-ford-f-150-f-250-f-350-f-450\/#primaryimage\"},\"image\":{\"@id\":\"https:\/\/covers4car.com\/product\/all-inclusive-custom-fit-leather-seat-cover-08-for-ford-f-150-f-250-f-350-f-450\/#primaryimage\"},\"thumbnailUrl\":\"https:\/\/covers4car.com\/wp-content\/uploads\/2025\/09\/2-14.webp\",\"datePublished\":\"2025-09-13T04:26:42+00:00\",\"dateModified\":\"2025-11-10T04:16:26+00:00\",\"description\":\"Protect Ford F150, F250, F350, F450 seats with custom fit leather covers. Durable design adds comfort, style, and complete protection.\",\"breadcrumb\":{\"@id\":\"https:\/\/covers4car.com\/product\/all-inclusive-custom-fit-leather-seat-cover-08-for-ford-f-150-f-250-f-350-f-450\/#breadcrumb\"},\"inLanguage\":\"pl-PL\",\"potentialAction\":[{\"@type\":\"ReadAction\",\"target\":[\"https:\/\/covers4car.com\/product\/all-inclusive-custom-fit-leather-seat-cover-08-for-ford-f-150-f-250-f-350-f-450\/\"]}]},{\"@type\":\"ImageObject\",\"inLanguage\":\"pl-PL\",\"@id\":\"https:\/\/covers4car.com\/product\/all-inclusive-custom-fit-leather-seat-cover-08-for-ford-f-150-f-250-f-350-f-450\/#primaryimage\",\"url\":\"https:\/\/covers4car.com\/wp-content\/uploads\/2025\/09\/2-14.webp\",\"contentUrl\":\"https:\/\/covers4car.com\/wp-content\/uploads\/2025\/09\/2-14.webp\",\"width\":1000,\"height\":1000},{\"@type\":\"BreadcrumbList\",\"@id\":\"https:\/\/covers4car.com\/product\/all-inclusive-custom-fit-leather-seat-cover-08-for-ford-f-150-f-250-f-350-f-450\/#breadcrumb\",\"itemListElement\":[{\"@type\":\"ListItem\",\"position\":1,\"name\":\"Home\",\"item\":\"https:\/\/covers4car.com\/\"},{\"@type\":\"ListItem\",\"position\":2,\"name\":\"Shop\",\"item\":\"https:\/\/covers4car.com\/shop\/\"},{\"@type\":\"ListItem\",\"position\":3,\"name\":\"All Inclusive Custom Fit Leather Seat Cover 08 for Ford F-150 F-250 F-350 F-450\"}]},{\"@type\":\"WebSite\",\"@id\":\"https:\/\/covers4car.com\/#website\",\"url\":\"https:\/\/covers4car.com\/\",\"name\":\"Covers4Car\",\"description\":\"Professional Seat Covers Tailored for Your Vehicle\",\"publisher\":{\"@id\":\"https:\/\/covers4car.com\/#organization\"},\"potentialAction\":[{\"@type\":\"SearchAction\",\"target\":{\"@type\":\"EntryPoint\",\"urlTemplate\":\"https:\/\/covers4car.com\/?s={search_term_string}\"},\"query-input\":{\"@type\":\"PropertyValueSpecification\",\"valueRequired\":true,\"valueName\":\"search_term_string\"}}],\"inLanguage\":\"pl-PL\"},{\"@type\":\"Organization\",\"@id\":\"https:\/\/covers4car.com\/#organization\",\"name\":\"Covers4Car\",\"url\":\"https:\/\/covers4car.com\/\",\"logo\":{\"@type\":\"ImageObject\",\"inLanguage\":\"pl-PL\",\"@id\":\"https:\/\/covers4car.com\/#\/schema\/logo\/image\/\",\"url\":\"https:\/\/covers4car.com\/wp-content\/uploads\/2024\/11\/Asset-2@5x-copy.jpg\",\"contentUrl\":\"https:\/\/covers4car.com\/wp-content\/uploads\/2024\/11\/Asset-2@5x-copy.jpg\",\"width\":877,\"height\":877,\"caption\":\"Covers4Car\"},\"image\":{\"@id\":\"https:\/\/covers4car.com\/#\/schema\/logo\/image\/\"},\"sameAs\":[\"https:\/\/www.facebook.com\/profile.php?id=61564533557142\",\"https:\/\/x.com\/covers4carstore\"]}]}<\/script>\n<!-- \/ Yoast SEO Premium plugin. -->","yoast_head_json":{"title":"Pokrowce na siedzenia Ford F150 | Sk\u00f3ra na zam\u00f3wienie do modeli F250-F450","description":"Chro\u0144 fotele Forda F150, F250, F350 i F450 za pomoc\u0105 dopasowanych sk\u00f3rzanych pokrowc\u00f3w. Wytrzyma\u0142a konstrukcja zapewnia komfort, styl i pe\u0142n\u0105 ochron\u0119.","robots":{"index":"index","follow":"follow","max-snippet":"max-snippet:-1","max-image-preview":"max-image-preview:large","max-video-preview":"max-video-preview:-1"},"canonical":"https:\/\/covers4car.com\/pl\/produkt\/all-inclusive-custom-fit-leather-seat-cover-08-for-ford-f-150-f-250-f-350-f-450\/","og_locale":"pl_PL","og_type":"article","og_title":"All Inclusive Custom Fit Leather Seat Cover 08 for Ford F-150 F-250 F-350 F-450","og_description":"Protect Ford F150, F250, F350, F450 seats with custom fit leather covers. Durable design adds comfort, style, and complete protection.","og_url":"https:\/\/covers4car.com\/pl\/produkt\/all-inclusive-custom-fit-leather-seat-cover-08-for-ford-f-150-f-250-f-350-f-450\/","og_site_name":"Covers4Car","article_publisher":"https:\/\/www.facebook.com\/profile.php?id=61564533557142","article_modified_time":"2025-11-10T04:16:26+00:00","og_image":[{"width":1000,"height":1000,"url":"https:\/\/covers4car.com\/wp-content\/uploads\/2025\/09\/2-14.webp","type":"image\/webp"}],"twitter_card":"summary_large_image","twitter_site":"@covers4carstore","twitter_misc":{"Szacowany czas czytania":"2 minuty"},"schema":{"@context":"https:\/\/schema.org","@graph":[{"@type":"WebPage","@id":"https:\/\/covers4car.com\/product\/all-inclusive-custom-fit-leather-seat-cover-08-for-ford-f-150-f-250-f-350-f-450\/","url":"https:\/\/covers4car.com\/product\/all-inclusive-custom-fit-leather-seat-cover-08-for-ford-f-150-f-250-f-350-f-450\/","name":"Pokrowce na siedzenia Ford F150 | Sk\u00f3ra na zam\u00f3wienie do modeli F250-F450","isPartOf":{"@id":"https:\/\/covers4car.com\/#website"},"primaryImageOfPage":{"@id":"https:\/\/covers4car.com\/product\/all-inclusive-custom-fit-leather-seat-cover-08-for-ford-f-150-f-250-f-350-f-450\/#primaryimage"},"image":{"@id":"https:\/\/covers4car.com\/product\/all-inclusive-custom-fit-leather-seat-cover-08-for-ford-f-150-f-250-f-350-f-450\/#primaryimage"},"thumbnailUrl":"https:\/\/covers4car.com\/wp-content\/uploads\/2025\/09\/2-14.webp","datePublished":"2025-09-13T04:26:42+00:00","dateModified":"2025-11-10T04:16:26+00:00","description":"Chro\u0144 fotele Forda F150, F250, F350 i F450 za pomoc\u0105 dopasowanych sk\u00f3rzanych pokrowc\u00f3w. Wytrzyma\u0142a konstrukcja zapewnia komfort, styl i pe\u0142n\u0105 ochron\u0119.","breadcrumb":{"@id":"https:\/\/covers4car.com\/product\/all-inclusive-custom-fit-leather-seat-cover-08-for-ford-f-150-f-250-f-350-f-450\/#breadcrumb"},"inLanguage":"pl-PL","potentialAction":[{"@type":"ReadAction","target":["https:\/\/covers4car.com\/product\/all-inclusive-custom-fit-leather-seat-cover-08-for-ford-f-150-f-250-f-350-f-450\/"]}]},{"@type":"ImageObject","inLanguage":"pl-PL","@id":"https:\/\/covers4car.com\/product\/all-inclusive-custom-fit-leather-seat-cover-08-for-ford-f-150-f-250-f-350-f-450\/#primaryimage","url":"https:\/\/covers4car.com\/wp-content\/uploads\/2025\/09\/2-14.webp","contentUrl":"https:\/\/covers4car.com\/wp-content\/uploads\/2025\/09\/2-14.webp","width":1000,"height":1000},{"@type":"BreadcrumbList","@id":"https:\/\/covers4car.com\/product\/all-inclusive-custom-fit-leather-seat-cover-08-for-ford-f-150-f-250-f-350-f-450\/#breadcrumb","itemListElement":[{"@type":"ListItem","position":1,"name":"Home","item":"https:\/\/covers4car.com\/"},{"@type":"ListItem","position":2,"name":"Shop","item":"https:\/\/covers4car.com\/shop\/"},{"@type":"ListItem","position":3,"name":"All Inclusive Custom Fit Leather Seat Cover 08 for Ford F-150 F-250 F-350 F-450"}]},{"@type":"WebSite","@id":"https:\/\/covers4car.com\/#website","url":"https:\/\/covers4car.com\/","name":"Covers4Car","description":"Profesjonalne pokrowce na siedzenia dopasowane do Twojego pojazdu","publisher":{"@id":"https:\/\/covers4car.com\/#organization"},"potentialAction":[{"@type":"SearchAction","target":{"@type":"EntryPoint","urlTemplate":"https:\/\/covers4car.com\/?s={search_term_string}"},"query-input":{"@type":"PropertyValueSpecification","valueRequired":true,"valueName":"search_term_string"}}],"inLanguage":"pl-PL"},{"@type":"Organization","@id":"https:\/\/covers4car.com\/#organization","name":"Covers4Car","url":"https:\/\/covers4car.com\/","logo":{"@type":"ImageObject","inLanguage":"pl-PL","@id":"https:\/\/covers4car.com\/#\/schema\/logo\/image\/","url":"https:\/\/covers4car.com\/wp-content\/uploads\/2024\/11\/Asset-2@5x-copy.jpg","contentUrl":"https:\/\/covers4car.com\/wp-content\/uploads\/2024\/11\/Asset-2@5x-copy.jpg","width":877,"height":877,"caption":"Covers4Car"},"image":{"@id":"https:\/\/covers4car.com\/#\/schema\/logo\/image\/"},"sameAs":["https:\/\/www.facebook.com\/profile.php?id=61564533557142","https:\/\/x.com\/covers4carstore"]}]}},"_links":{"self":[{"href":"https:\/\/covers4car.com\/pl\/wp-json\/wp\/v2\/product\/22846","targetHints":{"allow":["GET"]}}],"collection":[{"href":"https:\/\/covers4car.com\/pl\/wp-json\/wp\/v2\/product"}],"about":[{"href":"https:\/\/covers4car.com\/pl\/wp-json\/wp\/v2\/types\/product"}],"replies":[{"embeddable":true,"href":"https:\/\/covers4car.com\/pl\/wp-json\/wp\/v2\/comments?post=22846"}],"version-history":[{"count":0,"href":"https:\/\/covers4car.com\/pl\/wp-json\/wp\/v2\/product\/22846\/revisions"}],"wp:featuredmedia":[{"embeddable":true,"href":"https:\/\/covers4car.com\/pl\/wp-json\/wp\/v2\/media\/22848"}],"wp:attachment":[{"href":"https:\/\/covers4car.com\/pl\/wp-json\/wp\/v2\/media?parent=22846"}],"wp:term":[{"taxonomy":"product_brand","embeddable":true,"href":"https:\/\/covers4car.com\/pl\/wp-json\/wp\/v2\/product_brand?post=22846"},{"taxonomy":"product_cat","embeddable":true,"href":"https:\/\/covers4car.com\/pl\/wp-json\/wp\/v2\/product_cat?post=22846"},{"taxonomy":"product_tag","embeddable":true,"href":"https:\/\/covers4car.com\/pl\/wp-json\/wp\/v2\/product_tag?post=22846"},{"taxonomy":"jet_color","embeddable":true,"href":"https:\/\/covers4car.com\/pl\/wp-json\/wp\/v2\/jet_color?post=22846"},{"taxonomy":"jet_material","embeddable":true,"href":"https:\/\/covers4car.com\/pl\/wp-json\/wp\/v2\/jet_material?post=22846"},{"taxonomy":"jet_coverage","embeddable":true,"href":"https:\/\/covers4car.com\/pl\/wp-json\/wp\/v2\/jet_coverage?post=22846"}],"curies":[{"name":"wp","href":"https:\/\/api.w.org\/{rel}","templated":true}]}}