{"id":24393,"date":"2025-10-15T05:53:52","date_gmt":"2025-10-15T12:53:52","guid":{"rendered":"https:\/\/covers4car.com\/?post_type=product&#038;p=24393"},"modified":"2025-11-13T05:48:49","modified_gmt":"2025-11-13T13:48:49","slug":"custom-fit-premium-leather-car-seat-covers-for-honda-cr-v-crv-front-rear-seat-protector-luxury-stitching-02","status":"publish","type":"product","link":"https:\/\/covers4car.com\/pl\/produkt\/custom-fit-premium-leather-car-seat-covers-for-honda-cr-v-crv-front-rear-seat-protector-luxury-stitching-02\/","title":{"rendered":"Dopasowane, sk\u00f3rzane pokrowce na siedzenia samochodowe premium do Hondy CR-V CRV \u2013 ochraniacze na siedzenia przednie i tylne, luksusowe przeszycia 02"},"content":{"rendered":"<p>Od\u015bwie\u017c swoj\u0105 Hond\u0119 CR-V CRV dzi\u0119ki sk\u00f3rzanym pokrowcom Covers4Car Custom Fit, zaprojektowanym dla kierowc\u00f3w, kt\u00f3rzy ceni\u0105 sobie dopasowanie do samochodu w stylu fabrycznym, d\u0142ugotrwa\u0142\u0105 wytrzyma\u0142o\u015b\u0107 i pe\u0142n\u0105 ochron\u0119 foteli. Te dopasowane sk\u00f3rzane pokrowce nie tylko chroni\u0105 wn\u0119trze samochodu przed brudem, zalaniem i zarysowaniami, ale tak\u017ce zwi\u0119kszaj\u0105 komfort w ka\u017cdej podr\u00f3\u017cy. Dzi\u0119ki konstrukcji kompatybilnej z poduszkami powietrznymi, \u0142atwym w czyszczeniu powierzchniom i doskona\u0142emu wykonaniu, Twoja Honda CR-V CRV pozostanie stylowa, wygodna i warto\u015bciowa przez wiele lat.<\/p>\n<ul>\n<li><strong><strong>Dopasowanie:<br \/>\n<\/strong><\/strong><\/p>\n<div>\n<div data-zone-id=\"0\" data-line-index=\"0\" data-line=\"true\">Honda CR-V 2023-2026 Wszystkie Model (obejmuje CRV LX, EX, EX-L, model Sport Touring z silnikiem benzynowym i model hybrydowy).<\/div>\n<div data-zone-id=\"0\" data-line-index=\"1\" data-line=\"true\">2017-2022 Honda CR-V Touring; CR-V EX; CR-V Sport; CR-V SE i CR-V EX-L.<\/div>\n<div data-zone-id=\"0\" data-line-index=\"2\" data-line=\"true\">Honda CR-V Sport, CR-V EX-L, CR-V LX i CR-V Touring z lat 2015\u20132016<\/div>\n<div data-zone-id=\"0\" data-line-index=\"3\" data-line=\"true\">Honda CR-V 2012-2014 Wszystkie Model, w tym CRV LX;EX;EX-L.<\/div>\n<\/div>\n<\/li>\n<li>Idealne dopasowanie w stylu fabrycznym: zaprojektowane tak, aby pasowa\u0107 do luksusowego wygl\u0105du fabrycznych foteli Hondy CR-V, zapewniaj\u0105c idealne dopasowanie i walory estetyczne.<\/li>\n<li>Wi\u0119ksza trwa\u0142o\u015b\u0107: Wykonane z trwa\u0142ych materia\u0142\u00f3w o g\u0142adkiej, oddychaj\u0105cej powierzchni, kt\u00f3ra jest \u0142atwa do czyszczenia i zapewnia komfort bez wzgl\u0119du na por\u0119 roku.<\/li>\n<li>Bezpiecze\u0144stwo podczas jazdy: Posiada zarezerwowane otwory na poduszki powietrzne, co zapewnia wi\u0119ksze bezpiecze\u0144stwo i spok\u00f3j ducha.<\/li>\n<li>Kompleksowa ochrona: Zapewnia 360\u00b0 ochron\u0119 foteli Hondy CR-V przed brudem, plamami, otarciami i zu\u017cyciem spowodowanym przez zwierz\u0119ta domowe lub dzieci, utrzymuj\u0105c je w nienagannym stanie. B\u0142otniste odciski \u0142ap zwierz\u0105t domowych i rozlane napoje dzieci mo\u017cna szybko zetrze\u0107 r\u0119cznikiem, dzi\u0119ki czemu fotele b\u0119d\u0105 wygl\u0105da\u0107 jak nowe.<\/li>\n<li>Trwa\u0142o\u015b\u0107 i warto\u015b\u0107 odsprzeda\u017cy: Przed\u0142u\u017ca \u017cywotno\u015b\u0107 Twojego samochodu Honda CR-V CRV o 5-6 lat, zabezpieczaj\u0105c go przed uszkodzeniami i zachowuj\u0105c potencja\u0142 odsprzeda\u017cy pojazdu.<\/li>\n<li>Wygoda podczas d\u0142ugich podr\u00f3\u017cy: Ciesz si\u0119 niezr\u00f3wnanym komfortem podczas d\u0142ugich podr\u00f3\u017cy dzi\u0119ki naszym spersonalizowanym, kompleksowym pokrowcom na siedzenia, zaprojektowanym tak, aby zapewnia\u0107 doskona\u0142\u0105 amortyzacj\u0119 i wsparcie, dzi\u0119ki czemu b\u0119dziesz czu\u0107 si\u0119 zrelaksowany i komfortowo bez wzgl\u0119du na to, jak daleko podr\u00f3\u017cujesz.<\/li>\n<\/ul>\n<p><strong>Pe\u0142ny zestaw (siedzenia przednie i tylne):<\/strong><\/p>\n<ul>\n<li>2x pokrowce na przednie siedzenia<\/li>\n<li>1x pe\u0142ne pokrowce na tylne siedzenia<\/li>\n<\/ul>\n<p><strong>Tylko przednie siedzenia<\/strong><\/p>\n<ul>\n<li>1x pe\u0142ne pokrowce na przednie siedzenia<\/li>\n<\/ul>","protected":false},"excerpt":{"rendered":"<p>Upgrade your Honda CR-V CRV with Covers4Car Custom Fit Leather Seat Covers, designed for drivers who want factory-style fit, long-lasting<\/p>","protected":false},"featured_media":25809,"comment_status":"open","ping_status":"closed","template":"","meta":{"_acf_changed":false,"_monsterinsights_skip_tracking":false,"_monsterinsights_sitenote_active":false,"_monsterinsights_sitenote_note":"","_monsterinsights_sitenote_category":0},"product_brand":[],"product_cat":[124,54980,54982],"product_tag":[55015],"jet_color":[],"jet_material":[],"jet_coverage":[],"class_list":{"0":"post-24393","1":"product","2":"type-product","3":"status-publish","4":"has-post-thumbnail","6":"product_cat-seat-cover","7":"product_cat-seat-cover-for-honda","8":"product_cat-seat-cover-for-honda-cr-v","9":"product_tag-fit-cr-v","11":"first","12":"instock","13":"shipping-taxable","14":"purchasable","15":"product-type-variable","16":"has-default-attributes","17":"wvs-archive-product-wrapper"},"acf":[],"yoast_head":"<!-- This site is optimized with the Yoast SEO Premium plugin v26.4 (Yoast SEO v26.4) - https:\/\/yoast.com\/wordpress\/plugins\/seo\/ -->\n<title>Custom Fit Leather Seat Covers for Honda CR-V<\/title>\n<meta name=\"description\" content=\"Upgrade your Honda CR-V with custom fit leather seat covers. Protect your seats while enhancing comfort and style with superior durability.\" \/>\n<meta name=\"robots\" content=\"index, follow, max-snippet:-1, max-image-preview:large, max-video-preview:-1\" \/>\n<link rel=\"canonical\" href=\"https:\/\/covers4car.com\/pl\/produkt\/custom-fit-premium-leather-car-seat-covers-for-honda-cr-v-crv-front-rear-seat-protector-luxury-stitching-02\/\" \/>\n<meta property=\"og:locale\" content=\"pl_PL\" \/>\n<meta property=\"og:type\" content=\"article\" \/>\n<meta property=\"og:title\" content=\"Custom Fit Premium Leather Car Seat Covers for Honda CR-V CRV-Front &amp; Rear Seat Protector Luxury Stitching 02\" \/>\n<meta property=\"og:description\" content=\"Upgrade your Honda CR-V with custom fit leather seat covers. Protect your seats while enhancing comfort and style with superior durability.\" \/>\n<meta property=\"og:url\" content=\"https:\/\/covers4car.com\/pl\/produkt\/custom-fit-premium-leather-car-seat-covers-for-honda-cr-v-crv-front-rear-seat-protector-luxury-stitching-02\/\" \/>\n<meta property=\"og:site_name\" content=\"Covers4Car\" \/>\n<meta property=\"article:publisher\" content=\"https:\/\/www.facebook.com\/profile.php?id=61564533557142\" \/>\n<meta property=\"article:modified_time\" content=\"2025-11-13T13:48:49+00:00\" \/>\n<meta property=\"og:image\" content=\"https:\/\/covers4car.com\/wp-content\/uploads\/2025\/10\/new_01-4.webp\" \/>\n\t<meta property=\"og:image:width\" content=\"1000\" \/>\n\t<meta property=\"og:image:height\" content=\"1000\" \/>\n\t<meta property=\"og:image:type\" content=\"image\/webp\" \/>\n<meta name=\"twitter:card\" content=\"summary_large_image\" \/>\n<meta name=\"twitter:site\" content=\"@covers4carstore\" \/>\n<meta name=\"twitter:label1\" content=\"Szacowany czas czytania\" \/>\n\t<meta name=\"twitter:data1\" content=\"2 minuty\" \/>\n<script type=\"application\/ld+json\" class=\"yoast-schema-graph\">{\"@context\":\"https:\/\/schema.org\",\"@graph\":[{\"@type\":\"WebPage\",\"@id\":\"https:\/\/covers4car.com\/product\/custom-fit-premium-leather-car-seat-covers-for-honda-cr-v-crv-front-rear-seat-protector-luxury-stitching-02\/\",\"url\":\"https:\/\/covers4car.com\/product\/custom-fit-premium-leather-car-seat-covers-for-honda-cr-v-crv-front-rear-seat-protector-luxury-stitching-02\/\",\"name\":\"Custom Fit Leather Seat Covers for Honda CR-V\",\"isPartOf\":{\"@id\":\"https:\/\/covers4car.com\/#website\"},\"primaryImageOfPage\":{\"@id\":\"https:\/\/covers4car.com\/product\/custom-fit-premium-leather-car-seat-covers-for-honda-cr-v-crv-front-rear-seat-protector-luxury-stitching-02\/#primaryimage\"},\"image\":{\"@id\":\"https:\/\/covers4car.com\/product\/custom-fit-premium-leather-car-seat-covers-for-honda-cr-v-crv-front-rear-seat-protector-luxury-stitching-02\/#primaryimage\"},\"thumbnailUrl\":\"https:\/\/covers4car.com\/wp-content\/uploads\/2025\/10\/new_01-4.webp\",\"datePublished\":\"2025-10-15T12:53:52+00:00\",\"dateModified\":\"2025-11-13T13:48:49+00:00\",\"description\":\"Upgrade your Honda CR-V with custom fit leather seat covers. Protect your seats while enhancing comfort and style with superior durability.\",\"breadcrumb\":{\"@id\":\"https:\/\/covers4car.com\/product\/custom-fit-premium-leather-car-seat-covers-for-honda-cr-v-crv-front-rear-seat-protector-luxury-stitching-02\/#breadcrumb\"},\"inLanguage\":\"pl-PL\",\"potentialAction\":[{\"@type\":\"ReadAction\",\"target\":[\"https:\/\/covers4car.com\/product\/custom-fit-premium-leather-car-seat-covers-for-honda-cr-v-crv-front-rear-seat-protector-luxury-stitching-02\/\"]}]},{\"@type\":\"ImageObject\",\"inLanguage\":\"pl-PL\",\"@id\":\"https:\/\/covers4car.com\/product\/custom-fit-premium-leather-car-seat-covers-for-honda-cr-v-crv-front-rear-seat-protector-luxury-stitching-02\/#primaryimage\",\"url\":\"https:\/\/covers4car.com\/wp-content\/uploads\/2025\/10\/new_01-4.webp\",\"contentUrl\":\"https:\/\/covers4car.com\/wp-content\/uploads\/2025\/10\/new_01-4.webp\",\"width\":1000,\"height\":1000},{\"@type\":\"BreadcrumbList\",\"@id\":\"https:\/\/covers4car.com\/product\/custom-fit-premium-leather-car-seat-covers-for-honda-cr-v-crv-front-rear-seat-protector-luxury-stitching-02\/#breadcrumb\",\"itemListElement\":[{\"@type\":\"ListItem\",\"position\":1,\"name\":\"Home\",\"item\":\"https:\/\/covers4car.com\/\"},{\"@type\":\"ListItem\",\"position\":2,\"name\":\"Shop\",\"item\":\"https:\/\/covers4car.com\/shop\/\"},{\"@type\":\"ListItem\",\"position\":3,\"name\":\"Custom Fit Premium Leather Car Seat Covers for Honda CR-V CRV-Front &#038; Rear Seat Protector Luxury Stitching 02\"}]},{\"@type\":\"WebSite\",\"@id\":\"https:\/\/covers4car.com\/#website\",\"url\":\"https:\/\/covers4car.com\/\",\"name\":\"Covers4Car\",\"description\":\"Professional Seat Covers Tailored for Your Vehicle\",\"publisher\":{\"@id\":\"https:\/\/covers4car.com\/#organization\"},\"potentialAction\":[{\"@type\":\"SearchAction\",\"target\":{\"@type\":\"EntryPoint\",\"urlTemplate\":\"https:\/\/covers4car.com\/?s={search_term_string}\"},\"query-input\":{\"@type\":\"PropertyValueSpecification\",\"valueRequired\":true,\"valueName\":\"search_term_string\"}}],\"inLanguage\":\"pl-PL\"},{\"@type\":\"Organization\",\"@id\":\"https:\/\/covers4car.com\/#organization\",\"name\":\"Covers4Car\",\"url\":\"https:\/\/covers4car.com\/\",\"logo\":{\"@type\":\"ImageObject\",\"inLanguage\":\"pl-PL\",\"@id\":\"https:\/\/covers4car.com\/#\/schema\/logo\/image\/\",\"url\":\"https:\/\/covers4car.com\/wp-content\/uploads\/2024\/11\/Asset-2@5x-copy.jpg\",\"contentUrl\":\"https:\/\/covers4car.com\/wp-content\/uploads\/2024\/11\/Asset-2@5x-copy.jpg\",\"width\":877,\"height\":877,\"caption\":\"Covers4Car\"},\"image\":{\"@id\":\"https:\/\/covers4car.com\/#\/schema\/logo\/image\/\"},\"sameAs\":[\"https:\/\/www.facebook.com\/profile.php?id=61564533557142\",\"https:\/\/x.com\/covers4carstore\"]}]}<\/script>\n<!-- \/ Yoast SEO Premium plugin. -->","yoast_head_json":{"title":"Custom Fit Leather Seat Covers for Honda CR-V","description":"Upgrade your Honda CR-V with custom fit leather seat covers. Protect your seats while enhancing comfort and style with superior durability.","robots":{"index":"index","follow":"follow","max-snippet":"max-snippet:-1","max-image-preview":"max-image-preview:large","max-video-preview":"max-video-preview:-1"},"canonical":"https:\/\/covers4car.com\/pl\/produkt\/custom-fit-premium-leather-car-seat-covers-for-honda-cr-v-crv-front-rear-seat-protector-luxury-stitching-02\/","og_locale":"pl_PL","og_type":"article","og_title":"Custom Fit Premium Leather Car Seat Covers for Honda CR-V CRV-Front & Rear Seat Protector Luxury Stitching 02","og_description":"Upgrade your Honda CR-V with custom fit leather seat covers. Protect your seats while enhancing comfort and style with superior durability.","og_url":"https:\/\/covers4car.com\/pl\/produkt\/custom-fit-premium-leather-car-seat-covers-for-honda-cr-v-crv-front-rear-seat-protector-luxury-stitching-02\/","og_site_name":"Covers4Car","article_publisher":"https:\/\/www.facebook.com\/profile.php?id=61564533557142","article_modified_time":"2025-11-13T13:48:49+00:00","og_image":[{"width":1000,"height":1000,"url":"https:\/\/covers4car.com\/wp-content\/uploads\/2025\/10\/new_01-4.webp","type":"image\/webp"}],"twitter_card":"summary_large_image","twitter_site":"@covers4carstore","twitter_misc":{"Szacowany czas czytania":"2 minuty"},"schema":{"@context":"https:\/\/schema.org","@graph":[{"@type":"WebPage","@id":"https:\/\/covers4car.com\/product\/custom-fit-premium-leather-car-seat-covers-for-honda-cr-v-crv-front-rear-seat-protector-luxury-stitching-02\/","url":"https:\/\/covers4car.com\/product\/custom-fit-premium-leather-car-seat-covers-for-honda-cr-v-crv-front-rear-seat-protector-luxury-stitching-02\/","name":"Custom Fit Leather Seat Covers for Honda CR-V","isPartOf":{"@id":"https:\/\/covers4car.com\/#website"},"primaryImageOfPage":{"@id":"https:\/\/covers4car.com\/product\/custom-fit-premium-leather-car-seat-covers-for-honda-cr-v-crv-front-rear-seat-protector-luxury-stitching-02\/#primaryimage"},"image":{"@id":"https:\/\/covers4car.com\/product\/custom-fit-premium-leather-car-seat-covers-for-honda-cr-v-crv-front-rear-seat-protector-luxury-stitching-02\/#primaryimage"},"thumbnailUrl":"https:\/\/covers4car.com\/wp-content\/uploads\/2025\/10\/new_01-4.webp","datePublished":"2025-10-15T12:53:52+00:00","dateModified":"2025-11-13T13:48:49+00:00","description":"Upgrade your Honda CR-V with custom fit leather seat covers. Protect your seats while enhancing comfort and style with superior durability.","breadcrumb":{"@id":"https:\/\/covers4car.com\/product\/custom-fit-premium-leather-car-seat-covers-for-honda-cr-v-crv-front-rear-seat-protector-luxury-stitching-02\/#breadcrumb"},"inLanguage":"pl-PL","potentialAction":[{"@type":"ReadAction","target":["https:\/\/covers4car.com\/product\/custom-fit-premium-leather-car-seat-covers-for-honda-cr-v-crv-front-rear-seat-protector-luxury-stitching-02\/"]}]},{"@type":"ImageObject","inLanguage":"pl-PL","@id":"https:\/\/covers4car.com\/product\/custom-fit-premium-leather-car-seat-covers-for-honda-cr-v-crv-front-rear-seat-protector-luxury-stitching-02\/#primaryimage","url":"https:\/\/covers4car.com\/wp-content\/uploads\/2025\/10\/new_01-4.webp","contentUrl":"https:\/\/covers4car.com\/wp-content\/uploads\/2025\/10\/new_01-4.webp","width":1000,"height":1000},{"@type":"BreadcrumbList","@id":"https:\/\/covers4car.com\/product\/custom-fit-premium-leather-car-seat-covers-for-honda-cr-v-crv-front-rear-seat-protector-luxury-stitching-02\/#breadcrumb","itemListElement":[{"@type":"ListItem","position":1,"name":"Home","item":"https:\/\/covers4car.com\/"},{"@type":"ListItem","position":2,"name":"Shop","item":"https:\/\/covers4car.com\/shop\/"},{"@type":"ListItem","position":3,"name":"Custom Fit Premium Leather Car Seat Covers for Honda CR-V CRV-Front &#038; Rear Seat Protector Luxury Stitching 02"}]},{"@type":"WebSite","@id":"https:\/\/covers4car.com\/#website","url":"https:\/\/covers4car.com\/","name":"Covers4Car","description":"Profesjonalne pokrowce na siedzenia dopasowane do Twojego pojazdu","publisher":{"@id":"https:\/\/covers4car.com\/#organization"},"potentialAction":[{"@type":"SearchAction","target":{"@type":"EntryPoint","urlTemplate":"https:\/\/covers4car.com\/?s={search_term_string}"},"query-input":{"@type":"PropertyValueSpecification","valueRequired":true,"valueName":"search_term_string"}}],"inLanguage":"pl-PL"},{"@type":"Organization","@id":"https:\/\/covers4car.com\/#organization","name":"Covers4Car","url":"https:\/\/covers4car.com\/","logo":{"@type":"ImageObject","inLanguage":"pl-PL","@id":"https:\/\/covers4car.com\/#\/schema\/logo\/image\/","url":"https:\/\/covers4car.com\/wp-content\/uploads\/2024\/11\/Asset-2@5x-copy.jpg","contentUrl":"https:\/\/covers4car.com\/wp-content\/uploads\/2024\/11\/Asset-2@5x-copy.jpg","width":877,"height":877,"caption":"Covers4Car"},"image":{"@id":"https:\/\/covers4car.com\/#\/schema\/logo\/image\/"},"sameAs":["https:\/\/www.facebook.com\/profile.php?id=61564533557142","https:\/\/x.com\/covers4carstore"]}]}},"_links":{"self":[{"href":"https:\/\/covers4car.com\/pl\/wp-json\/wp\/v2\/product\/24393","targetHints":{"allow":["GET"]}}],"collection":[{"href":"https:\/\/covers4car.com\/pl\/wp-json\/wp\/v2\/product"}],"about":[{"href":"https:\/\/covers4car.com\/pl\/wp-json\/wp\/v2\/types\/product"}],"replies":[{"embeddable":true,"href":"https:\/\/covers4car.com\/pl\/wp-json\/wp\/v2\/comments?post=24393"}],"version-history":[{"count":0,"href":"https:\/\/covers4car.com\/pl\/wp-json\/wp\/v2\/product\/24393\/revisions"}],"wp:featuredmedia":[{"embeddable":true,"href":"https:\/\/covers4car.com\/pl\/wp-json\/wp\/v2\/media\/25809"}],"wp:attachment":[{"href":"https:\/\/covers4car.com\/pl\/wp-json\/wp\/v2\/media?parent=24393"}],"wp:term":[{"taxonomy":"product_brand","embeddable":true,"href":"https:\/\/covers4car.com\/pl\/wp-json\/wp\/v2\/product_brand?post=24393"},{"taxonomy":"product_cat","embeddable":true,"href":"https:\/\/covers4car.com\/pl\/wp-json\/wp\/v2\/product_cat?post=24393"},{"taxonomy":"product_tag","embeddable":true,"href":"https:\/\/covers4car.com\/pl\/wp-json\/wp\/v2\/product_tag?post=24393"},{"taxonomy":"jet_color","embeddable":true,"href":"https:\/\/covers4car.com\/pl\/wp-json\/wp\/v2\/jet_color?post=24393"},{"taxonomy":"jet_material","embeddable":true,"href":"https:\/\/covers4car.com\/pl\/wp-json\/wp\/v2\/jet_material?post=24393"},{"taxonomy":"jet_coverage","embeddable":true,"href":"https:\/\/covers4car.com\/pl\/wp-json\/wp\/v2\/jet_coverage?post=24393"}],"curies":[{"name":"wp","href":"https:\/\/api.w.org\/{rel}","templated":true}]}}