{"id":9970,"date":"2024-11-01T05:48:12","date_gmt":"2024-11-01T12:48:12","guid":{"rendered":"https:\/\/covers4car.wpenginepowered.com\/?page_id=9970"},"modified":"2025-07-24T17:18:37","modified_gmt":"2025-07-25T00:18:37","slug":"terms-of-service","status":"publish","type":"page","link":"https:\/\/covers4car.com\/se\/terms-of-service\/","title":{"rendered":"Anv\u00e4ndarvillkor"},"content":{"rendered":"<h2 class=\"wp-block-heading\" id=\"h-terms-of-service\">Anv\u00e4ndarvillkor<\/h2>\n\n\n\n<p>V\u00e4lkommen till <strong>covers4car.com<\/strong> webbplats. Genom att bes\u00f6ka och anv\u00e4nda denna webbplats godk\u00e4nner du att vara bunden av f\u00f6ljande villkor (\u201dAvtalet\u201d). Detta avtal reglerar din anv\u00e4ndning av de tj\u00e4nster, funktioner och inneh\u00e5ll som tillhandah\u00e5lls av <strong>Covers4Car<\/strong> (h\u00e4ri kallade \u201dvi\u201d, \u201doss\u201d eller \u201dv\u00e5r\u201d). Dessutom, n\u00e4r du anv\u00e4nder n\u00e5gon <strong>covers4car.com<\/strong> tj\u00e4nst (t.ex. kundrecensioner) kommer du att omfattas av de regler, riktlinjer, policyer, villkor som g\u00e4ller f\u00f6r s\u00e5dana tj\u00e4nster, vilka h\u00e4rmed inf\u00f6rlivas i detta avtal genom h\u00e4nvisning. Vi f\u00f6rbeh\u00e5ller oss r\u00e4tten att \u00e4ndra denna webbplats och dessa villkor n\u00e4r som helst.<\/p>\n\n\n\n<p><strong>Din fortsatta \u00e5tkomst, surfning eller annan anv\u00e4ndning av denna webbplats inneb\u00e4r att du uttryckligen godk\u00e4nner alla villkor som anges i detta avtal. L\u00e4s detta avtal noggrant innan du forts\u00e4tter.<\/strong><\/p>\n\n\n\n<h3 class=\"wp-block-heading\">1. Anv\u00e4ndning av webbplatsen<\/h3>\n\n\n\n<p>Du f\u00f6rs\u00e4krar och garanterar att du \u00e4r minst 18 \u00e5r gammal eller att du bes\u00f6ker denna webbplats under direkt \u00f6verinseende av en f\u00f6r\u00e4lder eller v\u00e5rdnadshavare. I enlighet med villkoren i detta avtal, <strong>covers4car.com<\/strong> ger dig h\u00e4rmed en begr\u00e4nsad, \u00e5terkallelig, icke-\u00f6verf\u00f6rbar och icke-exklusiv licens att f\u00e5 \u00e5tkomst till och anv\u00e4nda webbplatsen genom att visa den i din webbl\u00e4sare enbart i syfte att handla personliga f\u00f6rem\u00e5l som s\u00e4ljs p\u00e5 webbplatsen och inte f\u00f6r kommersiellt bruk eller anv\u00e4ndning f\u00f6r tredje parts r\u00e4kning, s\u00e5vida inte uttryckligen till\u00e5tet av <strong>covers4car.com<\/strong> skriftligen i f\u00f6rv\u00e4g. Brott mot detta avtal ska resultera i omedelbar och automatisk \u00e5terkallelse av den licens som beviljats h\u00e4ri utan f\u00f6reg\u00e5ende meddelande till dig.<\/p>\n\n\n\n<p>F\u00f6rutom vad som uttryckligen till\u00e5ts i f\u00f6reg\u00e5ende stycke \u00e4r det f\u00f6rbjudet att reproducera, distribuera, visa, s\u00e4lja, leasa ut, \u00f6verf\u00f6ra, skapa h\u00e4rledda verk fr\u00e5n, \u00f6vers\u00e4tta, modifiera, reverse engineering, demontera, dekompilera eller p\u00e5 annat s\u00e4tt utnyttja denna webbplats eller n\u00e5gon del d\u00e4rav, s\u00e5vida det inte uttryckligen till\u00e5ts av <strong>covers4car.com<\/strong> skriftligen. Du f\u00e5r inte anv\u00e4nda informationen p\u00e5 webbplatsen kommersiellt eller anv\u00e4nda webbplatsen till f\u00f6rm\u00e5n f\u00f6r ett annat f\u00f6retag utan uttryckligt skriftligt f\u00f6rhandsgodk\u00e4nnande fr\u00e5n <strong>covers4car.com<\/strong>Vi f\u00f6rbeh\u00e5ller oss r\u00e4tten att, efter eget gottfinnande, v\u00e4gra tj\u00e4nster, s\u00e4ga upp konton och\/eller avbryta best\u00e4llningar, inklusive, men inte begr\u00e4nsat till, om vi anser att kundens beteende bryter mot g\u00e4llande lag eller \u00e4r skadligt f\u00f6r <strong>Covers4Car<\/strong>s intressen.<\/p>\n\n\n\n<p>Du f\u00e5r inte ladda upp, distribuera eller p\u00e5 annat s\u00e4tt publicera via denna webbplats n\u00e5got inneh\u00e5ll, information eller annat material som: (a) bryter mot eller g\u00f6r intr\u00e5ng i upphovsr\u00e4tt, patent, varum\u00e4rken, servicem\u00e4rken, aff\u00e4rshemligheter eller andra \u00e4gander\u00e4ttigheter som tillh\u00f6r n\u00e5gon person; (b) \u00e4r \u00e4rekr\u00e4nkande, hotfullt, \u00e4rekr\u00e4nkande, obscent, oanst\u00e4ndigt, pornografiskt eller kan ge upphov till civilr\u00e4ttsligt eller straffr\u00e4ttsligt ansvar enligt amerikansk eller internationell lag; eller (c) inneh\u00e5ller buggar, virus, maskar, falluckor, trojanska h\u00e4star eller annan skadlig kod eller egenskaper.<\/p>\n\n\n\n<p><strong>Covers4car.com<\/strong> kan tilldela dig ett l\u00f6senord och konto-ID f\u00f6r att m\u00f6jligg\u00f6ra \u00e5tkomst till och anv\u00e4ndning av vissa delar av denna webbplats. Varje g\u00e5ng du anv\u00e4nder ett s\u00e5dant l\u00f6senord eller en s\u00e5dan identifiering anses du ha beh\u00f6righet att komma \u00e5t och anv\u00e4nda webbplatsen p\u00e5 ett s\u00e4tt som \u00f6verensst\u00e4mmer med villkoren i detta avtal, och <strong>covers4car.com<\/strong> har ingen skyldighet att unders\u00f6ka auktoriseringen eller k\u00e4llan till s\u00e5dan \u00e5tkomst eller anv\u00e4ndning.<\/p>\n\n\n\n<p>Du \u00e4r ensam ansvarig f\u00f6r all \u00e5tkomst till och anv\u00e4ndning av denna webbplats av alla som anv\u00e4nder det l\u00f6senord och den identifiering som ursprungligen tilldelats dig, oavsett om s\u00e5dan \u00e5tkomst och anv\u00e4ndning faktiskt \u00e4r auktoriserad av dig. Detta inkluderar, utan begr\u00e4nsning, all kommunikation, \u00f6verf\u00f6ring och alla skyldigheter (inklusive ekonomiska f\u00f6rpliktelser) som uppst\u00e5r genom s\u00e5dan \u00e5tkomst och anv\u00e4ndning. Du \u00e4r ensam ansvarig f\u00f6r att skydda s\u00e4kerheten och sekretessen f\u00f6r det l\u00f6senord och den identifiering som tilldelats dig. Du ska omedelbart meddela <strong>covers4car.com<\/strong> f\u00f6r obeh\u00f6rig anv\u00e4ndning av ditt l\u00f6senord eller din identifiering, eller andra intr\u00e5ng eller hot om intr\u00e5ng i denna webbplats s\u00e4kerhet.<\/p>\n\n\n\n<h3 class=\"wp-block-heading\">2. Recensioner och kommentarer<\/h3>\n\n\n\n<p>Om inte annat anges p\u00e5 annan plats i detta avtal eller p\u00e5 webbplatsen, ska allt inneh\u00e5ll som du skickar in eller publicerar p\u00e5 webbplatsen och\/eller tillhandah\u00e5ller till <strong>covers4car.com<\/strong>, inklusive, men inte begr\u00e4nsat till, id\u00e9er, know-how, tekniker, fr\u00e5gor, recensioner, kommentarer och f\u00f6rslag (gemensamt kallade \u201dInskickade bidrag\u201d), ska behandlas som icke-konfidentiella och icke-\u00e4gander\u00e4ttsskyddade. Genom att skicka in eller publicera samtycker du o\u00e5terkalleligen till <strong>covers4car.com<\/strong> en royaltyfri, v\u00e4rldsomfattande, evig, o\u00e5terkallelig, \u00f6verf\u00f6rbar och underlicensierbar r\u00e4tt och licens att anv\u00e4nda, kopiera, distribuera, visa, publicera, framf\u00f6ra, s\u00e4lja, hyra ut, \u00f6verf\u00f6ra, anpassa, skapa h\u00e4rledda verk fr\u00e5n s\u00e5dana bidrag p\u00e5 vilket s\u00e4tt som helst och i vilken form som helst, och att \u00f6vers\u00e4tta, modifiera, bak\u00e5tkompilera, demontera eller dekompilera s\u00e5dana bidrag. Alla bidrag ska automatiskt bli den enda och exklusiva egendomen tillh\u00f6rande <strong>covers4car.com<\/strong> och ska inte returneras till dig. Du samtycker till att inte g\u00f6ra g\u00e4llande n\u00e5gra ideella r\u00e4ttigheter eller andra immateriella r\u00e4ttigheter i samband med n\u00e5gon anv\u00e4ndning av de inskickade bidragen av <strong>covers4car.com<\/strong> i framtiden.<\/p>\n\n\n\n<p>Du garanterar att dina inskickade material, helt eller delvis, \u00e4r tydliga och fria fr\u00e5n intr\u00e5ng i immateriella r\u00e4ttigheter, tvister eller anspr\u00e5k fr\u00e5n tredje part. <strong>Covers4car.com<\/strong> tar inget ansvar f\u00f6r missbruk av upphovsr\u00e4tt eller andra r\u00e4ttigheter som tillh\u00f6r tredje part av dig. Du \u00e5tar dig att f\u00f6rsvara och gottg\u00f6ra <strong>Covers4Car<\/strong> mot eventuella f\u00f6rluster som orsakas p\u00e5 grund av anv\u00e4ndningen av uppgifterna f\u00f6r n\u00e5got \u00e4ndam\u00e5l.<\/p>\n\n\n\n<p>Ut\u00f6ver de r\u00e4ttigheter som g\u00e4ller f\u00f6r alla bidrag, n\u00e4r du publicerar kommentarer eller recensioner p\u00e5 webbplatsen, ger du ocks\u00e5 <strong>covers4car.com<\/strong> r\u00e4tten att anv\u00e4nda namnet du skickar in med eventuella recensioner, kommentarer eller annat inneh\u00e5ll i samband med s\u00e5dana recensioner, kommentarer eller annat inneh\u00e5ll. Du f\u00f6rs\u00e4krar och garanterar att du \u00e4ger eller p\u00e5 annat s\u00e4tt kontrollerar alla r\u00e4ttigheter till recensionerna, kommentarerna och annat inneh\u00e5ll som du publicerar p\u00e5 denna webbplats och att anv\u00e4ndningen av dina recensioner, kommentarer eller annat inneh\u00e5ll av <strong>covers4car.com<\/strong> kommer inte att inkr\u00e4kta p\u00e5 eller bryta mot n\u00e5gon tredje parts r\u00e4ttigheter. Du f\u00e5r inte anv\u00e4nda en falsk e-postadress, utge dig f\u00f6r att vara n\u00e5gon annan person eller enhet eller p\u00e5 annat s\u00e4tt vilseleda <strong>covers4car.com<\/strong> eller tredje part vad g\u00e4ller ursprunget till eventuella inskickade bidrag eller inneh\u00e5ll. <strong>Covers4car.com<\/strong> f\u00e5r, men \u00e4r inte skyldig att, ta bort eller redigera n\u00e5gra bidrag (inklusive kommentarer eller recensioner) av n\u00e5gon anledning.<\/p>\n\n\n\n<h3 class=\"wp-block-heading\">3. Upphovsr\u00e4tt<\/h3>\n\n\n\n<p>All text, grafik, fotografier eller andra bilder, knappikoner, ljudklipp, logotyper, slogans, handelsnamn, Word-programvara och annat inneh\u00e5ll p\u00e5 webbplatsen f\u00f6r <strong>covers4car.com<\/strong> (gemensamt kallade \u201dInneh\u00e5ll\u201d) \u00e4r exklusiv egendom f\u00f6r <strong>covers4car.com<\/strong> eller dess l\u00e4mpliga inneh\u00e5llsleverant\u00f6rer. Du f\u00e5r inte anv\u00e4nda, reproducera, kopiera, modifiera, \u00f6verf\u00f6ra, visa, publicera, s\u00e4lja, licensiera, offentligt framf\u00f6ra, distribuera eller kommersiellt utnyttja n\u00e5got av Inneh\u00e5llet eller p\u00e5 annat s\u00e4tt f\u00f6rfoga \u00f6ver n\u00e5got av Inneh\u00e5llet p\u00e5 ett s\u00e4tt som inte \u00e4r till\u00e5tet enligt <strong>covers4car.com<\/strong>, utan <strong>covers4car.com<\/strong>s uttryckliga skriftliga f\u00f6rhandsgodk\u00e4nnande. Anv\u00e4ndning av datautvinning, robotar eller liknande verktyg f\u00f6r datainsamling och datautvinning p\u00e5 <strong>covers4car.com<\/strong>, s\u00e5v\u00e4l som anv\u00e4ndningen av <strong>covers4car.com<\/strong> Varum\u00e4rken eller servicem\u00e4rken i metataggar \u00e4r str\u00e4ngt f\u00f6rbjudna. Du f\u00e5r visa och anv\u00e4nda Inneh\u00e5llet enbart f\u00f6r din personliga information, f\u00f6r shopping och best\u00e4llningar p\u00e5 webbplatsen, och inte f\u00f6r n\u00e5got annat \u00e4ndam\u00e5l. Insamlingen, arrangemanget och sammanst\u00e4llningen av allt inneh\u00e5ll p\u00e5 denna webbplats (&quot;Sammanst\u00e4llningen&quot;) tillh\u00f6r exklusivt <strong>covers4car.com<\/strong>Du f\u00e5r inte anv\u00e4nda <strong>covers4car.com<\/strong>s inneh\u00e5ll eller sammanst\u00e4llning p\u00e5 n\u00e5got s\u00e4tt som nedv\u00e4rderar eller misskrediterar <strong>Covers4Car<\/strong> eller p\u00e5 n\u00e5got s\u00e4tt som sannolikt orsakar f\u00f6rvirring eller brott mot till\u00e4mpliga lagar eller f\u00f6rordningar. All programvara som anv\u00e4nds p\u00e5 denna webbplats (&quot;Programvaran&quot;) tillh\u00f6r <strong>covers4car.com<\/strong> och\/eller dess programvaruleverant\u00f6rer. Inneh\u00e5llet, sammanst\u00e4llningen och programvaran \u00e4r alla skyddade enligt statliga, nationella och internationella upphovsr\u00e4ttslagar. Alla r\u00e4ttigheter som inte uttryckligen beviljas f\u00f6rbeh\u00e5lls av <strong>covers4car.com<\/strong>\u00d6vertr\u00e4dare kommer att \u00e5talas i den utstr\u00e4ckning lagen till\u00e5ter.<\/p>\n\n\n\n<h3 class=\"wp-block-heading\">4. Friskrivning fr\u00e5n anknytning och \u00e4kthet<\/h3>\n\n\n\n<p><strong>Covers4Car<\/strong> \u00e4r handelsnamnet f\u00f6r <strong>Gotouchup Inc.<\/strong> Vi verkar som en oberoende \u00e5terf\u00f6rs\u00e4ljare av biltillbeh\u00f6r och \u00e4r inte anslutna till, godk\u00e4nda av eller officiellt kopplade till n\u00e5gon biltillverkare.<\/p>\n\n\n\n<p>Alla tillverkarnamn, logotyper, fordonsm\u00e4rken\/modeller och beskrivningar som anv\u00e4nds i v\u00e5rt inneh\u00e5ll, produktlistor och bilder \u00e4r enbart i identifieringssyfte. V\u00e5ra produkter \u00e4r designade och anskaffade oberoende och s\u00e4ljs inte vidare, paketeras inte om eller omf\u00f6rdelas fr\u00e5n andra tredje parter. Det \u00e4r varken antydt eller underf\u00f6rst\u00e5tt att n\u00e5gon produkt som s\u00e4ljs p\u00e5 denna webbplats \u00e4r auktoriserad av, direkt associerad med eller p\u00e5 n\u00e5got s\u00e4tt kopplad till n\u00e5gon biltillverkare.<\/p>\n\n\n\n<h3 class=\"wp-block-heading\">5. Upps\u00e4gning och upps\u00e4gningens verkan<\/h3>\n\n\n\n<p>Ut\u00f6ver andra r\u00e4ttsliga eller billighetsr\u00e4ttsliga \u00e5tg\u00e4rder, <strong>covers4car.com<\/strong> kan, utan f\u00f6reg\u00e5ende meddelande till dig, omedelbart s\u00e4ga upp detta avtal eller \u00e5terkalla n\u00e5gra eller alla dina r\u00e4ttigheter som beviljats enligt detta avtal. Vid upps\u00e4gning av detta avtal ska du omedelbart upph\u00f6ra med all \u00e5tkomst till och anv\u00e4ndning av webbplatsen. <strong>Covers4car.com<\/strong> ska, ut\u00f6ver andra r\u00e4ttsliga eller billighetsr\u00e4ttsliga \u00e5tg\u00e4rder, omedelbart \u00e5terkalla alla l\u00f6senord och kontoidentifikationer som utf\u00e4rdats till dig och neka dig \u00e5tkomst till och anv\u00e4ndning av denna webbplats helt eller delvis. Upps\u00e4gning av detta avtal ska inte p\u00e5verka parternas respektive r\u00e4ttigheter och skyldigheter (inklusive, men inte begr\u00e4nsat till, betalningsskyldigheter) som uppst\u00e5tt f\u00f6re upps\u00e4gningsdatumet.<\/p>\n\n\n\n<h3 class=\"wp-block-heading\">6. Ordergodk\u00e4nnande<\/h3>\n\n\n\n<p>Observera att det kan finnas vissa best\u00e4llningar som vi inte kan acceptera och m\u00e5ste avbryta. <strong>Covers4car.com<\/strong> f\u00f6rbeh\u00e5ller sig r\u00e4tten att, efter eget gottfinnande, v\u00e4gra eller annullera en best\u00e4llning oavsett anledning. Vissa situationer som kan leda till att din best\u00e4llning annulleras inkluderar begr\u00e4nsningar av tillg\u00e4ngliga kvantiteter f\u00f6r k\u00f6p, felaktigheter eller fel i produkt- eller prisinformation, eller problem som identifierats av v\u00e5r kredit- och bedr\u00e4gerif\u00f6rebyggande avdelning. Vi kan ocks\u00e5 kr\u00e4va ytterligare verifieringar eller information innan vi accepterar en best\u00e4llning. Vi kommer att kontakta dig om hela eller delar av din best\u00e4llning annulleras eller om ytterligare information kr\u00e4vs f\u00f6r att acceptera din best\u00e4llning.<\/p>\n\n\n\n<h3 class=\"wp-block-heading\">7. Typografiska fel<\/h3>\n\n\n\n<p>Medan <strong>covers4car.com<\/strong> str\u00e4var efter att tillhandah\u00e5lla korrekt produkt- och prisinformation, pris- eller typografiska fel kan f\u00f6rekomma. <strong>Covers4car.com<\/strong> kan inte bekr\u00e4fta priset p\u00e5 en vara f\u00f6rr\u00e4n efter att du har lagt en best\u00e4llning. Om en vara listas till ett felaktigt pris eller med felaktig information p\u00e5 grund av ett fel i priss\u00e4ttning eller produktinformation, <strong>covers4car.com<\/strong> har r\u00e4tt att, efter eget gottfinnande, v\u00e4gra eller avbryta best\u00e4llningar som g\u00f6rs p\u00e5 den varan. I h\u00e4ndelse av att en vara har ett felaktigt pris, <strong>covers4car.com<\/strong> kan, efter eget gottfinnande, antingen kontakta dig f\u00f6r instruktioner eller avbryta din best\u00e4llning och meddela dig om s\u00e5dan avbokning.<\/p>\n\n\n\n<h3 class=\"wp-block-heading\">8. R\u00e4ttsmedel<\/h3>\n\n\n\n<p>Du h\u00e5ller med om att <strong>covers4car.com<\/strong>s r\u00e4ttsmedel f\u00f6r faktiska eller hotande brott mot detta avtal skulle vara otillr\u00e4ckliga, och att <strong>covers4car.com<\/strong> ska ha r\u00e4tt till specifik prestation eller f\u00f6rbudsf\u00f6rel\u00e4ggande, eller b\u00e5da, ut\u00f6ver eventuella skadest\u00e5nd som <strong>covers4car.com<\/strong> kan ha laglig r\u00e4tt att erh\u00e5lla, tillsammans med rimliga kostnader f\u00f6r alla former av tvistl\u00f6sning, inklusive, men inte begr\u00e4nsat till, advokatarvoden.<\/p>\n\n\n\n<p>Ingen r\u00e4tt eller gottg\u00f6relse <strong>covers4car.com<\/strong> ska exklusive alla andra, oavsett om de \u00e4r enligt lag eller billighetsr\u00e4tt, inklusive, utan begr\u00e4nsning, skadest\u00e5nd, f\u00f6rbudsf\u00f6rel\u00e4gganden, advokatarvoden och utgifter.<\/p>\n\n\n\n<p>Inget fall av avst\u00e5ende fr\u00e5n <strong>covers4car.com<\/strong> av dess r\u00e4ttigheter eller gottg\u00f6relser enligt dessa villkor ska inneb\u00e4ra varje skyldighet att bevilja liknande, framtida eller andra avst\u00e5enden.<\/p>\n\n\n\n<h3 class=\"wp-block-heading\">9. Till\u00e4mplig lag<\/h3>\n\n\n\n<p>Dessa anv\u00e4ndarvillkor och eventuella separata avtal genom vilka vi tillhandah\u00e5ller dig tj\u00e4nster ska regleras av och tolkas i enlighet med lagarna i USA.<\/p>\n\n\n\n<h3 class=\"wp-block-heading\">10. Kontaktinformation<\/h3>\n\n\n\n<p>Fr\u00e5gor om anv\u00e4ndarvillkoren ska skickas till oss via kontaktuppgifterna nedan:<\/p>\n\n\n\n<p><strong>Handelsnamn:<\/strong> Covers4Car <\/p>\n\n\n\n<p><strong>Adress:<\/strong> 3422 Old Capitol Trl Ste 4001, Wilmington, DE 19808, F\u00f6renta staterna <\/p>\n\n\n\n<p><strong>Telefon:<\/strong> <a href=\"tel:+1 (619) 534-4662\">+1 (619) 534-4662 <\/a><\/p>\n\n\n\n<p><strong>E-post:<\/strong> <a href=\"mailto:support@covers4car.com\">support@covers4car.com<\/a><\/p>\n\n\n\n<p><\/p>","protected":false},"excerpt":{"rendered":"<p>Anv\u00e4ndarvillkor V\u00e4lkommen till webbplatsen covers4car.com. Genom att bes\u00f6ka och anv\u00e4nda denna webbplats godk\u00e4nner du att vara bunden av<\/p>","protected":false},"author":1,"featured_media":0,"parent":0,"menu_order":0,"comment_status":"closed","ping_status":"closed","template":"","meta":{"_acf_changed":false,"_monsterinsights_skip_tracking":false,"_monsterinsights_sitenote_active":false,"_monsterinsights_sitenote_note":"","_monsterinsights_sitenote_category":0,"footnotes":""},"class_list":["post-9970","page","type-page","status-publish","hentry"],"acf":[],"yoast_head":"<!-- This site is optimized with the Yoast SEO Premium plugin v26.4 (Yoast SEO v26.4) - https:\/\/yoast.com\/wordpress\/plugins\/seo\/ -->\n<title>Terms of Service - Covers4Car<\/title>\n<meta name=\"description\" content=\"Terms of Service Terms of Service Welcome to the covers4car.com website. By accessing and using this website, you agree to be bound by the following terms and conditions\" \/>\n<meta name=\"robots\" content=\"index, follow, max-snippet:-1, max-image-preview:large, max-video-preview:-1\" \/>\n<link rel=\"canonical\" href=\"https:\/\/covers4car.com\/se\/terms-of-service\/\" \/>\n<meta property=\"og:locale\" content=\"sv_SE\" \/>\n<meta property=\"og:type\" content=\"article\" \/>\n<meta property=\"og:title\" content=\"Terms of Service\" \/>\n<meta property=\"og:description\" content=\"Terms of Service Terms of Service Welcome to the covers4car.com website. By accessing and using this website, you agree to be bound by the following terms and conditions\" \/>\n<meta property=\"og:url\" content=\"https:\/\/covers4car.com\/se\/terms-of-service\/\" \/>\n<meta property=\"og:site_name\" content=\"Covers4Car\" \/>\n<meta property=\"article:publisher\" content=\"https:\/\/www.facebook.com\/profile.php?id=61564533557142\" \/>\n<meta property=\"article:modified_time\" content=\"2025-07-25T00:18:37+00:00\" \/>\n<meta name=\"twitter:card\" content=\"summary_large_image\" \/>\n<meta name=\"twitter:site\" content=\"@covers4carstore\" \/>\n<meta name=\"twitter:label1\" content=\"Ber\u00e4knad l\u00e4stid\" \/>\n\t<meta name=\"twitter:data1\" content=\"9 minuter\" \/>\n<script type=\"application\/ld+json\" class=\"yoast-schema-graph\">{\"@context\":\"https:\/\/schema.org\",\"@graph\":[{\"@type\":\"WebPage\",\"@id\":\"https:\/\/covers4car.com\/terms-of-service\/\",\"url\":\"https:\/\/covers4car.com\/terms-of-service\/\",\"name\":\"Terms of Service - Covers4Car\",\"isPartOf\":{\"@id\":\"https:\/\/covers4car.com\/#website\"},\"datePublished\":\"2024-11-01T12:48:12+00:00\",\"dateModified\":\"2025-07-25T00:18:37+00:00\",\"description\":\"Terms of Service Terms of Service Welcome to the covers4car.com website. By accessing and using this website, you agree to be bound by the following terms and conditions\",\"breadcrumb\":{\"@id\":\"https:\/\/covers4car.com\/terms-of-service\/#breadcrumb\"},\"inLanguage\":\"sv-SE\",\"potentialAction\":[{\"@type\":\"ReadAction\",\"target\":[\"https:\/\/covers4car.com\/terms-of-service\/\"]}]},{\"@type\":\"BreadcrumbList\",\"@id\":\"https:\/\/covers4car.com\/terms-of-service\/#breadcrumb\",\"itemListElement\":[{\"@type\":\"ListItem\",\"position\":1,\"name\":\"Home\",\"item\":\"https:\/\/covers4car.com\/\"},{\"@type\":\"ListItem\",\"position\":2,\"name\":\"Terms of Service\"}]},{\"@type\":\"WebSite\",\"@id\":\"https:\/\/covers4car.com\/#website\",\"url\":\"https:\/\/covers4car.com\/\",\"name\":\"Covers4Car\",\"description\":\"Professional Seat Covers Tailored for Your Vehicle\",\"publisher\":{\"@id\":\"https:\/\/covers4car.com\/#organization\"},\"potentialAction\":[{\"@type\":\"SearchAction\",\"target\":{\"@type\":\"EntryPoint\",\"urlTemplate\":\"https:\/\/covers4car.com\/?s={search_term_string}\"},\"query-input\":{\"@type\":\"PropertyValueSpecification\",\"valueRequired\":true,\"valueName\":\"search_term_string\"}}],\"inLanguage\":\"sv-SE\"},{\"@type\":\"Organization\",\"@id\":\"https:\/\/covers4car.com\/#organization\",\"name\":\"Covers4Car\",\"url\":\"https:\/\/covers4car.com\/\",\"logo\":{\"@type\":\"ImageObject\",\"inLanguage\":\"sv-SE\",\"@id\":\"https:\/\/covers4car.com\/#\/schema\/logo\/image\/\",\"url\":\"https:\/\/covers4car.com\/wp-content\/uploads\/2024\/11\/Asset-2@5x-copy.jpg\",\"contentUrl\":\"https:\/\/covers4car.com\/wp-content\/uploads\/2024\/11\/Asset-2@5x-copy.jpg\",\"width\":877,\"height\":877,\"caption\":\"Covers4Car\"},\"image\":{\"@id\":\"https:\/\/covers4car.com\/#\/schema\/logo\/image\/\"},\"sameAs\":[\"https:\/\/www.facebook.com\/profile.php?id=61564533557142\",\"https:\/\/x.com\/covers4carstore\"]}]}<\/script>\n<!-- \/ Yoast SEO Premium plugin. -->","yoast_head_json":{"title":"Anv\u00e4ndarvillkor - Covers4Car","description":"Anv\u00e4ndarvillkor Anv\u00e4ndarvillkor V\u00e4lkommen till webbplatsen covers4car.com. Genom att bes\u00f6ka och anv\u00e4nda denna webbplats godk\u00e4nner du f\u00f6ljande villkor.","robots":{"index":"index","follow":"follow","max-snippet":"max-snippet:-1","max-image-preview":"max-image-preview:large","max-video-preview":"max-video-preview:-1"},"canonical":"https:\/\/covers4car.com\/se\/terms-of-service\/","og_locale":"sv_SE","og_type":"article","og_title":"Terms of Service","og_description":"Terms of Service Terms of Service Welcome to the covers4car.com website. By accessing and using this website, you agree to be bound by the following terms and conditions","og_url":"https:\/\/covers4car.com\/se\/terms-of-service\/","og_site_name":"Covers4Car","article_publisher":"https:\/\/www.facebook.com\/profile.php?id=61564533557142","article_modified_time":"2025-07-25T00:18:37+00:00","twitter_card":"summary_large_image","twitter_site":"@covers4carstore","twitter_misc":{"Ber\u00e4knad l\u00e4stid":"9 minuter"},"schema":{"@context":"https:\/\/schema.org","@graph":[{"@type":"WebPage","@id":"https:\/\/covers4car.com\/terms-of-service\/","url":"https:\/\/covers4car.com\/terms-of-service\/","name":"Anv\u00e4ndarvillkor - Covers4Car","isPartOf":{"@id":"https:\/\/covers4car.com\/#website"},"datePublished":"2024-11-01T12:48:12+00:00","dateModified":"2025-07-25T00:18:37+00:00","description":"Anv\u00e4ndarvillkor Anv\u00e4ndarvillkor V\u00e4lkommen till webbplatsen covers4car.com. Genom att bes\u00f6ka och anv\u00e4nda denna webbplats godk\u00e4nner du f\u00f6ljande villkor.","breadcrumb":{"@id":"https:\/\/covers4car.com\/terms-of-service\/#breadcrumb"},"inLanguage":"sv-SE","potentialAction":[{"@type":"ReadAction","target":["https:\/\/covers4car.com\/terms-of-service\/"]}]},{"@type":"BreadcrumbList","@id":"https:\/\/covers4car.com\/terms-of-service\/#breadcrumb","itemListElement":[{"@type":"ListItem","position":1,"name":"Home","item":"https:\/\/covers4car.com\/"},{"@type":"ListItem","position":2,"name":"Terms of Service"}]},{"@type":"WebSite","@id":"https:\/\/covers4car.com\/#website","url":"https:\/\/covers4car.com\/","name":"Covers4Car","description":"Professionella s\u00e4tes\u00f6verdrag skr\u00e4ddarsydda f\u00f6r ditt fordon","publisher":{"@id":"https:\/\/covers4car.com\/#organization"},"potentialAction":[{"@type":"SearchAction","target":{"@type":"EntryPoint","urlTemplate":"https:\/\/covers4car.com\/?s={search_term_string}"},"query-input":{"@type":"PropertyValueSpecification","valueRequired":true,"valueName":"search_term_string"}}],"inLanguage":"sv-SE"},{"@type":"Organization","@id":"https:\/\/covers4car.com\/#organization","name":"Covers4Car","url":"https:\/\/covers4car.com\/","logo":{"@type":"ImageObject","inLanguage":"sv-SE","@id":"https:\/\/covers4car.com\/#\/schema\/logo\/image\/","url":"https:\/\/covers4car.com\/wp-content\/uploads\/2024\/11\/Asset-2@5x-copy.jpg","contentUrl":"https:\/\/covers4car.com\/wp-content\/uploads\/2024\/11\/Asset-2@5x-copy.jpg","width":877,"height":877,"caption":"Covers4Car"},"image":{"@id":"https:\/\/covers4car.com\/#\/schema\/logo\/image\/"},"sameAs":["https:\/\/www.facebook.com\/profile.php?id=61564533557142","https:\/\/x.com\/covers4carstore"]}]}},"_links":{"self":[{"href":"https:\/\/covers4car.com\/se\/wp-json\/wp\/v2\/pages\/9970","targetHints":{"allow":["GET"]}}],"collection":[{"href":"https:\/\/covers4car.com\/se\/wp-json\/wp\/v2\/pages"}],"about":[{"href":"https:\/\/covers4car.com\/se\/wp-json\/wp\/v2\/types\/page"}],"author":[{"embeddable":true,"href":"https:\/\/covers4car.com\/se\/wp-json\/wp\/v2\/users\/1"}],"replies":[{"embeddable":true,"href":"https:\/\/covers4car.com\/se\/wp-json\/wp\/v2\/comments?post=9970"}],"version-history":[{"count":0,"href":"https:\/\/covers4car.com\/se\/wp-json\/wp\/v2\/pages\/9970\/revisions"}],"wp:attachment":[{"href":"https:\/\/covers4car.com\/se\/wp-json\/wp\/v2\/media?parent=9970"}],"curies":[{"name":"wp","href":"https:\/\/api.w.org\/{rel}","templated":true}]}}