{"id":12888,"date":"2025-03-31T19:57:01","date_gmt":"2025-04-01T02:57:01","guid":{"rendered":"https:\/\/covers4car.com\/?post_type=product&#038;p=12888"},"modified":"2026-05-06T06:44:02","modified_gmt":"2026-05-06T13:44:02","slug":"premium-leather-car-seat-cover-10","status":"publish","type":"product","link":"https:\/\/covers4car.com\/se\/produkt\/premium-leather-car-seat-cover-10\/","title":{"rendered":"Premium l\u00e4ders\u00e4tes\u00f6verdrag f\u00f6r bilar, SUV:ar och lastbilar \u2013 Skydd f\u00f6r fram- och baks\u00e4ten, anpassad design \u2013 Sportiga s\u00f6mmar 09"},"content":{"rendered":"<div style=\"max-width: 800px; margin-right: auto;\">\n<div style=\"padding: 56.25% 0 0 0; position: relative;\"><iframe style=\"position: absolute; top: 0; left: 0; width: 100%; height: 100%;\" title=\"Covers4Car Premium S\u00e4tes\u00f6verdrag 09\" src=\"https:\/\/player.vimeo.com\/video\/1139985042?title=0&amp;byline=0&amp;portrait=0&amp;badge=0&amp;autopause=0&amp;player_id=0&amp;app_id=58479\" frameborder=\"0\"><br \/>\n<\/iframe><\/div>\n<\/div>\n<p>Ge din bil personlighet med Covers4Cars snygga l\u00e4der\u00f6verdrag till bilen, specialanpassade bil\u00f6verdrag, utformade f\u00f6r att kombinera modern design med p\u00e5litligt skydd. Deras eleganta utseende lyfter din interi\u00f6r, medan de slitstarka materialen skyddar mot spill och fl\u00e4ckar. Perfekt f\u00f6r dig som vill ha mode och funktion i ett.<\/p>\n<p><strong>Varf\u00f6r v\u00e4lja Covers4Cars s\u00e4tes\u00f6verdrag? <\/strong> Covers4Cars s\u00e4tes\u00f6verdrag testas av officiella myndigheter f\u00f6r h\u00e5llbarhet, milj\u00f6v\u00e4nlighet, antibakteriella egenskaper och giftfrihet, vilket ger p\u00e5litlig kvalitet till ett rimligt pris.<a href=\"https:\/\/covers4car.com\/wp-content\/uploads\/2024\/12\/07-1.jpg\"><img fetchpriority=\"high\" decoding=\"async\" class=\"wd-lazy-fade alignnone wp-image-11488\" src=\"https:\/\/covers4car.com\/wp-content\/themes\/woodmart\/images\/lazy.svg\" data-src=\"https:\/\/covers4car.com\/wp-content\/uploads\/2024\/12\/07-1.jpg\" alt=\"\" width=\"750\" height=\"750\" srcset=\"\" data-srcset=\"https:\/\/covers4car.com\/wp-content\/uploads\/2024\/12\/07-1.jpg 800w, https:\/\/covers4car.com\/wp-content\/uploads\/2024\/12\/07-1-300x300.jpg 300w, https:\/\/covers4car.com\/wp-content\/uploads\/2024\/12\/07-1-150x150.jpg 150w, https:\/\/covers4car.com\/wp-content\/uploads\/2024\/12\/07-1-768x768.jpg 768w, https:\/\/covers4car.com\/wp-content\/uploads\/2024\/12\/07-1-12x12.jpg 12w, https:\/\/covers4car.com\/wp-content\/uploads\/2024\/12\/07-1-600x600.jpg 600w, https:\/\/covers4car.com\/wp-content\/uploads\/2024\/12\/07-1-148x148.jpg 148w, https:\/\/covers4car.com\/wp-content\/uploads\/2024\/12\/07-1-50x50.jpg 50w, https:\/\/covers4car.com\/wp-content\/uploads\/2024\/12\/07-1-100x100.jpg 100w\" sizes=\"(max-width: 750px) 100vw, 750px\" \/><\/a><\/p>\n<p><strong>F\u00f6rb\u00e4ttrad h\u00e5llbarhet<\/strong>Tillverkad av slitstarka material med en sl\u00e4t, andningsbar yta som \u00e4r l\u00e4tt att reng\u00f6ra och bibeh\u00e5ller komfort under alla \u00e5rstider.<\/p>\n<p><a href=\"https:\/\/covers4car.com\/wp-content\/uploads\/2024\/12\/03-3.jpg\"><img decoding=\"async\" class=\"wd-lazy-fade alignnone wp-image-11489\" src=\"https:\/\/covers4car.com\/wp-content\/themes\/woodmart\/images\/lazy.svg\" data-src=\"https:\/\/covers4car.com\/wp-content\/uploads\/2024\/12\/03-3.jpg\" alt=\"\" width=\"750\" height=\"750\" srcset=\"\" data-srcset=\"https:\/\/covers4car.com\/wp-content\/uploads\/2024\/12\/03-3.jpg 800w, https:\/\/covers4car.com\/wp-content\/uploads\/2024\/12\/03-3-300x300.jpg 300w, https:\/\/covers4car.com\/wp-content\/uploads\/2024\/12\/03-3-150x150.jpg 150w, https:\/\/covers4car.com\/wp-content\/uploads\/2024\/12\/03-3-768x768.jpg 768w, https:\/\/covers4car.com\/wp-content\/uploads\/2024\/12\/03-3-12x12.jpg 12w, https:\/\/covers4car.com\/wp-content\/uploads\/2024\/12\/03-3-600x600.jpg 600w, https:\/\/covers4car.com\/wp-content\/uploads\/2024\/12\/03-3-148x148.jpg 148w, https:\/\/covers4car.com\/wp-content\/uploads\/2024\/12\/03-3-50x50.jpg 50w, https:\/\/covers4car.com\/wp-content\/uploads\/2024\/12\/03-3-100x100.jpg 100w\" sizes=\"(max-width: 750px) 100vw, 750px\" \/><\/a><\/p>\n<p><strong>S\u00e4kerhet f\u00f6r k\u00f6rning<\/strong>Har reserverade krockkudds\u00f6ppningar f\u00f6r \u00f6kad s\u00e4kerhet och sinnesro.<br \/>\n<a href=\"https:\/\/covers4car.com\/wp-content\/uploads\/2025\/03\/5-7.jpg\"><img decoding=\"async\" class=\"wd-lazy-fade alignnone wp-image-12841\" src=\"https:\/\/covers4car.com\/wp-content\/themes\/woodmart\/images\/lazy.svg\" data-src=\"https:\/\/covers4car.com\/wp-content\/uploads\/2025\/03\/5-7.jpg\" alt=\"\" width=\"750\" height=\"750\" srcset=\"\" data-srcset=\"https:\/\/covers4car.com\/wp-content\/uploads\/2025\/03\/5-7.jpg 1200w, https:\/\/covers4car.com\/wp-content\/uploads\/2025\/03\/5-7-300x300.jpg 300w, https:\/\/covers4car.com\/wp-content\/uploads\/2025\/03\/5-7-1024x1024.jpg 1024w, https:\/\/covers4car.com\/wp-content\/uploads\/2025\/03\/5-7-150x150.jpg 150w, https:\/\/covers4car.com\/wp-content\/uploads\/2025\/03\/5-7-768x768.jpg 768w, https:\/\/covers4car.com\/wp-content\/uploads\/2025\/03\/5-7-12x12.jpg 12w, https:\/\/covers4car.com\/wp-content\/uploads\/2025\/03\/5-7-600x600.jpg 600w, https:\/\/covers4car.com\/wp-content\/uploads\/2025\/03\/5-7-148x148.jpg 148w, https:\/\/covers4car.com\/wp-content\/uploads\/2025\/03\/5-7-50x50.jpg 50w, https:\/\/covers4car.com\/wp-content\/uploads\/2025\/03\/5-7-100x100.jpg 100w\" sizes=\"(max-width: 750px) 100vw, 750px\" \/><\/a><\/p>\n<p><strong>Omfattande skydd<\/strong>Ger 360\u00b0 t\u00e4ckning f\u00f6r att skydda dina bils\u00e4ten fr\u00e5n smuts, fl\u00e4ckar, skav och slitage orsakat av husdjur eller barn, vilket h\u00e5ller dem rena. Husdjurs leriga tassavtryck efter att barnen har druckit kan snabbt torkas bort med en handduk, vilket g\u00f6r att dina s\u00e4ten ser ut som nya.<\/p>\n<p><a href=\"https:\/\/covers4car.com\/wp-content\/uploads\/2024\/12\/GIF-0214.gif\"><img loading=\"lazy\" decoding=\"async\" class=\"wd-lazy-fade alignnone wp-image-11476\" src=\"https:\/\/covers4car.com\/wp-content\/themes\/woodmart\/images\/lazy.svg\" data-src=\"https:\/\/covers4car.com\/wp-content\/uploads\/2024\/12\/GIF-0214.gif\" alt=\"\" width=\"750\" height=\"408\" \/><\/a><\/p>\n<p><a href=\"https:\/\/covers4car.com\/wp-content\/uploads\/2024\/12\/GIF-0214-1-2.gif\"><img loading=\"lazy\" decoding=\"async\" class=\"wd-lazy-fade alignnone wp-image-11481\" src=\"https:\/\/covers4car.com\/wp-content\/themes\/woodmart\/images\/lazy.svg\" data-src=\"https:\/\/covers4car.com\/wp-content\/uploads\/2024\/12\/GIF-0214-1-2.gif\" alt=\"\" width=\"750\" height=\"408\" \/><\/a><\/p>\n<p><a href=\"https:\/\/covers4car.com\/wp-content\/uploads\/2025\/03\/5-1.jpg\"><img loading=\"lazy\" decoding=\"async\" class=\"wd-lazy-fade alignnone size-full wp-image-12697\" src=\"https:\/\/covers4car.com\/wp-content\/themes\/woodmart\/images\/lazy.svg\" data-src=\"https:\/\/covers4car.com\/wp-content\/uploads\/2025\/03\/5-1.jpg\" alt=\"\" width=\"750\" height=\"750\" srcset=\"\" data-srcset=\"https:\/\/covers4car.com\/wp-content\/uploads\/2025\/03\/5-1.jpg 750w, https:\/\/covers4car.com\/wp-content\/uploads\/2025\/03\/5-1-300x300.jpg 300w, https:\/\/covers4car.com\/wp-content\/uploads\/2025\/03\/5-1-150x150.jpg 150w, https:\/\/covers4car.com\/wp-content\/uploads\/2025\/03\/5-1-12x12.jpg 12w, https:\/\/covers4car.com\/wp-content\/uploads\/2025\/03\/5-1-600x600.jpg 600w, https:\/\/covers4car.com\/wp-content\/uploads\/2025\/03\/5-1-148x148.jpg 148w, https:\/\/covers4car.com\/wp-content\/uploads\/2025\/03\/5-1-50x50.jpg 50w, https:\/\/covers4car.com\/wp-content\/uploads\/2025\/03\/5-1-100x100.jpg 100w\" sizes=\"(max-width: 750px) 100vw, 750px\" \/><\/a><\/p>\n<p><strong>Livsl\u00e4ngd och \u00e5terf\u00f6rs\u00e4ljningsv\u00e4rde<\/strong>F\u00f6rl\u00e4nger livsl\u00e4ngden p\u00e5 dina bils\u00e4ten med 5\u20136 \u00e5r, skyddar dem fr\u00e5n skador och bevarar fordonets \u00e5terf\u00f6rs\u00e4ljningspotential.<\/p>\n<p><strong>L\u00e4der av h\u00f6gsta kvalitet:<\/strong> H\u00e5llbar, vattent\u00e4t och designad f\u00f6r l\u00e5ngvarig prestanda.<\/p>\n<p><a href=\"https:\/\/covers4car.com\/wp-content\/uploads\/2024\/12\/GIF-0214-3-1.gif\"><img loading=\"lazy\" decoding=\"async\" class=\"wd-lazy-fade alignnone wp-image-11480\" src=\"https:\/\/covers4car.com\/wp-content\/themes\/woodmart\/images\/lazy.svg\" data-src=\"https:\/\/covers4car.com\/wp-content\/uploads\/2024\/12\/GIF-0214-3-1.gif\" alt=\"\" width=\"750\" height=\"408\" \/><\/a><\/p>\n<p><a href=\"https:\/\/covers4car.com\/wp-content\/uploads\/2024\/12\/Premuim-quality.jpg\"><img loading=\"lazy\" decoding=\"async\" class=\"wd-lazy-fade alignnone wp-image-11465\" src=\"https:\/\/covers4car.com\/wp-content\/themes\/woodmart\/images\/lazy.svg\" data-src=\"https:\/\/covers4car.com\/wp-content\/uploads\/2024\/12\/Premuim-quality.jpg\" alt=\"\" width=\"750\" height=\"750\" srcset=\"\" data-srcset=\"https:\/\/covers4car.com\/wp-content\/uploads\/2024\/12\/Premuim-quality.jpg 800w, https:\/\/covers4car.com\/wp-content\/uploads\/2024\/12\/Premuim-quality-300x300.jpg 300w, https:\/\/covers4car.com\/wp-content\/uploads\/2024\/12\/Premuim-quality-150x150.jpg 150w, https:\/\/covers4car.com\/wp-content\/uploads\/2024\/12\/Premuim-quality-768x768.jpg 768w, https:\/\/covers4car.com\/wp-content\/uploads\/2024\/12\/Premuim-quality-12x12.jpg 12w, https:\/\/covers4car.com\/wp-content\/uploads\/2024\/12\/Premuim-quality-600x600.jpg 600w, https:\/\/covers4car.com\/wp-content\/uploads\/2024\/12\/Premuim-quality-148x148.jpg 148w, https:\/\/covers4car.com\/wp-content\/uploads\/2024\/12\/Premuim-quality-50x50.jpg 50w, https:\/\/covers4car.com\/wp-content\/uploads\/2024\/12\/Premuim-quality-100x100.jpg 100w\" sizes=\"(max-width: 750px) 100vw, 750px\" \/><\/a><\/p>\n<p><strong>Bekv\u00e4m p\u00e5 l\u00e5nga resor<\/strong>Upplev o\u00f6vertr\u00e4ffad komfort p\u00e5 l\u00e5nga resor med v\u00e5ra specialanpassade, helt\u00e4ckande s\u00e4tes\u00f6verdrag, utformade f\u00f6r att ge \u00f6verl\u00e4gsen d\u00e4mpning och st\u00f6d, vilket s\u00e4kerst\u00e4ller att du k\u00e4nner dig avslappnad och bekv\u00e4m oavsett hur l\u00e5ngt du reser.<\/p>\n<p><strong>Flera f\u00e4rger<\/strong>Finns i flera f\u00e4rger med alternativ f\u00f6r tv\u00e5tonsf\u00e4rgkombinationer, vilket g\u00f6r att du kan anpassa interi\u00f6ren i din bil.<\/p>","protected":false},"excerpt":{"rendered":"<p>Ge ditt fordon personlighet med Covers4Cars snygga l\u00e4der\u00f6verdrag till bils\u00e4ten, specialanpassade bils\u00e4tes\u00f6verdrag, utformade f\u00f6r att kombinera<\/p>","protected":false},"featured_media":20097,"comment_status":"open","ping_status":"closed","template":"","meta":{"_acf_changed":false,"_monsterinsights_skip_tracking":false,"_monsterinsights_sitenote_active":false,"_monsterinsights_sitenote_note":"","_monsterinsights_sitenote_category":0},"product_brand":[],"product_cat":[80],"product_tag":[54969,22787],"jet_color":[],"jet_material":[],"jet_coverage":[],"class_list":{"0":"post-12888","1":"product","2":"type-product","3":"status-publish","4":"has-post-thumbnail","6":"product_cat-premium-leather-seat-cover","7":"product_tag-fit-universal-fit","8":"product_tag-universal","10":"first","11":"instock","12":"shipping-taxable","13":"purchasable","14":"product-type-variable","15":"has-default-attributes","16":"wvs-archive-product-wrapper"},"acf":[],"yoast_head":"<!-- This site is optimized with the Yoast SEO Premium plugin v26.4 (Yoast SEO v26.4) - https:\/\/yoast.com\/wordpress\/plugins\/seo\/ -->\n<title>Stylish Leather Car Seat Covers \u2013 Sporty Stitch Accents<\/title>\n<meta name=\"description\" content=\"Express yourself with Stylish Leather Car Seat Covers that combine fashion and function. Protect your seats while upgrading your ride today.\" \/>\n<meta name=\"robots\" content=\"index, follow, max-snippet:-1, max-image-preview:large, max-video-preview:-1\" \/>\n<link rel=\"canonical\" href=\"https:\/\/covers4car.com\/se\/produkt\/premium-leather-car-seat-cover-10\/\" \/>\n<meta property=\"og:locale\" content=\"sv_SE\" \/>\n<meta property=\"og:type\" content=\"article\" \/>\n<meta property=\"og:title\" content=\"Premium Leather Car Seat Covers for Cars, SUVs &amp; Trucks \u2013 Front &amp; Rear Seat Protector, Custom Fit Design \u2013 Sporty Stitch Accents 09\" \/>\n<meta property=\"og:description\" content=\"Express yourself with Stylish Leather Car Seat Covers that combine fashion and function. Protect your seats while upgrading your ride today.\" \/>\n<meta property=\"og:url\" content=\"https:\/\/covers4car.com\/se\/produkt\/premium-leather-car-seat-cover-10\/\" \/>\n<meta property=\"og:site_name\" content=\"Covers4Car\" \/>\n<meta property=\"article:publisher\" content=\"https:\/\/www.facebook.com\/profile.php?id=61564533557142\" \/>\n<meta property=\"article:modified_time\" content=\"2026-05-06T13:44:02+00:00\" \/>\n<meta property=\"og:image\" content=\"https:\/\/covers4car.com\/wp-content\/uploads\/2025\/03\/1-14.webp\" \/>\n\t<meta property=\"og:image:width\" content=\"1000\" \/>\n\t<meta property=\"og:image:height\" content=\"1000\" \/>\n\t<meta property=\"og:image:type\" content=\"image\/webp\" \/>\n<meta name=\"twitter:card\" content=\"summary_large_image\" \/>\n<meta name=\"twitter:site\" content=\"@covers4carstore\" \/>\n<meta name=\"twitter:label1\" content=\"Ber\u00e4knad l\u00e4stid\" \/>\n\t<meta name=\"twitter:data1\" content=\"3 minuter\" \/>\n<script type=\"application\/ld+json\" class=\"yoast-schema-graph\">{\"@context\":\"https:\/\/schema.org\",\"@graph\":[{\"@type\":\"WebPage\",\"@id\":\"https:\/\/covers4car.com\/product\/premium-leather-car-seat-cover-10\/\",\"url\":\"https:\/\/covers4car.com\/product\/premium-leather-car-seat-cover-10\/\",\"name\":\"Stylish Leather Car Seat Covers \u2013 Sporty Stitch Accents\",\"isPartOf\":{\"@id\":\"https:\/\/covers4car.com\/#website\"},\"primaryImageOfPage\":{\"@id\":\"https:\/\/covers4car.com\/product\/premium-leather-car-seat-cover-10\/#primaryimage\"},\"image\":{\"@id\":\"https:\/\/covers4car.com\/product\/premium-leather-car-seat-cover-10\/#primaryimage\"},\"thumbnailUrl\":\"https:\/\/covers4car.com\/wp-content\/uploads\/2025\/03\/1-14.webp\",\"datePublished\":\"2025-04-01T02:57:01+00:00\",\"dateModified\":\"2026-05-06T13:44:02+00:00\",\"description\":\"Express yourself with Stylish Leather Car Seat Covers that combine fashion and function. Protect your seats while upgrading your ride today.\",\"breadcrumb\":{\"@id\":\"https:\/\/covers4car.com\/product\/premium-leather-car-seat-cover-10\/#breadcrumb\"},\"inLanguage\":\"sv-SE\",\"potentialAction\":[{\"@type\":\"ReadAction\",\"target\":[\"https:\/\/covers4car.com\/product\/premium-leather-car-seat-cover-10\/\"]}]},{\"@type\":\"ImageObject\",\"inLanguage\":\"sv-SE\",\"@id\":\"https:\/\/covers4car.com\/product\/premium-leather-car-seat-cover-10\/#primaryimage\",\"url\":\"https:\/\/covers4car.com\/wp-content\/uploads\/2025\/03\/1-14.webp\",\"contentUrl\":\"https:\/\/covers4car.com\/wp-content\/uploads\/2025\/03\/1-14.webp\",\"width\":1000,\"height\":1000},{\"@type\":\"BreadcrumbList\",\"@id\":\"https:\/\/covers4car.com\/product\/premium-leather-car-seat-cover-10\/#breadcrumb\",\"itemListElement\":[{\"@type\":\"ListItem\",\"position\":1,\"name\":\"Home\",\"item\":\"https:\/\/covers4car.com\/\"},{\"@type\":\"ListItem\",\"position\":2,\"name\":\"Shop\",\"item\":\"https:\/\/covers4car.com\/shop\/\"},{\"@type\":\"ListItem\",\"position\":3,\"name\":\"Premium Leather Car Seat Covers for Cars, SUVs &#038; Trucks \u2013 Front &#038; Rear Seat Protector, Custom Fit Design \u2013 Sporty Stitch Accents 09\"}]},{\"@type\":\"WebSite\",\"@id\":\"https:\/\/covers4car.com\/#website\",\"url\":\"https:\/\/covers4car.com\/\",\"name\":\"Covers4Car\",\"description\":\"Professional Seat Covers Tailored for Your Vehicle\",\"publisher\":{\"@id\":\"https:\/\/covers4car.com\/#organization\"},\"potentialAction\":[{\"@type\":\"SearchAction\",\"target\":{\"@type\":\"EntryPoint\",\"urlTemplate\":\"https:\/\/covers4car.com\/?s={search_term_string}\"},\"query-input\":{\"@type\":\"PropertyValueSpecification\",\"valueRequired\":true,\"valueName\":\"search_term_string\"}}],\"inLanguage\":\"sv-SE\"},{\"@type\":\"Organization\",\"@id\":\"https:\/\/covers4car.com\/#organization\",\"name\":\"Covers4Car\",\"url\":\"https:\/\/covers4car.com\/\",\"logo\":{\"@type\":\"ImageObject\",\"inLanguage\":\"sv-SE\",\"@id\":\"https:\/\/covers4car.com\/#\/schema\/logo\/image\/\",\"url\":\"https:\/\/covers4car.com\/wp-content\/uploads\/2024\/11\/Asset-2@5x-copy.jpg\",\"contentUrl\":\"https:\/\/covers4car.com\/wp-content\/uploads\/2024\/11\/Asset-2@5x-copy.jpg\",\"width\":877,\"height\":877,\"caption\":\"Covers4Car\"},\"image\":{\"@id\":\"https:\/\/covers4car.com\/#\/schema\/logo\/image\/\"},\"sameAs\":[\"https:\/\/www.facebook.com\/profile.php?id=61564533557142\",\"https:\/\/x.com\/covers4carstore\"]}]}<\/script>\n<!-- \/ Yoast SEO Premium plugin. -->","yoast_head_json":{"title":"Snygga l\u00e4der\u00f6verdrag till bils\u00e4ten \u2013 sportiga s\u00f6mmar","description":"Uttryck dig sj\u00e4lv med snygga l\u00e4der\u00f6verdrag till bilen som kombinerar mode och funktion. Skydda dina s\u00e4ten samtidigt som du uppgraderar din bil idag.","robots":{"index":"index","follow":"follow","max-snippet":"max-snippet:-1","max-image-preview":"max-image-preview:large","max-video-preview":"max-video-preview:-1"},"canonical":"https:\/\/covers4car.com\/se\/produkt\/premium-leather-car-seat-cover-10\/","og_locale":"sv_SE","og_type":"article","og_title":"Premium Leather Car Seat Covers for Cars, SUVs & Trucks \u2013 Front & Rear Seat Protector, Custom Fit Design \u2013 Sporty Stitch Accents 09","og_description":"Express yourself with Stylish Leather Car Seat Covers that combine fashion and function. Protect your seats while upgrading your ride today.","og_url":"https:\/\/covers4car.com\/se\/produkt\/premium-leather-car-seat-cover-10\/","og_site_name":"Covers4Car","article_publisher":"https:\/\/www.facebook.com\/profile.php?id=61564533557142","article_modified_time":"2026-05-06T13:44:02+00:00","og_image":[{"width":1000,"height":1000,"url":"https:\/\/covers4car.com\/wp-content\/uploads\/2025\/03\/1-14.webp","type":"image\/webp"}],"twitter_card":"summary_large_image","twitter_site":"@covers4carstore","twitter_misc":{"Ber\u00e4knad l\u00e4stid":"3 minuter"},"schema":{"@context":"https:\/\/schema.org","@graph":[{"@type":"WebPage","@id":"https:\/\/covers4car.com\/product\/premium-leather-car-seat-cover-10\/","url":"https:\/\/covers4car.com\/product\/premium-leather-car-seat-cover-10\/","name":"Snygga l\u00e4der\u00f6verdrag till bils\u00e4ten \u2013 sportiga s\u00f6mmar","isPartOf":{"@id":"https:\/\/covers4car.com\/#website"},"primaryImageOfPage":{"@id":"https:\/\/covers4car.com\/product\/premium-leather-car-seat-cover-10\/#primaryimage"},"image":{"@id":"https:\/\/covers4car.com\/product\/premium-leather-car-seat-cover-10\/#primaryimage"},"thumbnailUrl":"https:\/\/covers4car.com\/wp-content\/uploads\/2025\/03\/1-14.webp","datePublished":"2025-04-01T02:57:01+00:00","dateModified":"2026-05-06T13:44:02+00:00","description":"Uttryck dig sj\u00e4lv med snygga l\u00e4der\u00f6verdrag till bilen som kombinerar mode och funktion. Skydda dina s\u00e4ten samtidigt som du uppgraderar din bil idag.","breadcrumb":{"@id":"https:\/\/covers4car.com\/product\/premium-leather-car-seat-cover-10\/#breadcrumb"},"inLanguage":"sv-SE","potentialAction":[{"@type":"ReadAction","target":["https:\/\/covers4car.com\/product\/premium-leather-car-seat-cover-10\/"]}]},{"@type":"ImageObject","inLanguage":"sv-SE","@id":"https:\/\/covers4car.com\/product\/premium-leather-car-seat-cover-10\/#primaryimage","url":"https:\/\/covers4car.com\/wp-content\/uploads\/2025\/03\/1-14.webp","contentUrl":"https:\/\/covers4car.com\/wp-content\/uploads\/2025\/03\/1-14.webp","width":1000,"height":1000},{"@type":"BreadcrumbList","@id":"https:\/\/covers4car.com\/product\/premium-leather-car-seat-cover-10\/#breadcrumb","itemListElement":[{"@type":"ListItem","position":1,"name":"Home","item":"https:\/\/covers4car.com\/"},{"@type":"ListItem","position":2,"name":"Shop","item":"https:\/\/covers4car.com\/shop\/"},{"@type":"ListItem","position":3,"name":"Premium Leather Car Seat Covers for Cars, SUVs &#038; Trucks \u2013 Front &#038; Rear Seat Protector, Custom Fit Design \u2013 Sporty Stitch Accents 09"}]},{"@type":"WebSite","@id":"https:\/\/covers4car.com\/#website","url":"https:\/\/covers4car.com\/","name":"Covers4Car","description":"Professionella s\u00e4tes\u00f6verdrag skr\u00e4ddarsydda f\u00f6r ditt fordon","publisher":{"@id":"https:\/\/covers4car.com\/#organization"},"potentialAction":[{"@type":"SearchAction","target":{"@type":"EntryPoint","urlTemplate":"https:\/\/covers4car.com\/?s={search_term_string}"},"query-input":{"@type":"PropertyValueSpecification","valueRequired":true,"valueName":"search_term_string"}}],"inLanguage":"sv-SE"},{"@type":"Organization","@id":"https:\/\/covers4car.com\/#organization","name":"Covers4Car","url":"https:\/\/covers4car.com\/","logo":{"@type":"ImageObject","inLanguage":"sv-SE","@id":"https:\/\/covers4car.com\/#\/schema\/logo\/image\/","url":"https:\/\/covers4car.com\/wp-content\/uploads\/2024\/11\/Asset-2@5x-copy.jpg","contentUrl":"https:\/\/covers4car.com\/wp-content\/uploads\/2024\/11\/Asset-2@5x-copy.jpg","width":877,"height":877,"caption":"Covers4Car"},"image":{"@id":"https:\/\/covers4car.com\/#\/schema\/logo\/image\/"},"sameAs":["https:\/\/www.facebook.com\/profile.php?id=61564533557142","https:\/\/x.com\/covers4carstore"]}]}},"_links":{"self":[{"href":"https:\/\/covers4car.com\/se\/wp-json\/wp\/v2\/product\/12888","targetHints":{"allow":["GET"]}}],"collection":[{"href":"https:\/\/covers4car.com\/se\/wp-json\/wp\/v2\/product"}],"about":[{"href":"https:\/\/covers4car.com\/se\/wp-json\/wp\/v2\/types\/product"}],"replies":[{"embeddable":true,"href":"https:\/\/covers4car.com\/se\/wp-json\/wp\/v2\/comments?post=12888"}],"version-history":[{"count":0,"href":"https:\/\/covers4car.com\/se\/wp-json\/wp\/v2\/product\/12888\/revisions"}],"wp:featuredmedia":[{"embeddable":true,"href":"https:\/\/covers4car.com\/se\/wp-json\/wp\/v2\/media\/20097"}],"wp:attachment":[{"href":"https:\/\/covers4car.com\/se\/wp-json\/wp\/v2\/media?parent=12888"}],"wp:term":[{"taxonomy":"product_brand","embeddable":true,"href":"https:\/\/covers4car.com\/se\/wp-json\/wp\/v2\/product_brand?post=12888"},{"taxonomy":"product_cat","embeddable":true,"href":"https:\/\/covers4car.com\/se\/wp-json\/wp\/v2\/product_cat?post=12888"},{"taxonomy":"product_tag","embeddable":true,"href":"https:\/\/covers4car.com\/se\/wp-json\/wp\/v2\/product_tag?post=12888"},{"taxonomy":"jet_color","embeddable":true,"href":"https:\/\/covers4car.com\/se\/wp-json\/wp\/v2\/jet_color?post=12888"},{"taxonomy":"jet_material","embeddable":true,"href":"https:\/\/covers4car.com\/se\/wp-json\/wp\/v2\/jet_material?post=12888"},{"taxonomy":"jet_coverage","embeddable":true,"href":"https:\/\/covers4car.com\/se\/wp-json\/wp\/v2\/jet_coverage?post=12888"}],"curies":[{"name":"wp","href":"https:\/\/api.w.org\/{rel}","templated":true}]}}