{"id":22536,"date":"2025-09-11T06:43:12","date_gmt":"2025-09-11T13:43:12","guid":{"rendered":"https:\/\/covers4car.com\/?post_type=product&#038;p=22536"},"modified":"2025-12-03T23:15:18","modified_gmt":"2025-12-04T07:15:18","slug":"custom-fit-toyota-rav4-leather-seat-cover-all-inclusive-seat-cover-04","status":"publish","type":"product","link":"https:\/\/covers4car.com\/se\/produkt\/custom-fit-toyota-rav4-leather-seat-cover-all-inclusive-seat-cover-04\/","title":{"rendered":"Anpassad Toyota Rav4 L\u00e4der\u00f6verdrag Allt Inklusive \u00d6verdrag 04"},"content":{"rendered":"<p>F\u00f6rvandla din k\u00f6rupplevelse med Covers4car <strong data-start=\"299\" data-end=\"339\">All-inclusive s\u00e4tes\u00f6verdrag <\/strong>designad exklusivt f\u00f6r <strong data-start=\"369\" data-end=\"403\">2013-2025+ Toyota Rav4<\/strong>Dessa <strong data-start=\"411\" data-end=\"451\">specialanpassade s\u00e4tes\u00f6verdrag till Toyota Rav4 <\/strong>ger fullst\u00e4ndigt skydd, varaktig komfort och ett s\u00f6ml\u00f6st fabriksinspirerat utseende, vilket h\u00e5ller din interi\u00f6r ren och snygg p\u00e5 varje resa.<\/p>\n<p><strong>Passform:<\/strong><br \/>\n2013-2018 LE (Ej f\u00f6r elbil eller hybrid)<br \/>\n2013-2018 Limited\/XLE\/SE\/Platinum\/Adventure<br \/>\n2015-2018 Hybrid<br \/>\n2019-2025+ Hybrid<br \/>\n2019-2025+ Hybrid XSE<br \/>\n2019-2025+ (\u00c4ventyr och TRD Terr\u00e4ng)<br \/>\n2019-2025+ (INTE f\u00f6r Adventure och TRD Off-Road)<\/p>\n<div>\n<div data-zone-id=\"0\" data-line-index=\"0\" data-line=\"true\">\n<div data-zone-id=\"0\" data-line-index=\"0\" data-line=\"true\">\n<div data-zone-id=\"0\" data-line-index=\"0\" data-line=\"true\">\n<div data-zone-id=\"0\" data-line-index=\"0\" data-line=\"true\">\n<div data-zone-id=\"0\" data-line-index=\"0\" data-line=\"true\">\n<ul>\n<li><strong>Komplett interi\u00f6ruppgradering:<\/strong>F\u00f6rh\u00f6jer interi\u00f6ren i din Toyota Rav4 med ett elegant, helt\u00e4ckande s\u00e4tes\u00f6verdrag f\u00f6r ett exklusivt utseende. F\u00f6rvandlar omedelbart din kup\u00e9 till ett elegant och bekv\u00e4mt utrymme.<\/li>\n<\/ul>\n<p><a href=\"https:\/\/covers4car.com\/wp-content\/uploads\/2025\/09\/A.webp\"><img fetchpriority=\"high\" decoding=\"async\" class=\"wd-lazy-fade alignnone size-full wp-image-22537\" src=\"https:\/\/covers4car.com\/wp-content\/themes\/woodmart\/images\/lazy.svg\" data-src=\"https:\/\/covers4car.com\/wp-content\/uploads\/2025\/09\/A.webp\" alt=\"\" width=\"1000\" height=\"1000\" srcset=\"\" data-srcset=\"https:\/\/covers4car.com\/wp-content\/uploads\/2025\/09\/A.webp 1000w, https:\/\/covers4car.com\/wp-content\/uploads\/2025\/09\/A-300x300.webp 300w, https:\/\/covers4car.com\/wp-content\/uploads\/2025\/09\/A-150x150.webp 150w, https:\/\/covers4car.com\/wp-content\/uploads\/2025\/09\/A-768x768.webp 768w, https:\/\/covers4car.com\/wp-content\/uploads\/2025\/09\/A-12x12.webp 12w, https:\/\/covers4car.com\/wp-content\/uploads\/2025\/09\/A-600x600.webp 600w, https:\/\/covers4car.com\/wp-content\/uploads\/2025\/09\/A-148x148.webp 148w, https:\/\/covers4car.com\/wp-content\/uploads\/2025\/09\/A-50x50.webp 50w, https:\/\/covers4car.com\/wp-content\/uploads\/2025\/09\/A-100x100.webp 100w\" sizes=\"(max-width: 1000px) 100vw, 1000px\" \/><\/a><\/p>\n<ul>\n<li><strong>Anpassad f\u00f6r Toyota Rav4 (2013-2025+):<\/strong>Skr\u00e4ddarsydd f\u00f6r olika modeller av Toyota RAV4 (2013-2025+), perfekt passform. Fint hantverk s\u00e4kerst\u00e4ller att varje detalj passar perfekt till din bils konturer. Utformad f\u00f6r b\u00e5de estetik och l\u00e5ngvarig h\u00e5llbarhet.<\/li>\n<\/ul>\n<p><a href=\"https:\/\/covers4car.com\/wp-content\/uploads\/2025\/09\/4-27.webp\"><img decoding=\"async\" class=\"wd-lazy-fade alignnone wp-image-30317 size-full\" src=\"https:\/\/covers4car.com\/wp-content\/themes\/woodmart\/images\/lazy.svg\" data-src=\"https:\/\/covers4car.com\/wp-content\/uploads\/2025\/09\/4-27.webp\" alt=\"\" width=\"1000\" height=\"1000\" srcset=\"\" data-srcset=\"https:\/\/covers4car.com\/wp-content\/uploads\/2025\/09\/4-27.webp 1000w, https:\/\/covers4car.com\/wp-content\/uploads\/2025\/09\/4-27-300x300.webp 300w, https:\/\/covers4car.com\/wp-content\/uploads\/2025\/09\/4-27-150x150.webp 150w, https:\/\/covers4car.com\/wp-content\/uploads\/2025\/09\/4-27-768x768.webp 768w, https:\/\/covers4car.com\/wp-content\/uploads\/2025\/09\/4-27-12x12.webp 12w, https:\/\/covers4car.com\/wp-content\/uploads\/2025\/09\/4-27-600x600.webp 600w, https:\/\/covers4car.com\/wp-content\/uploads\/2025\/09\/4-27-148x148.webp 148w, https:\/\/covers4car.com\/wp-content\/uploads\/2025\/09\/4-27-50x50.webp 50w, https:\/\/covers4car.com\/wp-content\/uploads\/2025\/09\/4-27-100x100.webp 100w\" sizes=\"(max-width: 1000px) 100vw, 1000px\" \/><\/a><\/p>\n<p><a href=\"https:\/\/covers4car.com\/wp-content\/uploads\/2025\/09\/6-17.webp\"><img decoding=\"async\" class=\"wd-lazy-fade alignnone size-full wp-image-30319\" src=\"https:\/\/covers4car.com\/wp-content\/themes\/woodmart\/images\/lazy.svg\" data-src=\"https:\/\/covers4car.com\/wp-content\/uploads\/2025\/09\/6-17.webp\" alt=\"\" width=\"1000\" height=\"1000\" srcset=\"\" data-srcset=\"https:\/\/covers4car.com\/wp-content\/uploads\/2025\/09\/6-17.webp 1000w, https:\/\/covers4car.com\/wp-content\/uploads\/2025\/09\/6-17-300x300.webp 300w, https:\/\/covers4car.com\/wp-content\/uploads\/2025\/09\/6-17-150x150.webp 150w, https:\/\/covers4car.com\/wp-content\/uploads\/2025\/09\/6-17-768x768.webp 768w, https:\/\/covers4car.com\/wp-content\/uploads\/2025\/09\/6-17-12x12.webp 12w, https:\/\/covers4car.com\/wp-content\/uploads\/2025\/09\/6-17-600x600.webp 600w, https:\/\/covers4car.com\/wp-content\/uploads\/2025\/09\/6-17-148x148.webp 148w, https:\/\/covers4car.com\/wp-content\/uploads\/2025\/09\/6-17-50x50.webp 50w, https:\/\/covers4car.com\/wp-content\/uploads\/2025\/09\/6-17-100x100.webp 100w\" sizes=\"(max-width: 1000px) 100vw, 1000px\" \/><\/a><br \/>\n<a href=\"https:\/\/covers4car.com\/wp-content\/uploads\/2025\/09\/7-14.webp\"><img loading=\"lazy\" decoding=\"async\" class=\"wd-lazy-fade alignnone size-full wp-image-30320\" src=\"https:\/\/covers4car.com\/wp-content\/themes\/woodmart\/images\/lazy.svg\" data-src=\"https:\/\/covers4car.com\/wp-content\/uploads\/2025\/09\/7-14.webp\" alt=\"\" width=\"1000\" height=\"1000\" srcset=\"\" data-srcset=\"https:\/\/covers4car.com\/wp-content\/uploads\/2025\/09\/7-14.webp 1000w, https:\/\/covers4car.com\/wp-content\/uploads\/2025\/09\/7-14-300x300.webp 300w, https:\/\/covers4car.com\/wp-content\/uploads\/2025\/09\/7-14-150x150.webp 150w, https:\/\/covers4car.com\/wp-content\/uploads\/2025\/09\/7-14-768x768.webp 768w, https:\/\/covers4car.com\/wp-content\/uploads\/2025\/09\/7-14-12x12.webp 12w, https:\/\/covers4car.com\/wp-content\/uploads\/2025\/09\/7-14-600x600.webp 600w, https:\/\/covers4car.com\/wp-content\/uploads\/2025\/09\/7-14-148x148.webp 148w, https:\/\/covers4car.com\/wp-content\/uploads\/2025\/09\/7-14-50x50.webp 50w, https:\/\/covers4car.com\/wp-content\/uploads\/2025\/09\/7-14-100x100.webp 100w\" sizes=\"(max-width: 1000px) 100vw, 1000px\" \/><\/a><\/p>\n<ul>\n<li><strong>F\u00f6re och efter f\u00f6rvandling: <\/strong>\u00c5terst\u00e4ll gamla, slitna s\u00e4ten till ett fr\u00e4scht, som nytt skick direkt. Upplev den dramatiska skillnaden i komfort och utseende.<\/li>\n<\/ul>\n<p><a href=\"https:\/\/covers4car.com\/wp-content\/uploads\/2025\/09\/9-11.webp\"><img loading=\"lazy\" decoding=\"async\" class=\"wd-lazy-fade alignnone size-full wp-image-30322\" src=\"https:\/\/covers4car.com\/wp-content\/themes\/woodmart\/images\/lazy.svg\" data-src=\"https:\/\/covers4car.com\/wp-content\/uploads\/2025\/09\/9-11.webp\" alt=\"\" width=\"1000\" height=\"1000\" srcset=\"\" data-srcset=\"https:\/\/covers4car.com\/wp-content\/uploads\/2025\/09\/9-11.webp 1000w, https:\/\/covers4car.com\/wp-content\/uploads\/2025\/09\/9-11-300x300.webp 300w, https:\/\/covers4car.com\/wp-content\/uploads\/2025\/09\/9-11-150x150.webp 150w, https:\/\/covers4car.com\/wp-content\/uploads\/2025\/09\/9-11-768x768.webp 768w, https:\/\/covers4car.com\/wp-content\/uploads\/2025\/09\/9-11-12x12.webp 12w, https:\/\/covers4car.com\/wp-content\/uploads\/2025\/09\/9-11-600x600.webp 600w, https:\/\/covers4car.com\/wp-content\/uploads\/2025\/09\/9-11-148x148.webp 148w, https:\/\/covers4car.com\/wp-content\/uploads\/2025\/09\/9-11-50x50.webp 50w, https:\/\/covers4car.com\/wp-content\/uploads\/2025\/09\/9-11-100x100.webp 100w\" sizes=\"(max-width: 1000px) 100vw, 1000px\" \/><\/a><\/p>\n<ul>\n<li style=\"text-align: left;\"><strong>Vattent\u00e4t och rept\u00e5lig: <\/strong>St\u00f6ter bort spill, \u00e4r rept\u00e5lig och flamskyddad f\u00f6r enkelt underh\u00e5ll. H\u00e5ller dina s\u00e4ten skyddade under alla dagliga k\u00f6rf\u00f6rh\u00e5llanden.<\/li>\n<\/ul>\n<p><strong><a href=\"https:\/\/covers4car.com\/wp-content\/uploads\/2025\/09\/7-16.webp\"><img loading=\"lazy\" decoding=\"async\" class=\"wd-lazy-fade alignnone size-full wp-image-30275\" src=\"https:\/\/covers4car.com\/wp-content\/themes\/woodmart\/images\/lazy.svg\" data-src=\"https:\/\/covers4car.com\/wp-content\/uploads\/2025\/09\/7-16.webp\" alt=\"\" width=\"1000\" height=\"1000\" srcset=\"\" data-srcset=\"https:\/\/covers4car.com\/wp-content\/uploads\/2025\/09\/7-16.webp 1000w, https:\/\/covers4car.com\/wp-content\/uploads\/2025\/09\/7-16-300x300.webp 300w, https:\/\/covers4car.com\/wp-content\/uploads\/2025\/09\/7-16-150x150.webp 150w, https:\/\/covers4car.com\/wp-content\/uploads\/2025\/09\/7-16-768x768.webp 768w, https:\/\/covers4car.com\/wp-content\/uploads\/2025\/09\/7-16-12x12.webp 12w, https:\/\/covers4car.com\/wp-content\/uploads\/2025\/09\/7-16-600x600.webp 600w, https:\/\/covers4car.com\/wp-content\/uploads\/2025\/09\/7-16-148x148.webp 148w, https:\/\/covers4car.com\/wp-content\/uploads\/2025\/09\/7-16-50x50.webp 50w, https:\/\/covers4car.com\/wp-content\/uploads\/2025\/09\/7-16-100x100.webp 100w\" sizes=\"(max-width: 1000px) 100vw, 1000px\" \/><\/a><\/strong><\/p>\n<ul>\n<li><strong>Airbag-kompatibel s\u00e4kerhet: <\/strong>Specials\u00f6mmar g\u00f6r att krockkuddarna kan utl\u00f6sas fritt utan hinder. K\u00f6r tryggt i vetskapen om att s\u00e4kerheten aldrig kompromissas.<\/li>\n<\/ul>\n<p><strong><a href=\"https:\/\/covers4car.com\/wp-content\/uploads\/2025\/09\/8-17.webp\"><img loading=\"lazy\" decoding=\"async\" class=\"wd-lazy-fade alignnone size-full wp-image-30321\" src=\"https:\/\/covers4car.com\/wp-content\/themes\/woodmart\/images\/lazy.svg\" data-src=\"https:\/\/covers4car.com\/wp-content\/uploads\/2025\/09\/8-17.webp\" alt=\"\" width=\"1000\" height=\"1000\" srcset=\"\" data-srcset=\"https:\/\/covers4car.com\/wp-content\/uploads\/2025\/09\/8-17.webp 1000w, https:\/\/covers4car.com\/wp-content\/uploads\/2025\/09\/8-17-300x300.webp 300w, https:\/\/covers4car.com\/wp-content\/uploads\/2025\/09\/8-17-150x150.webp 150w, https:\/\/covers4car.com\/wp-content\/uploads\/2025\/09\/8-17-768x768.webp 768w, https:\/\/covers4car.com\/wp-content\/uploads\/2025\/09\/8-17-12x12.webp 12w, https:\/\/covers4car.com\/wp-content\/uploads\/2025\/09\/8-17-600x600.webp 600w, https:\/\/covers4car.com\/wp-content\/uploads\/2025\/09\/8-17-148x148.webp 148w, https:\/\/covers4car.com\/wp-content\/uploads\/2025\/09\/8-17-50x50.webp 50w, https:\/\/covers4car.com\/wp-content\/uploads\/2025\/09\/8-17-100x100.webp 100w\" sizes=\"(max-width: 1000px) 100vw, 1000px\" \/><\/a><\/strong><\/p>\n<ul>\n<li><strong>Snabb och enkel installation: <\/strong>Installeras p\u00e5 n\u00e5gra minuter utan verktyg, tack vare ett enkelt rem- och sp\u00e4nnesystem. Njut av en tajt och skrynkelfri passform varje g\u00e5ng.<strong><br \/>\n<\/strong><\/li>\n<li><strong>Tillverkad av premiuml\u00e4der: <\/strong>Tillverkad av h\u00f6gkvalitativt, slitstarkt, vattent\u00e4tt och skrynkelfritt l\u00e4der med en perforerad, helt\u00e4ckande design som skyddar dina originals\u00e4ten. Mjuk, slitstark och snygg \u2013 vilket f\u00f6rb\u00e4ttrar din komfort i kup\u00e9n direkt.<\/li>\n<\/ul>\n<p><a href=\"https:\/\/covers4car.com\/wp-content\/uploads\/2025\/09\/5-19.webp\"><img loading=\"lazy\" decoding=\"async\" class=\"wd-lazy-fade alignnone size-full wp-image-30286\" src=\"https:\/\/covers4car.com\/wp-content\/themes\/woodmart\/images\/lazy.svg\" data-src=\"https:\/\/covers4car.com\/wp-content\/uploads\/2025\/09\/5-19.webp\" alt=\"\" width=\"1000\" height=\"1000\" \/><\/a><\/p>\n<ul>\n<li><strong>Olika f\u00e4rger och stilar: <\/strong>En m\u00e4ngd olika f\u00e4rger finns tillg\u00e4ngliga f\u00f6r att f\u00f6rb\u00e4ttra sk\u00f6nheten i din bilinredning och framh\u00e4va mode och personlighet.<\/li>\n<\/ul>\n<p><strong>Fullst\u00e4ndig upps\u00e4ttning:<\/strong><\/p>\n<ul>\n<li>2x frams\u00e4tes\u00f6verdrag<\/li>\n<li>1x hel baks\u00e4tes\u00f6verdrag<\/li>\n<\/ul>\n<p><strong>Endast frams\u00e4ten<\/strong><\/p>\n<ul>\n<li>1x kompletta frams\u00e4tes\u00f6verdrag<\/li>\n<\/ul>\n<p><strong>Endast baks\u00e4ten<\/strong><\/p>\n<ul>\n<li>1x hel baks\u00e4tes\u00f6verdrag<\/li>\n<\/ul>\n<p><strong>Installationsguide:<br \/>\n<\/strong><br \/>\n<iframe title=\"YouTube videospelare\" src=\"https:\/\/www.youtube.com\/embed\/XyWGEmrdpvg?si=kLoKUgUQATQi4Nbv\" width=\"800\" height=\"450\" frameborder=\"0\" allowfullscreen=\"allowfullscreen\"><\/iframe><\/p>\n<\/div>\n<\/div>\n<\/div>\n<\/div>\n<\/div>\n<\/div>","protected":false},"excerpt":{"rendered":"<p>F\u00f6rvandla din k\u00f6rupplevelse med Covers4cars helt\u00e4ckande s\u00e4tes\u00f6verdrag som \u00e4r exklusivt utformade f\u00f6r Toyota Rav4 fr\u00e5n 2013\u20132025+. Dessa specialanpassade Toyota Rav4<\/p>","protected":false},"featured_media":22537,"comment_status":"open","ping_status":"closed","template":"","meta":{"_acf_changed":false,"_monsterinsights_skip_tracking":false,"_monsterinsights_sitenote_active":false,"_monsterinsights_sitenote_note":"","_monsterinsights_sitenote_category":0},"product_brand":[],"product_cat":[124,11560,11561],"product_tag":[54968],"jet_color":[],"jet_material":[],"jet_coverage":[],"class_list":{"0":"post-22536","1":"product","2":"type-product","3":"status-publish","4":"has-post-thumbnail","6":"product_cat-seat-cover","7":"product_cat-seat-cover-for-toyota","8":"product_cat-seat-cover-for-toyota-rav4","9":"product_tag-fit-rav4","11":"first","12":"instock","13":"shipping-taxable","14":"purchasable","15":"product-type-variable","16":"has-default-attributes","17":"wvs-archive-product-wrapper"},"acf":[],"yoast_head":"<!-- This site is optimized with the Yoast SEO Premium plugin v26.4 (Yoast SEO v26.4) - https:\/\/yoast.com\/wordpress\/plugins\/seo\/ -->\n<title>Toyota Rav4 Custom Seat Covers | Leather Comfort<\/title>\n<meta name=\"description\" content=\"Protect your SUV with Toyota Rav4 Custom Seat Covers, crafted for 2013\u20132025+ models. Durable leather, stylish fit, full coverage.\" \/>\n<meta name=\"robots\" content=\"index, follow, max-snippet:-1, max-image-preview:large, max-video-preview:-1\" \/>\n<link rel=\"canonical\" href=\"https:\/\/covers4car.com\/se\/produkt\/custom-fit-toyota-rav4-leather-seat-cover-all-inclusive-seat-cover-04\/\" \/>\n<meta property=\"og:locale\" content=\"sv_SE\" \/>\n<meta property=\"og:type\" content=\"article\" \/>\n<meta property=\"og:title\" content=\"Custom Fit Toyota Rav4 Leather Seat Cover All Inclusive Seat Cover 04\" \/>\n<meta property=\"og:description\" content=\"Protect your SUV with Toyota Rav4 Custom Seat Covers, crafted for 2013\u20132025+ models. Durable leather, stylish fit, full coverage.\" \/>\n<meta property=\"og:url\" content=\"https:\/\/covers4car.com\/se\/produkt\/custom-fit-toyota-rav4-leather-seat-cover-all-inclusive-seat-cover-04\/\" \/>\n<meta property=\"og:site_name\" content=\"Covers4Car\" \/>\n<meta property=\"article:publisher\" content=\"https:\/\/www.facebook.com\/profile.php?id=61564533557142\" \/>\n<meta property=\"article:modified_time\" content=\"2025-12-04T07:15:18+00:00\" \/>\n<meta property=\"og:image\" content=\"https:\/\/covers4car.com\/wp-content\/uploads\/2025\/09\/A.webp\" \/>\n\t<meta property=\"og:image:width\" content=\"1000\" \/>\n\t<meta property=\"og:image:height\" content=\"1000\" \/>\n\t<meta property=\"og:image:type\" content=\"image\/webp\" \/>\n<meta name=\"twitter:card\" content=\"summary_large_image\" \/>\n<meta name=\"twitter:site\" content=\"@covers4carstore\" \/>\n<meta name=\"twitter:label1\" content=\"Ber\u00e4knad l\u00e4stid\" \/>\n\t<meta name=\"twitter:data1\" content=\"4 minuter\" \/>\n<script type=\"application\/ld+json\" class=\"yoast-schema-graph\">{\"@context\":\"https:\/\/schema.org\",\"@graph\":[{\"@type\":\"WebPage\",\"@id\":\"https:\/\/covers4car.com\/product\/custom-fit-toyota-rav4-leather-seat-cover-all-inclusive-seat-cover-04\/\",\"url\":\"https:\/\/covers4car.com\/product\/custom-fit-toyota-rav4-leather-seat-cover-all-inclusive-seat-cover-04\/\",\"name\":\"Toyota Rav4 Custom Seat Covers | Leather Comfort\",\"isPartOf\":{\"@id\":\"https:\/\/covers4car.com\/#website\"},\"primaryImageOfPage\":{\"@id\":\"https:\/\/covers4car.com\/product\/custom-fit-toyota-rav4-leather-seat-cover-all-inclusive-seat-cover-04\/#primaryimage\"},\"image\":{\"@id\":\"https:\/\/covers4car.com\/product\/custom-fit-toyota-rav4-leather-seat-cover-all-inclusive-seat-cover-04\/#primaryimage\"},\"thumbnailUrl\":\"https:\/\/covers4car.com\/wp-content\/uploads\/2025\/09\/A.webp\",\"datePublished\":\"2025-09-11T13:43:12+00:00\",\"dateModified\":\"2025-12-04T07:15:18+00:00\",\"description\":\"Protect your SUV with Toyota Rav4 Custom Seat Covers, crafted for 2013\u20132025+ models. Durable leather, stylish fit, full coverage.\",\"breadcrumb\":{\"@id\":\"https:\/\/covers4car.com\/product\/custom-fit-toyota-rav4-leather-seat-cover-all-inclusive-seat-cover-04\/#breadcrumb\"},\"inLanguage\":\"sv-SE\",\"potentialAction\":[{\"@type\":\"ReadAction\",\"target\":[\"https:\/\/covers4car.com\/product\/custom-fit-toyota-rav4-leather-seat-cover-all-inclusive-seat-cover-04\/\"]}]},{\"@type\":\"ImageObject\",\"inLanguage\":\"sv-SE\",\"@id\":\"https:\/\/covers4car.com\/product\/custom-fit-toyota-rav4-leather-seat-cover-all-inclusive-seat-cover-04\/#primaryimage\",\"url\":\"https:\/\/covers4car.com\/wp-content\/uploads\/2025\/09\/A.webp\",\"contentUrl\":\"https:\/\/covers4car.com\/wp-content\/uploads\/2025\/09\/A.webp\",\"width\":1000,\"height\":1000},{\"@type\":\"BreadcrumbList\",\"@id\":\"https:\/\/covers4car.com\/product\/custom-fit-toyota-rav4-leather-seat-cover-all-inclusive-seat-cover-04\/#breadcrumb\",\"itemListElement\":[{\"@type\":\"ListItem\",\"position\":1,\"name\":\"Home\",\"item\":\"https:\/\/covers4car.com\/\"},{\"@type\":\"ListItem\",\"position\":2,\"name\":\"Shop\",\"item\":\"https:\/\/covers4car.com\/shop\/\"},{\"@type\":\"ListItem\",\"position\":3,\"name\":\"Custom Fit Toyota Rav4 Leather Seat Cover All Inclusive Seat Cover 04\"}]},{\"@type\":\"WebSite\",\"@id\":\"https:\/\/covers4car.com\/#website\",\"url\":\"https:\/\/covers4car.com\/\",\"name\":\"Covers4Car\",\"description\":\"Professional Seat Covers Tailored for Your Vehicle\",\"publisher\":{\"@id\":\"https:\/\/covers4car.com\/#organization\"},\"potentialAction\":[{\"@type\":\"SearchAction\",\"target\":{\"@type\":\"EntryPoint\",\"urlTemplate\":\"https:\/\/covers4car.com\/?s={search_term_string}\"},\"query-input\":{\"@type\":\"PropertyValueSpecification\",\"valueRequired\":true,\"valueName\":\"search_term_string\"}}],\"inLanguage\":\"sv-SE\"},{\"@type\":\"Organization\",\"@id\":\"https:\/\/covers4car.com\/#organization\",\"name\":\"Covers4Car\",\"url\":\"https:\/\/covers4car.com\/\",\"logo\":{\"@type\":\"ImageObject\",\"inLanguage\":\"sv-SE\",\"@id\":\"https:\/\/covers4car.com\/#\/schema\/logo\/image\/\",\"url\":\"https:\/\/covers4car.com\/wp-content\/uploads\/2024\/11\/Asset-2@5x-copy.jpg\",\"contentUrl\":\"https:\/\/covers4car.com\/wp-content\/uploads\/2024\/11\/Asset-2@5x-copy.jpg\",\"width\":877,\"height\":877,\"caption\":\"Covers4Car\"},\"image\":{\"@id\":\"https:\/\/covers4car.com\/#\/schema\/logo\/image\/\"},\"sameAs\":[\"https:\/\/www.facebook.com\/profile.php?id=61564533557142\",\"https:\/\/x.com\/covers4carstore\"]}]}<\/script>\n<!-- \/ Yoast SEO Premium plugin. -->","yoast_head_json":{"title":"Toyota Rav4 Custom Seat Covers | Leather Comfort","description":"Protect your SUV with Toyota Rav4 Custom Seat Covers, crafted for 2013\u20132025+ models. Durable leather, stylish fit, full coverage.","robots":{"index":"index","follow":"follow","max-snippet":"max-snippet:-1","max-image-preview":"max-image-preview:large","max-video-preview":"max-video-preview:-1"},"canonical":"https:\/\/covers4car.com\/se\/produkt\/custom-fit-toyota-rav4-leather-seat-cover-all-inclusive-seat-cover-04\/","og_locale":"sv_SE","og_type":"article","og_title":"Custom Fit Toyota Rav4 Leather Seat Cover All Inclusive Seat Cover 04","og_description":"Protect your SUV with Toyota Rav4 Custom Seat Covers, crafted for 2013\u20132025+ models. Durable leather, stylish fit, full coverage.","og_url":"https:\/\/covers4car.com\/se\/produkt\/custom-fit-toyota-rav4-leather-seat-cover-all-inclusive-seat-cover-04\/","og_site_name":"Covers4Car","article_publisher":"https:\/\/www.facebook.com\/profile.php?id=61564533557142","article_modified_time":"2025-12-04T07:15:18+00:00","og_image":[{"width":1000,"height":1000,"url":"https:\/\/covers4car.com\/wp-content\/uploads\/2025\/09\/A.webp","type":"image\/webp"}],"twitter_card":"summary_large_image","twitter_site":"@covers4carstore","twitter_misc":{"Ber\u00e4knad l\u00e4stid":"4 minuter"},"schema":{"@context":"https:\/\/schema.org","@graph":[{"@type":"WebPage","@id":"https:\/\/covers4car.com\/product\/custom-fit-toyota-rav4-leather-seat-cover-all-inclusive-seat-cover-04\/","url":"https:\/\/covers4car.com\/product\/custom-fit-toyota-rav4-leather-seat-cover-all-inclusive-seat-cover-04\/","name":"Toyota Rav4 Custom Seat Covers | Leather Comfort","isPartOf":{"@id":"https:\/\/covers4car.com\/#website"},"primaryImageOfPage":{"@id":"https:\/\/covers4car.com\/product\/custom-fit-toyota-rav4-leather-seat-cover-all-inclusive-seat-cover-04\/#primaryimage"},"image":{"@id":"https:\/\/covers4car.com\/product\/custom-fit-toyota-rav4-leather-seat-cover-all-inclusive-seat-cover-04\/#primaryimage"},"thumbnailUrl":"https:\/\/covers4car.com\/wp-content\/uploads\/2025\/09\/A.webp","datePublished":"2025-09-11T13:43:12+00:00","dateModified":"2025-12-04T07:15:18+00:00","description":"Protect your SUV with Toyota Rav4 Custom Seat Covers, crafted for 2013\u20132025+ models. Durable leather, stylish fit, full coverage.","breadcrumb":{"@id":"https:\/\/covers4car.com\/product\/custom-fit-toyota-rav4-leather-seat-cover-all-inclusive-seat-cover-04\/#breadcrumb"},"inLanguage":"sv-SE","potentialAction":[{"@type":"ReadAction","target":["https:\/\/covers4car.com\/product\/custom-fit-toyota-rav4-leather-seat-cover-all-inclusive-seat-cover-04\/"]}]},{"@type":"ImageObject","inLanguage":"sv-SE","@id":"https:\/\/covers4car.com\/product\/custom-fit-toyota-rav4-leather-seat-cover-all-inclusive-seat-cover-04\/#primaryimage","url":"https:\/\/covers4car.com\/wp-content\/uploads\/2025\/09\/A.webp","contentUrl":"https:\/\/covers4car.com\/wp-content\/uploads\/2025\/09\/A.webp","width":1000,"height":1000},{"@type":"BreadcrumbList","@id":"https:\/\/covers4car.com\/product\/custom-fit-toyota-rav4-leather-seat-cover-all-inclusive-seat-cover-04\/#breadcrumb","itemListElement":[{"@type":"ListItem","position":1,"name":"Home","item":"https:\/\/covers4car.com\/"},{"@type":"ListItem","position":2,"name":"Shop","item":"https:\/\/covers4car.com\/shop\/"},{"@type":"ListItem","position":3,"name":"Custom Fit Toyota Rav4 Leather Seat Cover All Inclusive Seat Cover 04"}]},{"@type":"WebSite","@id":"https:\/\/covers4car.com\/#website","url":"https:\/\/covers4car.com\/","name":"Covers4Car","description":"Professionella s\u00e4tes\u00f6verdrag skr\u00e4ddarsydda f\u00f6r ditt fordon","publisher":{"@id":"https:\/\/covers4car.com\/#organization"},"potentialAction":[{"@type":"SearchAction","target":{"@type":"EntryPoint","urlTemplate":"https:\/\/covers4car.com\/?s={search_term_string}"},"query-input":{"@type":"PropertyValueSpecification","valueRequired":true,"valueName":"search_term_string"}}],"inLanguage":"sv-SE"},{"@type":"Organization","@id":"https:\/\/covers4car.com\/#organization","name":"Covers4Car","url":"https:\/\/covers4car.com\/","logo":{"@type":"ImageObject","inLanguage":"sv-SE","@id":"https:\/\/covers4car.com\/#\/schema\/logo\/image\/","url":"https:\/\/covers4car.com\/wp-content\/uploads\/2024\/11\/Asset-2@5x-copy.jpg","contentUrl":"https:\/\/covers4car.com\/wp-content\/uploads\/2024\/11\/Asset-2@5x-copy.jpg","width":877,"height":877,"caption":"Covers4Car"},"image":{"@id":"https:\/\/covers4car.com\/#\/schema\/logo\/image\/"},"sameAs":["https:\/\/www.facebook.com\/profile.php?id=61564533557142","https:\/\/x.com\/covers4carstore"]}]}},"_links":{"self":[{"href":"https:\/\/covers4car.com\/se\/wp-json\/wp\/v2\/product\/22536","targetHints":{"allow":["GET"]}}],"collection":[{"href":"https:\/\/covers4car.com\/se\/wp-json\/wp\/v2\/product"}],"about":[{"href":"https:\/\/covers4car.com\/se\/wp-json\/wp\/v2\/types\/product"}],"replies":[{"embeddable":true,"href":"https:\/\/covers4car.com\/se\/wp-json\/wp\/v2\/comments?post=22536"}],"version-history":[{"count":0,"href":"https:\/\/covers4car.com\/se\/wp-json\/wp\/v2\/product\/22536\/revisions"}],"wp:featuredmedia":[{"embeddable":true,"href":"https:\/\/covers4car.com\/se\/wp-json\/wp\/v2\/media\/22537"}],"wp:attachment":[{"href":"https:\/\/covers4car.com\/se\/wp-json\/wp\/v2\/media?parent=22536"}],"wp:term":[{"taxonomy":"product_brand","embeddable":true,"href":"https:\/\/covers4car.com\/se\/wp-json\/wp\/v2\/product_brand?post=22536"},{"taxonomy":"product_cat","embeddable":true,"href":"https:\/\/covers4car.com\/se\/wp-json\/wp\/v2\/product_cat?post=22536"},{"taxonomy":"product_tag","embeddable":true,"href":"https:\/\/covers4car.com\/se\/wp-json\/wp\/v2\/product_tag?post=22536"},{"taxonomy":"jet_color","embeddable":true,"href":"https:\/\/covers4car.com\/se\/wp-json\/wp\/v2\/jet_color?post=22536"},{"taxonomy":"jet_material","embeddable":true,"href":"https:\/\/covers4car.com\/se\/wp-json\/wp\/v2\/jet_material?post=22536"},{"taxonomy":"jet_coverage","embeddable":true,"href":"https:\/\/covers4car.com\/se\/wp-json\/wp\/v2\/jet_coverage?post=22536"}],"curies":[{"name":"wp","href":"https:\/\/api.w.org\/{rel}","templated":true}]}}