{"id":22893,"date":"2025-09-12T22:38:49","date_gmt":"2025-09-13T05:38:49","guid":{"rendered":"https:\/\/covers4car.com\/?post_type=product&#038;p=22893"},"modified":"2026-03-29T15:09:57","modified_gmt":"2026-03-29T22:09:57","slug":"all-inclusive-custom-fit-leather-seat-cover-13-for-ford-f-150-f-250-f-350-f-450","status":"publish","type":"product","link":"https:\/\/covers4car.com\/se\/produkt\/all-inclusive-custom-fit-leather-seat-cover-13-for-ford-f-150-f-250-f-350-f-450\/","title":{"rendered":"Allt inklusive anpassat l\u00e4ders\u00e4tes\u00f6verdrag 13 f\u00f6r Ford F-150 F-250 F-350 F-450"},"content":{"rendered":"<p>F\u00f6rvandla din Ford-lastbils interi\u00f6r med Covers4Car <strong data-start=\"227\" data-end=\"260\">Anpassad l\u00e4ders\u00e4tes\u00f6verdrag<\/strong> set, designade exklusivt f\u00f6r <strong data-start=\"292\" data-end=\"317\">Ford F150 S\u00e4tes\u00f6verdrag<\/strong> och kompatibel med F-250-, F-350- och F-450-modellerna fr\u00e5n 2009-2025. Dessa premium\u00f6verdrag kombinerar elegans i originalstil med \u00f6verl\u00e4gsen h\u00e5llbarhet och allround-funktion. <strong data-start=\"477\" data-end=\"507\">Ford lastbilss\u00e4tesskydd<\/strong>, och h\u00e5ller dina s\u00e4ten fria fr\u00e5n smuts, spill, skador fr\u00e5n husdjur och vardagligt slitage. Med en s\u00f6ml\u00f6s passform och andningsbar komfort s\u00e4kerst\u00e4ller de att din k\u00f6rupplevelse f\u00f6rblir snygg, s\u00e4ker och bekv\u00e4m \u2013 samtidigt som de \u00f6kar ditt fordons l\u00e5ngsiktiga andrahandsv\u00e4rde.<\/p>\n<ul>\n<li>Passar: 2009-2025 Ford F150 Carhartt och 2017-2025 F250 F350 F450<\/li>\n<li>Perfekt passform i fabriksstil: Utformad f\u00f6r att matcha det lyxiga utseendet och k\u00e4nslan hos Ford F-150:s fabriksmonterade s\u00e4ten, vilket s\u00e4kerst\u00e4ller en s\u00f6ml\u00f6s passform och estetiskt tilltalande effekt.<\/li>\n<li>F\u00f6rb\u00e4ttrad h\u00e5llbarhet: Tillverkad av h\u00e5llbara material med en sl\u00e4t, andningsbar yta som \u00e4r l\u00e4tt att reng\u00f6ra och bibeh\u00e5ller komforten under alla \u00e5rstider.<\/li>\n<li>S\u00e4kerhet f\u00f6r k\u00f6rning: Har reserverade krockkudds\u00f6ppningar f\u00f6r \u00f6kad s\u00e4kerhet och sinnesfrid.<\/li>\n<li>Omfattande skydd: Ger 360\u00b0 t\u00e4ckning f\u00f6r att skydda dina Ford F-150-s\u00e4ten fr\u00e5n smuts, fl\u00e4ckar, n\u00f6tningar och slitage orsakat av husdjur eller barn, vilket h\u00e5ller dem rena. Husdjurs leriga tassavtryck efter att barnen har druckit kan snabbt torkas bort med en handduk, vilket g\u00f6r att dina s\u00e4ten ser ut som nya.<\/li>\n<li>L\u00e5ng livsl\u00e4ngd och andrahandsv\u00e4rde: F\u00f6rl\u00e4nger livsl\u00e4ngden p\u00e5 din Ford F-150 med 5\u20136 \u00e5r, skyddar den fr\u00e5n skador och bevarar fordonets \u00e5terf\u00f6rs\u00e4ljningspotential.<\/li>\n<li>Bekv\u00e4m p\u00e5 l\u00e5nga resor: Upplev o\u00f6vertr\u00e4ffad komfort p\u00e5 l\u00e5nga resor med v\u00e5ra skr\u00e4ddarsydda, all-inclusive s\u00e4tes\u00f6verdrag, designade f\u00f6r att ge \u00f6verl\u00e4gsen d\u00e4mpning och st\u00f6d, vilket s\u00e4kerst\u00e4ller att du f\u00f6rblir avslappnad och bekv\u00e4m oavsett hur l\u00e5ngt du reser.<\/li>\n<\/ul>\n<p><strong>Komplett set (fram- och baks\u00e4ten):<\/strong><\/p>\n<ul>\n<li>2x frams\u00e4tes\u00f6verdrag<\/li>\n<li>1x hel baks\u00e4tes\u00f6verdrag<\/li>\n<\/ul>\n<p><strong>Endast frams\u00e4ten<\/strong><\/p>\n<ul>\n<li>1x kompletta frams\u00e4tes\u00f6verdrag<\/li>\n<\/ul>\n<p><strong>Endast baks\u00e4ten<\/strong><\/p>\n<ul>\n<li>1x hel baks\u00e4tes\u00f6verdrag<\/li>\n<\/ul>","protected":false},"excerpt":{"rendered":"<p>F\u00f6rvandla interi\u00f6ren i din Ford-lastbil med Covers4Car Custom Fit l\u00e4ders\u00e4tes\u00f6verdrag, exklusivt utformade f\u00f6r Ford F150-s\u00e4tes\u00f6verdrag.<\/p>","protected":false},"featured_media":25734,"comment_status":"open","ping_status":"closed","template":"","meta":{"_acf_changed":false,"_monsterinsights_skip_tracking":false,"_monsterinsights_sitenote_active":false,"_monsterinsights_sitenote_note":"","_monsterinsights_sitenote_category":0},"product_brand":[],"product_cat":[124,118,113],"product_tag":[55020],"jet_color":[],"jet_material":[],"jet_coverage":[],"class_list":{"0":"post-22893","1":"product","2":"type-product","3":"status-publish","4":"has-post-thumbnail","6":"product_cat-seat-cover","7":"product_cat-seat-cover-for-ford","8":"product_cat-seat-cover-for-f-series","9":"product_tag-fit-f-series","11":"first","12":"instock","13":"shipping-taxable","14":"purchasable","15":"product-type-variable","16":"has-default-attributes","17":"wvs-archive-product-wrapper"},"acf":[],"yoast_head":"<!-- This site is optimized with the Yoast SEO Premium plugin v26.4 (Yoast SEO v26.4) - https:\/\/yoast.com\/wordpress\/plugins\/seo\/ -->\n<title>Ford F150 Seat Covers Custom Fit Leather Protection<\/title>\n<meta name=\"description\" content=\"Premium Ford F150, F250, F350, F450 seat covers. Custom fit leather design offers durability, comfort, and complete seat protection.\" \/>\n<meta name=\"robots\" content=\"index, follow, max-snippet:-1, max-image-preview:large, max-video-preview:-1\" \/>\n<link rel=\"canonical\" href=\"https:\/\/covers4car.com\/se\/produkt\/all-inclusive-custom-fit-leather-seat-cover-13-for-ford-f-150-f-250-f-350-f-450\/\" \/>\n<meta property=\"og:locale\" content=\"sv_SE\" \/>\n<meta property=\"og:type\" content=\"article\" \/>\n<meta property=\"og:title\" content=\"All Inclusive Custom Fit Leather Seat Cover 13 for Ford F-150 F-250 F-350 F-450\" \/>\n<meta property=\"og:description\" content=\"Premium Ford F150, F250, F350, F450 seat covers. Custom fit leather design offers durability, comfort, and complete seat protection.\" \/>\n<meta property=\"og:url\" content=\"https:\/\/covers4car.com\/se\/produkt\/all-inclusive-custom-fit-leather-seat-cover-13-for-ford-f-150-f-250-f-350-f-450\/\" \/>\n<meta property=\"og:site_name\" content=\"Covers4Car\" \/>\n<meta property=\"article:publisher\" content=\"https:\/\/www.facebook.com\/profile.php?id=61564533557142\" \/>\n<meta property=\"article:modified_time\" content=\"2026-03-29T22:09:57+00:00\" \/>\n<meta property=\"og:image\" content=\"https:\/\/covers4car.com\/wp-content\/uploads\/2025\/09\/new_4-2.webp\" \/>\n\t<meta property=\"og:image:width\" content=\"1000\" \/>\n\t<meta property=\"og:image:height\" content=\"1000\" \/>\n\t<meta property=\"og:image:type\" content=\"image\/webp\" \/>\n<meta name=\"twitter:card\" content=\"summary_large_image\" \/>\n<meta name=\"twitter:site\" content=\"@covers4carstore\" \/>\n<meta name=\"twitter:label1\" content=\"Ber\u00e4knad l\u00e4stid\" \/>\n\t<meta name=\"twitter:data1\" content=\"2 minuter\" \/>\n<script type=\"application\/ld+json\" class=\"yoast-schema-graph\">{\"@context\":\"https:\/\/schema.org\",\"@graph\":[{\"@type\":\"WebPage\",\"@id\":\"https:\/\/covers4car.com\/product\/all-inclusive-custom-fit-leather-seat-cover-13-for-ford-f-150-f-250-f-350-f-450\/\",\"url\":\"https:\/\/covers4car.com\/product\/all-inclusive-custom-fit-leather-seat-cover-13-for-ford-f-150-f-250-f-350-f-450\/\",\"name\":\"Ford F150 Seat Covers Custom Fit Leather Protection\",\"isPartOf\":{\"@id\":\"https:\/\/covers4car.com\/#website\"},\"primaryImageOfPage\":{\"@id\":\"https:\/\/covers4car.com\/product\/all-inclusive-custom-fit-leather-seat-cover-13-for-ford-f-150-f-250-f-350-f-450\/#primaryimage\"},\"image\":{\"@id\":\"https:\/\/covers4car.com\/product\/all-inclusive-custom-fit-leather-seat-cover-13-for-ford-f-150-f-250-f-350-f-450\/#primaryimage\"},\"thumbnailUrl\":\"https:\/\/covers4car.com\/wp-content\/uploads\/2025\/09\/new_4-2.webp\",\"datePublished\":\"2025-09-13T05:38:49+00:00\",\"dateModified\":\"2026-03-29T22:09:57+00:00\",\"description\":\"Premium Ford F150, F250, F350, F450 seat covers. Custom fit leather design offers durability, comfort, and complete seat protection.\",\"breadcrumb\":{\"@id\":\"https:\/\/covers4car.com\/product\/all-inclusive-custom-fit-leather-seat-cover-13-for-ford-f-150-f-250-f-350-f-450\/#breadcrumb\"},\"inLanguage\":\"sv-SE\",\"potentialAction\":[{\"@type\":\"ReadAction\",\"target\":[\"https:\/\/covers4car.com\/product\/all-inclusive-custom-fit-leather-seat-cover-13-for-ford-f-150-f-250-f-350-f-450\/\"]}]},{\"@type\":\"ImageObject\",\"inLanguage\":\"sv-SE\",\"@id\":\"https:\/\/covers4car.com\/product\/all-inclusive-custom-fit-leather-seat-cover-13-for-ford-f-150-f-250-f-350-f-450\/#primaryimage\",\"url\":\"https:\/\/covers4car.com\/wp-content\/uploads\/2025\/09\/new_4-2.webp\",\"contentUrl\":\"https:\/\/covers4car.com\/wp-content\/uploads\/2025\/09\/new_4-2.webp\",\"width\":1000,\"height\":1000},{\"@type\":\"BreadcrumbList\",\"@id\":\"https:\/\/covers4car.com\/product\/all-inclusive-custom-fit-leather-seat-cover-13-for-ford-f-150-f-250-f-350-f-450\/#breadcrumb\",\"itemListElement\":[{\"@type\":\"ListItem\",\"position\":1,\"name\":\"Home\",\"item\":\"https:\/\/covers4car.com\/\"},{\"@type\":\"ListItem\",\"position\":2,\"name\":\"Shop\",\"item\":\"https:\/\/covers4car.com\/shop\/\"},{\"@type\":\"ListItem\",\"position\":3,\"name\":\"All Inclusive Custom Fit Leather Seat Cover 13 for Ford F-150 F-250 F-350 F-450\"}]},{\"@type\":\"WebSite\",\"@id\":\"https:\/\/covers4car.com\/#website\",\"url\":\"https:\/\/covers4car.com\/\",\"name\":\"Covers4Car\",\"description\":\"Professional Seat Covers Tailored for Your Vehicle\",\"publisher\":{\"@id\":\"https:\/\/covers4car.com\/#organization\"},\"potentialAction\":[{\"@type\":\"SearchAction\",\"target\":{\"@type\":\"EntryPoint\",\"urlTemplate\":\"https:\/\/covers4car.com\/?s={search_term_string}\"},\"query-input\":{\"@type\":\"PropertyValueSpecification\",\"valueRequired\":true,\"valueName\":\"search_term_string\"}}],\"inLanguage\":\"sv-SE\"},{\"@type\":\"Organization\",\"@id\":\"https:\/\/covers4car.com\/#organization\",\"name\":\"Covers4Car\",\"url\":\"https:\/\/covers4car.com\/\",\"logo\":{\"@type\":\"ImageObject\",\"inLanguage\":\"sv-SE\",\"@id\":\"https:\/\/covers4car.com\/#\/schema\/logo\/image\/\",\"url\":\"https:\/\/covers4car.com\/wp-content\/uploads\/2024\/11\/Asset-2@5x-copy.jpg\",\"contentUrl\":\"https:\/\/covers4car.com\/wp-content\/uploads\/2024\/11\/Asset-2@5x-copy.jpg\",\"width\":877,\"height\":877,\"caption\":\"Covers4Car\"},\"image\":{\"@id\":\"https:\/\/covers4car.com\/#\/schema\/logo\/image\/\"},\"sameAs\":[\"https:\/\/www.facebook.com\/profile.php?id=61564533557142\",\"https:\/\/x.com\/covers4carstore\"]}]}<\/script>\n<!-- \/ Yoast SEO Premium plugin. -->","yoast_head_json":{"title":"Ford F150 Seat Covers Custom Fit Leather Protection","description":"Premium Ford F150, F250, F350, F450 seat covers. Custom fit leather design offers durability, comfort, and complete seat protection.","robots":{"index":"index","follow":"follow","max-snippet":"max-snippet:-1","max-image-preview":"max-image-preview:large","max-video-preview":"max-video-preview:-1"},"canonical":"https:\/\/covers4car.com\/se\/produkt\/all-inclusive-custom-fit-leather-seat-cover-13-for-ford-f-150-f-250-f-350-f-450\/","og_locale":"sv_SE","og_type":"article","og_title":"All Inclusive Custom Fit Leather Seat Cover 13 for Ford F-150 F-250 F-350 F-450","og_description":"Premium Ford F150, F250, F350, F450 seat covers. Custom fit leather design offers durability, comfort, and complete seat protection.","og_url":"https:\/\/covers4car.com\/se\/produkt\/all-inclusive-custom-fit-leather-seat-cover-13-for-ford-f-150-f-250-f-350-f-450\/","og_site_name":"Covers4Car","article_publisher":"https:\/\/www.facebook.com\/profile.php?id=61564533557142","article_modified_time":"2026-03-29T22:09:57+00:00","og_image":[{"width":1000,"height":1000,"url":"https:\/\/covers4car.com\/wp-content\/uploads\/2025\/09\/new_4-2.webp","type":"image\/webp"}],"twitter_card":"summary_large_image","twitter_site":"@covers4carstore","twitter_misc":{"Ber\u00e4knad l\u00e4stid":"2 minuter"},"schema":{"@context":"https:\/\/schema.org","@graph":[{"@type":"WebPage","@id":"https:\/\/covers4car.com\/product\/all-inclusive-custom-fit-leather-seat-cover-13-for-ford-f-150-f-250-f-350-f-450\/","url":"https:\/\/covers4car.com\/product\/all-inclusive-custom-fit-leather-seat-cover-13-for-ford-f-150-f-250-f-350-f-450\/","name":"Ford F150 Seat Covers Custom Fit Leather Protection","isPartOf":{"@id":"https:\/\/covers4car.com\/#website"},"primaryImageOfPage":{"@id":"https:\/\/covers4car.com\/product\/all-inclusive-custom-fit-leather-seat-cover-13-for-ford-f-150-f-250-f-350-f-450\/#primaryimage"},"image":{"@id":"https:\/\/covers4car.com\/product\/all-inclusive-custom-fit-leather-seat-cover-13-for-ford-f-150-f-250-f-350-f-450\/#primaryimage"},"thumbnailUrl":"https:\/\/covers4car.com\/wp-content\/uploads\/2025\/09\/new_4-2.webp","datePublished":"2025-09-13T05:38:49+00:00","dateModified":"2026-03-29T22:09:57+00:00","description":"Premium Ford F150, F250, F350, F450 seat covers. Custom fit leather design offers durability, comfort, and complete seat protection.","breadcrumb":{"@id":"https:\/\/covers4car.com\/product\/all-inclusive-custom-fit-leather-seat-cover-13-for-ford-f-150-f-250-f-350-f-450\/#breadcrumb"},"inLanguage":"sv-SE","potentialAction":[{"@type":"ReadAction","target":["https:\/\/covers4car.com\/product\/all-inclusive-custom-fit-leather-seat-cover-13-for-ford-f-150-f-250-f-350-f-450\/"]}]},{"@type":"ImageObject","inLanguage":"sv-SE","@id":"https:\/\/covers4car.com\/product\/all-inclusive-custom-fit-leather-seat-cover-13-for-ford-f-150-f-250-f-350-f-450\/#primaryimage","url":"https:\/\/covers4car.com\/wp-content\/uploads\/2025\/09\/new_4-2.webp","contentUrl":"https:\/\/covers4car.com\/wp-content\/uploads\/2025\/09\/new_4-2.webp","width":1000,"height":1000},{"@type":"BreadcrumbList","@id":"https:\/\/covers4car.com\/product\/all-inclusive-custom-fit-leather-seat-cover-13-for-ford-f-150-f-250-f-350-f-450\/#breadcrumb","itemListElement":[{"@type":"ListItem","position":1,"name":"Home","item":"https:\/\/covers4car.com\/"},{"@type":"ListItem","position":2,"name":"Shop","item":"https:\/\/covers4car.com\/shop\/"},{"@type":"ListItem","position":3,"name":"All Inclusive Custom Fit Leather Seat Cover 13 for Ford F-150 F-250 F-350 F-450"}]},{"@type":"WebSite","@id":"https:\/\/covers4car.com\/#website","url":"https:\/\/covers4car.com\/","name":"Covers4Car","description":"Professionella s\u00e4tes\u00f6verdrag skr\u00e4ddarsydda f\u00f6r ditt fordon","publisher":{"@id":"https:\/\/covers4car.com\/#organization"},"potentialAction":[{"@type":"SearchAction","target":{"@type":"EntryPoint","urlTemplate":"https:\/\/covers4car.com\/?s={search_term_string}"},"query-input":{"@type":"PropertyValueSpecification","valueRequired":true,"valueName":"search_term_string"}}],"inLanguage":"sv-SE"},{"@type":"Organization","@id":"https:\/\/covers4car.com\/#organization","name":"Covers4Car","url":"https:\/\/covers4car.com\/","logo":{"@type":"ImageObject","inLanguage":"sv-SE","@id":"https:\/\/covers4car.com\/#\/schema\/logo\/image\/","url":"https:\/\/covers4car.com\/wp-content\/uploads\/2024\/11\/Asset-2@5x-copy.jpg","contentUrl":"https:\/\/covers4car.com\/wp-content\/uploads\/2024\/11\/Asset-2@5x-copy.jpg","width":877,"height":877,"caption":"Covers4Car"},"image":{"@id":"https:\/\/covers4car.com\/#\/schema\/logo\/image\/"},"sameAs":["https:\/\/www.facebook.com\/profile.php?id=61564533557142","https:\/\/x.com\/covers4carstore"]}]}},"_links":{"self":[{"href":"https:\/\/covers4car.com\/se\/wp-json\/wp\/v2\/product\/22893","targetHints":{"allow":["GET"]}}],"collection":[{"href":"https:\/\/covers4car.com\/se\/wp-json\/wp\/v2\/product"}],"about":[{"href":"https:\/\/covers4car.com\/se\/wp-json\/wp\/v2\/types\/product"}],"replies":[{"embeddable":true,"href":"https:\/\/covers4car.com\/se\/wp-json\/wp\/v2\/comments?post=22893"}],"version-history":[{"count":0,"href":"https:\/\/covers4car.com\/se\/wp-json\/wp\/v2\/product\/22893\/revisions"}],"wp:featuredmedia":[{"embeddable":true,"href":"https:\/\/covers4car.com\/se\/wp-json\/wp\/v2\/media\/25734"}],"wp:attachment":[{"href":"https:\/\/covers4car.com\/se\/wp-json\/wp\/v2\/media?parent=22893"}],"wp:term":[{"taxonomy":"product_brand","embeddable":true,"href":"https:\/\/covers4car.com\/se\/wp-json\/wp\/v2\/product_brand?post=22893"},{"taxonomy":"product_cat","embeddable":true,"href":"https:\/\/covers4car.com\/se\/wp-json\/wp\/v2\/product_cat?post=22893"},{"taxonomy":"product_tag","embeddable":true,"href":"https:\/\/covers4car.com\/se\/wp-json\/wp\/v2\/product_tag?post=22893"},{"taxonomy":"jet_color","embeddable":true,"href":"https:\/\/covers4car.com\/se\/wp-json\/wp\/v2\/jet_color?post=22893"},{"taxonomy":"jet_material","embeddable":true,"href":"https:\/\/covers4car.com\/se\/wp-json\/wp\/v2\/jet_material?post=22893"},{"taxonomy":"jet_coverage","embeddable":true,"href":"https:\/\/covers4car.com\/se\/wp-json\/wp\/v2\/jet_coverage?post=22893"}],"curies":[{"name":"wp","href":"https:\/\/api.w.org\/{rel}","templated":true}]}}