{"id":23972,"date":"2025-10-13T03:55:32","date_gmt":"2025-10-13T10:55:32","guid":{"rendered":"https:\/\/covers4car.com\/?post_type=product&#038;p=23972"},"modified":"2025-12-25T14:46:53","modified_gmt":"2025-12-25T22:46:53","slug":"custom-fit-leather-seat-covers-for-chevy-chevrolet-silverado-1500-2500-3500hd-pick-up-truck-front-rear-seat-protector-diamond-pattern-03","status":"publish","type":"product","link":"https:\/\/covers4car.com\/se\/produkt\/custom-fit-leather-seat-covers-for-chevy-chevrolet-silverado-1500-2500-3500hd-pick-up-truck-front-rear-seat-protector-diamond-pattern-03\/","title":{"rendered":"Anpassade l\u00e4ders\u00e4tes\u00f6verdrag f\u00f6r Chevy Chevrolet Silverado 1500 2500 3500HD Pick-up - Fram- och baks\u00e4tesskydd diamantm\u00f6nster 03"},"content":{"rendered":"<p>Uppgradera din Chevrolet Silverado med <strong data-start=\"182\" data-end=\"236\">Anpassade l\u00e4ders\u00e4tes\u00f6verdrag f\u00f6r Chevy Silverado<\/strong> fr\u00e5n Covers4Car. Dessa s\u00e4tes\u00f6verdrag \u00e4r utformade f\u00f6r f\u00f6rare som beh\u00f6ver en fabriksmonterad passform och l\u00e5ngvarig h\u00e5llbarhet. De ger fullst\u00e4ndigt skydd f\u00f6r dina s\u00e4ten och skyddar din interi\u00f6r fr\u00e5n smuts, spill och repor. Dessutom f\u00f6rb\u00e4ttrar de komforten under varje k\u00f6rning. Med en airbag-kompatibel design och l\u00e4ttrengjorda ytor erbjuder dessa \u00f6verdrag b\u00e5de praktiska egenskaper och stil. \u00d6verl\u00e4gset hantverk s\u00e4kerst\u00e4ller att din Chevy Silverado f\u00f6rblir bekv\u00e4m och v\u00e4rdefull i m\u00e5nga \u00e5r fram\u00f6ver. Skydda din investering idag med specialanpassade l\u00e4ders\u00e4tes\u00f6verdrag f\u00f6r din... <strong data-start=\"752\" data-end=\"806\">Chevrolet Silverado<\/strong>.<\/p>\n<ul>\n<li><strong>Passar: 2007-2026+ Chevy Chevrolet Silverado 1500 2500 3500HD<\/strong><\/li>\n<li>Perfekt passform i fabriksstil: Utformad f\u00f6r att matcha det lyxiga utseendet och k\u00e4nslan hos Chevy Chevrolet Silverados fabriksmonterade s\u00e4ten, vilket s\u00e4kerst\u00e4ller en s\u00f6ml\u00f6s passform och estetiskt tilltalande effekt.<\/li>\n<li>F\u00f6rb\u00e4ttrad h\u00e5llbarhet: Tillverkad av h\u00e5llbara material med en sl\u00e4t, andningsbar yta som \u00e4r l\u00e4tt att reng\u00f6ra och bibeh\u00e5ller komforten under alla \u00e5rstider.<\/li>\n<li>S\u00e4kerhet f\u00f6r k\u00f6rning: Har reserverade krockkudds\u00f6ppningar f\u00f6r \u00f6kad s\u00e4kerhet och sinnesfrid.<\/li>\n<li>Omfattande skydd: Ger 360\u00b0 t\u00e4ckning f\u00f6r att skydda dina Chevrolet Silverado-s\u00e4ten fr\u00e5n smuts, fl\u00e4ckar, skav och slitage orsakat av husdjur eller barn, vilket h\u00e5ller dem rena. Husdjurs leriga tassavtryck efter att barnen smuttat p\u00e5 drycker kan snabbt torkas bort med en handduk, vilket g\u00f6r att dina s\u00e4ten ser ut som nya.<\/li>\n<li>L\u00e5ng livsl\u00e4ngd och andrahandsv\u00e4rde: F\u00f6rl\u00e4nger livsl\u00e4ngden p\u00e5 din Chevrolet Silverado med 5\u20136 \u00e5r, skyddar den fr\u00e5n skador och bevarar fordonets \u00e5terf\u00f6rs\u00e4ljningspotential.<\/li>\n<li>Bekv\u00e4m p\u00e5 l\u00e5nga resor: Upplev o\u00f6vertr\u00e4ffad komfort p\u00e5 l\u00e5nga resor med v\u00e5ra skr\u00e4ddarsydda, all-inclusive s\u00e4tes\u00f6verdrag, designade f\u00f6r att ge \u00f6verl\u00e4gsen d\u00e4mpning och st\u00f6d, vilket s\u00e4kerst\u00e4ller att du f\u00f6rblir avslappnad och bekv\u00e4m oavsett hur l\u00e5ngt du reser.<\/li>\n<\/ul>\n<p><strong>Komplett set (fram- och baks\u00e4ten):<\/strong><\/p>\n<ul>\n<li>2x frams\u00e4tes\u00f6verdrag<\/li>\n<li>1x hel baks\u00e4tes\u00f6verdrag<\/li>\n<\/ul>\n<p><strong>Endast frams\u00e4ten<\/strong><\/p>\n<ul>\n<li>1x kompletta frams\u00e4tes\u00f6verdrag<\/li>\n<\/ul>\n<p><strong>Endast baks\u00e4ten<\/strong><\/p>\n<ul>\n<li>1x hel baks\u00e4tes\u00f6verdrag<\/li>\n<\/ul>","protected":false},"excerpt":{"rendered":"<p>Uppgradera din Chevrolet Silverado med specialanpassade l\u00e4ders\u00e4tes\u00f6verdrag till Chevy Silverado fr\u00e5n Covers4Car. Dessa s\u00e4tes\u00f6verdrag \u00e4r<\/p>","protected":false},"featured_media":25746,"comment_status":"open","ping_status":"closed","template":"","meta":{"_acf_changed":false,"_monsterinsights_skip_tracking":false,"_monsterinsights_sitenote_active":false,"_monsterinsights_sitenote_note":"","_monsterinsights_sitenote_category":0},"product_brand":[],"product_cat":[124,54978,54979],"product_tag":[55017],"jet_color":[],"jet_material":[],"jet_coverage":[],"class_list":{"0":"post-23972","1":"product","2":"type-product","3":"status-publish","4":"has-post-thumbnail","6":"product_cat-seat-cover","7":"product_cat-seat-cover-for-chevrolet","8":"product_cat-seat-cover-for-chevrolet-silverado","9":"product_tag-fit-silverado","11":"first","12":"instock","13":"shipping-taxable","14":"purchasable","15":"product-type-variable","16":"has-default-attributes","17":"wvs-archive-product-wrapper"},"acf":[],"yoast_head":"<!-- This site is optimized with the Yoast SEO Premium plugin v26.4 (Yoast SEO v26.4) - https:\/\/yoast.com\/wordpress\/plugins\/seo\/ -->\n<title>Custom Fit Leather Seat Covers for Chevy Silverado<\/title>\n<meta name=\"description\" content=\"Custom-fit leather seat covers for Chevy Chevrolet Silverado 1500\/2500\/3500HD, model years 2007\u20132025+. Airbag-safe, durable, easy to clean\u2014front &amp; rear.\" \/>\n<meta name=\"robots\" content=\"index, follow, max-snippet:-1, max-image-preview:large, max-video-preview:-1\" \/>\n<link rel=\"canonical\" href=\"https:\/\/covers4car.com\/se\/produkt\/custom-fit-leather-seat-covers-for-chevy-chevrolet-silverado-1500-2500-3500hd-pick-up-truck-front-rear-seat-protector-diamond-pattern-03\/\" \/>\n<meta property=\"og:locale\" content=\"sv_SE\" \/>\n<meta property=\"og:type\" content=\"article\" \/>\n<meta property=\"og:title\" content=\"Custom Fit Leather Seat Covers for Chevy Chevrolet Silverado 1500 2500 3500HD Pick-up Truck-Front &amp; Rear Seat Protector Diamond Pattern 03\" \/>\n<meta property=\"og:description\" content=\"Custom-fit leather seat covers for Chevy Chevrolet Silverado 1500\/2500\/3500HD, model years 2007\u20132025+. Airbag-safe, durable, easy to clean\u2014front &amp; rear.\" \/>\n<meta property=\"og:url\" content=\"https:\/\/covers4car.com\/se\/produkt\/custom-fit-leather-seat-covers-for-chevy-chevrolet-silverado-1500-2500-3500hd-pick-up-truck-front-rear-seat-protector-diamond-pattern-03\/\" \/>\n<meta property=\"og:site_name\" content=\"Covers4Car\" \/>\n<meta property=\"article:publisher\" content=\"https:\/\/www.facebook.com\/profile.php?id=61564533557142\" \/>\n<meta property=\"article:modified_time\" content=\"2025-12-25T22:46:53+00:00\" \/>\n<meta property=\"og:image\" content=\"https:\/\/covers4car.com\/wp-content\/uploads\/2025\/10\/new_9.webp\" \/>\n\t<meta property=\"og:image:width\" content=\"1000\" \/>\n\t<meta property=\"og:image:height\" content=\"1000\" \/>\n\t<meta property=\"og:image:type\" content=\"image\/webp\" \/>\n<meta name=\"twitter:card\" content=\"summary_large_image\" \/>\n<meta name=\"twitter:site\" content=\"@covers4carstore\" \/>\n<meta name=\"twitter:label1\" content=\"Ber\u00e4knad l\u00e4stid\" \/>\n\t<meta name=\"twitter:data1\" content=\"2 minuter\" \/>\n<script type=\"application\/ld+json\" class=\"yoast-schema-graph\">{\"@context\":\"https:\/\/schema.org\",\"@graph\":[{\"@type\":\"WebPage\",\"@id\":\"https:\/\/covers4car.com\/product\/custom-fit-leather-seat-covers-for-chevy-chevrolet-silverado-1500-2500-3500hd-pick-up-truck-front-rear-seat-protector-diamond-pattern-03\/\",\"url\":\"https:\/\/covers4car.com\/product\/custom-fit-leather-seat-covers-for-chevy-chevrolet-silverado-1500-2500-3500hd-pick-up-truck-front-rear-seat-protector-diamond-pattern-03\/\",\"name\":\"Custom Fit Leather Seat Covers for Chevy Silverado\",\"isPartOf\":{\"@id\":\"https:\/\/covers4car.com\/#website\"},\"primaryImageOfPage\":{\"@id\":\"https:\/\/covers4car.com\/product\/custom-fit-leather-seat-covers-for-chevy-chevrolet-silverado-1500-2500-3500hd-pick-up-truck-front-rear-seat-protector-diamond-pattern-03\/#primaryimage\"},\"image\":{\"@id\":\"https:\/\/covers4car.com\/product\/custom-fit-leather-seat-covers-for-chevy-chevrolet-silverado-1500-2500-3500hd-pick-up-truck-front-rear-seat-protector-diamond-pattern-03\/#primaryimage\"},\"thumbnailUrl\":\"https:\/\/covers4car.com\/wp-content\/uploads\/2025\/10\/new_9.webp\",\"datePublished\":\"2025-10-13T10:55:32+00:00\",\"dateModified\":\"2025-12-25T22:46:53+00:00\",\"description\":\"Custom-fit leather seat covers for Chevy Chevrolet Silverado 1500\/2500\/3500HD, model years 2007\u20132025+. Airbag-safe, durable, easy to clean\u2014front & rear.\",\"breadcrumb\":{\"@id\":\"https:\/\/covers4car.com\/product\/custom-fit-leather-seat-covers-for-chevy-chevrolet-silverado-1500-2500-3500hd-pick-up-truck-front-rear-seat-protector-diamond-pattern-03\/#breadcrumb\"},\"inLanguage\":\"sv-SE\",\"potentialAction\":[{\"@type\":\"ReadAction\",\"target\":[\"https:\/\/covers4car.com\/product\/custom-fit-leather-seat-covers-for-chevy-chevrolet-silverado-1500-2500-3500hd-pick-up-truck-front-rear-seat-protector-diamond-pattern-03\/\"]}]},{\"@type\":\"ImageObject\",\"inLanguage\":\"sv-SE\",\"@id\":\"https:\/\/covers4car.com\/product\/custom-fit-leather-seat-covers-for-chevy-chevrolet-silverado-1500-2500-3500hd-pick-up-truck-front-rear-seat-protector-diamond-pattern-03\/#primaryimage\",\"url\":\"https:\/\/covers4car.com\/wp-content\/uploads\/2025\/10\/new_9.webp\",\"contentUrl\":\"https:\/\/covers4car.com\/wp-content\/uploads\/2025\/10\/new_9.webp\",\"width\":1000,\"height\":1000},{\"@type\":\"BreadcrumbList\",\"@id\":\"https:\/\/covers4car.com\/product\/custom-fit-leather-seat-covers-for-chevy-chevrolet-silverado-1500-2500-3500hd-pick-up-truck-front-rear-seat-protector-diamond-pattern-03\/#breadcrumb\",\"itemListElement\":[{\"@type\":\"ListItem\",\"position\":1,\"name\":\"Home\",\"item\":\"https:\/\/covers4car.com\/\"},{\"@type\":\"ListItem\",\"position\":2,\"name\":\"Shop\",\"item\":\"https:\/\/covers4car.com\/shop\/\"},{\"@type\":\"ListItem\",\"position\":3,\"name\":\"Custom Fit Leather Seat Covers for Chevy Chevrolet Silverado 1500 2500 3500HD Pick-up Truck-Front &#038; Rear Seat Protector Diamond Pattern 03\"}]},{\"@type\":\"WebSite\",\"@id\":\"https:\/\/covers4car.com\/#website\",\"url\":\"https:\/\/covers4car.com\/\",\"name\":\"Covers4Car\",\"description\":\"Professional Seat Covers Tailored for Your Vehicle\",\"publisher\":{\"@id\":\"https:\/\/covers4car.com\/#organization\"},\"potentialAction\":[{\"@type\":\"SearchAction\",\"target\":{\"@type\":\"EntryPoint\",\"urlTemplate\":\"https:\/\/covers4car.com\/?s={search_term_string}\"},\"query-input\":{\"@type\":\"PropertyValueSpecification\",\"valueRequired\":true,\"valueName\":\"search_term_string\"}}],\"inLanguage\":\"sv-SE\"},{\"@type\":\"Organization\",\"@id\":\"https:\/\/covers4car.com\/#organization\",\"name\":\"Covers4Car\",\"url\":\"https:\/\/covers4car.com\/\",\"logo\":{\"@type\":\"ImageObject\",\"inLanguage\":\"sv-SE\",\"@id\":\"https:\/\/covers4car.com\/#\/schema\/logo\/image\/\",\"url\":\"https:\/\/covers4car.com\/wp-content\/uploads\/2024\/11\/Asset-2@5x-copy.jpg\",\"contentUrl\":\"https:\/\/covers4car.com\/wp-content\/uploads\/2024\/11\/Asset-2@5x-copy.jpg\",\"width\":877,\"height\":877,\"caption\":\"Covers4Car\"},\"image\":{\"@id\":\"https:\/\/covers4car.com\/#\/schema\/logo\/image\/\"},\"sameAs\":[\"https:\/\/www.facebook.com\/profile.php?id=61564533557142\",\"https:\/\/x.com\/covers4carstore\"]}]}<\/script>\n<!-- \/ Yoast SEO Premium plugin. -->","yoast_head_json":{"title":"Anpassade l\u00e4ders\u00e4tes\u00f6verdrag f\u00f6r Chevy Silverado","description":"Custom-fit leather seat covers for Chevy Chevrolet Silverado 1500\/2500\/3500HD, model years 2007\u20132025+. Airbag-safe, durable, easy to clean\u2014front & rear.","robots":{"index":"index","follow":"follow","max-snippet":"max-snippet:-1","max-image-preview":"max-image-preview:large","max-video-preview":"max-video-preview:-1"},"canonical":"https:\/\/covers4car.com\/se\/produkt\/custom-fit-leather-seat-covers-for-chevy-chevrolet-silverado-1500-2500-3500hd-pick-up-truck-front-rear-seat-protector-diamond-pattern-03\/","og_locale":"sv_SE","og_type":"article","og_title":"Custom Fit Leather Seat Covers for Chevy Chevrolet Silverado 1500 2500 3500HD Pick-up Truck-Front & Rear Seat Protector Diamond Pattern 03","og_description":"Custom-fit leather seat covers for Chevy Chevrolet Silverado 1500\/2500\/3500HD, model years 2007\u20132025+. Airbag-safe, durable, easy to clean\u2014front & rear.","og_url":"https:\/\/covers4car.com\/se\/produkt\/custom-fit-leather-seat-covers-for-chevy-chevrolet-silverado-1500-2500-3500hd-pick-up-truck-front-rear-seat-protector-diamond-pattern-03\/","og_site_name":"Covers4Car","article_publisher":"https:\/\/www.facebook.com\/profile.php?id=61564533557142","article_modified_time":"2025-12-25T22:46:53+00:00","og_image":[{"width":1000,"height":1000,"url":"https:\/\/covers4car.com\/wp-content\/uploads\/2025\/10\/new_9.webp","type":"image\/webp"}],"twitter_card":"summary_large_image","twitter_site":"@covers4carstore","twitter_misc":{"Ber\u00e4knad l\u00e4stid":"2 minuter"},"schema":{"@context":"https:\/\/schema.org","@graph":[{"@type":"WebPage","@id":"https:\/\/covers4car.com\/product\/custom-fit-leather-seat-covers-for-chevy-chevrolet-silverado-1500-2500-3500hd-pick-up-truck-front-rear-seat-protector-diamond-pattern-03\/","url":"https:\/\/covers4car.com\/product\/custom-fit-leather-seat-covers-for-chevy-chevrolet-silverado-1500-2500-3500hd-pick-up-truck-front-rear-seat-protector-diamond-pattern-03\/","name":"Anpassade l\u00e4ders\u00e4tes\u00f6verdrag f\u00f6r Chevy Silverado","isPartOf":{"@id":"https:\/\/covers4car.com\/#website"},"primaryImageOfPage":{"@id":"https:\/\/covers4car.com\/product\/custom-fit-leather-seat-covers-for-chevy-chevrolet-silverado-1500-2500-3500hd-pick-up-truck-front-rear-seat-protector-diamond-pattern-03\/#primaryimage"},"image":{"@id":"https:\/\/covers4car.com\/product\/custom-fit-leather-seat-covers-for-chevy-chevrolet-silverado-1500-2500-3500hd-pick-up-truck-front-rear-seat-protector-diamond-pattern-03\/#primaryimage"},"thumbnailUrl":"https:\/\/covers4car.com\/wp-content\/uploads\/2025\/10\/new_9.webp","datePublished":"2025-10-13T10:55:32+00:00","dateModified":"2025-12-25T22:46:53+00:00","description":"Custom-fit leather seat covers for Chevy Chevrolet Silverado 1500\/2500\/3500HD, model years 2007\u20132025+. Airbag-safe, durable, easy to clean\u2014front & rear.","breadcrumb":{"@id":"https:\/\/covers4car.com\/product\/custom-fit-leather-seat-covers-for-chevy-chevrolet-silverado-1500-2500-3500hd-pick-up-truck-front-rear-seat-protector-diamond-pattern-03\/#breadcrumb"},"inLanguage":"sv-SE","potentialAction":[{"@type":"ReadAction","target":["https:\/\/covers4car.com\/product\/custom-fit-leather-seat-covers-for-chevy-chevrolet-silverado-1500-2500-3500hd-pick-up-truck-front-rear-seat-protector-diamond-pattern-03\/"]}]},{"@type":"ImageObject","inLanguage":"sv-SE","@id":"https:\/\/covers4car.com\/product\/custom-fit-leather-seat-covers-for-chevy-chevrolet-silverado-1500-2500-3500hd-pick-up-truck-front-rear-seat-protector-diamond-pattern-03\/#primaryimage","url":"https:\/\/covers4car.com\/wp-content\/uploads\/2025\/10\/new_9.webp","contentUrl":"https:\/\/covers4car.com\/wp-content\/uploads\/2025\/10\/new_9.webp","width":1000,"height":1000},{"@type":"BreadcrumbList","@id":"https:\/\/covers4car.com\/product\/custom-fit-leather-seat-covers-for-chevy-chevrolet-silverado-1500-2500-3500hd-pick-up-truck-front-rear-seat-protector-diamond-pattern-03\/#breadcrumb","itemListElement":[{"@type":"ListItem","position":1,"name":"Home","item":"https:\/\/covers4car.com\/"},{"@type":"ListItem","position":2,"name":"Shop","item":"https:\/\/covers4car.com\/shop\/"},{"@type":"ListItem","position":3,"name":"Custom Fit Leather Seat Covers for Chevy Chevrolet Silverado 1500 2500 3500HD Pick-up Truck-Front &#038; Rear Seat Protector Diamond Pattern 03"}]},{"@type":"WebSite","@id":"https:\/\/covers4car.com\/#website","url":"https:\/\/covers4car.com\/","name":"Covers4Car","description":"Professionella s\u00e4tes\u00f6verdrag skr\u00e4ddarsydda f\u00f6r ditt fordon","publisher":{"@id":"https:\/\/covers4car.com\/#organization"},"potentialAction":[{"@type":"SearchAction","target":{"@type":"EntryPoint","urlTemplate":"https:\/\/covers4car.com\/?s={search_term_string}"},"query-input":{"@type":"PropertyValueSpecification","valueRequired":true,"valueName":"search_term_string"}}],"inLanguage":"sv-SE"},{"@type":"Organization","@id":"https:\/\/covers4car.com\/#organization","name":"Covers4Car","url":"https:\/\/covers4car.com\/","logo":{"@type":"ImageObject","inLanguage":"sv-SE","@id":"https:\/\/covers4car.com\/#\/schema\/logo\/image\/","url":"https:\/\/covers4car.com\/wp-content\/uploads\/2024\/11\/Asset-2@5x-copy.jpg","contentUrl":"https:\/\/covers4car.com\/wp-content\/uploads\/2024\/11\/Asset-2@5x-copy.jpg","width":877,"height":877,"caption":"Covers4Car"},"image":{"@id":"https:\/\/covers4car.com\/#\/schema\/logo\/image\/"},"sameAs":["https:\/\/www.facebook.com\/profile.php?id=61564533557142","https:\/\/x.com\/covers4carstore"]}]}},"_links":{"self":[{"href":"https:\/\/covers4car.com\/se\/wp-json\/wp\/v2\/product\/23972","targetHints":{"allow":["GET"]}}],"collection":[{"href":"https:\/\/covers4car.com\/se\/wp-json\/wp\/v2\/product"}],"about":[{"href":"https:\/\/covers4car.com\/se\/wp-json\/wp\/v2\/types\/product"}],"replies":[{"embeddable":true,"href":"https:\/\/covers4car.com\/se\/wp-json\/wp\/v2\/comments?post=23972"}],"version-history":[{"count":0,"href":"https:\/\/covers4car.com\/se\/wp-json\/wp\/v2\/product\/23972\/revisions"}],"wp:featuredmedia":[{"embeddable":true,"href":"https:\/\/covers4car.com\/se\/wp-json\/wp\/v2\/media\/25746"}],"wp:attachment":[{"href":"https:\/\/covers4car.com\/se\/wp-json\/wp\/v2\/media?parent=23972"}],"wp:term":[{"taxonomy":"product_brand","embeddable":true,"href":"https:\/\/covers4car.com\/se\/wp-json\/wp\/v2\/product_brand?post=23972"},{"taxonomy":"product_cat","embeddable":true,"href":"https:\/\/covers4car.com\/se\/wp-json\/wp\/v2\/product_cat?post=23972"},{"taxonomy":"product_tag","embeddable":true,"href":"https:\/\/covers4car.com\/se\/wp-json\/wp\/v2\/product_tag?post=23972"},{"taxonomy":"jet_color","embeddable":true,"href":"https:\/\/covers4car.com\/se\/wp-json\/wp\/v2\/jet_color?post=23972"},{"taxonomy":"jet_material","embeddable":true,"href":"https:\/\/covers4car.com\/se\/wp-json\/wp\/v2\/jet_material?post=23972"},{"taxonomy":"jet_coverage","embeddable":true,"href":"https:\/\/covers4car.com\/se\/wp-json\/wp\/v2\/jet_coverage?post=23972"}],"curies":[{"name":"wp","href":"https:\/\/api.w.org\/{rel}","templated":true}]}}