{"id":26209,"date":"2025-11-03T01:00:47","date_gmt":"2025-11-03T09:00:47","guid":{"rendered":"https:\/\/covers4car.com\/?post_type=product&#038;p=26209"},"modified":"2025-11-19T23:02:42","modified_gmt":"2025-11-20T07:02:42","slug":"custom-fit-premium-leather-car-seat-covers-for-toyota-corolla-front-rear-seat-protector-02-horizontal-stripes","status":"publish","type":"product","link":"https:\/\/covers4car.com\/se\/produkt\/custom-fit-premium-leather-car-seat-covers-for-toyota-corolla-front-rear-seat-protector-02-horizontal-stripes\/","title":{"rendered":"Anpassade premium l\u00e4derskydd f\u00f6r Toyota Corolla - Fram- och baks\u00e4tesskydd 02 Horisontella r\u00e4nder"},"content":{"rendered":"<p>Uppgradera din Toyota Corolla med Covers4Car Custom Fit l\u00e4ders\u00e4tes\u00f6verdrag, designade f\u00f6r f\u00f6rare som vill ha originalpassning, l\u00e5ngvarig h\u00e5llbarhet och komplett s\u00e4tesskydd. Dessa specialanpassade l\u00e4ders\u00e4tes\u00f6verdrag skyddar inte bara bilens interi\u00f6r fr\u00e5n smuts, spill och repor, utan \u00f6kar ocks\u00e5 komforten p\u00e5 varje resa. Med krockkompatibel design, l\u00e4ttst\u00e4dade ytor och \u00f6verl\u00e4gset hantverk s\u00e4kerst\u00e4ller de att din Toyota Corolla f\u00f6rblir snygg, bekv\u00e4m och v\u00e4rdefull i m\u00e5nga \u00e5r fram\u00f6ver.<\/p>\n<ul>\n<li><strong><strong>Passform:<\/strong><\/strong>\n<div>\n<div data-zone-id=\"0\" data-line-index=\"0\" data-line=\"true\">\n<p><strong>2020-2024 LE\/XLE\/L (INTE f\u00f6r 2023 LE)<\/strong><\/p>\n<div>\n<div data-zone-id=\"0\" data-line-index=\"0\" data-line=\"true\">\n<p><strong>2020-2024 SE\/XSE<\/strong><\/p>\n<div>\n<div data-zone-id=\"0\" data-line-index=\"0\" data-line=\"true\">\n<p><strong>2014-2019 LE\/L<\/strong><\/p>\n<div>\n<div data-zone-id=\"0\" data-line-index=\"0\" data-line=\"true\"><strong>2014-2019 XLE<\/strong><\/div>\n<\/div>\n<\/div>\n<\/div>\n<\/div>\n<\/div>\n<\/div>\n<\/div>\n<\/li>\n<li>Perfekt passform i fabriksstil: Utformad f\u00f6r att matcha det lyxiga utseendet och k\u00e4nslan hos Toyota Corollas fabriksmonterade s\u00e4ten, vilket s\u00e4kerst\u00e4ller en s\u00f6ml\u00f6s passform och estetiskt tilltalande effekt.<\/li>\n<li>F\u00f6rb\u00e4ttrad h\u00e5llbarhet: Tillverkad av h\u00e5llbara material med en sl\u00e4t, andningsbar yta som \u00e4r l\u00e4tt att reng\u00f6ra och bibeh\u00e5ller komforten under alla \u00e5rstider.<\/li>\n<li>S\u00e4kerhet f\u00f6r k\u00f6rning: Har reserverade krockkudds\u00f6ppningar f\u00f6r \u00f6kad s\u00e4kerhet och sinnesfrid.<\/li>\n<li>Omfattande skydd: Ger 360\u00b0 t\u00e4ckning f\u00f6r att skydda dina Toyota Corolla-s\u00e4ten fr\u00e5n smuts, fl\u00e4ckar, skav och slitage orsakat av husdjur eller barn, vilket h\u00e5ller dem rena. Husdjurs leriga tassavtryck och barnens drycker kan snabbt torkas bort med en handduk, vilket g\u00f6r att dina s\u00e4ten ser ut som nya.<\/li>\n<li>L\u00e5ng livsl\u00e4ngd och andrahandsv\u00e4rde: F\u00f6rl\u00e4nger livsl\u00e4ngden p\u00e5 din Toyota Corolla med 5\u20136 \u00e5r, skyddar den fr\u00e5n skador och bevarar fordonets \u00e5terf\u00f6rs\u00e4ljningspotential.<\/li>\n<li>Bekv\u00e4m p\u00e5 l\u00e5nga resor: Upplev o\u00f6vertr\u00e4ffad komfort p\u00e5 l\u00e5nga resor med v\u00e5ra skr\u00e4ddarsydda, all-inclusive s\u00e4tes\u00f6verdrag, designade f\u00f6r att ge \u00f6verl\u00e4gsen d\u00e4mpning och st\u00f6d, vilket s\u00e4kerst\u00e4ller att du f\u00f6rblir avslappnad och bekv\u00e4m oavsett hur l\u00e5ngt du reser.<\/li>\n<\/ul>\n<p><strong>Komplett set (fram- och baks\u00e4ten):<\/strong><\/p>\n<ul>\n<li>2x frams\u00e4tes\u00f6verdrag<\/li>\n<li>1x kompletta baks\u00e4tes\u00f6verdrag<\/li>\n<\/ul>\n<p><strong>Endast frams\u00e4ten<\/strong><\/p>\n<ul>\n<li>1x kompletta frams\u00e4tes\u00f6verdrag<\/li>\n<\/ul>","protected":false},"excerpt":{"rendered":"<p>Uppgradera din Toyota Corolla med Covers4Car Custom Fit l\u00e4ders\u00e4tes\u00f6verdrag, designade f\u00f6r f\u00f6rare som vill ha originalpassning, l\u00e5ngvarig h\u00e5llbarhet,<\/p>","protected":false},"featured_media":26236,"comment_status":"open","ping_status":"closed","template":"","meta":{"_acf_changed":false,"_monsterinsights_skip_tracking":false,"_monsterinsights_sitenote_active":false,"_monsterinsights_sitenote_note":"","_monsterinsights_sitenote_category":0},"product_brand":[],"product_cat":[77684,124,11560],"product_tag":[55033],"jet_color":[],"jet_material":[],"jet_coverage":[],"class_list":{"0":"post-26209","1":"product","2":"type-product","3":"status-publish","4":"has-post-thumbnail","6":"product_cat-seat-cover-for-toyota-corolla","7":"product_cat-seat-cover","8":"product_cat-seat-cover-for-toyota","9":"product_tag-fit-corolla","11":"first","12":"instock","13":"shipping-taxable","14":"purchasable","15":"product-type-variable","16":"has-default-attributes","17":"wvs-archive-product-wrapper"},"acf":[],"yoast_head":"<!-- This site is optimized with the Yoast SEO Premium plugin v26.4 (Yoast SEO v26.4) - https:\/\/yoast.com\/wordpress\/plugins\/seo\/ -->\n<title>Custom Fit Leather Seat Covers for Toyota Corolla<\/title>\n<meta name=\"description\" content=\"Custom Fit Premium Leather Car Seat Covers for Toyota Corolla-Front &amp; Rear Seat Protector 02 Horizontal Stripes Upgrade your Toyota Corolla with Covers4Car Custom Fit Leather Seat Covers, designed for drivers who want factory-style fit, long-lasting durability, and\" \/>\n<meta name=\"robots\" content=\"index, follow, max-snippet:-1, max-image-preview:large, max-video-preview:-1\" \/>\n<link rel=\"canonical\" href=\"https:\/\/covers4car.com\/se\/produkt\/custom-fit-premium-leather-car-seat-covers-for-toyota-corolla-front-rear-seat-protector-02-horizontal-stripes\/\" \/>\n<meta property=\"og:locale\" content=\"sv_SE\" \/>\n<meta property=\"og:type\" content=\"article\" \/>\n<meta property=\"og:title\" content=\"Custom Fit Premium Leather Car Seat Covers for Toyota Corolla-Front &amp; Rear Seat Protector 02 Horizontal Stripes\" \/>\n<meta property=\"og:description\" content=\"Custom Fit Premium Leather Car Seat Covers for Toyota Corolla-Front &amp; Rear Seat Protector 02 Horizontal Stripes Upgrade your Toyota Corolla with Covers4Car Custom Fit Leather Seat Covers, designed for drivers who want factory-style fit, long-lasting durability, and\" \/>\n<meta property=\"og:url\" content=\"https:\/\/covers4car.com\/se\/produkt\/custom-fit-premium-leather-car-seat-covers-for-toyota-corolla-front-rear-seat-protector-02-horizontal-stripes\/\" \/>\n<meta property=\"og:site_name\" content=\"Covers4Car\" \/>\n<meta property=\"article:publisher\" content=\"https:\/\/www.facebook.com\/profile.php?id=61564533557142\" \/>\n<meta property=\"article:modified_time\" content=\"2025-11-20T07:02:42+00:00\" \/>\n<meta property=\"og:image\" content=\"https:\/\/covers4car.com\/wp-content\/uploads\/2025\/11\/new_B-1.webp\" \/>\n\t<meta property=\"og:image:width\" content=\"1000\" \/>\n\t<meta property=\"og:image:height\" content=\"1000\" \/>\n\t<meta property=\"og:image:type\" content=\"image\/webp\" \/>\n<meta name=\"twitter:card\" content=\"summary_large_image\" \/>\n<meta name=\"twitter:site\" content=\"@covers4carstore\" \/>\n<meta name=\"twitter:label1\" content=\"Ber\u00e4knad l\u00e4stid\" \/>\n\t<meta name=\"twitter:data1\" content=\"2 minuter\" \/>\n<script type=\"application\/ld+json\" class=\"yoast-schema-graph\">{\"@context\":\"https:\/\/schema.org\",\"@graph\":[{\"@type\":\"WebPage\",\"@id\":\"https:\/\/covers4car.com\/product\/custom-fit-premium-leather-car-seat-covers-for-toyota-corolla-front-rear-seat-protector-02-horizontal-stripes\/\",\"url\":\"https:\/\/covers4car.com\/product\/custom-fit-premium-leather-car-seat-covers-for-toyota-corolla-front-rear-seat-protector-02-horizontal-stripes\/\",\"name\":\"Custom Fit Leather Seat Covers for Toyota Corolla\",\"isPartOf\":{\"@id\":\"https:\/\/covers4car.com\/#website\"},\"primaryImageOfPage\":{\"@id\":\"https:\/\/covers4car.com\/product\/custom-fit-premium-leather-car-seat-covers-for-toyota-corolla-front-rear-seat-protector-02-horizontal-stripes\/#primaryimage\"},\"image\":{\"@id\":\"https:\/\/covers4car.com\/product\/custom-fit-premium-leather-car-seat-covers-for-toyota-corolla-front-rear-seat-protector-02-horizontal-stripes\/#primaryimage\"},\"thumbnailUrl\":\"https:\/\/covers4car.com\/wp-content\/uploads\/2025\/11\/new_B-1.webp\",\"datePublished\":\"2025-11-03T09:00:47+00:00\",\"dateModified\":\"2025-11-20T07:02:42+00:00\",\"description\":\"Custom Fit Premium Leather Car Seat Covers for Toyota Corolla-Front & Rear Seat Protector 02 Horizontal Stripes Upgrade your Toyota Corolla with Covers4Car Custom Fit Leather Seat Covers, designed for drivers who want factory-style fit, long-lasting durability, and\",\"breadcrumb\":{\"@id\":\"https:\/\/covers4car.com\/product\/custom-fit-premium-leather-car-seat-covers-for-toyota-corolla-front-rear-seat-protector-02-horizontal-stripes\/#breadcrumb\"},\"inLanguage\":\"sv-SE\",\"potentialAction\":[{\"@type\":\"ReadAction\",\"target\":[\"https:\/\/covers4car.com\/product\/custom-fit-premium-leather-car-seat-covers-for-toyota-corolla-front-rear-seat-protector-02-horizontal-stripes\/\"]}]},{\"@type\":\"ImageObject\",\"inLanguage\":\"sv-SE\",\"@id\":\"https:\/\/covers4car.com\/product\/custom-fit-premium-leather-car-seat-covers-for-toyota-corolla-front-rear-seat-protector-02-horizontal-stripes\/#primaryimage\",\"url\":\"https:\/\/covers4car.com\/wp-content\/uploads\/2025\/11\/new_B-1.webp\",\"contentUrl\":\"https:\/\/covers4car.com\/wp-content\/uploads\/2025\/11\/new_B-1.webp\",\"width\":1000,\"height\":1000},{\"@type\":\"BreadcrumbList\",\"@id\":\"https:\/\/covers4car.com\/product\/custom-fit-premium-leather-car-seat-covers-for-toyota-corolla-front-rear-seat-protector-02-horizontal-stripes\/#breadcrumb\",\"itemListElement\":[{\"@type\":\"ListItem\",\"position\":1,\"name\":\"Home\",\"item\":\"https:\/\/covers4car.com\/\"},{\"@type\":\"ListItem\",\"position\":2,\"name\":\"Shop\",\"item\":\"https:\/\/covers4car.com\/shop\/\"},{\"@type\":\"ListItem\",\"position\":3,\"name\":\"Custom Fit Premium Leather Car Seat Covers for Toyota Corolla-Front &#038; Rear Seat Protector 02 Horizontal Stripes\"}]},{\"@type\":\"WebSite\",\"@id\":\"https:\/\/covers4car.com\/#website\",\"url\":\"https:\/\/covers4car.com\/\",\"name\":\"Covers4Car\",\"description\":\"Professional Seat Covers Tailored for Your Vehicle\",\"publisher\":{\"@id\":\"https:\/\/covers4car.com\/#organization\"},\"potentialAction\":[{\"@type\":\"SearchAction\",\"target\":{\"@type\":\"EntryPoint\",\"urlTemplate\":\"https:\/\/covers4car.com\/?s={search_term_string}\"},\"query-input\":{\"@type\":\"PropertyValueSpecification\",\"valueRequired\":true,\"valueName\":\"search_term_string\"}}],\"inLanguage\":\"sv-SE\"},{\"@type\":\"Organization\",\"@id\":\"https:\/\/covers4car.com\/#organization\",\"name\":\"Covers4Car\",\"url\":\"https:\/\/covers4car.com\/\",\"logo\":{\"@type\":\"ImageObject\",\"inLanguage\":\"sv-SE\",\"@id\":\"https:\/\/covers4car.com\/#\/schema\/logo\/image\/\",\"url\":\"https:\/\/covers4car.com\/wp-content\/uploads\/2024\/11\/Asset-2@5x-copy.jpg\",\"contentUrl\":\"https:\/\/covers4car.com\/wp-content\/uploads\/2024\/11\/Asset-2@5x-copy.jpg\",\"width\":877,\"height\":877,\"caption\":\"Covers4Car\"},\"image\":{\"@id\":\"https:\/\/covers4car.com\/#\/schema\/logo\/image\/\"},\"sameAs\":[\"https:\/\/www.facebook.com\/profile.php?id=61564533557142\",\"https:\/\/x.com\/covers4carstore\"]}]}<\/script>\n<!-- \/ Yoast SEO Premium plugin. -->","yoast_head_json":{"title":"Custom Fit Leather Seat Covers for Toyota Corolla","description":"Custom Fit Premium Leather Car Seat Covers for Toyota Corolla-Front & Rear Seat Protector 02 Horizontal Stripes Upgrade your Toyota Corolla with Covers4Car Custom Fit Leather Seat Covers, designed for drivers who want factory-style fit, long-lasting durability, and","robots":{"index":"index","follow":"follow","max-snippet":"max-snippet:-1","max-image-preview":"max-image-preview:large","max-video-preview":"max-video-preview:-1"},"canonical":"https:\/\/covers4car.com\/se\/produkt\/custom-fit-premium-leather-car-seat-covers-for-toyota-corolla-front-rear-seat-protector-02-horizontal-stripes\/","og_locale":"sv_SE","og_type":"article","og_title":"Custom Fit Premium Leather Car Seat Covers for Toyota Corolla-Front & Rear Seat Protector 02 Horizontal Stripes","og_description":"Custom Fit Premium Leather Car Seat Covers for Toyota Corolla-Front & Rear Seat Protector 02 Horizontal Stripes Upgrade your Toyota Corolla with Covers4Car Custom Fit Leather Seat Covers, designed for drivers who want factory-style fit, long-lasting durability, and","og_url":"https:\/\/covers4car.com\/se\/produkt\/custom-fit-premium-leather-car-seat-covers-for-toyota-corolla-front-rear-seat-protector-02-horizontal-stripes\/","og_site_name":"Covers4Car","article_publisher":"https:\/\/www.facebook.com\/profile.php?id=61564533557142","article_modified_time":"2025-11-20T07:02:42+00:00","og_image":[{"width":1000,"height":1000,"url":"https:\/\/covers4car.com\/wp-content\/uploads\/2025\/11\/new_B-1.webp","type":"image\/webp"}],"twitter_card":"summary_large_image","twitter_site":"@covers4carstore","twitter_misc":{"Ber\u00e4knad l\u00e4stid":"2 minuter"},"schema":{"@context":"https:\/\/schema.org","@graph":[{"@type":"WebPage","@id":"https:\/\/covers4car.com\/product\/custom-fit-premium-leather-car-seat-covers-for-toyota-corolla-front-rear-seat-protector-02-horizontal-stripes\/","url":"https:\/\/covers4car.com\/product\/custom-fit-premium-leather-car-seat-covers-for-toyota-corolla-front-rear-seat-protector-02-horizontal-stripes\/","name":"Custom Fit Leather Seat Covers for Toyota Corolla","isPartOf":{"@id":"https:\/\/covers4car.com\/#website"},"primaryImageOfPage":{"@id":"https:\/\/covers4car.com\/product\/custom-fit-premium-leather-car-seat-covers-for-toyota-corolla-front-rear-seat-protector-02-horizontal-stripes\/#primaryimage"},"image":{"@id":"https:\/\/covers4car.com\/product\/custom-fit-premium-leather-car-seat-covers-for-toyota-corolla-front-rear-seat-protector-02-horizontal-stripes\/#primaryimage"},"thumbnailUrl":"https:\/\/covers4car.com\/wp-content\/uploads\/2025\/11\/new_B-1.webp","datePublished":"2025-11-03T09:00:47+00:00","dateModified":"2025-11-20T07:02:42+00:00","description":"Custom Fit Premium Leather Car Seat Covers for Toyota Corolla-Front & Rear Seat Protector 02 Horizontal Stripes Upgrade your Toyota Corolla with Covers4Car Custom Fit Leather Seat Covers, designed for drivers who want factory-style fit, long-lasting durability, and","breadcrumb":{"@id":"https:\/\/covers4car.com\/product\/custom-fit-premium-leather-car-seat-covers-for-toyota-corolla-front-rear-seat-protector-02-horizontal-stripes\/#breadcrumb"},"inLanguage":"sv-SE","potentialAction":[{"@type":"ReadAction","target":["https:\/\/covers4car.com\/product\/custom-fit-premium-leather-car-seat-covers-for-toyota-corolla-front-rear-seat-protector-02-horizontal-stripes\/"]}]},{"@type":"ImageObject","inLanguage":"sv-SE","@id":"https:\/\/covers4car.com\/product\/custom-fit-premium-leather-car-seat-covers-for-toyota-corolla-front-rear-seat-protector-02-horizontal-stripes\/#primaryimage","url":"https:\/\/covers4car.com\/wp-content\/uploads\/2025\/11\/new_B-1.webp","contentUrl":"https:\/\/covers4car.com\/wp-content\/uploads\/2025\/11\/new_B-1.webp","width":1000,"height":1000},{"@type":"BreadcrumbList","@id":"https:\/\/covers4car.com\/product\/custom-fit-premium-leather-car-seat-covers-for-toyota-corolla-front-rear-seat-protector-02-horizontal-stripes\/#breadcrumb","itemListElement":[{"@type":"ListItem","position":1,"name":"Home","item":"https:\/\/covers4car.com\/"},{"@type":"ListItem","position":2,"name":"Shop","item":"https:\/\/covers4car.com\/shop\/"},{"@type":"ListItem","position":3,"name":"Custom Fit Premium Leather Car Seat Covers for Toyota Corolla-Front &#038; Rear Seat Protector 02 Horizontal Stripes"}]},{"@type":"WebSite","@id":"https:\/\/covers4car.com\/#website","url":"https:\/\/covers4car.com\/","name":"Covers4Car","description":"Professionella s\u00e4tes\u00f6verdrag skr\u00e4ddarsydda f\u00f6r ditt fordon","publisher":{"@id":"https:\/\/covers4car.com\/#organization"},"potentialAction":[{"@type":"SearchAction","target":{"@type":"EntryPoint","urlTemplate":"https:\/\/covers4car.com\/?s={search_term_string}"},"query-input":{"@type":"PropertyValueSpecification","valueRequired":true,"valueName":"search_term_string"}}],"inLanguage":"sv-SE"},{"@type":"Organization","@id":"https:\/\/covers4car.com\/#organization","name":"Covers4Car","url":"https:\/\/covers4car.com\/","logo":{"@type":"ImageObject","inLanguage":"sv-SE","@id":"https:\/\/covers4car.com\/#\/schema\/logo\/image\/","url":"https:\/\/covers4car.com\/wp-content\/uploads\/2024\/11\/Asset-2@5x-copy.jpg","contentUrl":"https:\/\/covers4car.com\/wp-content\/uploads\/2024\/11\/Asset-2@5x-copy.jpg","width":877,"height":877,"caption":"Covers4Car"},"image":{"@id":"https:\/\/covers4car.com\/#\/schema\/logo\/image\/"},"sameAs":["https:\/\/www.facebook.com\/profile.php?id=61564533557142","https:\/\/x.com\/covers4carstore"]}]}},"_links":{"self":[{"href":"https:\/\/covers4car.com\/se\/wp-json\/wp\/v2\/product\/26209","targetHints":{"allow":["GET"]}}],"collection":[{"href":"https:\/\/covers4car.com\/se\/wp-json\/wp\/v2\/product"}],"about":[{"href":"https:\/\/covers4car.com\/se\/wp-json\/wp\/v2\/types\/product"}],"replies":[{"embeddable":true,"href":"https:\/\/covers4car.com\/se\/wp-json\/wp\/v2\/comments?post=26209"}],"version-history":[{"count":0,"href":"https:\/\/covers4car.com\/se\/wp-json\/wp\/v2\/product\/26209\/revisions"}],"wp:featuredmedia":[{"embeddable":true,"href":"https:\/\/covers4car.com\/se\/wp-json\/wp\/v2\/media\/26236"}],"wp:attachment":[{"href":"https:\/\/covers4car.com\/se\/wp-json\/wp\/v2\/media?parent=26209"}],"wp:term":[{"taxonomy":"product_brand","embeddable":true,"href":"https:\/\/covers4car.com\/se\/wp-json\/wp\/v2\/product_brand?post=26209"},{"taxonomy":"product_cat","embeddable":true,"href":"https:\/\/covers4car.com\/se\/wp-json\/wp\/v2\/product_cat?post=26209"},{"taxonomy":"product_tag","embeddable":true,"href":"https:\/\/covers4car.com\/se\/wp-json\/wp\/v2\/product_tag?post=26209"},{"taxonomy":"jet_color","embeddable":true,"href":"https:\/\/covers4car.com\/se\/wp-json\/wp\/v2\/jet_color?post=26209"},{"taxonomy":"jet_material","embeddable":true,"href":"https:\/\/covers4car.com\/se\/wp-json\/wp\/v2\/jet_material?post=26209"},{"taxonomy":"jet_coverage","embeddable":true,"href":"https:\/\/covers4car.com\/se\/wp-json\/wp\/v2\/jet_coverage?post=26209"}],"curies":[{"name":"wp","href":"https:\/\/api.w.org\/{rel}","templated":true}]}}